{"id":393,"date":"2020-06-30T06:04:07","date_gmt":"2020-06-30T06:04:07","guid":{"rendered":"https:\/\/www.healthychoice.world\/?page_id=393"},"modified":"2025-08-05T15:43:22","modified_gmt":"2025-08-05T12:43:22","slug":"payment-shipping","status":"publish","type":"page","link":"https:\/\/www.healthychoice.world\/es\/payment-shipping\/","title":{"rendered":"Pago y env\u00edo"},"content":{"rendered":"<div data-elementor-type=\"wp-page\" data-elementor-id=\"393\" class=\"elementor elementor-393\">\n\t\t\t\t\t\t<section class=\"elementor-section elementor-top-section elementor-element elementor-element-d8c5319 ct-section-stretched elementor-section-boxed elementor-section-height-default elementor-section-height-default\" data-id=\"d8c5319\" data-element_type=\"section\" data-e-type=\"section\" data-settings=\"{&quot;background_background&quot;:&quot;classic&quot;}\">\n\t\t\t\t\t\t<div class=\"elementor-container elementor-column-gap-default\">\n\t\t\t\t\t<div class=\"elementor-column elementor-col-100 elementor-top-column elementor-element elementor-element-b12f0d2\" data-id=\"b12f0d2\" data-element_type=\"column\" data-e-type=\"column\">\n\t\t\t<div class=\"elementor-widget-wrap elementor-element-populated\">\n\t\t\t\t\t\t<div class=\"elementor-element elementor-element-99b6c3e elementor-widget elementor-widget-heading\" data-id=\"99b6c3e\" data-element_type=\"widget\" data-e-type=\"widget\" data-widget_type=\"heading.default\">\n\t\t\t\t\t<h2 class=\"elementor-heading-title elementor-size-default\">Pago<\/h2>\t\t\t\t<\/div>\n\t\t\t\t<div class=\"elementor-element elementor-element-2cddae0 elementor-widget elementor-widget-text-editor\" data-id=\"2cddae0\" data-element_type=\"widget\" data-e-type=\"widget\" data-widget_type=\"text-editor.default\">\n\t\t\t\t\t\t\t\t\t<p><strong>1. Puede pagar mediante banca electr\u00f3nica (Paysera)<\/strong><\/p><p>Paysera is an electronic payment system that combines different payment methods: via the Paysera system, electronic banking or payment cards. Paysera offers a free multi-currency account, which takes just a few minutes to open and top up. Also fast and secure online payments, for which the buyer receives a refund of part of the amount spent. Paysera also provides access to a convenient mobile wallet that further facilitates payments both online and in physical locations. Pay through Paysera \u2013 it\u2019s fast, modern and useful. For each payment, the buyer returns to the Paysera account up to 1% of the amount paid for the goods or services.<\/p><p>\"Danske Bank A\/S\" Lietuvos filiales, AS Luminor (\"DNB\") bankas, AS Citadele bankas, AS Luminor (\"Nordea\") bankas, AB SEB bankas, AB bankas \"Swedbank\", AB \u0160iauli\u0173 bankas, UAB Medicinos bankas, Lietuvos kredito unijos, MoQ, Paysera s\u0105skaita, Kreditin\u0117s kortel\u0117s<\/p>\t\t\t\t\t\t\t\t<\/div>\n\t\t\t\t<div class=\"elementor-element elementor-element-bbeee81 elementor-widget elementor-widget-text-editor\" data-id=\"bbeee81\" data-element_type=\"widget\" data-e-type=\"widget\" data-widget_type=\"text-editor.default\">\n\t\t\t\t\t\t\t\t\t<p><strong>2. Puede pagar mediante transferencia bancaria:<\/strong><\/p><p>Requisitos para la liquidaci\u00f3n:<\/p><ol><li><em><strong>AB \"SEB\" bankas:<\/strong><\/em><br \/>N\u00ba de cuenta: LT39 7044 0600 0786 3477 - EUR \/ USD \/ GBP (multidivisa)<br \/>C\u00f3digo bancario: 70440<br \/>C\u00f3digo S.W.I.F.T: CBVILT2X<\/li><li><em><strong>Paysera:\u00a0<\/strong><\/em>Entidad de dinero electr\u00f3nico UAB Paysera<br \/>N\u00ba de cuenta: LT13 3500 0100 0139 8442 - EUR \/ USD \/ GBP (multidivisa).\u00a0<span class=\"goog-text-highlight\">C\u00f3digo bancario: 35000,\u00a0<\/span><span class=\"goog-text-highlight\">C\u00f3digo S.WIFT: EVIULT21XXX<\/span><br \/><br \/><\/li><\/ol><p>No olvide escribir\u00a0<strong><u>c\u00f3digo de pedido<\/u><\/strong>\u00a0in the field of \u201cPurpose\u201d of the bank transfer.<\/p>\t\t\t\t\t\t\t\t<\/div>\n\t\t\t\t\t<\/div>\n\t\t<\/div>\n\t\t\t\t\t<\/div>\n\t\t<\/section>\n\t\t\t\t<section class=\"elementor-section elementor-top-section elementor-element elementor-element-23bf33e elementor-section-boxed elementor-section-height-default elementor-section-height-default\" data-id=\"23bf33e\" data-element_type=\"section\" data-e-type=\"section\">\n\t\t\t\t\t\t<div class=\"elementor-container elementor-column-gap-default\">\n\t\t\t\t\t<div class=\"elementor-column elementor-col-100 elementor-top-column elementor-element elementor-element-d14ad73\" data-id=\"d14ad73\" data-element_type=\"column\" data-e-type=\"column\">\n\t\t\t<div class=\"elementor-widget-wrap elementor-element-populated\">\n\t\t\t\t\t\t<div class=\"elementor-element elementor-element-ba7a529 elementor-widget elementor-widget-heading\" data-id=\"ba7a529\" data-element_type=\"widget\" data-e-type=\"widget\" data-widget_type=\"heading.default\">\n\t\t\t\t\t<h2 class=\"elementor-heading-title elementor-size-default\">Entrega<\/h2>\t\t\t\t<\/div>\n\t\t\t\t<div class=\"elementor-element elementor-element-f628233 elementor-widget elementor-widget-text-editor\" data-id=\"f628233\" data-element_type=\"widget\" data-e-type=\"widget\" data-widget_type=\"text-editor.default\">\n\t\t\t\t\t\t\t\t\t<p>1.1. Vendedor tiene como objetivo dar mensajer\u00eda bienes particulares ordenados por el comprador dentro de 2 d\u00edas h\u00e1biles despu\u00e9s del pago de las mercanc\u00edas.<br \/>1.2. El transportista entrega las mercanc\u00edas en la direcci\u00f3n del Comprador en:<br \/>1.2.1. 1-2 d\u00edas laborables en Lituania;<br \/>1.2.2. Para otros pa\u00edses, p\u00f3ngase en contacto por tel\u00e9fono o correo electr\u00f3nico;<br \/>1.3. Los servicios de Venipak Lietuva se utilizan para la entrega de mercanc\u00edas.<br \/>1.4. Todos los pedidos se enviar\u00e1n a trav\u00e9s de la empresa de mensajer\u00eda Venipak Lietuva. Cuando se env\u00ede su pedido, recibir\u00e1 una notificaci\u00f3n con el n\u00famero de seguimiento del paquete para que pueda seguir su evoluci\u00f3n a trav\u00e9s del servicio en l\u00ednea.<br \/>1.5. El comprador puede leer la informaci\u00f3n relativa a las horas de trabajo de Venipak Lietuva (tiempo de entrega) y los servicios de Venipak Lietuva en la p\u00e1gina web de Venipak disponible en el pa\u00eds en particular.<br \/>1.6. Si no encuentra su pa\u00eds, p\u00f3ngase en contacto con nosotros por correo electr\u00f3nico o tel\u00e9fono y le buscaremos el m\u00e9todo de env\u00edo m\u00e1s conveniente.<\/p><p><strong>Order amount exceeding 50\u20ac \u2013 FREE delivery in Lithuania<br \/><\/strong>En los dem\u00e1s pa\u00edses, el precio del env\u00edo se calcula en funci\u00f3n del peso del pedido.<\/p>\t\t\t\t\t\t\t\t<\/div>\n\t\t\t\t\t<\/div>\n\t\t<\/div>\n\t\t\t\t\t<\/div>\n\t\t<\/section>\n\t\t\t\t<section class=\"elementor-section elementor-top-section elementor-element elementor-element-47686fe elementor-section-boxed elementor-section-height-default elementor-section-height-default\" data-id=\"47686fe\" data-element_type=\"section\" data-e-type=\"section\">\n\t\t\t\t\t\t<div class=\"elementor-container elementor-column-gap-default\">\n\t\t\t\t\t<div class=\"elementor-column elementor-col-100 elementor-top-column elementor-element elementor-element-4418b88\" data-id=\"4418b88\" data-element_type=\"column\" data-e-type=\"column\">\n\t\t\t<div class=\"elementor-widget-wrap elementor-element-populated\">\n\t\t\t\t\t\t<div class=\"elementor-element elementor-element-c7f4b18 elementor-widget elementor-widget-heading\" data-id=\"c7f4b18\" data-element_type=\"widget\" data-e-type=\"widget\" data-widget_type=\"heading.default\">\n\t\t\t\t\t<h2 class=\"elementor-heading-title elementor-size-default\">Devuelve<\/h2>\t\t\t\t<\/div>\n\t\t\t\t<div class=\"elementor-element elementor-element-37f73f6 elementor-widget elementor-widget-text-editor\" data-id=\"37f73f6\" data-element_type=\"widget\" data-e-type=\"widget\" data-widget_type=\"text-editor.default\">\n\t\t\t\t\t\t\t\t\t<p>2.1. Mercanc\u00edas adquiridas\u00a0<strong>directamente<\/strong> de www.healthychoice.world pueden devolverse en un plazo de 15 d\u00edas a partir de la entrega.<br \/>2.2. S\u00f3lo se admitir\u00e1n devoluciones cuando el envase del producto no est\u00e9 abierto.<br \/>2.3. Los productos deben devolverse en su embalaje original.<br \/>2.4. Buyer\u2019s refund might be fulfilled in 5 working days after goods were returned to the Seller and the Seller confirmed that the goods are accepted as returned. Delivery fee is non refundable.<br \/>2.5. Si desea devolver un art\u00edculo para su cambio o reembolso, le sugerimos que lo haga a trav\u00e9s de un servicio de entrega seguro (como Venipak, UPS, DHL, DPD, etc.). No nos hacemos responsables de los art\u00edculos no recibidos. Los gastos de devoluci\u00f3n corren a cargo del comprador.<br \/>2.6. Normalmente, una solicitud de devoluci\u00f3n se tramitar\u00e1 en un plazo de 48 horas desde su recepci\u00f3n.<br \/>2.7. Direcci\u00f3n para devoluciones: Sporto st. 3-79, LT-09238, Vilnius, Lituania.<\/p>\t\t\t\t\t\t\t\t<\/div>\n\t\t\t\t\t<\/div>\n\t\t<\/div>\n\t\t\t\t\t<\/div>\n\t\t<\/section>\n\t\t\t\t<\/div>","protected":false},"excerpt":{"rendered":"<p>Payment 1. You can pay by using E-banking (Paysera) Paysera is an electronic payment system that combines different payment methods: via the Paysera system, electronic banking or payment cards. Paysera offers a free multi-currency account, which takes just a few minutes to open and top up. Also fast and secure online payments, for which the [&hellip;]<\/p>\n","protected":false},"author":1,"featured_media":0,"parent":0,"menu_order":0,"comment_status":"closed","ping_status":"closed","template":"","meta":{"_monsterinsights_skip_tracking":false,"_monsterinsights_sitenote_active":false,"_monsterinsights_sitenote_note":"","_monsterinsights_sitenote_category":0,"footnotes":""},"class_list":["post-393","page","type-page","status-publish","hentry"],"blocksy_meta":{"vertical_spacing_source":"custom","content_area_spacing":"none","styles_descriptor":{"styles":{"desktop":"","tablet":"","mobile":""},"google_fonts":[],"version":6}},"aioseo_notices":[],"_links":{"self":[{"href":"https:\/\/www.healthychoice.world\/es\/wp-json\/wp\/v2\/pages\/393","targetHints":{"allow":["GET"]}}],"collection":[{"href":"https:\/\/www.healthychoice.world\/es\/wp-json\/wp\/v2\/pages"}],"about":[{"href":"https:\/\/www.healthychoice.world\/es\/wp-json\/wp\/v2\/types\/page"}],"author":[{"embeddable":true,"href":"https:\/\/www.healthychoice.world\/es\/wp-json\/wp\/v2\/users\/1"}],"replies":[{"embeddable":true,"href":"https:\/\/www.healthychoice.world\/es\/wp-json\/wp\/v2\/comments?post=393"}],"version-history":[{"count":4,"href":"https:\/\/www.healthychoice.world\/es\/wp-json\/wp\/v2\/pages\/393\/revisions"}],"predecessor-version":[{"id":2920,"href":"https:\/\/www.healthychoice.world\/es\/wp-json\/wp\/v2\/pages\/393\/revisions\/2920"}],"wp:attachment":[{"href":"https:\/\/www.healthychoice.world\/es\/wp-json\/wp\/v2\/media?parent=393"}],"curies":[{"name":"wp","href":"https:\/\/api.w.org\/{rel}","templated":true}]}}