{"id":1054,"date":"2023-05-03T15:39:12","date_gmt":"2023-05-03T12:39:12","guid":{"rendered":"https:\/\/www.healthychoice.world\/?post_type=product&#038;p=1054"},"modified":"2026-04-30T19:18:15","modified_gmt":"2026-04-30T16:18:15","slug":"healthy-choice-vitamins-d3-120-capsules","status":"publish","type":"product","link":"https:\/\/www.healthychoice.world\/es\/products\/healthy-choice-vitamins-d3-120-capsules\/","title":{"rendered":"Vitaminas D3 4000IU con aceite de oliva \"Healthy Choice\" 120 c\u00e1psulas"},"content":{"rendered":"<h1 class=\"western\" align=\"JUSTIFY\"><strong>Vitamina D3 4000IU con aceite de oliva<\/strong><\/h1>\n<p>Suplemento<\/p>\n<p>120 c\u00e1psulas \/ 130 g Contenido neto<\/p>\n<p>La vitamina D contribuye al funcionamiento normal del sistema inmunitario, al estado de los huesos y los dientes, a la funci\u00f3n muscular, a la absorci\u00f3n y\/o asimilaci\u00f3n del calcio y el f\u00f3sforo y a la concentraci\u00f3n de calcio en la sangre. La vitamina D interviene en la divisi\u00f3n celular.<\/p>\n<h2 class=\"western\" align=\"JUSTIFY\">INGRIDIENTES<\/h2>\n<p>Aceite de oliva, cubierta de la c\u00e1psula - gelatina, humectante glicerol, agua, colecalciferol.<\/p>\n<p>1 c\u00e1psula contiene (RMV*, %): vitamina D3 100 \u03bcg (2000%), aceite de oliva 146 mg.<\/p>\n<p>*VNR (valor nutricional de referencia).<\/p>\n<h2 class=\"western\" align=\"JUSTIFY\">CONSUMO<\/h2>\n<p align=\"JUSTIFY\">Se recomienda tomar 1 c\u00e1psula al d\u00eda. Utilizar por v\u00eda oral. No superar la dosis recomendada.<\/p>\n<h2 class=\"western\" align=\"JUSTIFY\">ADVERTENCIAS<\/h2>\n<p align=\"JUSTIFY\">S\u00f3lo los adultos mayores de 18 a\u00f1os pueden utilizar el complemento alimenticio. Conservar a una temperatura no superior a +25\u00b0C, en un lugar oscuro y fuera del alcance de los ni\u00f1os, en su envase original. El complemento alimenticio no debe utilizarse como sustituto de la comida. Es importante seguir una dieta variada y equilibrada y un estilo de vida saludable.<\/p>","protected":false},"excerpt":{"rendered":"<p>Suplemento<\/p>\n<p>120 c\u00e1psulas \/ 130 g Contenido neto<\/p>","protected":false},"featured_media":1055,"template":"","meta":{"_monsterinsights_skip_tracking":false,"_monsterinsights_sitenote_active":false,"_monsterinsights_sitenote_note":"","_monsterinsights_sitenote_category":0},"product_brand":[],"product_cat":[26,55,29,46,36],"product_tag":[39,23,45],"giftcard-category":[],"class_list":{"0":"post-1054","1":"product","2":"type-product","3":"status-publish","4":"has-post-thumbnail","6":"product_cat-100-whey-protein-concentrate-1kg","7":"product_cat-food-supplements","8":"product_cat-wps_wgm_giftcard","9":"product_cat-special","10":"product_cat-vitamins","11":"product_tag-for-health-and-beauty","12":"product_tag-products","13":"product_tag-special","15":"first","16":"instock","17":"sale","18":"featured","19":"taxable","20":"shipping-taxable","21":"purchasable","22":"product-type-simple"},"aioseo_notices":[],"_links":{"self":[{"href":"https:\/\/www.healthychoice.world\/es\/wp-json\/wp\/v2\/product\/1054","targetHints":{"allow":["GET"]}}],"collection":[{"href":"https:\/\/www.healthychoice.world\/es\/wp-json\/wp\/v2\/product"}],"about":[{"href":"https:\/\/www.healthychoice.world\/es\/wp-json\/wp\/v2\/types\/product"}],"wp:featuredmedia":[{"embeddable":true,"href":"https:\/\/www.healthychoice.world\/es\/wp-json\/wp\/v2\/media\/1055"}],"wp:attachment":[{"href":"https:\/\/www.healthychoice.world\/es\/wp-json\/wp\/v2\/media?parent=1054"}],"wp:term":[{"taxonomy":"product_brand","embeddable":true,"href":"https:\/\/www.healthychoice.world\/es\/wp-json\/wp\/v2\/product_brand?post=1054"},{"taxonomy":"product_cat","embeddable":true,"href":"https:\/\/www.healthychoice.world\/es\/wp-json\/wp\/v2\/product_cat?post=1054"},{"taxonomy":"product_tag","embeddable":true,"href":"https:\/\/www.healthychoice.world\/es\/wp-json\/wp\/v2\/product_tag?post=1054"},{"taxonomy":"giftcard-category","embeddable":true,"href":"https:\/\/www.healthychoice.world\/es\/wp-json\/wp\/v2\/giftcard-category?post=1054"}],"curies":[{"name":"wp","href":"https:\/\/api.w.org\/{rel}","templated":true}]}}