{"id":1056,"date":"2023-05-03T15:45:28","date_gmt":"2023-05-03T12:45:28","guid":{"rendered":"https:\/\/www.healthychoice.world\/?post_type=product&#038;p=1056"},"modified":"2025-12-29T08:51:41","modified_gmt":"2025-12-29T06:51:41","slug":"healthy-choice-omega-3-fish-oil-120-capsules","status":"publish","type":"product","link":"https:\/\/www.healthychoice.world\/es\/products\/healthy-choice-omega-3-fish-oil-120-capsules\/","title":{"rendered":"Omega-3 aceite de pescado \"Healthy Choice\" 120 c\u00e1psulas"},"content":{"rendered":"<p style=\"text-align: center;\"><strong>Omega-3<\/strong><\/p>\n<p style=\"text-align: center;\"><strong>Aceite de pescado 1000 mg<\/strong><\/p>\n<p style=\"text-align: center;\"><strong>500 mg de EPR y 250 mg de DHA TG<\/strong><\/p>\n<p style=\"text-align: center;\"><strong>(Suplemento)<\/strong><\/p>\n<p align=\"JUSTIFY\"><a name=\"Bookmark\"><\/a><a name=\"_Hlk128551328\"><\/a><\/p>\n<p>Contenido neto: 160,8 g \/ 90 c\u00e1psulas blandas<\/p>\n<p>Healthy Choice Omega-3 Aceite de Pescado 1000mg 500mg EPR &amp; 250mg DHA TG. El paquete es suficiente para un curso de 3 meses de uso.<\/p>\n<p>Los omega-3 son \u00e1cidos grasos poliinsaturados, tambi\u00e9n conocidos como grasas buenas. Se trata de un \u00e1cido graso esencial que el organismo no puede producir por s\u00ed mismo. Es necesario para que nuestro organismo produzca diversos compuestos biol\u00f3gicamente activos. El omega-3 puede obtenerse de los alimentos, normalmente en el aceite de pescado, pero puede ser dif\u00edcil obtener suficiente de lo que se come. Los \u00e1cidos grasos poliinsaturados como el \u00e1cido eicosapentaenoico (EPA) y el \u00e1cido docosahexaenoico (DHA) se extraen de pescados como la caballa, el salm\u00f3n, el at\u00fan, etc. Estos \u00e1cidos grasos ayudan a mantener el funcionamiento normal del coraz\u00f3n. Se produce un efecto positivo con el consumo diario de 250 mg de EPA y DHA.<\/p>\n<p>Omega-3 aceite de pescado 1000 mg c\u00e1psulas blandas contienen omega-3 rico en los \u00e1cidos grasos insaturados EPR (\u00e1cido eicosapentaenoico) y DHA (\u00e1cido docosahexaenoico).<\/p>\n<p>DHA - \u00e1cido docosahexaenoico<\/p>\n<p>Contiene \u00e1cido graso omega-3 de cadena larga, importante para el desarrollo cerebral, ocular y general, ayuda a mantener el funcionamiento normal del coraz\u00f3n. No ingerir suficiente cantidad de este \u00e1cido puede causar problemas de visi\u00f3n.<\/p>\n<p>EPR: \u00e1cido eicosapentaenoico<\/p>\n<p>Contiene \u00e1cido graso omega-3 de cadena larga, importante para la salud en general, ayuda a mantener el funcionamiento normal del coraz\u00f3n.<\/p>\n<table border=\"1\" width=\"623\" cellspacing=\"0\" cellpadding=\"7\">\n<tbody>\n<tr>\n<td colspan=\"3\" width=\"607\">\n<p lang=\"en-US\"><a name=\"Bookmark2\"><\/a><span style=\"font-family: Times New Roman, serif;\"><span style=\"font-size: medium;\">Sud\u0117tis (1 kapsul\u0117)<\/span><\/span><\/p>\n<\/td>\n<\/tr>\n<tr>\n<td colspan=\"2\" width=\"429\">\n<p lang=\"en-US\"><a name=\"_Hlk128551359\"><\/a><span style=\"font-family: Times New Roman, serif;\"><span style=\"font-size: medium;\">\u017duvies taukai <\/span><\/span><\/p>\n<\/td>\n<td valign=\"TOP\" width=\"164\">\n<p lang=\"en-US\"><span style=\"font-family: Times New Roman, serif;\"><span style=\"font-size: medium;\">1000 mg<\/span><\/span><\/p>\n<\/td>\n<\/tr>\n<tr>\n<td width=\"183\">&nbsp;<\/td>\n<td width=\"232\">\n<p lang=\"en-US\"><span style=\"font-family: Times New Roman, serif;\"><span style=\"font-size: medium;\">EPR (eikozapentaeno r\u016bg\u0161tis)<\/span><\/span><\/p>\n<\/td>\n<td width=\"164\">\n<p lang=\"en-US\"><span style=\"font-family: Times New Roman, serif;\"><span style=\"font-size: medium;\">500 mg<\/span><\/span><\/p>\n<\/td>\n<\/tr>\n<tr>\n<td width=\"183\">&nbsp;<\/td>\n<td width=\"232\">\n<p lang=\"en-US\"><span style=\"font-family: Times New Roman, serif;\"><span style=\"font-size: medium;\">DHR (dokozaheksaeno r\u016bg\u0161tis)<\/span><\/span><\/p>\n<\/td>\n<td width=\"164\">\n<p lang=\"en-US\"><span style=\"font-family: Times New Roman, serif;\"><span style=\"font-size: medium;\">250 mg<\/span><\/span><\/p>\n<\/td>\n<\/tr>\n<tr>\n<td colspan=\"3\" width=\"607\">\n<p lang=\"en-US\"><span style=\"font-family: Times New Roman, serif;\"><span style=\"font-size: medium;\">Omega-3 kiekis ne ma\u017eesnis kaip 75% (50% EPR ir 25% DHR)<\/span><\/span><\/p>\n<\/td>\n<\/tr>\n<tr>\n<td colspan=\"3\" width=\"607\">\n<p lang=\"en-US\"><span style=\"font-family: Times New Roman, serif;\"><span style=\"font-size: medium;\">Kapsul\u0117s apvalkalas<\/span><\/span><\/p>\n<\/td>\n<\/tr>\n<tr>\n<td colspan=\"2\" width=\"429\">\n<p lang=\"en-US\"><span style=\"font-family: Times New Roman, serif;\"><span style=\"font-size: medium;\">\u017delatina<\/span><\/span><\/p>\n<\/td>\n<td width=\"164\">\n<p lang=\"en-US\"><span style=\"font-family: Times New Roman, serif;\"><span style=\"font-size: medium;\">210 mg<\/span><\/span><\/p>\n<\/td>\n<\/tr>\n<tr>\n<td colspan=\"2\" width=\"429\">\n<p lang=\"en-US\"><a name=\"_Hlk128160919\"><\/a><span style=\"font-family: Times New Roman, serif;\"><span style=\"font-size: medium;\">Glicerinas<\/span><\/span><\/p>\n<\/td>\n<td width=\"164\">\n<p lang=\"en-US\"><span style=\"font-family: Times New Roman, serif;\"><span style=\"font-size: medium;\">135 mg<\/span><\/span><\/p>\n<\/td>\n<\/tr>\n<tr>\n<td colspan=\"2\" width=\"429\" height=\"3\">\n<p lang=\"en-US\"><span style=\"font-family: Times New Roman, serif;\"><span style=\"font-size: medium;\">Vanduo<\/span><\/span><\/p>\n<\/td>\n<td width=\"164\">\n<p lang=\"en-US\"><span style=\"font-family: Times New Roman, serif;\"><span style=\"font-size: medium;\">25 mg<\/span><\/span><\/p>\n<\/td>\n<\/tr>\n<\/tbody>\n<\/table>\n<p align=\"JUSTIFY\"><span style=\"font-family: Open Sans, serif;\"><span style=\"font-size: large;\"><b>INGRIDIENTES:<\/b><\/span><\/span><\/p>\n<p><a name=\"Bookmark3\"><\/a> Aceite de pescado, gelatina (cubierta de la c\u00e1psula), glicerina (cubierta de la c\u00e1psula), agua (cubierta de la c\u00e1psula).<\/p>\n<p><span style=\"font-family: Open Sans, serif;\"><span style=\"font-size: large;\"><b>CONSUMO:<\/b><\/span><\/span><\/p>\n<p>Para adultos, 1 c\u00e1psula blanda al d\u00eda. Tomar con alimentos. Si est\u00e1 embarazada o en per\u00edodo de lactancia, toma medicaci\u00f3n o padece alguna enfermedad, consulte a su m\u00e9dico antes de utilizarlo.<\/p>\n<p><span style=\"font-family: Open Sans, serif;\"><span style=\"font-size: large;\"><b>ADVERTENCIAS:<\/b><\/span><\/span><\/p>\n<p>No superar la dosis diaria recomendada. Conservar a temperatura ambiente, en lugar seco, fuera del alcance de los ni\u00f1os y protegido de la luz solar directa. Un complemento alimenticio no sustituye a la alimentaci\u00f3n, por lo que es importante seguir una dieta variada y equilibrada. El producto no contiene lactosa, huevo, gluten ni otros al\u00e9rgenos potenciales. El producto contiene productos derivados del pescado, por lo que no es apto para vegetarianos ni veganos.<\/p>\n<p>Las declaraciones de propiedades saludables est\u00e1n aprobadas por el Reglamento (UE) n\u00ba 274\/2014 de la Comisi\u00f3n Europea<\/p>","protected":false},"excerpt":{"rendered":"<p>Contenido neto: 160,8 g \/ 90 c\u00e1psulas blandas<\/p>\n<p>Healthy Choice Omega-3 Aceite de Pescado 1000mg 500mg EPR &amp; 250mg DHA TG. El paquete es suficiente para un curso de 3 meses de uso.<\/p>","protected":false},"featured_media":1257,"template":"","meta":{"_monsterinsights_skip_tracking":false,"_monsterinsights_sitenote_active":false,"_monsterinsights_sitenote_note":"","_monsterinsights_sitenote_category":0},"product_brand":[],"product_cat":[26,55,29,46,36],"product_tag":[39,23,45],"giftcard-category":[],"class_list":{"0":"post-1056","1":"product","2":"type-product","3":"status-publish","4":"has-post-thumbnail","6":"product_cat-100-whey-protein-concentrate-1kg","7":"product_cat-food-supplements","8":"product_cat-wps_wgm_giftcard","9":"product_cat-special","10":"product_cat-vitamins","11":"product_tag-for-health-and-beauty","12":"product_tag-products","13":"product_tag-special","15":"first","16":"instock","17":"sale","18":"taxable","19":"shipping-taxable","20":"purchasable","21":"product-type-simple"},"aioseo_notices":[],"_links":{"self":[{"href":"https:\/\/www.healthychoice.world\/es\/wp-json\/wp\/v2\/product\/1056","targetHints":{"allow":["GET"]}}],"collection":[{"href":"https:\/\/www.healthychoice.world\/es\/wp-json\/wp\/v2\/product"}],"about":[{"href":"https:\/\/www.healthychoice.world\/es\/wp-json\/wp\/v2\/types\/product"}],"wp:featuredmedia":[{"embeddable":true,"href":"https:\/\/www.healthychoice.world\/es\/wp-json\/wp\/v2\/media\/1257"}],"wp:attachment":[{"href":"https:\/\/www.healthychoice.world\/es\/wp-json\/wp\/v2\/media?parent=1056"}],"wp:term":[{"taxonomy":"product_brand","embeddable":true,"href":"https:\/\/www.healthychoice.world\/es\/wp-json\/wp\/v2\/product_brand?post=1056"},{"taxonomy":"product_cat","embeddable":true,"href":"https:\/\/www.healthychoice.world\/es\/wp-json\/wp\/v2\/product_cat?post=1056"},{"taxonomy":"product_tag","embeddable":true,"href":"https:\/\/www.healthychoice.world\/es\/wp-json\/wp\/v2\/product_tag?post=1056"},{"taxonomy":"giftcard-category","embeddable":true,"href":"https:\/\/www.healthychoice.world\/es\/wp-json\/wp\/v2\/giftcard-category?post=1056"}],"curies":[{"name":"wp","href":"https:\/\/api.w.org\/{rel}","templated":true}]}}