{"id":1141,"date":"2023-06-28T11:13:10","date_gmt":"2023-06-28T08:13:10","guid":{"rendered":"https:\/\/www.healthychoice.world\/?post_type=product&#038;p=1141"},"modified":"2026-04-17T16:57:37","modified_gmt":"2026-04-17T13:57:37","slug":"melatonin-tryptophan-b6-120-tablets","status":"publish","type":"product","link":"https:\/\/www.healthychoice.world\/es\/products\/melatonin-tryptophan-b6-120-tablets\/","title":{"rendered":"Melatonina + Tript\u00f3fano + B6 120 comprimidos"},"content":{"rendered":"<p>Suplemento<\/p>\n<p>La melatonina ayuda a acortar el tiempo necesario para conciliar el sue\u00f1o. El L-tript\u00f3fano es un amino\u00e1cido esencial necesario para la producci\u00f3n de prote\u00ednas implicadas en la s\u00edntesis de melatonina y serotonina. La vitamina B6 contribuye al mantenimiento del metabolismo energ\u00e9tico normal, al funcionamiento normal del sistema nervioso, al metabolismo normal de la homociste\u00edna y al metabolismo normal de las prote\u00ednas y del gluc\u00f3geno.<\/p>\n<p>120 comprimidos<br \/>\nPeso neto: 32,4 g<\/p>\n<p>COMPOSICI\u00d3N:<br \/>\nagentes de carga: celulosa microcristalina, hidr\u00f3geno fosfato de calcio; L-tript\u00f3fano, sustancias reguladoras de la adherencia: estearato de magnesio, di\u00f3xido de silicio; clorhidrato de piridoxina, melatonina.<\/p>\n<p>INGREDIENTES (1 comprimido):<br \/>\nL-tript\u00f3fano 40 mg<br \/>\nVitamina B6 6 mg (428,4% RMV*)<br \/>\nMelatonina 1 mg<\/p>\n<p>RMV* (valor nutricional de referencia).<\/p>\n<p>USO:<br \/>\npara adultos, 1 comprimido al d\u00eda antes de acostarse.<br \/>\nMantener fuera del alcance de los ni\u00f1os.<br \/>\nNo supere la dosis diaria recomendada.<br \/>\nConservar en el envase original, en un lugar seco y a temperatura ambiente.<br \/>\nNo utilice un complemento alimenticio como sustituto de una dieta sana y equilibrada.<\/p>\n<p>ADVERTENCIA:<\/p>\n<p>No superar la dosis diaria recomendada. Conservar a una temperatura no superior a +25\u00b0C, fuera del alcance de los ni\u00f1os. No se recomienda durante el embarazo, la lactancia y en caso de enfermedades autoinmunes, as\u00ed como en ni\u00f1os. Los conductores deben utilizarlo con precauci\u00f3n, ya que los comprimidos pueden provocar somnolencia y ralentizar el tiempo de reacci\u00f3n.<\/p>","protected":false},"excerpt":{"rendered":"<p>Suplemento<\/p>\n<p>120 comprimidos<br \/>\nPeso neto: 32,4 g<\/p>","protected":false},"featured_media":1142,"template":"","meta":{"_monsterinsights_skip_tracking":false,"_monsterinsights_sitenote_active":false,"_monsterinsights_sitenote_note":"","_monsterinsights_sitenote_category":0},"product_brand":[],"product_cat":[26,55,29,46,36],"product_tag":[39,23,45],"giftcard-category":[],"class_list":{"0":"post-1141","1":"product","2":"type-product","3":"status-publish","4":"has-post-thumbnail","6":"product_cat-100-whey-protein-concentrate-1kg","7":"product_cat-food-supplements","8":"product_cat-wps_wgm_giftcard","9":"product_cat-special","10":"product_cat-vitamins","11":"product_tag-for-health-and-beauty","12":"product_tag-products","13":"product_tag-special","15":"first","16":"instock","17":"sale","18":"taxable","19":"shipping-taxable","20":"purchasable","21":"product-type-simple"},"aioseo_notices":[],"_links":{"self":[{"href":"https:\/\/www.healthychoice.world\/es\/wp-json\/wp\/v2\/product\/1141","targetHints":{"allow":["GET"]}}],"collection":[{"href":"https:\/\/www.healthychoice.world\/es\/wp-json\/wp\/v2\/product"}],"about":[{"href":"https:\/\/www.healthychoice.world\/es\/wp-json\/wp\/v2\/types\/product"}],"wp:featuredmedia":[{"embeddable":true,"href":"https:\/\/www.healthychoice.world\/es\/wp-json\/wp\/v2\/media\/1142"}],"wp:attachment":[{"href":"https:\/\/www.healthychoice.world\/es\/wp-json\/wp\/v2\/media?parent=1141"}],"wp:term":[{"taxonomy":"product_brand","embeddable":true,"href":"https:\/\/www.healthychoice.world\/es\/wp-json\/wp\/v2\/product_brand?post=1141"},{"taxonomy":"product_cat","embeddable":true,"href":"https:\/\/www.healthychoice.world\/es\/wp-json\/wp\/v2\/product_cat?post=1141"},{"taxonomy":"product_tag","embeddable":true,"href":"https:\/\/www.healthychoice.world\/es\/wp-json\/wp\/v2\/product_tag?post=1141"},{"taxonomy":"giftcard-category","embeddable":true,"href":"https:\/\/www.healthychoice.world\/es\/wp-json\/wp\/v2\/giftcard-category?post=1141"}],"curies":[{"name":"wp","href":"https:\/\/api.w.org\/{rel}","templated":true}]}}