{"id":59,"date":"2022-01-15T16:02:23","date_gmt":"2022-01-15T14:02:23","guid":{"rendered":"https:\/\/www.healthychoice.world\/?post_type=product&#038;p=59"},"modified":"2026-04-17T17:00:16","modified_gmt":"2026-04-17T14:00:16","slug":"bcaa-blackcurrant-flavor-400g","status":"publish","type":"product","link":"https:\/\/www.healthychoice.world\/es\/products\/bcaa-blackcurrant-flavor-400g\/","title":{"rendered":"BCAA sabor grosella negra, 400g"},"content":{"rendered":"<h2 class=\"text-white\" style=\"text-align: center;\">BCAA sabor grosella negra<\/h2>\n<p><strong>Healthy Choice BCAA 2:1:1<\/strong> - Amino\u00e1cidos de cadena ramificada (BCAA) para una recuperaci\u00f3n muscular m\u00e1s r\u00e1pida.<\/p>\n<p>Los amino\u00e1cidos de cadena ramificada (BCAA) son un grupo importante de amino\u00e1cidos esenciales formado por leucina, isoleucina y valina. Los BCAA se encuentran entre los nueve amino\u00e1cidos esenciales que nuestro cuerpo no puede producir. La \u00fanica fuente de BCAA es nuestra alimentaci\u00f3n diaria o los suplementos diet\u00e9ticos. Por otra parte, constituyen el 35% de los amino\u00e1cidos de las prote\u00ednas musculares. La leucina, la isoleucina y la valina son amino\u00e1cidos esenciales derivados de diferentes fuentes de prote\u00ednas. Tambi\u00e9n pueden utilizarse como complementos alimenticios, especialmente durante entrenamientos intensos o f\u00edsicos. En nuestra f\u00f3rmula de BCAA, la proporci\u00f3n de Leucina, Isoleucina y Valina es de 2:1:1, porque esta proporci\u00f3n para los productos de amino\u00e1cidos de cadena ramificada es la m\u00e1s eficaz.<\/p>","protected":false},"excerpt":{"rendered":"<p>Healthy Choice BCAA 2:1:1 - \u00a1Amino\u00e1cidos de cadena ramificada (BCAA) para una recuperaci\u00f3n muscular m\u00e1s r\u00e1pida!<\/p>","protected":false},"featured_media":866,"template":"","meta":{"_monsterinsights_skip_tracking":false,"_monsterinsights_sitenote_active":false,"_monsterinsights_sitenote_note":"","_monsterinsights_sitenote_category":0},"product_brand":[],"product_cat":[26,56],"product_tag":[23,27],"giftcard-category":[],"class_list":{"0":"post-59","1":"product","2":"type-product","3":"status-publish","4":"has-post-thumbnail","6":"product_cat-100-whey-protein-concentrate-1kg","7":"product_cat-bcaa","8":"product_tag-products","9":"product_tag-top","11":"first","12":"instock","13":"sale","14":"taxable","15":"shipping-taxable","16":"purchasable","17":"product-type-simple"},"aioseo_notices":[],"_links":{"self":[{"href":"https:\/\/www.healthychoice.world\/es\/wp-json\/wp\/v2\/product\/59","targetHints":{"allow":["GET"]}}],"collection":[{"href":"https:\/\/www.healthychoice.world\/es\/wp-json\/wp\/v2\/product"}],"about":[{"href":"https:\/\/www.healthychoice.world\/es\/wp-json\/wp\/v2\/types\/product"}],"wp:featuredmedia":[{"embeddable":true,"href":"https:\/\/www.healthychoice.world\/es\/wp-json\/wp\/v2\/media\/866"}],"wp:attachment":[{"href":"https:\/\/www.healthychoice.world\/es\/wp-json\/wp\/v2\/media?parent=59"}],"wp:term":[{"taxonomy":"product_brand","embeddable":true,"href":"https:\/\/www.healthychoice.world\/es\/wp-json\/wp\/v2\/product_brand?post=59"},{"taxonomy":"product_cat","embeddable":true,"href":"https:\/\/www.healthychoice.world\/es\/wp-json\/wp\/v2\/product_cat?post=59"},{"taxonomy":"product_tag","embeddable":true,"href":"https:\/\/www.healthychoice.world\/es\/wp-json\/wp\/v2\/product_tag?post=59"},{"taxonomy":"giftcard-category","embeddable":true,"href":"https:\/\/www.healthychoice.world\/es\/wp-json\/wp\/v2\/giftcard-category?post=59"}],"curies":[{"name":"wp","href":"https:\/\/api.w.org\/{rel}","templated":true}]}}