{"id":894,"date":"2021-11-26T15:24:44","date_gmt":"2021-11-26T13:24:44","guid":{"rendered":"https:\/\/www.healthychoice.world\/?post_type=product&#038;p=894"},"modified":"2026-01-14T01:48:13","modified_gmt":"2026-01-13T23:48:13","slug":"set-peanut-spread-healthy-choice-1000g-almond-spread-healthy-choice-with-pieces-250g","status":"publish","type":"product","link":"https:\/\/www.healthychoice.world\/es\/products\/set-peanut-spread-healthy-choice-1000g-almond-spread-healthy-choice-with-pieces-250g\/","title":{"rendered":"Lote: crema de cacahuete \"Healthy Choice\" 1000g + crema de almendra \"Healthy Choice\" con trocitos 250g"},"content":{"rendered":"<p>Healthy Choice Peanut Spread se presenta en dos sabores, crema y trozos, con prote\u00ednas vegetales, grasas insaturadas, fibra e hidratos de carbono de alta calidad. Formulado para mantener un alto valor biol\u00f3gico (VB). Se trata de un producto de calidad que puede consumirse varias veces al d\u00eda. Almendra para untar \"Healthy Choice\" con trozos 250g de consistencia excepcional, almendra para untar con trozos, elaborada con almendras naturales de la m\u00e1s alta calidad, sin utilizar ning\u00fan tipo de aditivos sint\u00e9ticos, potenciadores del sabor, grasas y colorantes.<\/p>","protected":false},"excerpt":{"rendered":"<p>Healthy Choice Peanut Spread se presenta en dos sabores, crema y trozos, con prote\u00ednas vegetales, grasas insaturadas, fibra e hidratos de carbono de alta calidad. Formulado para mantener un alto valor biol\u00f3gico (VB). Se trata de un producto de calidad que puede consumirse varias veces al d\u00eda.<\/p>\n<p>Almendra para untar \"Healthy Choice\" con trozos 250g de consistencia excepcional, almendra para untar con trozos, elaborada a partir de almendras naturales de la m\u00e1s alta calidad, sin utilizar ning\u00fan tipo de aditivos sint\u00e9ticos, potenciadores del sabor, grasas y colorantes.<\/p>","protected":false},"featured_media":896,"template":"","meta":{"_monsterinsights_skip_tracking":false,"_monsterinsights_sitenote_active":false,"_monsterinsights_sitenote_note":"","_monsterinsights_sitenote_category":0},"product_brand":[],"product_cat":[26,29,53,58,46],"product_tag":[23,24,45],"giftcard-category":[],"class_list":{"0":"post-894","1":"product","2":"type-product","3":"status-publish","4":"has-post-thumbnail","6":"product_cat-100-whey-protein-concentrate-1kg","7":"product_cat-wps_wgm_giftcard","8":"product_cat-nut-products","9":"product_cat-sets","10":"product_cat-special","11":"product_tag-products","12":"product_tag-sets","13":"product_tag-special","15":"first","16":"instock","17":"sale","18":"taxable","19":"shipping-taxable","20":"purchasable","21":"product-type-simple"},"aioseo_notices":[],"_links":{"self":[{"href":"https:\/\/www.healthychoice.world\/es\/wp-json\/wp\/v2\/product\/894","targetHints":{"allow":["GET"]}}],"collection":[{"href":"https:\/\/www.healthychoice.world\/es\/wp-json\/wp\/v2\/product"}],"about":[{"href":"https:\/\/www.healthychoice.world\/es\/wp-json\/wp\/v2\/types\/product"}],"wp:featuredmedia":[{"embeddable":true,"href":"https:\/\/www.healthychoice.world\/es\/wp-json\/wp\/v2\/media\/896"}],"wp:attachment":[{"href":"https:\/\/www.healthychoice.world\/es\/wp-json\/wp\/v2\/media?parent=894"}],"wp:term":[{"taxonomy":"product_brand","embeddable":true,"href":"https:\/\/www.healthychoice.world\/es\/wp-json\/wp\/v2\/product_brand?post=894"},{"taxonomy":"product_cat","embeddable":true,"href":"https:\/\/www.healthychoice.world\/es\/wp-json\/wp\/v2\/product_cat?post=894"},{"taxonomy":"product_tag","embeddable":true,"href":"https:\/\/www.healthychoice.world\/es\/wp-json\/wp\/v2\/product_tag?post=894"},{"taxonomy":"giftcard-category","embeddable":true,"href":"https:\/\/www.healthychoice.world\/es\/wp-json\/wp\/v2\/giftcard-category?post=894"}],"curies":[{"name":"wp","href":"https:\/\/api.w.org\/{rel}","templated":true}]}}