{"id":899,"date":"2021-12-09T15:14:03","date_gmt":"2021-12-09T13:14:03","guid":{"rendered":"https:\/\/www.healthychoice.world\/?post_type=product&#038;p=899"},"modified":"2026-04-17T17:02:47","modified_gmt":"2026-04-17T14:02:47","slug":"set-l-carnitine-orange-flavor-100-pure-collagen-strawberry-flavor","status":"publish","type":"product","link":"https:\/\/www.healthychoice.world\/es\/products\/set-l-carnitine-orange-flavor-100-pure-collagen-strawberry-flavor\/","title":{"rendered":"Set: L-Carnitina sabor naranja + 100% col\u00e1geno puro sabor fresa"},"content":{"rendered":"<p><strong>100% COL\u00c1GENO PURO SABOR FRESA<\/strong><\/p>\n<p>Cantidad neta 500 ml<\/p>\n<p>El col\u00e1geno es una prote\u00edna natural del cuerpo humano que sostiene la estructura de la piel, los huesos y los m\u00fasculos, pero durante el proceso de envejecimiento disminuye la capacidad del propio organismo para sintetizar col\u00e1geno. Por este motivo, se est\u00e1n desarrollando suplementos de col\u00e1geno que ayudan a mantener el estado normal de la piel, el cabello y las u\u00f1as, reducen la p\u00e9rdida \u00f3sea y tienen un efecto positivo sobre el sistema cardiovascular.<\/p>\n<p>100% col\u00e1geno puro en sabor fresa es de la mejor calidad, creado preservando todas las sustancias m\u00e1s importantes para mejorar la condici\u00f3n del cabello, piel, u\u00f1as, tejidos conectivos, articulaciones. Es un gran sabor a fresa, barato, producto de calidad, adecuado para el uso de una vez al d\u00eda.<\/p>\n<p>El col\u00e1geno 100% puro con sabor a fresa contiene biotina, zinc, vitamina E y C. La biotina es sumamente importante para el metabolismo de los hidratos de carbono, las prote\u00ednas y las grasas. La biotina ayuda a mantener el metabolismo energ\u00e9tico normal, la actividad del sistema nervioso, la funci\u00f3n psicol\u00f3gica y el estado de la piel. El zinc es esencial para la producci\u00f3n de prote\u00ednas, importantes para el desarrollo y funcionamiento de las c\u00e9lulas inmunitarias. El zinc, al igual que las vitaminas E y C, ayuda a mantener un sistema inmunitario fuerte.<\/p>\n<p>&nbsp;<\/p>\n<p><strong>BENEFICIOS CLAVE DE ESTE COL\u00c1GENO SABOR FRESA:<\/strong><\/p>\n<p>extremadamente bueno, sabor natural a fresa;<br \/>\nse preserva el alto valor biol\u00f3gico;<br \/>\nsin lactosa;<br \/>\nEl col\u00e1geno es rico en vitamina E y C;<br \/>\nadecuado para usuarios exigentes;<br \/>\nbajo en az\u00facar, carbohidratos y grasas;<br \/>\nayuda a mejorar la elasticidad de la piel y la masa muscular y a prevenir los signos del envejecimiento.<\/p>\n<p><strong>USO:<\/strong><\/p>\n<p>La dosis diaria es de 25 ml, tomados puros o diluidos en agua. Agitar bien antes de usar. El producto no debe superar la dosis prescrita recomendada y no puede utilizarse como sustituto de alimentos. El producto debe mantenerse fuera del alcance y de la vista de los ni\u00f1os. Es importante seguir una dieta variada y equilibrada y un estilo de vida saludable.<\/p>\n<p>&nbsp;<\/p>\n<p><strong>VALOR NUTRITIVO Y ENERG\u00c9TICO DEL PRODUCTO<\/strong><\/p>\n<p>Dosis: 25 ml.<\/p>\n<p>N\u00famero de raciones por envase: 20.<\/p>\n<p>&nbsp;<\/p>\n<table>\n<tbody>\n<tr>\n<td width=\"252\">&nbsp;<\/td>\n<td width=\"118\"><strong>Porcijoje<\/strong><\/td>\n<td width=\"227\"><strong>&nbsp;<\/strong><strong>100 ml gryno bra\u0161ki\u0173 skonio kolageno<\/strong><\/td>\n<\/tr>\n<tr>\n<td width=\"252\">Kalorijos<\/td>\n<td width=\"118\">72kJ(17,2kcal)<\/td>\n<td width=\"227\">286kJ(68,4kcal)<\/td>\n<\/tr>\n<tr>\n<td width=\"252\"><strong>Riebal\u0173<\/strong><\/td>\n<td width=\"118\">&lt;0,5 g<\/td>\n<td width=\"227\">&lt;0,5 g<\/td>\n<\/tr>\n<tr>\n<td width=\"252\"><strong>I\u0161 viso angliavandeni\u0173<\/strong><\/td>\n<td width=\"118\">1,2 g<\/td>\n<td width=\"227\">4,7 g<\/td>\n<\/tr>\n<tr>\n<td width=\"252\">- I\u0161 kuri\u0173 cukraus<\/td>\n<td width=\"118\">1,1 g<\/td>\n<td width=\"227\">4,6 g<\/td>\n<\/tr>\n<tr>\n<td width=\"252\"><strong>Baltym\u0173<\/strong><\/td>\n<td width=\"118\">2,7 g<\/td>\n<td width=\"227\">10,6 g<\/td>\n<\/tr>\n<tr>\n<td width=\"252\"><strong>Druska<\/strong><\/td>\n<td width=\"118\">&lt;0,01 g<\/td>\n<td width=\"227\">0,03 g<\/td>\n<\/tr>\n<\/tbody>\n<\/table>\n<p>&nbsp;<\/p>\n<p><strong>INGREDIENTES:<\/strong><\/p>\n<p>Agua, zumo de uva blanca (a partir de concentrado), hidrolizado de col\u00e1geno, zumo de agave, \u00e1cido asc\u00f3rbico, acetato de DL-\u03b1-tocoferol, D-biotina, citrato de zinc, \u00e1cido (\u00e1cido c\u00edtrico), conservantes (sorbato pot\u00e1sico, benzoato s\u00f3dico), edulcorante (gluc\u00f3sidos de esteviol), un agente aromatizante natural.<\/p>\n<p>&nbsp;<\/p>\n<p><strong>COMPONENTES AMINO\u00c1CIDOS DEL COL\u00c1GENO PURO SABOR FRESA:<\/strong><\/p>\n<table>\n<tbody>\n<tr>\n<td width=\"144\">&nbsp;<\/td>\n<td width=\"152\"><strong>En Porci\u00f3n<\/strong><\/td>\n<td width=\"216\"><strong>100 ml de col\u00e1geno puro con sabor a fresa<\/strong><\/td>\n<\/tr>\n<tr>\n<td width=\"144\">Valine<\/td>\n<td width=\"152\">63 mg<\/td>\n<td width=\"216\">252 mg<\/td>\n<\/tr>\n<tr>\n<td width=\"144\">Izoleucinas<\/td>\n<td width=\"152\">39 mg<\/td>\n<td width=\"216\">156 mg<\/td>\n<\/tr>\n<tr>\n<td width=\"144\">Leucinas<\/td>\n<td width=\"152\">73 mg<\/td>\n<td width=\"216\">292 mg<\/td>\n<\/tr>\n<tr>\n<td width=\"144\">Lizines<\/td>\n<td width=\"152\">94 mg<\/td>\n<td width=\"216\">376 mg<\/td>\n<\/tr>\n<tr>\n<td width=\"144\">Metioninas<\/td>\n<td width=\"152\">16 mg<\/td>\n<td width=\"216\">64 mg<\/td>\n<\/tr>\n<tr>\n<td width=\"144\">Treoninas<\/td>\n<td width=\"152\">55 mg<\/td>\n<td width=\"216\">220 mg<\/td>\n<\/tr>\n<tr>\n<td width=\"144\">Fenilalanina<\/td>\n<td width=\"152\">52 mg<\/td>\n<td width=\"216\">208 mg<\/td>\n<\/tr>\n<tr>\n<td width=\"144\">Arginina<\/td>\n<td width=\"152\">189 mg<\/td>\n<td width=\"216\">756 mg<\/td>\n<\/tr>\n<tr>\n<td width=\"144\">Histidina<\/td>\n<td width=\"152\">24 mg<\/td>\n<td width=\"216\">96 mg<\/td>\n<\/tr>\n<tr>\n<td width=\"144\">Tirozina<\/td>\n<td width=\"152\">21 mg<\/td>\n<td width=\"216\">84 mg<\/td>\n<\/tr>\n<tr>\n<td width=\"144\">Porylin<\/td>\n<td width=\"152\">343 mg<\/td>\n<td width=\"216\">1372 mg<\/td>\n<\/tr>\n<tr>\n<td width=\"144\">Alaninas<\/td>\n<td width=\"152\">225 mg<\/td>\n<td width=\"216\">900 mg<\/td>\n<\/tr>\n<tr>\n<td width=\"144\">\u00c1cido asp\u00e1rtico<\/td>\n<td width=\"152\">149 mg<\/td>\n<td width=\"216\">596 mg<\/td>\n<\/tr>\n<tr>\n<td width=\"144\">Serina<\/td>\n<td width=\"152\">86 mg<\/td>\n<td width=\"216\">344 mg<\/td>\n<\/tr>\n<tr>\n<td width=\"144\">\u00c1cido glut\u00e1mico<\/td>\n<td width=\"152\">257 mg<\/td>\n<td width=\"216\">1028 mg<\/td>\n<\/tr>\n<tr>\n<td width=\"144\">Glicina<\/td>\n<td width=\"152\">584 mg<\/td>\n<td width=\"216\">2336 mg<\/td>\n<\/tr>\n<tr>\n<td width=\"144\">Hidroxilisina<\/td>\n<td width=\"152\">39 mg<\/td>\n<td width=\"216\">156 mg<\/td>\n<\/tr>\n<tr>\n<td width=\"144\">Hidroxiprolina<\/td>\n<td width=\"152\">306 mg<\/td>\n<td width=\"216\">1224 mg<\/td>\n<\/tr>\n<\/tbody>\n<\/table>\n<p>&nbsp;<\/p>\n<p>INGREDIENTES VITAM\u00cdNICOS DE COL\u00c1GENO PURO SABOR FRESA:<\/p>\n<table>\n<tbody>\n<tr>\n<td width=\"144\">&nbsp;<\/td>\n<td width=\"152\"><strong>En Porci\u00f3n<\/strong><\/td>\n<td width=\"216\"><strong>100 ml de col\u00e1geno puro con sabor a fresa<\/strong><\/td>\n<\/tr>\n<tr>\n<td width=\"144\">Vitamina E<\/td>\n<td width=\"152\">12 mg<\/td>\n<td width=\"216\">48 mg<\/td>\n<\/tr>\n<tr>\n<td width=\"144\">Biotina<\/td>\n<td width=\"152\">50 \u00b5g<\/td>\n<td width=\"216\">200 \u00b5g<\/td>\n<\/tr>\n<tr>\n<td width=\"144\">Vitamina C<\/td>\n<td width=\"152\">80 mg<\/td>\n<td width=\"216\">320 mg<\/td>\n<\/tr>\n<tr>\n<td width=\"144\">Zinc<\/td>\n<td width=\"152\">10 mg<\/td>\n<td width=\"216\">40 mg<\/td>\n<\/tr>\n<tr>\n<td width=\"144\">Hidrolizado de col\u00e1geno Verisol\u00aeB<\/td>\n<td width=\"152\">2500 mg<\/td>\n<td width=\"216\">10000 mg<\/td>\n<\/tr>\n<\/tbody>\n<\/table>\n<p>&nbsp;<\/p>","protected":false},"excerpt":{"rendered":"<p>Set: L-Carnitina sabor naranja + 100% col\u00e1geno puro sabor fresa<\/p>","protected":false},"featured_media":897,"template":"","meta":{"_monsterinsights_skip_tracking":false,"_monsterinsights_sitenote_active":false,"_monsterinsights_sitenote_note":"","_monsterinsights_sitenote_category":0},"product_brand":[],"product_cat":[26,57,58,46],"product_tag":[23,24,45],"giftcard-category":[],"class_list":{"0":"post-899","1":"product","2":"type-product","3":"status-publish","4":"has-post-thumbnail","6":"product_cat-100-whey-protein-concentrate-1kg","7":"product_cat-l-carnitine","8":"product_cat-sets","9":"product_cat-special","10":"product_tag-products","11":"product_tag-sets","12":"product_tag-special","14":"first","15":"instock","16":"sale","17":"taxable","18":"shipping-taxable","19":"purchasable","20":"product-type-simple"},"aioseo_notices":[],"_links":{"self":[{"href":"https:\/\/www.healthychoice.world\/es\/wp-json\/wp\/v2\/product\/899","targetHints":{"allow":["GET"]}}],"collection":[{"href":"https:\/\/www.healthychoice.world\/es\/wp-json\/wp\/v2\/product"}],"about":[{"href":"https:\/\/www.healthychoice.world\/es\/wp-json\/wp\/v2\/types\/product"}],"wp:featuredmedia":[{"embeddable":true,"href":"https:\/\/www.healthychoice.world\/es\/wp-json\/wp\/v2\/media\/897"}],"wp:attachment":[{"href":"https:\/\/www.healthychoice.world\/es\/wp-json\/wp\/v2\/media?parent=899"}],"wp:term":[{"taxonomy":"product_brand","embeddable":true,"href":"https:\/\/www.healthychoice.world\/es\/wp-json\/wp\/v2\/product_brand?post=899"},{"taxonomy":"product_cat","embeddable":true,"href":"https:\/\/www.healthychoice.world\/es\/wp-json\/wp\/v2\/product_cat?post=899"},{"taxonomy":"product_tag","embeddable":true,"href":"https:\/\/www.healthychoice.world\/es\/wp-json\/wp\/v2\/product_tag?post=899"},{"taxonomy":"giftcard-category","embeddable":true,"href":"https:\/\/www.healthychoice.world\/es\/wp-json\/wp\/v2\/giftcard-category?post=899"}],"curies":[{"name":"wp","href":"https:\/\/api.w.org\/{rel}","templated":true}]}}