{"id":901,"date":"2021-12-30T13:56:55","date_gmt":"2021-12-30T11:56:55","guid":{"rendered":"https:\/\/www.healthychoice.world\/?post_type=product&#038;p=901"},"modified":"2026-04-17T17:01:47","modified_gmt":"2026-04-17T14:01:47","slug":"set-l-carnitine-orange-flavor-healthy-choice-1000ml-3-pcs","status":"publish","type":"product","link":"https:\/\/www.healthychoice.world\/es\/products\/set-l-carnitine-orange-flavor-healthy-choice-1000ml-3-pcs\/","title":{"rendered":"Juego: L-Carnitina sabor naranja HEALTHY CHOICE, 1000ml (3 pcs.)"},"content":{"rendered":"<p><strong>L-CARNITINA SABOR NARANJA<\/strong><\/p>\n<p>Cantidad neta 1000 ml<\/p>\n<p>La L-carnitina es un compuesto vitam\u00ednico y amino\u00e1cido comparable a las vitaminas del grupo B. Esta sustancia funciona como transportador de \u00e1cidos grasos a la mitocondria. La L-carnitina act\u00faa como un asistente para ayudarle a quemar grasa m\u00e1s r\u00e1pidamente y a perder peso de forma natural. Adem\u00e1s, estudios recientes demuestran que la L-carnitina ayuda a reducir la fatiga, el peso corporal y aumentar la masa muscular, estabiliza los niveles de az\u00facar en sangre y al mismo tiempo reduce la necesidad de hidratos de carbono. La carnitina ayuda a movilizar las reservas de grasa, especialmente en personas con sobrepeso.<\/p>\n<p>La L-carnitina tiene un sabor a naranja particularmente delicioso, sin colorantes sint\u00e9ticos ni potenciadores del sabor, elaborado conservando todas las sustancias m\u00e1s importantes que tienen un efecto positivo en el cuerpo humano. Es extremadamente importante que esta L-carnitina est\u00e9 en forma l\u00edquida, para que el cuerpo la absorba mucho m\u00e1s r\u00e1pida y f\u00e1cilmente. Este suplemento contiene una cantidad particularmente grande de carnitina, una porci\u00f3n (25ml) contiene tanto como 1667mg, y 100ml - 6668mg.<\/p>\n<p><strong>BENEFICIOS DE LA L-CARNITINA DE NARANJA:<\/strong><\/p>\n<ul>\n<li>Carnitina extremadamente alta por porci\u00f3n;<\/li>\n<li>R\u00e1pida y f\u00e1cilmente asimilable;<\/li>\n<li>Sin colorantes sint\u00e9ticos;<\/li>\n<li>Sin lactosa y sin gluten;<\/li>\n<li>Muy buen sabor a naranja;<\/li>\n<li>Bajo en calor\u00edas, grasas, az\u00facares y carbohidratos;<\/li>\n<li>Ayudar\u00e1 a reducir el peso corporal;<\/li>\n<li>Ayudar\u00e1 al organismo a recuperarse m\u00e1s r\u00e1pidamente tras un esfuerzo f\u00edsico intenso.<\/li>\n<\/ul>\n<p>&nbsp;<\/p>\n<p><strong>USO:<\/strong><\/p>\n<p>Beber 25 ml de L-carnitina pura o diluida antes o durante el entrenamiento. Agitar bien antes de usar. Una dieta variada y equilibrada y un estilo de vida saludable son importantes.<\/p>\n<p>Mantener fuera del alcance de los ni\u00f1os.<\/p>\n<p>Proteger de la luz solar directa.<\/p>\n<p>Una vez abierto, cons\u00e9rvese en el frigor\u00edfico y cons\u00famase en el plazo de un mes.<\/p>\n<p>&nbsp;<\/p>\n<p><strong>VALOR NUTRITIVO Y ENERG\u00c9TICO DEL PRODUCTO<\/strong><\/p>\n<p>Tama\u00f1o de la porci\u00f3n: 25 ml.<\/p>\n<table>\n<tbody>\n<tr>\n<td width=\"252\">&nbsp;<\/td>\n<td width=\"118\"><strong>En Porci\u00f3n<\/strong><\/td>\n<td width=\"227\"><strong>&nbsp;<\/strong><strong>100 ml de L-carnitina<\/strong><\/td>\n<\/tr>\n<tr>\n<td width=\"252\">Calor\u00edas<\/td>\n<td width=\"118\">12kJ(3kcal)<\/td>\n<td width=\"227\">49kJ(11kcal)<\/td>\n<\/tr>\n<tr>\n<td width=\"252\"><strong>Grasa<\/strong><\/td>\n<td width=\"118\">&lt;0,5 g<\/td>\n<td width=\"227\">&lt;0,5 g<\/td>\n<\/tr>\n<tr>\n<td width=\"252\">- De las cuales, grasas saturadas<\/td>\n<td width=\"118\">&lt;0,1 g<\/td>\n<td width=\"227\">&lt;0,1 g<\/td>\n<\/tr>\n<tr>\n<td width=\"252\"><strong>Carbohidratos totales<\/strong><\/td>\n<td width=\"118\">&lt;0,5 g<\/td>\n<td width=\"227\">&lt;0,5 g<\/td>\n<\/tr>\n<tr>\n<td width=\"252\">- De los cuales az\u00facar<\/td>\n<td width=\"118\">&lt;0,5 g<\/td>\n<td width=\"227\">&lt;0,5 g<\/td>\n<\/tr>\n<tr>\n<td width=\"252\"><strong>Prote\u00edna<\/strong><\/td>\n<td width=\"118\">&lt;0,5 g<\/td>\n<td width=\"227\">&lt;0,5 g<\/td>\n<\/tr>\n<tr>\n<td width=\"252\"><strong>Sal<\/strong><\/td>\n<td width=\"118\">&lt;0,01 g<\/td>\n<td width=\"227\">0,01 g<\/td>\n<\/tr>\n<\/tbody>\n<\/table>\n<p>&nbsp;<\/p>\n<p><strong>INGREDIENTES:<\/strong><\/p>\n<p>Agua, L-carnitina, \u00e1cidos (\u00e1cido c\u00edtrico, \u00e1cido l\u00e1ctico), conservante (sorbato pot\u00e1sico), edulcorantes (ciclamato s\u00f3dico, acesulfamo K, sucralosa, sacarina s\u00f3dica), aroma natural.<\/p>\n<p>&nbsp;<\/p>","protected":false},"excerpt":{"rendered":"<p>Juego: L-Carnitina sabor naranja HEALTHY CHOICE, 1000ml (3 pcs.)<\/p>","protected":false},"featured_media":895,"template":"","meta":{"_monsterinsights_skip_tracking":false,"_monsterinsights_sitenote_active":false,"_monsterinsights_sitenote_note":"","_monsterinsights_sitenote_category":0},"product_brand":[],"product_cat":[26,57,58,46],"product_tag":[23,24,45],"giftcard-category":[],"class_list":{"0":"post-901","1":"product","2":"type-product","3":"status-publish","4":"has-post-thumbnail","6":"product_cat-100-whey-protein-concentrate-1kg","7":"product_cat-l-carnitine","8":"product_cat-sets","9":"product_cat-special","10":"product_tag-products","11":"product_tag-sets","12":"product_tag-special","14":"first","15":"instock","16":"sale","17":"taxable","18":"shipping-taxable","19":"purchasable","20":"product-type-simple"},"aioseo_notices":[],"_links":{"self":[{"href":"https:\/\/www.healthychoice.world\/es\/wp-json\/wp\/v2\/product\/901","targetHints":{"allow":["GET"]}}],"collection":[{"href":"https:\/\/www.healthychoice.world\/es\/wp-json\/wp\/v2\/product"}],"about":[{"href":"https:\/\/www.healthychoice.world\/es\/wp-json\/wp\/v2\/types\/product"}],"wp:featuredmedia":[{"embeddable":true,"href":"https:\/\/www.healthychoice.world\/es\/wp-json\/wp\/v2\/media\/895"}],"wp:attachment":[{"href":"https:\/\/www.healthychoice.world\/es\/wp-json\/wp\/v2\/media?parent=901"}],"wp:term":[{"taxonomy":"product_brand","embeddable":true,"href":"https:\/\/www.healthychoice.world\/es\/wp-json\/wp\/v2\/product_brand?post=901"},{"taxonomy":"product_cat","embeddable":true,"href":"https:\/\/www.healthychoice.world\/es\/wp-json\/wp\/v2\/product_cat?post=901"},{"taxonomy":"product_tag","embeddable":true,"href":"https:\/\/www.healthychoice.world\/es\/wp-json\/wp\/v2\/product_tag?post=901"},{"taxonomy":"giftcard-category","embeddable":true,"href":"https:\/\/www.healthychoice.world\/es\/wp-json\/wp\/v2\/giftcard-category?post=901"}],"curies":[{"name":"wp","href":"https:\/\/api.w.org\/{rel}","templated":true}]}}