{"id":939,"date":"2022-05-21T10:30:49","date_gmt":"2022-05-21T07:30:49","guid":{"rendered":"https:\/\/www.healthychoice.world\/?post_type=product&#038;p=939"},"modified":"2026-01-14T01:42:53","modified_gmt":"2026-01-13T23:42:53","slug":"hemp-seed-proteins-250g","status":"publish","type":"product","link":"https:\/\/www.healthychoice.world\/es\/products\/hemp-seed-proteins-250g\/","title":{"rendered":"Prote\u00ednas de semillas de c\u00e1\u00f1amo, 250 g"},"content":{"rendered":"<h2 style=\"text-align: center;\">Acerca de la Prote\u00edna de Semilla de C\u00e1\u00f1amo HEALTHY CHOICE<\/h2>\n<p>Prote\u00edna en polvo de alta concentraci\u00f3n proteica (49%) elaborada a partir de la torta de c\u00e1\u00f1amo producida por el prensado de las semillas de c\u00e1\u00f1amo. Despu\u00e9s, la torta de c\u00e1\u00f1amo se muele y se tamiza cuidadosamente en diferentes fracciones. Durante el proceso de elaboraci\u00f3n, la temperatura del material no supera los 40 grados, preservando as\u00ed todos los elementos naturales y minerales vitales. Por \u00faltimo, se separa el polvo de la fracci\u00f3n m\u00e1s peque\u00f1a y se extrae el <strong>Elecci\u00f3n saludable<\/strong> se produce la prote\u00edna de la semilla de c\u00e1\u00f1amo.<\/p>\n<p><strong>Las ventajas de este producto, cultivado y elaborado en Lituania:<\/strong><\/p>\n<ul>\n<li>Ayuda a mantener la masa muscular magra<\/li>\n<li>Hay 9 amino\u00e1cidos esenciales<\/li>\n<li>Excelente fuente de minerales y vitaminas<\/li>\n<li>Apto para veganos<\/li>\n<li>Las prote\u00ednas del c\u00e1\u00f1amo son similares a las humanas, por lo que se absorben bien.<\/li>\n<li>La prote\u00edna de c\u00e1\u00f1amo es conocida por ser una de las m\u00e1s nutritivas del planeta.<\/li>\n<\/ul>","protected":false},"excerpt":{"rendered":"<p>La prote\u00edna de fibra de c\u00e1\u00f1amo es conocida por ser una de las prote\u00ednas m\u00e1s nutritivas del planeta. Este producto se cultiva y prepara en Lituania y tiene muchas propiedades \u00fatiles.<\/p>","protected":false},"featured_media":1092,"template":"","meta":{"_monsterinsights_skip_tracking":false,"_monsterinsights_sitenote_active":false,"_monsterinsights_sitenote_note":"","_monsterinsights_sitenote_category":0},"product_brand":[],"product_cat":[26,54],"product_tag":[40,23],"giftcard-category":[],"class_list":{"0":"post-939","1":"product","2":"type-product","3":"status-publish","4":"has-post-thumbnail","6":"product_cat-100-whey-protein-concentrate-1kg","7":"product_cat-hemp-products","8":"product_tag-hemp-products","9":"product_tag-products","11":"first","12":"outofstock","13":"taxable","14":"shipping-taxable","15":"purchasable","16":"product-type-simple"},"aioseo_notices":[],"_links":{"self":[{"href":"https:\/\/www.healthychoice.world\/es\/wp-json\/wp\/v2\/product\/939","targetHints":{"allow":["GET"]}}],"collection":[{"href":"https:\/\/www.healthychoice.world\/es\/wp-json\/wp\/v2\/product"}],"about":[{"href":"https:\/\/www.healthychoice.world\/es\/wp-json\/wp\/v2\/types\/product"}],"wp:featuredmedia":[{"embeddable":true,"href":"https:\/\/www.healthychoice.world\/es\/wp-json\/wp\/v2\/media\/1092"}],"wp:attachment":[{"href":"https:\/\/www.healthychoice.world\/es\/wp-json\/wp\/v2\/media?parent=939"}],"wp:term":[{"taxonomy":"product_brand","embeddable":true,"href":"https:\/\/www.healthychoice.world\/es\/wp-json\/wp\/v2\/product_brand?post=939"},{"taxonomy":"product_cat","embeddable":true,"href":"https:\/\/www.healthychoice.world\/es\/wp-json\/wp\/v2\/product_cat?post=939"},{"taxonomy":"product_tag","embeddable":true,"href":"https:\/\/www.healthychoice.world\/es\/wp-json\/wp\/v2\/product_tag?post=939"},{"taxonomy":"giftcard-category","embeddable":true,"href":"https:\/\/www.healthychoice.world\/es\/wp-json\/wp\/v2\/giftcard-category?post=939"}],"curies":[{"name":"wp","href":"https:\/\/api.w.org\/{rel}","templated":true}]}}