{"id":942,"date":"2022-04-21T07:27:32","date_gmt":"2022-04-21T04:27:32","guid":{"rendered":"https:\/\/www.healthychoice.world\/?post_type=product&#038;p=942"},"modified":"2026-01-14T01:43:06","modified_gmt":"2026-01-13T23:43:06","slug":"hulled-hemp-seeds-150g","status":"publish","type":"product","link":"https:\/\/www.healthychoice.world\/es\/products\/hulled-hemp-seeds-150g\/","title":{"rendered":"Semillas de c\u00e1\u00f1amo descascarilladas, 150 g"},"content":{"rendered":"<h2 style=\"text-align: center;\">Acerca de las semillas de c\u00e1\u00f1amo descascarilladas HEALTHY CHOICE<\/h2>\n<p>S\u00f3lo procesamos las semillas de c\u00e1\u00f1amo desgran\u00e1ndolas. S\u00f3lo se utilizan semillas grandes, de 2,5 mm o m\u00e1s. Las semillas se procesan mec\u00e1nicamente en un disco giratorio de cer\u00e1mica, donde se separan las c\u00e1scaras de los granos, que se separan durante el proceso de tamizado. De este modo, se conservan todos los elementos naturales y minerales vitales.<\/p>\n<p>Puedes leer m\u00e1s sobre los beneficios de las semillas de c\u00e1\u00f1amo en el art\u00edculo: <a href=\"https:\/\/www.healthychoice.lt\/kanapiu-seklos-kam-ir-kodel\/\">Semillas de c\u00e1\u00f1amo: \u00bfpara qui\u00e9n y por qu\u00e9?<\/a><\/p>","protected":false},"excerpt":{"rendered":"<p>Una cucharada diaria de semillas de c\u00e1\u00f1amo sin c\u00e1scara: para dar sabor a la comida, obtener energ\u00eda extra y mantener una dieta equilibrada. El producto es rico en vitaminas y minerales.<\/p>","protected":false},"featured_media":1088,"template":"","meta":{"_monsterinsights_skip_tracking":false,"_monsterinsights_sitenote_active":false,"_monsterinsights_sitenote_note":"","_monsterinsights_sitenote_category":0},"product_brand":[],"product_cat":[26,54],"product_tag":[40,23,27],"giftcard-category":[],"class_list":{"0":"post-942","1":"product","2":"type-product","3":"status-publish","4":"has-post-thumbnail","6":"product_cat-100-whey-protein-concentrate-1kg","7":"product_cat-hemp-products","8":"product_tag-hemp-products","9":"product_tag-products","10":"product_tag-top","12":"first","13":"instock","14":"taxable","15":"shipping-taxable","16":"purchasable","17":"product-type-simple"},"aioseo_notices":[],"_links":{"self":[{"href":"https:\/\/www.healthychoice.world\/es\/wp-json\/wp\/v2\/product\/942","targetHints":{"allow":["GET"]}}],"collection":[{"href":"https:\/\/www.healthychoice.world\/es\/wp-json\/wp\/v2\/product"}],"about":[{"href":"https:\/\/www.healthychoice.world\/es\/wp-json\/wp\/v2\/types\/product"}],"wp:featuredmedia":[{"embeddable":true,"href":"https:\/\/www.healthychoice.world\/es\/wp-json\/wp\/v2\/media\/1088"}],"wp:attachment":[{"href":"https:\/\/www.healthychoice.world\/es\/wp-json\/wp\/v2\/media?parent=942"}],"wp:term":[{"taxonomy":"product_brand","embeddable":true,"href":"https:\/\/www.healthychoice.world\/es\/wp-json\/wp\/v2\/product_brand?post=942"},{"taxonomy":"product_cat","embeddable":true,"href":"https:\/\/www.healthychoice.world\/es\/wp-json\/wp\/v2\/product_cat?post=942"},{"taxonomy":"product_tag","embeddable":true,"href":"https:\/\/www.healthychoice.world\/es\/wp-json\/wp\/v2\/product_tag?post=942"},{"taxonomy":"giftcard-category","embeddable":true,"href":"https:\/\/www.healthychoice.world\/es\/wp-json\/wp\/v2\/giftcard-category?post=942"}],"curies":[{"name":"wp","href":"https:\/\/api.w.org\/{rel}","templated":true}]}}