{"id":366,"date":"2020-06-30T05:24:36","date_gmt":"2020-06-30T05:24:36","guid":{"rendered":"https:\/\/www.healthychoice.world\/?page_id=366"},"modified":"2025-08-06T10:11:47","modified_gmt":"2025-08-06T07:11:47","slug":"about-company","status":"publish","type":"page","link":"https:\/\/www.healthychoice.world\/fr\/about-company\/","title":{"rendered":"About the company"},"content":{"rendered":"<div data-elementor-type=\"wp-page\" data-elementor-id=\"366\" class=\"elementor elementor-366\">\n\t\t\t\t<div class=\"elementor-element elementor-element-691fa65 e-flex e-con-boxed e-con e-parent\" data-id=\"691fa65\" data-element_type=\"container\" data-e-type=\"container\" data-settings=\"{&quot;background_background&quot;:&quot;classic&quot;}\">\n\t\t\t\t\t<div class=\"e-con-inner\">\n\t\t\t\t<div class=\"elementor-element elementor-element-6f7cb49 elementor-widget elementor-widget-woocommerce-breadcrumb\" data-id=\"6f7cb49\" data-element_type=\"widget\" data-e-type=\"widget\" data-widget_type=\"woocommerce-breadcrumb.default\">\n\t\t\t\t<div class=\"elementor-widget-container\">\n\t\t\t\t\t \t\t\t\t<\/div>\n\t\t\t\t<\/div>\n\t\t\t\t<div class=\"elementor-element elementor-element-87aea90 elementor-widget elementor-widget-heading\" data-id=\"87aea90\" data-element_type=\"widget\" data-e-type=\"widget\" data-widget_type=\"heading.default\">\n\t\t\t\t\t<h2 class=\"elementor-heading-title elementor-size-default\">ABOUT THE COMPANY<\/h2>\t\t\t\t<\/div>\n\t\t\t\t\t<\/div>\n\t\t\t\t<\/div>\n\t\t<div class=\"elementor-element elementor-element-8a748fa e-flex e-con-boxed e-con e-parent\" data-id=\"8a748fa\" data-element_type=\"container\" data-e-type=\"container\" data-settings=\"{&quot;background_background&quot;:&quot;classic&quot;}\">\n\t\t\t\t\t<div class=\"e-con-inner\">\n\t\t<div class=\"elementor-element elementor-element-19e56c9 e-flex e-con-boxed e-con e-child\" data-id=\"19e56c9\" data-element_type=\"container\" data-e-type=\"container\">\n\t\t\t\t\t<div class=\"e-con-inner\">\n\t\t<div class=\"elementor-element elementor-element-d53cf88 e-con-full e-flex e-con e-child\" data-id=\"d53cf88\" data-element_type=\"container\" data-e-type=\"container\" data-settings=\"{&quot;background_background&quot;:&quot;classic&quot;}\">\n\t\t\t\t<div class=\"elementor-element elementor-element-0140cf9 elementor-widget elementor-widget-image\" data-id=\"0140cf9\" data-element_type=\"widget\" data-e-type=\"widget\" data-widget_type=\"image.default\">\n\t\t\t\t\t\t\t\t\t\t\t\t\t\t\t<img fetchpriority=\"high\" decoding=\"async\" width=\"294\" height=\"403\" src=\"https:\/\/www.healthychoice.world\/wp-content\/uploads\/2025\/08\/about-the-company.png.webp\" class=\"attachment-full size-full wp-image-2870\" alt=\"\" srcset=\"https:\/\/www.healthychoice.world\/wp-content\/uploads\/2025\/08\/about-the-company.png.webp 294w, https:\/\/www.healthychoice.world\/wp-content\/uploads\/2025\/08\/about-the-company.png-219x300.webp 219w, https:\/\/www.healthychoice.world\/wp-content\/uploads\/2025\/08\/about-the-company.png-9x12.webp 9w, https:\/\/www.healthychoice.world\/wp-content\/uploads\/2025\/08\/about-the-company.png-64x88.webp 64w\" sizes=\"(max-width: 294px) 100vw, 294px\" \/>\t\t\t\t\t\t\t\t\t\t\t\t\t\t\t<\/div>\n\t\t\t\t<\/div>\n\t\t<div class=\"elementor-element elementor-element-6fe9a17 e-con-full e-flex e-con e-child\" data-id=\"6fe9a17\" data-element_type=\"container\" data-e-type=\"container\">\n\t\t\t\t<div class=\"elementor-element elementor-element-055784d elementor-widget elementor-widget-text-editor\" data-id=\"055784d\" data-element_type=\"widget\" data-e-type=\"widget\" data-widget_type=\"text-editor.default\">\n\t\t\t\t\t\t\t\t\t<p><strong>SVEIKA ENERGIJA JSC<\/strong> est une entreprise lituanienne qui, pour la premi\u00e8re fois dans l'histoire de la Lituanie, a mis au point, produit et distribu\u00e9 des prot\u00e9ines de premi\u00e8re qualit\u00e9, de classe mondiale, fabriqu\u00e9es exclusivement en Lituanie. HEALTHY CHOICE 100% PURE and WATER-SOLUBLE WHEY PROTEIN est fabriqu\u00e9e en Lituanie \u00e0 partir de lait provenant de fournisseurs lituaniens et d'autres pays baltes. La Lituanie est connue depuis toujours comme un producteur de produits laitiers de premi\u00e8re qualit\u00e9. C'est sur cette base que nous avons d\u00e9velopp\u00e9 notre nouvelle HEALTHY CHOICE 100% PURE and WATER-SOLUBLE WHEY PROTEIN lituanienne, qui se pr\u00e9sente dans un emballage de 2 kg. Nous pr\u00e9voyons \u00e9galement d'introduire des <strong>CHOIX SANT\u00c9<\/strong> \u00e0 l'avenir.<\/p><p>Une \u00e9quipe professionnelle dot\u00e9e d'une longue exp\u00e9rience g\u00e8re et supervise la fourniture continue de<strong> CHOIX SANT\u00c9<\/strong> protein to current and potential customers directly from our warehouses or through our e-commerce platforms. SVEIKA ENERGIJA JSC is actively seeking out long-term partners for distributing HEALTHY CHOICE protein both in Europe and Asia. The company continually delivers <strong>CHOIX SANT\u00c9<\/strong> prot\u00e9ines aux clients du Royaume-Uni, de l'Irlande, de l'Allemagne, de la Pologne et des \u00c9tats baltes.<\/p>\t\t\t\t\t\t\t\t<\/div>\n\t\t\t\t<\/div>\n\t\t\t\t\t<\/div>\n\t\t\t\t<\/div>\n\t\t<div class=\"elementor-element elementor-element-1c383ee e-flex e-con-boxed e-con e-child\" data-id=\"1c383ee\" data-element_type=\"container\" data-e-type=\"container\">\n\t\t\t\t\t<div class=\"e-con-inner\">\n\t\t<div class=\"elementor-element elementor-element-45a220b e-con-full e-flex e-con e-child\" data-id=\"45a220b\" data-element_type=\"container\" data-e-type=\"container\" data-settings=\"{&quot;background_background&quot;:&quot;classic&quot;}\">\n\t\t\t\t<div class=\"elementor-element elementor-element-1abb6c8 elementor-widget elementor-widget-image\" data-id=\"1abb6c8\" data-element_type=\"widget\" data-e-type=\"widget\" data-widget_type=\"image.default\">\n\t\t\t\t\t\t\t\t\t\t\t\t\t\t\t<img decoding=\"async\" width=\"1267\" height=\"900\" src=\"https:\/\/www.healthychoice.world\/wp-content\/uploads\/2025\/08\/visi-proteinai-kombinuotas-Su-vanile-min.jpg\" class=\"attachment-full size-full wp-image-2792\" alt=\"\" srcset=\"https:\/\/www.healthychoice.world\/wp-content\/uploads\/2025\/08\/visi-proteinai-kombinuotas-Su-vanile-min.jpg 1267w, https:\/\/www.healthychoice.world\/wp-content\/uploads\/2025\/08\/visi-proteinai-kombinuotas-Su-vanile-min-300x213.jpg 300w, https:\/\/www.healthychoice.world\/wp-content\/uploads\/2025\/08\/visi-proteinai-kombinuotas-Su-vanile-min-1024x727.jpg 1024w, https:\/\/www.healthychoice.world\/wp-content\/uploads\/2025\/08\/visi-proteinai-kombinuotas-Su-vanile-min-768x546.jpg 768w, https:\/\/www.healthychoice.world\/wp-content\/uploads\/2025\/08\/visi-proteinai-kombinuotas-Su-vanile-min-18x12.jpg 18w, https:\/\/www.healthychoice.world\/wp-content\/uploads\/2025\/08\/visi-proteinai-kombinuotas-Su-vanile-min-600x426.jpg 600w, https:\/\/www.healthychoice.world\/wp-content\/uploads\/2025\/08\/visi-proteinai-kombinuotas-Su-vanile-min-64x45.jpg 64w\" sizes=\"(max-width: 1267px) 100vw, 1267px\" \/>\t\t\t\t\t\t\t\t\t\t\t\t\t\t\t<\/div>\n\t\t\t\t<div class=\"elementor-element elementor-element-ebc1eb6 elementor-hidden-desktop elementor-hidden-mobile elementor-widget elementor-widget-image\" data-id=\"ebc1eb6\" data-element_type=\"widget\" data-e-type=\"widget\" data-widget_type=\"image.default\">\n\t\t\t\t\t\t\t\t\t\t\t\t\t\t\t<img decoding=\"async\" width=\"474\" height=\"527\" src=\"https:\/\/www.healthychoice.world\/wp-content\/uploads\/2025\/08\/Zemes-riesutai-ir-migdolu-riesutai-nuotrauka-removebg-preview.png\" class=\"attachment-full size-full wp-image-2785\" alt=\"\" srcset=\"https:\/\/www.healthychoice.world\/wp-content\/uploads\/2025\/08\/Zemes-riesutai-ir-migdolu-riesutai-nuotrauka-removebg-preview.png 474w, https:\/\/www.healthychoice.world\/wp-content\/uploads\/2025\/08\/Zemes-riesutai-ir-migdolu-riesutai-nuotrauka-removebg-preview-270x300.png 270w, https:\/\/www.healthychoice.world\/wp-content\/uploads\/2025\/08\/Zemes-riesutai-ir-migdolu-riesutai-nuotrauka-removebg-preview-11x12.png 11w, https:\/\/www.healthychoice.world\/wp-content\/uploads\/2025\/08\/Zemes-riesutai-ir-migdolu-riesutai-nuotrauka-removebg-preview-64x71.png 64w\" sizes=\"(max-width: 474px) 100vw, 474px\" \/>\t\t\t\t\t\t\t\t\t\t\t\t\t\t\t<\/div>\n\t\t\t\t<\/div>\n\t\t<div class=\"elementor-element elementor-element-953a4ec e-con-full e-flex e-con e-child\" data-id=\"953a4ec\" data-element_type=\"container\" data-e-type=\"container\">\n\t\t\t\t<div class=\"elementor-element elementor-element-669c943 elementor-widget elementor-widget-text-editor\" data-id=\"669c943\" data-element_type=\"widget\" data-e-type=\"widget\" data-widget_type=\"text-editor.default\">\n\t\t\t\t\t\t\t\t\t<p>Nous pr\u00e9voyons de nous d\u00e9velopper dans un avenir proche en augmentant les ventes de <strong>CHOIX SANT\u00c9<\/strong> protein in foreign markets, exporting to Scandinavia, Central, Western and Southern Europe as well as Asia. The company produces all natural, new generation and premium quality protein products. Lab tests are already under way for the development of a new line of all natural protein products. We hope that this will be a pleasant surprise to our loyal customers. Clients who sign HEALTHY CHOICE representation or distribution agreements with SVEIKA ENERGIJA UAB will be granted exclusive rights to distribute HEALTHY CHOICE <strong>100% PURE and WATER-SOLUBLE WHEY PROTEIN<\/strong>.<\/p><p>L'entreprise accorde une grande importance \u00e0 la protection de l'environnement. Nous vous remercions par avance de bien vouloir jeter les emballages usag\u00e9s et vides dans la poubelle. <strong>CHOIX SANT\u00c9<\/strong> l'emballage dans le conteneur de d\u00e9chets plastiques pour le recyclage.<\/p>\t\t\t\t\t\t\t\t<\/div>\n\t\t\t\t<\/div>\n\t\t\t\t\t<\/div>\n\t\t\t\t<\/div>\n\t\t<div class=\"elementor-element elementor-element-ca0e827 e-flex e-con-boxed e-con e-child\" data-id=\"ca0e827\" data-element_type=\"container\" data-e-type=\"container\">\n\t\t\t\t\t<div class=\"e-con-inner\">\n\t\t\t\t<div class=\"elementor-element elementor-element-544ff1f elementor-widget elementor-widget-text-editor\" data-id=\"544ff1f\" data-element_type=\"widget\" data-e-type=\"widget\" data-widget_type=\"text-editor.default\">\n\t\t\t\t\t\t\t\t\t<p><strong>SVEIKA ENERGIJA<\/strong><\/p>\t\t\t\t\t\t\t\t<\/div>\n\t\t\t\t<div class=\"elementor-element elementor-element-720ebfd elementor-widget-mobile__width-inherit animated-slow elementor-invisible elementor-widget elementor-widget-heading\" data-id=\"720ebfd\" data-element_type=\"widget\" data-e-type=\"widget\" data-settings=\"{&quot;_animation&quot;:&quot;fadeInUp&quot;,&quot;_animation_delay&quot;:200}\" data-widget_type=\"heading.default\">\n\t\t\t\t\t<h2 class=\"elementor-heading-title elementor-size-default\"> Nutrition you can trust!\n\n<\/h2>\t\t\t\t<\/div>\n\t\t<div class=\"elementor-element elementor-element-a35bbd0 e-flex e-con-boxed e-con e-child\" data-id=\"a35bbd0\" data-element_type=\"container\" data-e-type=\"container\">\n\t\t\t\t\t<div class=\"e-con-inner\">\n\t\t<div class=\"elementor-element elementor-element-88d02ab e-con-full animated-slow e-flex elementor-invisible e-con e-child\" data-id=\"88d02ab\" data-element_type=\"container\" data-e-type=\"container\" data-settings=\"{&quot;animation&quot;:&quot;fadeInLeft&quot;,&quot;animation_delay&quot;:200}\">\n\t\t\t\t<div class=\"elementor-element elementor-element-08ed304 elementor-position-left elementor-vertical-align-middle elementor-widget elementor-widget-image-box\" data-id=\"08ed304\" data-element_type=\"widget\" data-e-type=\"widget\" data-widget_type=\"image-box.default\">\n\t\t\t\t\t<div class=\"elementor-image-box-wrapper\"><figure class=\"elementor-image-box-img\"><img loading=\"lazy\" decoding=\"async\" width=\"566\" height=\"441\" src=\"https:\/\/www.healthychoice.world\/wp-content\/uploads\/2025\/08\/vizija.png\" class=\"attachment-full size-full wp-image-2872\" alt=\"\" srcset=\"https:\/\/www.healthychoice.world\/wp-content\/uploads\/2025\/08\/vizija.png 566w, https:\/\/www.healthychoice.world\/wp-content\/uploads\/2025\/08\/vizija-300x234.png 300w, https:\/\/www.healthychoice.world\/wp-content\/uploads\/2025\/08\/vizija-15x12.png 15w, https:\/\/www.healthychoice.world\/wp-content\/uploads\/2025\/08\/vizija-64x50.png 64w\" sizes=\"(max-width: 566px) 100vw, 566px\" \/><\/figure><div class=\"elementor-image-box-content\"><h3 class=\"elementor-image-box-title\">Vision<\/h3><\/div><\/div>\t\t\t\t<\/div>\n\t\t\t\t<div class=\"elementor-element elementor-element-a720b44 elementor-widget elementor-widget-text-editor\" data-id=\"a720b44\" data-element_type=\"widget\" data-e-type=\"widget\" data-widget_type=\"text-editor.default\">\n\t\t\t\t\t\t\t\t\t<p><strong>SVEIKA ENERGIJA JSC<\/strong>\u00a0cherche \u00e0 devenir un leader dans la vente et l'exportation de HEALTHY CHOICE 100% PURE et WATER-SOLUBLE WHEY PROTEIN de premi\u00e8re qualit\u00e9 et de valeur biologique fabriqu\u00e9e en Lituanie au Royaume-Uni, \u00e0 s'\u00e9tablir sur les march\u00e9s de l'Europe et de la CEI ainsi qu'\u00e0 laisser sa marque sur le reste du march\u00e9 mondial \u00e0 l'avenir. Nous pensons que le succ\u00e8s de notre vision d\u00e9pend des objectifs que nous nous fixons et de nos efforts continus :<\/p><ul><li>appliquer des m\u00e9thodes op\u00e9rationnelles innovantes et de pointe, et r\u00e9aliser des progr\u00e8s consid\u00e9rables dans notre engagement \u00e0 produire et \u00e0 fournir des produits prot\u00e9iques de haute qualit\u00e9 ;<\/li><li>devenir le producteur et le fournisseur de prot\u00e9ines le plus fiable et le plus appr\u00e9ci\u00e9, en garantissant un approvisionnement continu en produits prot\u00e9iques \u00e0 nos clients et partenaires commerciaux ;<\/li><li>transformer les d\u00e9fis en opportunit\u00e9s et en r\u00e9alisations ;<\/li><li>encourager l'initiative et la pens\u00e9e cr\u00e9ative ;<\/li><li>am\u00e9liorer les r\u00e9sultats de l'entreprise.<\/li><\/ul>\t\t\t\t\t\t\t\t<\/div>\n\t\t\t\t<\/div>\n\t\t<div class=\"elementor-element elementor-element-ad9da80 e-con-full animated-slow e-flex elementor-invisible e-con e-child\" data-id=\"ad9da80\" data-element_type=\"container\" data-e-type=\"container\" data-settings=\"{&quot;animation&quot;:&quot;fadeInUp&quot;,&quot;animation_delay&quot;:200}\">\n\t\t\t\t<div class=\"elementor-element elementor-element-495a768 elementor-position-left elementor-vertical-align-middle elementor-widget elementor-widget-image-box\" data-id=\"495a768\" data-element_type=\"widget\" data-e-type=\"widget\" data-widget_type=\"image-box.default\">\n\t\t\t\t\t<div class=\"elementor-image-box-wrapper\"><figure class=\"elementor-image-box-img\"><img loading=\"lazy\" decoding=\"async\" width=\"566\" height=\"441\" src=\"https:\/\/www.healthychoice.world\/wp-content\/uploads\/2025\/08\/misija.png\" class=\"attachment-full size-full wp-image-2873\" alt=\"\" srcset=\"https:\/\/www.healthychoice.world\/wp-content\/uploads\/2025\/08\/misija.png 566w, https:\/\/www.healthychoice.world\/wp-content\/uploads\/2025\/08\/misija-300x234.png 300w, https:\/\/www.healthychoice.world\/wp-content\/uploads\/2025\/08\/misija-15x12.png 15w, https:\/\/www.healthychoice.world\/wp-content\/uploads\/2025\/08\/misija-64x50.png 64w\" sizes=\"(max-width: 566px) 100vw, 566px\" \/><\/figure><div class=\"elementor-image-box-content\"><h3 class=\"elementor-image-box-title\">La mission<\/h3><\/div><\/div>\t\t\t\t<\/div>\n\t\t\t\t<div class=\"elementor-element elementor-element-95f14ae elementor-widget elementor-widget-text-editor\" data-id=\"95f14ae\" data-element_type=\"widget\" data-e-type=\"widget\" data-widget_type=\"text-editor.default\">\n\t\t\t\t\t\t\t\t\t<ul><li>Encourager les personnes de tous \u00e2ges \u00e0 mener une vie plus active sur le plan physique, \u00e0 faire de l'exercice et \u00e0 utiliser les ressources naturelles de la Lituanie.\u00a0<strong>CHOIX SANT\u00c9<\/strong>\u00a0concentr\u00e9 de prot\u00e9ines.<\/li><li>Motiver les gens \u00e0 am\u00e9liorer leur corps, leur sant\u00e9 et leur bien-\u00eatre, et aider les personnes ayant souffert d'une blessure ou d'une maladie \u00e0 se r\u00e9tablir.<\/li><li>Promouvoir un mode de vie sain.<\/li><li>Aider les athl\u00e8tes \u00e0 atteindre leurs objectifs.<\/li><li>Fournir des informations professionnelles et des services de conseil sur nos produits, sur la base de recherches scientifiques.<\/li><li>Rechercher des partenariats \u00e0 long terme avec les clients et les partenaires commerciaux.<\/li><li>\u00a0<\/li><\/ul>\t\t\t\t\t\t\t\t<\/div>\n\t\t\t\t<\/div>\n\t\t<div class=\"elementor-element elementor-element-02e177b e-con-full animated-slow e-flex elementor-invisible e-con e-child\" data-id=\"02e177b\" data-element_type=\"container\" data-e-type=\"container\" data-settings=\"{&quot;animation&quot;:&quot;fadeInRight&quot;,&quot;animation_delay&quot;:200}\">\n\t\t\t\t<div class=\"elementor-element elementor-element-9402ee0 elementor-position-left elementor-vertical-align-middle elementor-widget elementor-widget-image-box\" data-id=\"9402ee0\" data-element_type=\"widget\" data-e-type=\"widget\" data-widget_type=\"image-box.default\">\n\t\t\t\t\t<div class=\"elementor-image-box-wrapper\"><figure class=\"elementor-image-box-img\"><img loading=\"lazy\" decoding=\"async\" width=\"566\" height=\"441\" src=\"https:\/\/www.healthychoice.world\/wp-content\/uploads\/2025\/08\/vertybes.png\" class=\"attachment-full size-full wp-image-2874\" alt=\"\" srcset=\"https:\/\/www.healthychoice.world\/wp-content\/uploads\/2025\/08\/vertybes.png 566w, https:\/\/www.healthychoice.world\/wp-content\/uploads\/2025\/08\/vertybes-300x234.png 300w, https:\/\/www.healthychoice.world\/wp-content\/uploads\/2025\/08\/vertybes-15x12.png 15w, https:\/\/www.healthychoice.world\/wp-content\/uploads\/2025\/08\/vertybes-64x50.png 64w\" sizes=\"(max-width: 566px) 100vw, 566px\" \/><\/figure><div class=\"elementor-image-box-content\"><h3 class=\"elementor-image-box-title\">Valeurs<\/h3><\/div><\/div>\t\t\t\t<\/div>\n\t\t\t\t<div class=\"elementor-element elementor-element-7665c9c elementor-widget elementor-widget-text-editor\" data-id=\"7665c9c\" data-element_type=\"widget\" data-e-type=\"widget\" data-widget_type=\"text-editor.default\">\n\t\t\t\t\t\t\t\t\t<p>Our clients and business partners are our top priority, so we always strive to ensure their satisfaction and make them feel comfortable working with us.<\/p><p>We respect and value quality, reliability, openness, helpfulness, honesty, and, above all, long-term partnerships and business ethics. Our company&#8217;s values are to strive for progress together, work as a team, foster long-term partnerships, respect each other, and care for the environment around us.<\/p>\t\t\t\t\t\t\t\t<\/div>\n\t\t\t\t<\/div>\n\t\t\t\t\t<\/div>\n\t\t\t\t<\/div>\n\t\t\t\t\t<\/div>\n\t\t\t\t<\/div>\n\t\t\t\t\t<\/div>\n\t\t\t\t<\/div>\n\t\t\t\t<\/div>","protected":false},"excerpt":{"rendered":"<p>ABOUT THE COMPANY SVEIKA ENERGIJA JSC is a Lithuanian-based company that has, for the first time in Lithuanian history developed, produced and distribute top-quality, world-class protein made exclusively in Lithuania. HEALTHY CHOICE 100% PURE and WATER-SOLUBLE WHEY PROTEIN is made in Lithuania from milk supplied by Lithuanian and other Baltic dairy suppliers. Lithuania has been [&hellip;]<\/p>\n","protected":false},"author":1,"featured_media":0,"parent":0,"menu_order":0,"comment_status":"closed","ping_status":"closed","template":"","meta":{"_monsterinsights_skip_tracking":false,"_monsterinsights_sitenote_active":false,"_monsterinsights_sitenote_note":"","_monsterinsights_sitenote_category":0,"footnotes":""},"class_list":["post-366","page","type-page","status-publish","hentry"],"blocksy_meta":{"has_hero_section":"disabled","vertical_spacing_source":"custom","content_area_spacing":"none","styles_descriptor":{"styles":{"desktop":"","tablet":"","mobile":""},"google_fonts":[],"version":6}},"aioseo_notices":[],"_links":{"self":[{"href":"https:\/\/www.healthychoice.world\/fr\/wp-json\/wp\/v2\/pages\/366","targetHints":{"allow":["GET"]}}],"collection":[{"href":"https:\/\/www.healthychoice.world\/fr\/wp-json\/wp\/v2\/pages"}],"about":[{"href":"https:\/\/www.healthychoice.world\/fr\/wp-json\/wp\/v2\/types\/page"}],"author":[{"embeddable":true,"href":"https:\/\/www.healthychoice.world\/fr\/wp-json\/wp\/v2\/users\/1"}],"replies":[{"embeddable":true,"href":"https:\/\/www.healthychoice.world\/fr\/wp-json\/wp\/v2\/comments?post=366"}],"version-history":[{"count":16,"href":"https:\/\/www.healthychoice.world\/fr\/wp-json\/wp\/v2\/pages\/366\/revisions"}],"predecessor-version":[{"id":2976,"href":"https:\/\/www.healthychoice.world\/fr\/wp-json\/wp\/v2\/pages\/366\/revisions\/2976"}],"wp:attachment":[{"href":"https:\/\/www.healthychoice.world\/fr\/wp-json\/wp\/v2\/media?parent=366"}],"curies":[{"name":"wp","href":"https:\/\/api.w.org\/{rel}","templated":true}]}}