{"id":393,"date":"2020-06-30T06:04:07","date_gmt":"2020-06-30T06:04:07","guid":{"rendered":"https:\/\/www.healthychoice.world\/?page_id=393"},"modified":"2025-08-05T15:43:22","modified_gmt":"2025-08-05T12:43:22","slug":"payment-shipping","status":"publish","type":"page","link":"https:\/\/www.healthychoice.world\/fr\/payment-shipping\/","title":{"rendered":"Paiement et exp\u00e9dition"},"content":{"rendered":"<div data-elementor-type=\"wp-page\" data-elementor-id=\"393\" class=\"elementor elementor-393\">\n\t\t\t\t\t\t<section class=\"elementor-section elementor-top-section elementor-element elementor-element-d8c5319 ct-section-stretched elementor-section-boxed elementor-section-height-default elementor-section-height-default\" data-id=\"d8c5319\" data-element_type=\"section\" data-e-type=\"section\" data-settings=\"{&quot;background_background&quot;:&quot;classic&quot;}\">\n\t\t\t\t\t\t<div class=\"elementor-container elementor-column-gap-default\">\n\t\t\t\t\t<div class=\"elementor-column elementor-col-100 elementor-top-column elementor-element elementor-element-b12f0d2\" data-id=\"b12f0d2\" data-element_type=\"column\" data-e-type=\"column\">\n\t\t\t<div class=\"elementor-widget-wrap elementor-element-populated\">\n\t\t\t\t\t\t<div class=\"elementor-element elementor-element-99b6c3e elementor-widget elementor-widget-heading\" data-id=\"99b6c3e\" data-element_type=\"widget\" data-e-type=\"widget\" data-widget_type=\"heading.default\">\n\t\t\t\t\t<h2 class=\"elementor-heading-title elementor-size-default\">Paiement<\/h2>\t\t\t\t<\/div>\n\t\t\t\t<div class=\"elementor-element elementor-element-2cddae0 elementor-widget elementor-widget-text-editor\" data-id=\"2cddae0\" data-element_type=\"widget\" data-e-type=\"widget\" data-widget_type=\"text-editor.default\">\n\t\t\t\t\t\t\t\t\t<p><strong>1. Vous pouvez payer en utilisant l'E-banking (Paysera)<\/strong><\/p><p>Paysera is an electronic payment system that combines different payment methods: via the Paysera system, electronic banking or payment cards. Paysera offers a free multi-currency account, which takes just a few minutes to open and top up. Also fast and secure online payments, for which the buyer receives a refund of part of the amount spent. Paysera also provides access to a convenient mobile wallet that further facilitates payments both online and in physical locations. Pay through Paysera \u2013 it\u2019s fast, modern and useful. For each payment, the buyer returns to the Paysera account up to 1% of the amount paid for the goods or services.<\/p><p>\"Danske Bank A\/S\" Lietuvos filialas, AS Luminor (\"DNB\") bankas, AS Citadele bankas, AS Luminor (\"Nordea\") bankas, AB SEB bankas, AB bankas \"Swedbank\", AB \u0160iauli\u0173 bankas, UAB Medicinos bankas, Lietuvos kredito unijos, MoQ, Paysera s\u0105skaita, Kreditin\u0117s kortel\u0117s<\/p>\t\t\t\t\t\t\t\t<\/div>\n\t\t\t\t<div class=\"elementor-element elementor-element-bbeee81 elementor-widget elementor-widget-text-editor\" data-id=\"bbeee81\" data-element_type=\"widget\" data-e-type=\"widget\" data-widget_type=\"text-editor.default\">\n\t\t\t\t\t\t\t\t\t<p><strong>2. Vous pouvez payer par virement bancaire :<\/strong><\/p><p>Conditions requises pour l'\u00e9tablissement :<\/p><ol><li><em><strong>AB \"SEB\" bankas :<\/strong><\/em><br \/>Compte n\u00b0 : LT39 7044 0600 0786 3477 - EUR \/ USD \/ GBP (multidevise)<br \/>Code bancaire : 70440<br \/>Code S.W.I.F.T : CBVILT2X<\/li><li><em><strong>Paysera :\u00a0<\/strong><\/em>UAB Paysera, \u00e9tablissement de monnaie \u00e9lectronique<br \/>N\u00b0 de compte : LT13 3500 0100 0139 8442 - EUR \/ USD \/ GBP (multidevise).\u00a0<span class=\"goog-text-highlight\">Code bancaire : 35000,\u00a0<\/span><span class=\"goog-text-highlight\">Code S.WIFT : EVIULT21XXX<\/span><br \/><br \/><\/li><\/ol><p>N'oubliez pas d'\u00e9crire\u00a0<strong><u>code de commande<\/u><\/strong>\u00a0in the field of \u201cPurpose\u201d of the bank transfer.<\/p>\t\t\t\t\t\t\t\t<\/div>\n\t\t\t\t\t<\/div>\n\t\t<\/div>\n\t\t\t\t\t<\/div>\n\t\t<\/section>\n\t\t\t\t<section class=\"elementor-section elementor-top-section elementor-element elementor-element-23bf33e elementor-section-boxed elementor-section-height-default elementor-section-height-default\" data-id=\"23bf33e\" data-element_type=\"section\" data-e-type=\"section\">\n\t\t\t\t\t\t<div class=\"elementor-container elementor-column-gap-default\">\n\t\t\t\t\t<div class=\"elementor-column elementor-col-100 elementor-top-column elementor-element elementor-element-d14ad73\" data-id=\"d14ad73\" data-element_type=\"column\" data-e-type=\"column\">\n\t\t\t<div class=\"elementor-widget-wrap elementor-element-populated\">\n\t\t\t\t\t\t<div class=\"elementor-element elementor-element-ba7a529 elementor-widget elementor-widget-heading\" data-id=\"ba7a529\" data-element_type=\"widget\" data-e-type=\"widget\" data-widget_type=\"heading.default\">\n\t\t\t\t\t<h2 class=\"elementor-heading-title elementor-size-default\">Livraison<\/h2>\t\t\t\t<\/div>\n\t\t\t\t<div class=\"elementor-element elementor-element-f628233 elementor-widget elementor-widget-text-editor\" data-id=\"f628233\" data-element_type=\"widget\" data-e-type=\"widget\" data-widget_type=\"text-editor.default\">\n\t\t\t\t\t\t\t\t\t<p>1.1. Le vendeur s'efforce de livrer par courrier les marchandises particuli\u00e8res command\u00e9es par l'acheteur dans les deux jours ouvrables suivant le paiement des marchandises.<br \/>1.2. Le service de messagerie livre les marchandises \u00e0 l'adresse de l'acheteur \u00e0 :<br \/>1.2.1. 1 \u00e0 2 jours ouvrables en Lituanie ;<br \/>1.2.2. Pour les autres pays, contacter par t\u00e9l\u00e9phone ou par e-mail ;<br \/>1.3. Les services de Venipak Lietuva sont utilis\u00e9s pour la livraison des marchandises.<br \/>1.4. Toute commande sera exp\u00e9di\u00e9e par le service de messagerie Venipak Lietuva. Lorsque votre commande est exp\u00e9di\u00e9e, vous recevez une notification du num\u00e9ro de suivi du colis, ce qui vous permet de suivre son \u00e9volution \u00e0 l'aide du service en ligne.<br \/>1.5. L'acheteur peut consulter les informations concernant les heures de travail (d\u00e9lai de livraison) et les services de Venipak Lietuva sur la page Web de Venipak disponible dans le pays concern\u00e9.<br \/>1.6. Si vous ne trouvez pas votre pays, veuillez nous contacter par e-mail ou par t\u00e9l\u00e9phone et nous vous trouverons la m\u00e9thode de livraison la plus pratique.<\/p><p><strong>Order amount exceeding 50\u20ac \u2013 FREE delivery in Lithuania<br \/><\/strong>Dans le reste du monde, le prix de la livraison est calcul\u00e9 en fonction du poids de la commande.<\/p>\t\t\t\t\t\t\t\t<\/div>\n\t\t\t\t\t<\/div>\n\t\t<\/div>\n\t\t\t\t\t<\/div>\n\t\t<\/section>\n\t\t\t\t<section class=\"elementor-section elementor-top-section elementor-element elementor-element-47686fe elementor-section-boxed elementor-section-height-default elementor-section-height-default\" data-id=\"47686fe\" data-element_type=\"section\" data-e-type=\"section\">\n\t\t\t\t\t\t<div class=\"elementor-container elementor-column-gap-default\">\n\t\t\t\t\t<div class=\"elementor-column elementor-col-100 elementor-top-column elementor-element elementor-element-4418b88\" data-id=\"4418b88\" data-element_type=\"column\" data-e-type=\"column\">\n\t\t\t<div class=\"elementor-widget-wrap elementor-element-populated\">\n\t\t\t\t\t\t<div class=\"elementor-element elementor-element-c7f4b18 elementor-widget elementor-widget-heading\" data-id=\"c7f4b18\" data-element_type=\"widget\" data-e-type=\"widget\" data-widget_type=\"heading.default\">\n\t\t\t\t\t<h2 class=\"elementor-heading-title elementor-size-default\">Retours<\/h2>\t\t\t\t<\/div>\n\t\t\t\t<div class=\"elementor-element elementor-element-37f73f6 elementor-widget elementor-widget-text-editor\" data-id=\"37f73f6\" data-element_type=\"widget\" data-e-type=\"widget\" data-widget_type=\"text-editor.default\">\n\t\t\t\t\t\t\t\t\t<p>2.1. Biens achet\u00e9s\u00a0<strong>directement<\/strong> de www.healthychoice.world peuvent \u00eatre retourn\u00e9s dans les 15 jours suivant la livraison.<br \/>2.2. Les retours ne sont \u00e9ligibles que si l'emballage du produit n'a pas \u00e9t\u00e9 ouvert.<br \/>2.3. Les marchandises doivent \u00eatre retourn\u00e9es dans leur emballage d'origine.<br \/>2.4. Buyer\u2019s refund might be fulfilled in 5 working days after goods were returned to the Seller and the Seller confirmed that the goods are accepted as returned. Delivery fee is non refundable.<br \/>2.5. Si vous souhaitez retourner un article pour \u00e9change ou remboursement, nous vous conseillons de le faire par l'interm\u00e9diaire d'un service de livraison s\u00e9curis\u00e9 et assur\u00e9 (comme Venipak, UPS, DHL, DPD, etc.). Nous n'acceptons aucune responsabilit\u00e9 pour les articles non re\u00e7us. Les frais de retour sont \u00e0 la charge de l'acheteur.<br \/>2.6. En r\u00e8gle g\u00e9n\u00e9rale, une demande de retour est trait\u00e9e dans les 48 heures suivant sa r\u00e9ception.<br \/>2.7. Adresse pour les retours : Sporto st. 3-79, LT-09238, Vilnius, Lituanie.<\/p>\t\t\t\t\t\t\t\t<\/div>\n\t\t\t\t\t<\/div>\n\t\t<\/div>\n\t\t\t\t\t<\/div>\n\t\t<\/section>\n\t\t\t\t<\/div>","protected":false},"excerpt":{"rendered":"<p>Payment 1. You can pay by using E-banking (Paysera) Paysera is an electronic payment system that combines different payment methods: via the Paysera system, electronic banking or payment cards. Paysera offers a free multi-currency account, which takes just a few minutes to open and top up. Also fast and secure online payments, for which the [&hellip;]<\/p>\n","protected":false},"author":1,"featured_media":0,"parent":0,"menu_order":0,"comment_status":"closed","ping_status":"closed","template":"","meta":{"_monsterinsights_skip_tracking":false,"_monsterinsights_sitenote_active":false,"_monsterinsights_sitenote_note":"","_monsterinsights_sitenote_category":0,"footnotes":""},"class_list":["post-393","page","type-page","status-publish","hentry"],"blocksy_meta":{"vertical_spacing_source":"custom","content_area_spacing":"none","styles_descriptor":{"styles":{"desktop":"","tablet":"","mobile":""},"google_fonts":[],"version":6}},"aioseo_notices":[],"_links":{"self":[{"href":"https:\/\/www.healthychoice.world\/fr\/wp-json\/wp\/v2\/pages\/393","targetHints":{"allow":["GET"]}}],"collection":[{"href":"https:\/\/www.healthychoice.world\/fr\/wp-json\/wp\/v2\/pages"}],"about":[{"href":"https:\/\/www.healthychoice.world\/fr\/wp-json\/wp\/v2\/types\/page"}],"author":[{"embeddable":true,"href":"https:\/\/www.healthychoice.world\/fr\/wp-json\/wp\/v2\/users\/1"}],"replies":[{"embeddable":true,"href":"https:\/\/www.healthychoice.world\/fr\/wp-json\/wp\/v2\/comments?post=393"}],"version-history":[{"count":4,"href":"https:\/\/www.healthychoice.world\/fr\/wp-json\/wp\/v2\/pages\/393\/revisions"}],"predecessor-version":[{"id":2920,"href":"https:\/\/www.healthychoice.world\/fr\/wp-json\/wp\/v2\/pages\/393\/revisions\/2920"}],"wp:attachment":[{"href":"https:\/\/www.healthychoice.world\/fr\/wp-json\/wp\/v2\/media?parent=393"}],"curies":[{"name":"wp","href":"https:\/\/api.w.org\/{rel}","templated":true}]}}