{"id":1054,"date":"2023-05-03T15:39:12","date_gmt":"2023-05-03T12:39:12","guid":{"rendered":"https:\/\/www.healthychoice.world\/?post_type=product&#038;p=1054"},"modified":"2026-04-30T19:18:15","modified_gmt":"2026-04-30T16:18:15","slug":"healthy-choice-vitamins-d3-120-capsules","status":"publish","type":"product","link":"https:\/\/www.healthychoice.world\/fr\/products\/healthy-choice-vitamins-d3-120-capsules\/","title":{"rendered":"Vitamines D3 4000UI \u00e0 l'huile d'olive \"Healthy Choice\" 120 g\u00e9lules"},"content":{"rendered":"<h1 class=\"western\" align=\"JUSTIFY\"><strong>Vitamine D3 4000UI avec huile d'olive<\/strong><\/h1>\n<p>Suppl\u00e9ment<\/p>\n<p>120 g\u00e9lules \/ 130g Contenu net<\/p>\n<p>La vitamine D contribue au fonctionnement normal du syst\u00e8me immunitaire, \u00e0 l'\u00e9tat des os et des dents, \u00e0 la fonction musculaire, \u00e0 l'absorption et\/ou \u00e0 l'assimilation du calcium et du phosphore et \u00e0 la concentration de calcium dans le sang. La vitamine D joue un r\u00f4le dans la division cellulaire.<\/p>\n<h2 class=\"western\" align=\"JUSTIFY\">INGRIDIENTS<\/h2>\n<p>Huile d'olive, enveloppe de la g\u00e9lule - g\u00e9latine, humectant glyc\u00e9rol, eau, chol\u00e9calcif\u00e9rol.<\/p>\n<p>1 g\u00e9lule contient (RMV*, %) : vitamine D3 100 \u03bcg (2000%), huile d'olive 146 mg.<\/p>\n<p>*VNR (valeur nutritionnelle de r\u00e9f\u00e9rence).<\/p>\n<h2 class=\"western\" align=\"JUSTIFY\">CONSOMMATION<\/h2>\n<p align=\"JUSTIFY\">Il est recommand\u00e9 de prendre 1 g\u00e9lule par jour. Utiliser par voie orale. Ne pas d\u00e9passer la dose prescrite.<\/p>\n<h2 class=\"western\" align=\"JUSTIFY\">AVERTISSEMENTS<\/h2>\n<p align=\"JUSTIFY\">Seuls les adultes de plus de 18 ans peuvent utiliser le compl\u00e9ment alimentaire. Conserver \u00e0 une temp\u00e9rature ne d\u00e9passant pas +25\u00b0C, \u00e0 l'abri de la lumi\u00e8re et hors de port\u00e9e des enfants, dans l'emballage d'origine. Le compl\u00e9ment alimentaire ne doit pas \u00eatre utilis\u00e9 comme substitut \u00e0 l'alimentation. Une alimentation vari\u00e9e et \u00e9quilibr\u00e9e et un mode de vie sain sont importants.<\/p>","protected":false},"excerpt":{"rendered":"<p>Suppl\u00e9ment<\/p>\n<p>120 g\u00e9lules \/ 130g Contenu net<\/p>","protected":false},"featured_media":1055,"template":"","meta":{"_monsterinsights_skip_tracking":false,"_monsterinsights_sitenote_active":false,"_monsterinsights_sitenote_note":"","_monsterinsights_sitenote_category":0},"product_brand":[],"product_cat":[26,55,29,46,36],"product_tag":[39,23,45],"giftcard-category":[],"class_list":{"0":"post-1054","1":"product","2":"type-product","3":"status-publish","4":"has-post-thumbnail","6":"product_cat-100-whey-protein-concentrate-1kg","7":"product_cat-food-supplements","8":"product_cat-wps_wgm_giftcard","9":"product_cat-special","10":"product_cat-vitamins","11":"product_tag-for-health-and-beauty","12":"product_tag-products","13":"product_tag-special","15":"first","16":"instock","17":"sale","18":"featured","19":"taxable","20":"shipping-taxable","21":"purchasable","22":"product-type-simple"},"aioseo_notices":[],"_links":{"self":[{"href":"https:\/\/www.healthychoice.world\/fr\/wp-json\/wp\/v2\/product\/1054","targetHints":{"allow":["GET"]}}],"collection":[{"href":"https:\/\/www.healthychoice.world\/fr\/wp-json\/wp\/v2\/product"}],"about":[{"href":"https:\/\/www.healthychoice.world\/fr\/wp-json\/wp\/v2\/types\/product"}],"wp:featuredmedia":[{"embeddable":true,"href":"https:\/\/www.healthychoice.world\/fr\/wp-json\/wp\/v2\/media\/1055"}],"wp:attachment":[{"href":"https:\/\/www.healthychoice.world\/fr\/wp-json\/wp\/v2\/media?parent=1054"}],"wp:term":[{"taxonomy":"product_brand","embeddable":true,"href":"https:\/\/www.healthychoice.world\/fr\/wp-json\/wp\/v2\/product_brand?post=1054"},{"taxonomy":"product_cat","embeddable":true,"href":"https:\/\/www.healthychoice.world\/fr\/wp-json\/wp\/v2\/product_cat?post=1054"},{"taxonomy":"product_tag","embeddable":true,"href":"https:\/\/www.healthychoice.world\/fr\/wp-json\/wp\/v2\/product_tag?post=1054"},{"taxonomy":"giftcard-category","embeddable":true,"href":"https:\/\/www.healthychoice.world\/fr\/wp-json\/wp\/v2\/giftcard-category?post=1054"}],"curies":[{"name":"wp","href":"https:\/\/api.w.org\/{rel}","templated":true}]}}