{"id":1056,"date":"2023-05-03T15:45:28","date_gmt":"2023-05-03T12:45:28","guid":{"rendered":"https:\/\/www.healthychoice.world\/?post_type=product&#038;p=1056"},"modified":"2025-12-29T08:51:41","modified_gmt":"2025-12-29T06:51:41","slug":"healthy-choice-omega-3-fish-oil-120-capsules","status":"publish","type":"product","link":"https:\/\/www.healthychoice.world\/fr\/products\/healthy-choice-omega-3-fish-oil-120-capsules\/","title":{"rendered":"Huile de poisson om\u00e9ga-3 \"Healthy Choice\" 120 g\u00e9lules"},"content":{"rendered":"<p style=\"text-align: center;\"><strong>Om\u00e9ga-3<\/strong><\/p>\n<p style=\"text-align: center;\"><strong>Huile de poisson 1000 mg<\/strong><\/p>\n<p style=\"text-align: center;\"><strong>500mg EPR &amp; 250mg DHA TG<\/strong><\/p>\n<p style=\"text-align: center;\"><strong>(Suppl\u00e9ment)<\/strong><\/p>\n<p align=\"JUSTIFY\"><a name=\"Bookmark\"><\/a><a name=\"_Hlk128551328\"><\/a><\/p>\n<p>Contenu net : 160,8 g \/ 90 capsules molles<\/p>\n<p>Healthy Choice Omega-3 Fish Oil 1000mg 500mg EPR &amp; 250mg DHA TG. L'emballage est suffisant pour une utilisation de 3 mois.<\/p>\n<p>Les om\u00e9ga-3 sont des acides gras polyinsatur\u00e9s, autrement dit de bonnes graisses. Il s'agit d'un acide gras essentiel que l'organisme ne peut pas produire lui-m\u00eame. Il est n\u00e9cessaire \u00e0 notre organisme pour produire divers compos\u00e9s biologiquement actifs. Les om\u00e9ga-3 peuvent \u00eatre obtenus \u00e0 partir de l'alimentation, g\u00e9n\u00e9ralement dans l'huile de poisson, mais il peut \u00eatre difficile d'en obtenir suffisamment \u00e0 partir de ce que l'on mange. Les acides gras polyinsatur\u00e9s tels que l'acide eicosapenta\u00e9no\u00efque (EPA) et l'acide docosahexa\u00e9no\u00efque (DHA) sont extraits de poissons tels que le maquereau, le saumon, le thon, etc. Ces acides gras contribuent au maintien d'une fonction cardiaque normale. Ces acides gras contribuent au maintien d'une fonction cardiaque normale. La consommation quotidienne de 250 mg d'EPR et de DHA a un effet positif.<\/p>\n<p>Les capsules molles d'huile de poisson om\u00e9ga-3 1000 mg contiennent des om\u00e9ga-3 riches en acides gras insatur\u00e9s EPR (acide eicosapenta\u00e9no\u00efque) et DHA (acide docosahexa\u00e9no\u00efque).<\/p>\n<p>DHA - acide docosahexa\u00e9no\u00efque<\/p>\n<p>Contient de l'acide gras om\u00e9ga-3 \u00e0 longue cha\u00eene, important pour le d\u00e9veloppement du cerveau, des yeux et du corps en g\u00e9n\u00e9ral, et contribue au maintien d'une fonction cardiaque normale. Un apport insuffisant en cet acide peut entra\u00eener des probl\u00e8mes de vision.<\/p>\n<p>EPR - acide eicosapenta\u00e9no\u00efque<\/p>\n<p>Contient des acides gras om\u00e9ga-3 \u00e0 longue cha\u00eene, importants pour la sant\u00e9 g\u00e9n\u00e9rale, qui contribuent au maintien d'une fonction cardiaque normale.<\/p>\n<table border=\"1\" width=\"623\" cellspacing=\"0\" cellpadding=\"7\">\n<tbody>\n<tr>\n<td colspan=\"3\" width=\"607\">\n<p lang=\"en-US\"><a name=\"Bookmark2\"><\/a><span style=\"font-family: Times New Roman, serif;\"><span style=\"font-size: medium;\">Sud\u0117tis (1 kapsul\u0117)<\/span><\/span><\/p>\n<\/td>\n<\/tr>\n<tr>\n<td colspan=\"2\" width=\"429\">\n<p lang=\"en-US\"><a name=\"_Hlk128551359\"><\/a><span style=\"font-family: Times New Roman, serif;\"><span style=\"font-size: medium;\">\u017duvies taukai <\/span><\/span><\/p>\n<\/td>\n<td valign=\"TOP\" width=\"164\">\n<p lang=\"en-US\"><span style=\"font-family: Times New Roman, serif;\"><span style=\"font-size: medium;\">1000 mg<\/span><\/span><\/p>\n<\/td>\n<\/tr>\n<tr>\n<td width=\"183\">&nbsp;<\/td>\n<td width=\"232\">\n<p lang=\"en-US\"><span style=\"font-family: Times New Roman, serif;\"><span style=\"font-size: medium;\">EPR (eikozapentaeno r\u016bg\u0161tis)<\/span><\/span><\/p>\n<\/td>\n<td width=\"164\">\n<p lang=\"en-US\"><span style=\"font-family: Times New Roman, serif;\"><span style=\"font-size: medium;\">500 mg<\/span><\/span><\/p>\n<\/td>\n<\/tr>\n<tr>\n<td width=\"183\">&nbsp;<\/td>\n<td width=\"232\">\n<p lang=\"en-US\"><span style=\"font-family: Times New Roman, serif;\"><span style=\"font-size: medium;\">DHR (dokozaheksaeno r\u016bg\u0161tis)<\/span><\/span><\/p>\n<\/td>\n<td width=\"164\">\n<p lang=\"en-US\"><span style=\"font-family: Times New Roman, serif;\"><span style=\"font-size: medium;\">250 mg<\/span><\/span><\/p>\n<\/td>\n<\/tr>\n<tr>\n<td colspan=\"3\" width=\"607\">\n<p lang=\"en-US\"><span style=\"font-family: Times New Roman, serif;\"><span style=\"font-size: medium;\">Les om\u00e9ga-3 sont des produits \u00e0 base de 75% (50% EPR et 25% DHR).<\/span><\/span><\/p>\n<\/td>\n<\/tr>\n<tr>\n<td colspan=\"3\" width=\"607\">\n<p lang=\"en-US\"><span style=\"font-family: Times New Roman, serif;\"><span style=\"font-size: medium;\">Les droits de l'homme et la d\u00e9mocratie<\/span><\/span><\/p>\n<\/td>\n<\/tr>\n<tr>\n<td colspan=\"2\" width=\"429\">\n<p lang=\"en-US\"><span style=\"font-family: Times New Roman, serif;\"><span style=\"font-size: medium;\">\u017delatina<\/span><\/span><\/p>\n<\/td>\n<td width=\"164\">\n<p lang=\"en-US\"><span style=\"font-family: Times New Roman, serif;\"><span style=\"font-size: medium;\">210 mg<\/span><\/span><\/p>\n<\/td>\n<\/tr>\n<tr>\n<td colspan=\"2\" width=\"429\">\n<p lang=\"en-US\"><a name=\"_Hlk128160919\"><\/a><span style=\"font-family: Times New Roman, serif;\"><span style=\"font-size: medium;\">Glicerinas<\/span><\/span><\/p>\n<\/td>\n<td width=\"164\">\n<p lang=\"en-US\"><span style=\"font-family: Times New Roman, serif;\"><span style=\"font-size: medium;\">135 mg<\/span><\/span><\/p>\n<\/td>\n<\/tr>\n<tr>\n<td colspan=\"2\" width=\"429\" height=\"3\">\n<p lang=\"en-US\"><span style=\"font-family: Times New Roman, serif;\"><span style=\"font-size: medium;\">Vanduo<\/span><\/span><\/p>\n<\/td>\n<td width=\"164\">\n<p lang=\"en-US\"><span style=\"font-family: Times New Roman, serif;\"><span style=\"font-size: medium;\">25 mg<\/span><\/span><\/p>\n<\/td>\n<\/tr>\n<\/tbody>\n<\/table>\n<p align=\"JUSTIFY\"><span style=\"font-family: Open Sans, serif;\"><span style=\"font-size: large;\"><b>INGRIDIENTS :<\/b><\/span><\/span><\/p>\n<p><a name=\"Bookmark3\"><\/a> Huile de poisson, g\u00e9latine (enveloppe de la g\u00e9lule), glyc\u00e9rine (enveloppe de la g\u00e9lule), eau (enveloppe de la g\u00e9lule).<\/p>\n<p><span style=\"font-family: Open Sans, serif;\"><span style=\"font-size: large;\"><b>CONSOMMATION :<\/b><\/span><\/span><\/p>\n<p>Pour les adultes, 1 capsule molle par jour. A prendre avec de la nourriture. Si vous \u00eates enceinte ou si vous allaitez, si vous prenez des m\u00e9dicaments ou si vous souffrez d'un probl\u00e8me de sant\u00e9, consultez votre m\u00e9decin avant d'utiliser ce produit.<\/p>\n<p><span style=\"font-family: Open Sans, serif;\"><span style=\"font-size: large;\"><b>MISES EN GARDE :<\/b><\/span><\/span><\/p>\n<p>Ne pas d\u00e9passer la dose journali\u00e8re recommand\u00e9e. Conserver \u00e0 temp\u00e9rature ambiante, dans un endroit sec, hors de port\u00e9e des enfants et \u00e0 l'abri de la lumi\u00e8re directe du soleil. Un compl\u00e9ment alimentaire ne remplace pas la nourriture, il est donc important d'avoir une alimentation vari\u00e9e et \u00e9quilibr\u00e9e. Le produit ne contient pas de lactose, d'\u0153ufs, de gluten ou d'autres allerg\u00e8nes potentiels. Le produit contient des produits de la p\u00eache et ne convient donc pas aux v\u00e9g\u00e9tariens et v\u00e9g\u00e9taliens.<\/p>\n<p>Les all\u00e9gations de sant\u00e9 sont approuv\u00e9es par le r\u00e8glement (UE) n\u00b0 274\/2014 de la Commission europ\u00e9enne.<\/p>","protected":false},"excerpt":{"rendered":"<p>Contenu net : 160,8 g \/ 90 capsules molles<\/p>\n<p>Healthy Choice Omega-3 Fish Oil 1000mg 500mg EPR &amp; 250mg DHA TG. L'emballage est suffisant pour une utilisation de 3 mois.<\/p>","protected":false},"featured_media":1257,"template":"","meta":{"_monsterinsights_skip_tracking":false,"_monsterinsights_sitenote_active":false,"_monsterinsights_sitenote_note":"","_monsterinsights_sitenote_category":0},"product_brand":[],"product_cat":[26,55,29,46,36],"product_tag":[39,23,45],"giftcard-category":[],"class_list":{"0":"post-1056","1":"product","2":"type-product","3":"status-publish","4":"has-post-thumbnail","6":"product_cat-100-whey-protein-concentrate-1kg","7":"product_cat-food-supplements","8":"product_cat-wps_wgm_giftcard","9":"product_cat-special","10":"product_cat-vitamins","11":"product_tag-for-health-and-beauty","12":"product_tag-products","13":"product_tag-special","15":"first","16":"instock","17":"sale","18":"taxable","19":"shipping-taxable","20":"purchasable","21":"product-type-simple"},"aioseo_notices":[],"_links":{"self":[{"href":"https:\/\/www.healthychoice.world\/fr\/wp-json\/wp\/v2\/product\/1056","targetHints":{"allow":["GET"]}}],"collection":[{"href":"https:\/\/www.healthychoice.world\/fr\/wp-json\/wp\/v2\/product"}],"about":[{"href":"https:\/\/www.healthychoice.world\/fr\/wp-json\/wp\/v2\/types\/product"}],"wp:featuredmedia":[{"embeddable":true,"href":"https:\/\/www.healthychoice.world\/fr\/wp-json\/wp\/v2\/media\/1257"}],"wp:attachment":[{"href":"https:\/\/www.healthychoice.world\/fr\/wp-json\/wp\/v2\/media?parent=1056"}],"wp:term":[{"taxonomy":"product_brand","embeddable":true,"href":"https:\/\/www.healthychoice.world\/fr\/wp-json\/wp\/v2\/product_brand?post=1056"},{"taxonomy":"product_cat","embeddable":true,"href":"https:\/\/www.healthychoice.world\/fr\/wp-json\/wp\/v2\/product_cat?post=1056"},{"taxonomy":"product_tag","embeddable":true,"href":"https:\/\/www.healthychoice.world\/fr\/wp-json\/wp\/v2\/product_tag?post=1056"},{"taxonomy":"giftcard-category","embeddable":true,"href":"https:\/\/www.healthychoice.world\/fr\/wp-json\/wp\/v2\/giftcard-category?post=1056"}],"curies":[{"name":"wp","href":"https:\/\/api.w.org\/{rel}","templated":true}]}}