{"id":1141,"date":"2023-06-28T11:13:10","date_gmt":"2023-06-28T08:13:10","guid":{"rendered":"https:\/\/www.healthychoice.world\/?post_type=product&#038;p=1141"},"modified":"2026-04-17T16:57:37","modified_gmt":"2026-04-17T13:57:37","slug":"melatonin-tryptophan-b6-120-tablets","status":"publish","type":"product","link":"https:\/\/www.healthychoice.world\/fr\/products\/melatonin-tryptophan-b6-120-tablets\/","title":{"rendered":"M\u00e9latonine + Tryptophane + B6 120 comprim\u00e9s"},"content":{"rendered":"<p>Suppl\u00e9ment<\/p>\n<p>La m\u00e9latonine contribue \u00e0 raccourcir le temps d'endormissement. Le L-tryptophane est un acide amin\u00e9 essentiel n\u00e9cessaire \u00e0 la production de prot\u00e9ines impliqu\u00e9es dans la synth\u00e8se de la m\u00e9latonine et de la s\u00e9rotonine. La vitamine B6 contribue au maintien d'un m\u00e9tabolisme \u00e9nerg\u00e9tique normal, au fonctionnement normal du syst\u00e8me nerveux, au m\u00e9tabolisme normal de l'homocyst\u00e9ine, au m\u00e9tabolisme normal des prot\u00e9ines et du glycog\u00e8ne.<\/p>\n<p>120 comprim\u00e9s<br \/>\nPoids net : 32,4 g<\/p>\n<p>COMPOSITION :<br \/>\nagents de charge : cellulose microcristalline, hydrog\u00e9nophosphate de calcium ; L-tryptophane, substances r\u00e9gulatrices de l'adh\u00e9sion : st\u00e9arate de magn\u00e9sium, dioxyde de silicium ; chlorhydrate de pyridoxine, m\u00e9latonine.<\/p>\n<p>INGR\u00c9DIENTS (1 comprim\u00e9) :<br \/>\nL-tryptophane 40 mg<br \/>\nVitamine B6 6 mg (428.4% RMV*)<br \/>\nM\u00e9latonine 1 mg<\/p>\n<p>VMR* (valeur nutritionnelle de r\u00e9f\u00e9rence).<\/p>\n<p>UTILISATION :<br \/>\npour les adultes, 1 comprim\u00e9 par jour au coucher.<br \/>\nTenir hors de port\u00e9e des enfants !<br \/>\nNe pas d\u00e9passer la dose journali\u00e8re recommand\u00e9e !<br \/>\nConserver dans l'emballage d'origine, dans un endroit sec, \u00e0 temp\u00e9rature ambiante !<br \/>\nN'utilisez pas un compl\u00e9ment alimentaire comme substitut d'un r\u00e9gime alimentaire sain et \u00e9quilibr\u00e9 !<\/p>\n<p>AVERTISSEMENT :<\/p>\n<p>Ne pas d\u00e9passer la dose journali\u00e8re recommand\u00e9e. Conserver \u00e0 une temp\u00e9rature ne d\u00e9passant pas +25\u00b0C, hors de port\u00e9e des enfants. D\u00e9conseill\u00e9 pendant la grossesse, l'allaitement et les maladies auto-immunes, ainsi que chez les enfants. Les conducteurs doivent l'utiliser avec prudence, car les comprim\u00e9s peuvent provoquer une somnolence et ralentir le temps de r\u00e9action.<\/p>","protected":false},"excerpt":{"rendered":"<p>Suppl\u00e9ment<\/p>\n<p>120 comprim\u00e9s<br \/>\nPoids net : 32,4 g<\/p>","protected":false},"featured_media":1142,"template":"","meta":{"_monsterinsights_skip_tracking":false,"_monsterinsights_sitenote_active":false,"_monsterinsights_sitenote_note":"","_monsterinsights_sitenote_category":0},"product_brand":[],"product_cat":[26,55,29,46,36],"product_tag":[39,23,45],"giftcard-category":[],"class_list":{"0":"post-1141","1":"product","2":"type-product","3":"status-publish","4":"has-post-thumbnail","6":"product_cat-100-whey-protein-concentrate-1kg","7":"product_cat-food-supplements","8":"product_cat-wps_wgm_giftcard","9":"product_cat-special","10":"product_cat-vitamins","11":"product_tag-for-health-and-beauty","12":"product_tag-products","13":"product_tag-special","15":"first","16":"instock","17":"sale","18":"taxable","19":"shipping-taxable","20":"purchasable","21":"product-type-simple"},"aioseo_notices":[],"_links":{"self":[{"href":"https:\/\/www.healthychoice.world\/fr\/wp-json\/wp\/v2\/product\/1141","targetHints":{"allow":["GET"]}}],"collection":[{"href":"https:\/\/www.healthychoice.world\/fr\/wp-json\/wp\/v2\/product"}],"about":[{"href":"https:\/\/www.healthychoice.world\/fr\/wp-json\/wp\/v2\/types\/product"}],"wp:featuredmedia":[{"embeddable":true,"href":"https:\/\/www.healthychoice.world\/fr\/wp-json\/wp\/v2\/media\/1142"}],"wp:attachment":[{"href":"https:\/\/www.healthychoice.world\/fr\/wp-json\/wp\/v2\/media?parent=1141"}],"wp:term":[{"taxonomy":"product_brand","embeddable":true,"href":"https:\/\/www.healthychoice.world\/fr\/wp-json\/wp\/v2\/product_brand?post=1141"},{"taxonomy":"product_cat","embeddable":true,"href":"https:\/\/www.healthychoice.world\/fr\/wp-json\/wp\/v2\/product_cat?post=1141"},{"taxonomy":"product_tag","embeddable":true,"href":"https:\/\/www.healthychoice.world\/fr\/wp-json\/wp\/v2\/product_tag?post=1141"},{"taxonomy":"giftcard-category","embeddable":true,"href":"https:\/\/www.healthychoice.world\/fr\/wp-json\/wp\/v2\/giftcard-category?post=1141"}],"curies":[{"name":"wp","href":"https:\/\/api.w.org\/{rel}","templated":true}]}}