{"id":1242,"date":"2023-10-31T11:37:40","date_gmt":"2023-10-31T09:37:40","guid":{"rendered":"https:\/\/www.healthychoice.world\/?post_type=product&#038;p=1242"},"modified":"2026-01-14T01:40:26","modified_gmt":"2026-01-13T23:40:26","slug":"healthy-choice-shaker-cup-600ml","status":"publish","type":"product","link":"https:\/\/www.healthychoice.world\/fr\/products\/healthy-choice-shaker-cup-600ml\/","title":{"rendered":"Shaker\/Coupe \"Healthy Choice\", 600ml"},"content":{"rendered":"<p><strong>Shaker\/Coupe \"Healthy Choice\", 600ml<\/strong><\/p>\n<div>Le shaker\/la tasse Healthy Choice convient aux personnes sportives et actives.&nbsp;<\/div>\n<div>&nbsp;<\/div>\n<div><strong>Caract\u00e9ristiques :<\/strong><\/div>\n<div>&nbsp;<\/div>\n<div>Fabriqu\u00e9 en plastique alimentaire<\/div>\n<div>Unit\u00e9s de mesure de la capacit\u00e9<\/div>\n<div>100% impression durable<\/div>\n<div>100% \u00e9tanche<\/div>\n<div>&nbsp;<\/div>\n<div>Fabriqu\u00e9 \u00e0 partir de mat\u00e9riaux certifi\u00e9s. Unit\u00e9s de mesure clairement visibles.<\/div>","protected":false},"excerpt":{"rendered":"<p>Fabriqu\u00e9 \u00e0 partir de mat\u00e9riaux certifi\u00e9s. Unit\u00e9s de mesure clairement visibles.<\/p>\n<p>Shaker\/Coupe \"Healthy Choice\", 600ml<\/p>","protected":false},"featured_media":1243,"template":"","meta":{"_monsterinsights_skip_tracking":false,"_monsterinsights_sitenote_active":false,"_monsterinsights_sitenote_note":"","_monsterinsights_sitenote_category":0},"product_brand":[],"product_cat":[35],"product_tag":[23],"giftcard-category":[],"class_list":{"0":"post-1242","1":"product","2":"type-product","3":"status-publish","4":"has-post-thumbnail","6":"product_cat-shakers","7":"product_tag-products","9":"first","10":"instock","11":"featured","12":"taxable","13":"shipping-taxable","14":"purchasable","15":"product-type-simple"},"aioseo_notices":[],"_links":{"self":[{"href":"https:\/\/www.healthychoice.world\/fr\/wp-json\/wp\/v2\/product\/1242","targetHints":{"allow":["GET"]}}],"collection":[{"href":"https:\/\/www.healthychoice.world\/fr\/wp-json\/wp\/v2\/product"}],"about":[{"href":"https:\/\/www.healthychoice.world\/fr\/wp-json\/wp\/v2\/types\/product"}],"wp:featuredmedia":[{"embeddable":true,"href":"https:\/\/www.healthychoice.world\/fr\/wp-json\/wp\/v2\/media\/1243"}],"wp:attachment":[{"href":"https:\/\/www.healthychoice.world\/fr\/wp-json\/wp\/v2\/media?parent=1242"}],"wp:term":[{"taxonomy":"product_brand","embeddable":true,"href":"https:\/\/www.healthychoice.world\/fr\/wp-json\/wp\/v2\/product_brand?post=1242"},{"taxonomy":"product_cat","embeddable":true,"href":"https:\/\/www.healthychoice.world\/fr\/wp-json\/wp\/v2\/product_cat?post=1242"},{"taxonomy":"product_tag","embeddable":true,"href":"https:\/\/www.healthychoice.world\/fr\/wp-json\/wp\/v2\/product_tag?post=1242"},{"taxonomy":"giftcard-category","embeddable":true,"href":"https:\/\/www.healthychoice.world\/fr\/wp-json\/wp\/v2\/giftcard-category?post=1242"}],"curies":[{"name":"wp","href":"https:\/\/api.w.org\/{rel}","templated":true}]}}