{"id":900,"date":"2021-12-30T13:54:24","date_gmt":"2021-12-30T11:54:24","guid":{"rendered":"https:\/\/www.healthychoice.world\/?post_type=product&#038;p=900"},"modified":"2026-04-17T17:02:10","modified_gmt":"2026-04-17T14:02:10","slug":"set-collagen-strawberry-flavor-100-pure-healthy-choice-500ml-3-pcs","status":"publish","type":"product","link":"https:\/\/www.healthychoice.world\/fr\/products\/set-collagen-strawberry-flavor-100-pure-healthy-choice-500ml-3-pcs\/","title":{"rendered":"Ensemble : Collag\u00e8ne saveur fraise, 100% pure HEALTHY CHOICE, 500ml (3 pcs.)"},"content":{"rendered":"<p><strong>100% COLLAG\u00c8NE PUR AR\u00d4ME FRAISE<\/strong><\/p>\n<p>Quantit\u00e9 nette 500 ml<\/p>\n<p>Le collag\u00e8ne est une prot\u00e9ine naturelle du corps humain qui soutient la structure de la peau, des os et des muscles, mais au cours du processus de vieillissement, la capacit\u00e9 de l'organisme \u00e0 synth\u00e9tiser du collag\u00e8ne diminue. C'est pourquoi des suppl\u00e9ments de collag\u00e8ne ont \u00e9t\u00e9 mis au point pour aider \u00e0 maintenir l'\u00e9tat normal de la peau, des cheveux et des ongles, r\u00e9duire la perte osseuse et avoir un effet positif sur le syst\u00e8me cardiovasculaire.<\/p>\n<p>Le collag\u00e8ne 100 % pur \u00e0 l'ar\u00f4me de fraise est de la meilleure qualit\u00e9, cr\u00e9\u00e9 en pr\u00e9servant toutes les substances les plus importantes pour am\u00e9liorer l'\u00e9tat des cheveux, de la peau, des ongles, des tissus conjonctifs et des articulations. Il s'agit d'un produit de qualit\u00e9, bon march\u00e9, au go\u00fbt de fraise, qui convient \u00e0 une utilisation quotidienne.<\/p>\n<p>Le collag\u00e8ne 100 % pur \u00e0 l'ar\u00f4me de fraise contient de la biotine, du zinc, de la vitamine E et de la vitamine C. La biotine est extr\u00eamement importante pour le m\u00e9tabolisme des glucides, des prot\u00e9ines et des graisses. La biotine contribue au maintien d'un m\u00e9tabolisme \u00e9nerg\u00e9tique normal, \u00e0 l'activit\u00e9 du syst\u00e8me nerveux, \u00e0 la fonction psychologique et \u00e0 l'\u00e9tat de la peau. Le zinc est essentiel \u00e0 la production de prot\u00e9ines, importantes pour le d\u00e9veloppement et le fonctionnement des cellules immunitaires. Le zinc, comme les vitamines E et C, contribue au maintien d'un syst\u00e8me immunitaire fort.<\/p>\n<p>&nbsp;<\/p>\n<p><strong>LES PRINCIPAUX AVANTAGES DE CE COLLAG\u00c8NE \u00c0 L'AR\u00d4ME DE FRAISE :<\/strong><\/p>\n<p>Tr\u00e8s bon go\u00fbt naturel de fraise ;<br \/>\nune valeur biologique \u00e9lev\u00e9e est pr\u00e9serv\u00e9e ;<br \/>\nsans lactose ;<br \/>\nLe collag\u00e8ne est riche en vitamines E et C ;<br \/>\npour les utilisateurs exigeants ;<br \/>\npauvres en sucre, en hydrates de carbone et en graisses ;<br \/>\ncontribue \u00e0 am\u00e9liorer l'\u00e9lasticit\u00e9 de la peau et la masse musculaire et \u00e0 pr\u00e9venir les signes de vieillissement.<\/p>\n<p><strong>UTILISATION :<\/strong><\/p>\n<p>La dose journali\u00e8re est de 25 ml, \u00e0 prendre pure ou dilu\u00e9e dans de l'eau. Bien agiter avant utilisation. Le produit ne doit pas d\u00e9passer la dose recommand\u00e9e prescrite et ne peut \u00eatre utilis\u00e9 comme substitut alimentaire. Le produit doit \u00eatre tenu hors de la port\u00e9e et de la vue des enfants. Une alimentation vari\u00e9e et \u00e9quilibr\u00e9e et un mode de vie sain sont importants.<\/p>\n<p>&nbsp;<\/p>\n<p><strong>LA VALEUR NUTRITIONNELLE ET \u00c9NERG\u00c9TIQUE DU PRODUIT<\/strong><\/p>\n<p>Portion : 25 ml.<\/p>\n<p>Nombre de portions par paquet : 20.<\/p>\n<p>&nbsp;<\/p>\n<table>\n<tbody>\n<tr>\n<td width=\"252\">&nbsp;<\/td>\n<td width=\"118\"><strong>Porcijoje<\/strong><\/td>\n<td width=\"227\"><strong>&nbsp;<\/strong><strong>100 ml gryno bra\u0161ki\u0173 skonio kolageno<\/strong><\/td>\n<\/tr>\n<tr>\n<td width=\"252\">Kalorijos<\/td>\n<td width=\"118\">72kJ(17,2kcal)<\/td>\n<td width=\"227\">286kJ(68,4kcal)<\/td>\n<\/tr>\n<tr>\n<td width=\"252\"><strong>Riebal\u0173<\/strong><\/td>\n<td width=\"118\">&lt;0,5 g<\/td>\n<td width=\"227\">&lt;0,5 g<\/td>\n<\/tr>\n<tr>\n<td width=\"252\"><strong>I\u0161 viso angliavandeni\u0173<\/strong><\/td>\n<td width=\"118\">1,2 g<\/td>\n<td width=\"227\">4,7 g<\/td>\n<\/tr>\n<tr>\n<td width=\"252\">- I\u0161 kuri\u0173 cukraus<\/td>\n<td width=\"118\">1,1 g<\/td>\n<td width=\"227\">4,6 g<\/td>\n<\/tr>\n<tr>\n<td width=\"252\"><strong>Baltym\u0173<\/strong><\/td>\n<td width=\"118\">2,7 g<\/td>\n<td width=\"227\">10,6 g<\/td>\n<\/tr>\n<tr>\n<td width=\"252\"><strong>Druska<\/strong><\/td>\n<td width=\"118\">&lt;0,01 g<\/td>\n<td width=\"227\">0,03 g<\/td>\n<\/tr>\n<\/tbody>\n<\/table>\n<p>&nbsp;<\/p>\n<p><strong>INGR\u00c9DIENTS :<\/strong><\/p>\n<p>Eau, jus de raisin blanc (concentr\u00e9), hydrolysat de collag\u00e8ne, jus d'agave, acide ascorbique, ac\u00e9tate de DL-\u03b1-tocoph\u00e9rol, D-biotine, citrate de zinc, acide (acide citrique), conservateurs (sorbate de potassium, benzoate de sodium), \u00e9dulcorant (glycosides de st\u00e9viol), agent aromatisant naturel.<\/p>\n<p>&nbsp;<\/p>\n<p><strong>COMPOSANTS D'ACIDES AMIN\u00c9S DU COLLAG\u00c8NE PUR AR\u00d4ME FRAISE :<\/strong><\/p>\n<table>\n<tbody>\n<tr>\n<td width=\"144\">&nbsp;<\/td>\n<td width=\"152\"><strong>En portion<\/strong><\/td>\n<td width=\"216\"><strong>100 ml de collag\u00e8ne pur aromatis\u00e9 \u00e0 la fraise<\/strong><\/td>\n<\/tr>\n<tr>\n<td width=\"144\">Valine<\/td>\n<td width=\"152\">63 mg<\/td>\n<td width=\"216\">252 mg<\/td>\n<\/tr>\n<tr>\n<td width=\"144\">Izoleucines<\/td>\n<td width=\"152\">39 mg<\/td>\n<td width=\"216\">156 mg<\/td>\n<\/tr>\n<tr>\n<td width=\"144\">Leucines<\/td>\n<td width=\"152\">73 mg<\/td>\n<td width=\"216\">292 mg<\/td>\n<\/tr>\n<tr>\n<td width=\"144\">Lizines<\/td>\n<td width=\"152\">94 mg<\/td>\n<td width=\"216\">376 mg<\/td>\n<\/tr>\n<tr>\n<td width=\"144\">M\u00e9thionines<\/td>\n<td width=\"152\">16 mg<\/td>\n<td width=\"216\">64 mg<\/td>\n<\/tr>\n<tr>\n<td width=\"144\">Thr\u00e9onines<\/td>\n<td width=\"152\">55 mg<\/td>\n<td width=\"216\">220 mg<\/td>\n<\/tr>\n<tr>\n<td width=\"144\">Ph\u00e9nylalanine<\/td>\n<td width=\"152\">52 mg<\/td>\n<td width=\"216\">208 mg<\/td>\n<\/tr>\n<tr>\n<td width=\"144\">Arginine<\/td>\n<td width=\"152\">189 mg<\/td>\n<td width=\"216\">756 mg<\/td>\n<\/tr>\n<tr>\n<td width=\"144\">Histidine<\/td>\n<td width=\"152\">24 mg<\/td>\n<td width=\"216\">96 mg<\/td>\n<\/tr>\n<tr>\n<td width=\"144\">Tyrozine<\/td>\n<td width=\"152\">21 mg<\/td>\n<td width=\"216\">84 mg<\/td>\n<\/tr>\n<tr>\n<td width=\"144\">Porylin<\/td>\n<td width=\"152\">343 mg<\/td>\n<td width=\"216\">1372 mg<\/td>\n<\/tr>\n<tr>\n<td width=\"144\">Alanines<\/td>\n<td width=\"152\">225 mg<\/td>\n<td width=\"216\">900 mg<\/td>\n<\/tr>\n<tr>\n<td width=\"144\">Acide aspartique<\/td>\n<td width=\"152\">149 mg<\/td>\n<td width=\"216\">596 mg<\/td>\n<\/tr>\n<tr>\n<td width=\"144\">S\u00e9rine<\/td>\n<td width=\"152\">86 mg<\/td>\n<td width=\"216\">344 mg<\/td>\n<\/tr>\n<tr>\n<td width=\"144\">Acide glutamique<\/td>\n<td width=\"152\">257 mg<\/td>\n<td width=\"216\">1028 mg<\/td>\n<\/tr>\n<tr>\n<td width=\"144\">Glycine<\/td>\n<td width=\"152\">584 mg<\/td>\n<td width=\"216\">2336 mg<\/td>\n<\/tr>\n<tr>\n<td width=\"144\">Hydroxylysine<\/td>\n<td width=\"152\">39 mg<\/td>\n<td width=\"216\">156 mg<\/td>\n<\/tr>\n<tr>\n<td width=\"144\">Hydroxyproline<\/td>\n<td width=\"152\">306 mg<\/td>\n<td width=\"216\">1224 mg<\/td>\n<\/tr>\n<\/tbody>\n<\/table>\n<p>&nbsp;<\/p>\n<p>INGR\u00c9DIENTS VITAMIN\u00c9S DU COLLAG\u00c8NE PUR AR\u00d4ME FRAISE :<\/p>\n<table>\n<tbody>\n<tr>\n<td width=\"144\">&nbsp;<\/td>\n<td width=\"152\"><strong>En portion<\/strong><\/td>\n<td width=\"216\"><strong>100 ml de collag\u00e8ne pur aromatis\u00e9 \u00e0 la fraise<\/strong><\/td>\n<\/tr>\n<tr>\n<td width=\"144\">Vitamine E<\/td>\n<td width=\"152\">12 mg<\/td>\n<td width=\"216\">48 mg<\/td>\n<\/tr>\n<tr>\n<td width=\"144\">Biotine<\/td>\n<td width=\"152\">50 \u00b5g<\/td>\n<td width=\"216\">200 \u00b5g<\/td>\n<\/tr>\n<tr>\n<td width=\"144\">Vitamine C<\/td>\n<td width=\"152\">80 mg<\/td>\n<td width=\"216\">320 mg<\/td>\n<\/tr>\n<tr>\n<td width=\"144\">Zinc<\/td>\n<td width=\"152\">10 mg<\/td>\n<td width=\"216\">40 mg<\/td>\n<\/tr>\n<tr>\n<td width=\"144\">Verisol\u00aeB kolageno hidrolizatas<\/td>\n<td width=\"152\">2500 mg<\/td>\n<td width=\"216\">10000 mg<\/td>\n<\/tr>\n<\/tbody>\n<\/table>\n<p>&nbsp;<\/p>\n<p>&nbsp;<\/p>","protected":false},"excerpt":{"rendered":"<p>Ensemble : Collag\u00e8ne saveur fraise, 100% pure HEALTHY CHOICE, 500ml (3 pcs.)<\/p>","protected":false},"featured_media":898,"template":"","meta":{"_monsterinsights_skip_tracking":false,"_monsterinsights_sitenote_active":false,"_monsterinsights_sitenote_note":"","_monsterinsights_sitenote_category":0},"product_brand":[],"product_cat":[26,29,58,46],"product_tag":[23,24,45],"giftcard-category":[],"class_list":{"0":"post-900","1":"product","2":"type-product","3":"status-publish","4":"has-post-thumbnail","6":"product_cat-100-whey-protein-concentrate-1kg","7":"product_cat-wps_wgm_giftcard","8":"product_cat-sets","9":"product_cat-special","10":"product_tag-products","11":"product_tag-sets","12":"product_tag-special","14":"first","15":"instock","16":"sale","17":"taxable","18":"shipping-taxable","19":"purchasable","20":"product-type-simple"},"aioseo_notices":[],"_links":{"self":[{"href":"https:\/\/www.healthychoice.world\/fr\/wp-json\/wp\/v2\/product\/900","targetHints":{"allow":["GET"]}}],"collection":[{"href":"https:\/\/www.healthychoice.world\/fr\/wp-json\/wp\/v2\/product"}],"about":[{"href":"https:\/\/www.healthychoice.world\/fr\/wp-json\/wp\/v2\/types\/product"}],"wp:featuredmedia":[{"embeddable":true,"href":"https:\/\/www.healthychoice.world\/fr\/wp-json\/wp\/v2\/media\/898"}],"wp:attachment":[{"href":"https:\/\/www.healthychoice.world\/fr\/wp-json\/wp\/v2\/media?parent=900"}],"wp:term":[{"taxonomy":"product_brand","embeddable":true,"href":"https:\/\/www.healthychoice.world\/fr\/wp-json\/wp\/v2\/product_brand?post=900"},{"taxonomy":"product_cat","embeddable":true,"href":"https:\/\/www.healthychoice.world\/fr\/wp-json\/wp\/v2\/product_cat?post=900"},{"taxonomy":"product_tag","embeddable":true,"href":"https:\/\/www.healthychoice.world\/fr\/wp-json\/wp\/v2\/product_tag?post=900"},{"taxonomy":"giftcard-category","embeddable":true,"href":"https:\/\/www.healthychoice.world\/fr\/wp-json\/wp\/v2\/giftcard-category?post=900"}],"curies":[{"name":"wp","href":"https:\/\/api.w.org\/{rel}","templated":true}]}}