{"id":935,"date":"2022-12-08T11:13:01","date_gmt":"2022-12-08T09:13:01","guid":{"rendered":"https:\/\/www.healthychoice.world\/?post_type=product&#038;p=935"},"modified":"2026-04-17T16:59:46","modified_gmt":"2026-04-17T13:59:46","slug":"l-carnitine-orange-flavor-1000ml-2","status":"publish","type":"product","link":"https:\/\/www.healthychoice.world\/fr\/products\/l-carnitine-orange-flavor-1000ml-2\/","title":{"rendered":"L-Carnitine ar\u00f4me orange, 1000ml"},"content":{"rendered":"<p><strong>L-CARNITINE AR\u00d4ME ORANGE<\/strong><\/p>\n<p>Quantit\u00e9 nette 1000 ml<\/p>\n<p>La L-carnitine est un compos\u00e9 de vitamines et d'acides amin\u00e9s comparable aux vitamines du groupe B. La L-carnitine fonctionne comme un transporteur d'acides gras dans la mitochondrie. Cette substance fonctionne comme un transporteur d'acides gras dans la mitochondrie. La L-carnitine agit comme un assistant pour vous aider \u00e0 br\u00fbler les graisses plus rapidement et \u00e0 perdre du poids naturellement. De plus, des \u00e9tudes r\u00e9centes prouvent que la L-carnitine aide \u00e0 r\u00e9duire la fatigue, le poids corporel et \u00e0 augmenter la masse musculaire, stabilise le taux de sucre dans le sang et r\u00e9duit en m\u00eame temps le besoin d'hydrates de carbone. La carnitine aide \u00e0 mobiliser les r\u00e9serves de graisse, en particulier chez les personnes en surpoids.<\/p>\n<p>La L-carnitine a un go\u00fbt d'orange particuli\u00e8rement d\u00e9licieux, sans colorants synth\u00e9tiques ni exhausteurs de go\u00fbt, fabriqu\u00e9 en conservant toutes les substances les plus importantes qui ont un effet positif sur le corps humain. Il est extr\u00eamement important que cette L-carnitine soit sous forme liquide, afin que le corps l'absorbe beaucoup plus rapidement et facilement. Ce suppl\u00e9ment contient une quantit\u00e9 particuli\u00e8rement importante de carnitine, une portion (25ml) contient 1667mg, et 100ml - 6668mg.<\/p>\n<p><strong>LES BIENFAITS DE LA L-CARNITINE ORANGE :<\/strong><\/p>\n<ul>\n<li>Tr\u00e8s haute teneur en carnitine par portion ;<\/li>\n<li>Rapidement et facilement assimilable ;<\/li>\n<li>Sans colorants synth\u00e9tiques ;<\/li>\n<li>Sans lactose et sans gluten ;<\/li>\n<li>Tr\u00e8s bon go\u00fbt d'orange ;<\/li>\n<li>Faible teneur en calories, en mati\u00e8res grasses, en sucre et en hydrates de carbone ;<\/li>\n<li>Il contribue \u00e0 r\u00e9duire le poids corporel ;<\/li>\n<li>Il aide l'organisme \u00e0 r\u00e9cup\u00e9rer plus rapidement apr\u00e8s un effort physique intense ;<\/li>\n<\/ul>\n<p><strong>UTILISATION :<\/strong><\/p>\n<p>Boire 25 ml de L-carnitine pure ou dilu\u00e9e avant ou pendant l'entra\u00eenement. Bien agiter avant utilisation. Une alimentation vari\u00e9e et \u00e9quilibr\u00e9e et un mode de vie sain sont importants.<\/p>\n<p>Tenir hors de port\u00e9e des enfants.<\/p>\n<p>Prot\u00e9ger de la lumi\u00e8re directe du soleil.<\/p>\n<p>Apr\u00e8s ouverture, conserver au r\u00e9frig\u00e9rateur et consommer dans le mois qui suit.<\/p>\n<p>&nbsp;<\/p>\n<p><strong>LA VALEUR NUTRITIONNELLE ET \u00c9NERG\u00c9TIQUE DU PRODUIT<\/strong><\/p>\n<p>Taille de la portion - 25 ml.<\/p>\n<table>\n<tbody>\n<tr>\n<td width=\"252\">&nbsp;<\/td>\n<td width=\"118\"><strong>En portion<\/strong><\/td>\n<td width=\"227\"><strong>&nbsp;<\/strong><strong>100 ml de L-carnitine<\/strong><\/td>\n<\/tr>\n<tr>\n<td width=\"252\">Calories<\/td>\n<td width=\"118\">12kJ(3kcal)<\/td>\n<td width=\"227\">49kJ(11kcal)<\/td>\n<\/tr>\n<tr>\n<td width=\"252\"><strong>Graisse<\/strong><\/td>\n<td width=\"118\">&lt;0,5 g<\/td>\n<td width=\"227\">&lt;0,5 g<\/td>\n<\/tr>\n<tr>\n<td width=\"252\">- Dont graisses satur\u00e9es<\/td>\n<td width=\"118\">&lt;0,1 g<\/td>\n<td width=\"227\">&lt;0,1 g<\/td>\n<\/tr>\n<tr>\n<td width=\"252\"><strong>Total des glucides<\/strong><\/td>\n<td width=\"118\">&lt;0,5 g<\/td>\n<td width=\"227\">&lt;0,5 g<\/td>\n<\/tr>\n<tr>\n<td width=\"252\">- Dont sucre<\/td>\n<td width=\"118\">&lt;0,5 g<\/td>\n<td width=\"227\">&lt;0,5 g<\/td>\n<\/tr>\n<tr>\n<td width=\"252\"><strong>Prot\u00e9ines<\/strong><\/td>\n<td width=\"118\">&lt;0,5 g<\/td>\n<td width=\"227\">&lt;0,5 g<\/td>\n<\/tr>\n<tr>\n<td width=\"252\"><strong>Sel<\/strong><\/td>\n<td width=\"118\">&lt;0,01 g<\/td>\n<td width=\"227\">0,01 g<\/td>\n<\/tr>\n<\/tbody>\n<\/table>\n<p><strong>INGR\u00c9DIENTS :<\/strong><\/p>\n<p>Eau, L-carnitine, acides (acide citrique, acide lactique), conservateur (sorbate de potassium), \u00e9dulcorants (cyclamate de sodium, ac\u00e9sulfame K, sucralose, saccharine de sodium), ar\u00f4me naturel.<\/p>","protected":false},"excerpt":{"rendered":"<p>L-Carnitine ar\u00f4me orange, 1000ml<\/p>","protected":false},"featured_media":983,"template":"","meta":{"_monsterinsights_skip_tracking":false,"_monsterinsights_sitenote_active":false,"_monsterinsights_sitenote_note":"","_monsterinsights_sitenote_category":0},"product_brand":[],"product_cat":[26,29,52],"product_tag":[39,43,23,42,27],"giftcard-category":[],"class_list":{"0":"post-935","1":"product","2":"type-product","3":"status-publish","4":"has-post-thumbnail","6":"product_cat-100-whey-protein-concentrate-1kg","7":"product_cat-wps_wgm_giftcard","8":"product_cat-top","9":"product_tag-for-health-and-beauty","10":"product_tag-l-carnitine-or-collagen-gift-cannabis-protein","11":"product_tag-products","12":"product_tag-purchasing-any-protein","13":"product_tag-top","15":"first","16":"instock","17":"sale","18":"taxable","19":"shipping-taxable","20":"purchasable","21":"product-type-simple"},"aioseo_notices":[],"_links":{"self":[{"href":"https:\/\/www.healthychoice.world\/fr\/wp-json\/wp\/v2\/product\/935","targetHints":{"allow":["GET"]}}],"collection":[{"href":"https:\/\/www.healthychoice.world\/fr\/wp-json\/wp\/v2\/product"}],"about":[{"href":"https:\/\/www.healthychoice.world\/fr\/wp-json\/wp\/v2\/types\/product"}],"wp:featuredmedia":[{"embeddable":true,"href":"https:\/\/www.healthychoice.world\/fr\/wp-json\/wp\/v2\/media\/983"}],"wp:attachment":[{"href":"https:\/\/www.healthychoice.world\/fr\/wp-json\/wp\/v2\/media?parent=935"}],"wp:term":[{"taxonomy":"product_brand","embeddable":true,"href":"https:\/\/www.healthychoice.world\/fr\/wp-json\/wp\/v2\/product_brand?post=935"},{"taxonomy":"product_cat","embeddable":true,"href":"https:\/\/www.healthychoice.world\/fr\/wp-json\/wp\/v2\/product_cat?post=935"},{"taxonomy":"product_tag","embeddable":true,"href":"https:\/\/www.healthychoice.world\/fr\/wp-json\/wp\/v2\/product_tag?post=935"},{"taxonomy":"giftcard-category","embeddable":true,"href":"https:\/\/www.healthychoice.world\/fr\/wp-json\/wp\/v2\/giftcard-category?post=935"}],"curies":[{"name":"wp","href":"https:\/\/api.w.org\/{rel}","templated":true}]}}