{"id":942,"date":"2022-04-21T07:27:32","date_gmt":"2022-04-21T04:27:32","guid":{"rendered":"https:\/\/www.healthychoice.world\/?post_type=product&#038;p=942"},"modified":"2026-01-14T01:43:06","modified_gmt":"2026-01-13T23:43:06","slug":"hulled-hemp-seeds-150g","status":"publish","type":"product","link":"https:\/\/www.healthychoice.world\/fr\/products\/hulled-hemp-seeds-150g\/","title":{"rendered":"Graines de chanvre d\u00e9cortiqu\u00e9es, 150g"},"content":{"rendered":"<h2 style=\"text-align: center;\">A propos des graines de chanvre d\u00e9cortiqu\u00e9es HEALTHY CHOICE<\/h2>\n<p>Nous transformons les graines de chanvre uniquement en les d\u00e9cortiquant. Seules les grosses graines - 2,5 mm ou plus - sont utilis\u00e9es. Les graines sont trait\u00e9es m\u00e9caniquement dans un disque c\u00e9ramique rotatif, o\u00f9 les enveloppes sont s\u00e9par\u00e9es des grains, et elles sont s\u00e9par\u00e9es pendant le processus de tamisage. De cette mani\u00e8re, tous les \u00e9l\u00e9ments naturels et les min\u00e9raux vitaux sont pr\u00e9serv\u00e9s.<\/p>\n<p>Pour en savoir plus sur les bienfaits des graines de chanvre, consultez l'article : <a href=\"https:\/\/www.healthychoice.lt\/kanapiu-seklos-kam-ir-kodel\/\">Les graines de chanvre : pour qui et pourquoi ?<\/a><\/p>","protected":false},"excerpt":{"rendered":"<p>Une cuiller\u00e9e de graines de chanvre d\u00e9cortiqu\u00e9es par jour - pour aromatiser les aliments, obtenir un surplus d'\u00e9nergie et maintenir une alimentation \u00e9quilibr\u00e9e. Le produit est riche en vitamines et en min\u00e9raux.<\/p>","protected":false},"featured_media":1088,"template":"","meta":{"_monsterinsights_skip_tracking":false,"_monsterinsights_sitenote_active":false,"_monsterinsights_sitenote_note":"","_monsterinsights_sitenote_category":0},"product_brand":[],"product_cat":[26,54],"product_tag":[40,23,27],"giftcard-category":[],"class_list":{"0":"post-942","1":"product","2":"type-product","3":"status-publish","4":"has-post-thumbnail","6":"product_cat-100-whey-protein-concentrate-1kg","7":"product_cat-hemp-products","8":"product_tag-hemp-products","9":"product_tag-products","10":"product_tag-top","12":"first","13":"instock","14":"taxable","15":"shipping-taxable","16":"purchasable","17":"product-type-simple"},"aioseo_notices":[],"_links":{"self":[{"href":"https:\/\/www.healthychoice.world\/fr\/wp-json\/wp\/v2\/product\/942","targetHints":{"allow":["GET"]}}],"collection":[{"href":"https:\/\/www.healthychoice.world\/fr\/wp-json\/wp\/v2\/product"}],"about":[{"href":"https:\/\/www.healthychoice.world\/fr\/wp-json\/wp\/v2\/types\/product"}],"wp:featuredmedia":[{"embeddable":true,"href":"https:\/\/www.healthychoice.world\/fr\/wp-json\/wp\/v2\/media\/1088"}],"wp:attachment":[{"href":"https:\/\/www.healthychoice.world\/fr\/wp-json\/wp\/v2\/media?parent=942"}],"wp:term":[{"taxonomy":"product_brand","embeddable":true,"href":"https:\/\/www.healthychoice.world\/fr\/wp-json\/wp\/v2\/product_brand?post=942"},{"taxonomy":"product_cat","embeddable":true,"href":"https:\/\/www.healthychoice.world\/fr\/wp-json\/wp\/v2\/product_cat?post=942"},{"taxonomy":"product_tag","embeddable":true,"href":"https:\/\/www.healthychoice.world\/fr\/wp-json\/wp\/v2\/product_tag?post=942"},{"taxonomy":"giftcard-category","embeddable":true,"href":"https:\/\/www.healthychoice.world\/fr\/wp-json\/wp\/v2\/giftcard-category?post=942"}],"curies":[{"name":"wp","href":"https:\/\/api.w.org\/{rel}","templated":true}]}}