{"id":366,"date":"2020-06-30T05:24:36","date_gmt":"2020-06-30T05:24:36","guid":{"rendered":"https:\/\/www.healthychoice.world\/?page_id=366"},"modified":"2025-08-06T10:11:47","modified_gmt":"2025-08-06T07:11:47","slug":"about-company","status":"publish","type":"page","link":"https:\/\/www.healthychoice.world\/lt\/about-company\/","title":{"rendered":"About the company"},"content":{"rendered":"<div data-elementor-type=\"wp-page\" data-elementor-id=\"366\" class=\"elementor elementor-366\">\n\t\t\t\t<div class=\"elementor-element elementor-element-691fa65 e-flex e-con-boxed e-con e-parent\" data-id=\"691fa65\" data-element_type=\"container\" data-e-type=\"container\" data-settings=\"{&quot;background_background&quot;:&quot;classic&quot;}\">\n\t\t\t\t\t<div class=\"e-con-inner\">\n\t\t\t\t<div class=\"elementor-element elementor-element-6f7cb49 elementor-widget elementor-widget-woocommerce-breadcrumb\" data-id=\"6f7cb49\" data-element_type=\"widget\" data-e-type=\"widget\" data-widget_type=\"woocommerce-breadcrumb.default\">\n\t\t\t\t<div class=\"elementor-widget-container\">\n\t\t\t\t\t \t\t\t\t<\/div>\n\t\t\t\t<\/div>\n\t\t\t\t<div class=\"elementor-element elementor-element-87aea90 elementor-widget elementor-widget-heading\" data-id=\"87aea90\" data-element_type=\"widget\" data-e-type=\"widget\" data-widget_type=\"heading.default\">\n\t\t\t\t\t<h2 class=\"elementor-heading-title elementor-size-default\">ABOUT THE COMPANY<\/h2>\t\t\t\t<\/div>\n\t\t\t\t\t<\/div>\n\t\t\t\t<\/div>\n\t\t<div class=\"elementor-element elementor-element-8a748fa e-flex e-con-boxed e-con e-parent\" data-id=\"8a748fa\" data-element_type=\"container\" data-e-type=\"container\" data-settings=\"{&quot;background_background&quot;:&quot;classic&quot;}\">\n\t\t\t\t\t<div class=\"e-con-inner\">\n\t\t<div class=\"elementor-element elementor-element-19e56c9 e-flex e-con-boxed e-con e-child\" data-id=\"19e56c9\" data-element_type=\"container\" data-e-type=\"container\">\n\t\t\t\t\t<div class=\"e-con-inner\">\n\t\t<div class=\"elementor-element elementor-element-d53cf88 e-con-full e-flex e-con e-child\" data-id=\"d53cf88\" data-element_type=\"container\" data-e-type=\"container\" data-settings=\"{&quot;background_background&quot;:&quot;classic&quot;}\">\n\t\t\t\t<div class=\"elementor-element elementor-element-0140cf9 elementor-widget elementor-widget-image\" data-id=\"0140cf9\" data-element_type=\"widget\" data-e-type=\"widget\" data-widget_type=\"image.default\">\n\t\t\t\t\t\t\t\t\t\t\t\t\t\t\t<img fetchpriority=\"high\" decoding=\"async\" width=\"294\" height=\"403\" src=\"https:\/\/www.healthychoice.world\/wp-content\/uploads\/2025\/08\/about-the-company.png.webp\" class=\"attachment-full size-full wp-image-2870 wp-post-image\" alt=\"\" srcset=\"https:\/\/www.healthychoice.world\/wp-content\/uploads\/2025\/08\/about-the-company.png.webp 294w, https:\/\/www.healthychoice.world\/wp-content\/uploads\/2025\/08\/about-the-company.png-219x300.webp 219w, https:\/\/www.healthychoice.world\/wp-content\/uploads\/2025\/08\/about-the-company.png-9x12.webp 9w, https:\/\/www.healthychoice.world\/wp-content\/uploads\/2025\/08\/about-the-company.png-64x88.webp 64w\" sizes=\"(max-width: 294px) 100vw, 294px\" \/>\t\t\t\t\t\t\t\t\t\t\t\t\t\t\t<\/div>\n\t\t\t\t<\/div>\n\t\t<div class=\"elementor-element elementor-element-6fe9a17 e-con-full e-flex e-con e-child\" data-id=\"6fe9a17\" data-element_type=\"container\" data-e-type=\"container\">\n\t\t\t\t<div class=\"elementor-element elementor-element-055784d elementor-widget elementor-widget-text-editor\" data-id=\"055784d\" data-element_type=\"widget\" data-e-type=\"widget\" data-widget_type=\"text-editor.default\">\n\t\t\t\t\t\t\t\t\t<p><strong>SVEIKA ENERGIJA JSC<\/strong> yra Lietuvoje \u012fsik\u016brusi \u012fmon\u0117, kuri pirm\u0105 kart\u0105 Lietuvos istorijoje suk\u016br\u0117, gamina ir platina auk\u0161\u010diausios kokyb\u0117s pasaulinio lygio baltymus, pagamintus tik Lietuvoje. HEALTHY CHOICE 100% TIKRAS ir VANDENINIS PIENO BALTYMAS gaminamas Lietuvoje i\u0161 Lietuvos ir kit\u0173 Baltijos \u0161ali\u0173 pieno tiek\u0117j\u0173 tiekiamo pieno. Lietuva nuo seno \u017einoma kaip auk\u0161\u010diausios kokyb\u0117s pieno produkt\u0173 gamintoja. Tai tapo pagrindu, kuriuo remdamiesi suk\u016br\u0117me nauj\u0105j\u012f lietuvi\u0161k\u0105 HEALTHY CHOICE 100% PURE and WATER-SOLUBLE WHEY PROTEIN, supakuot\u0105 \u012f 2 kg pakuot\u0119. Taip pat planuojame pristatyti tolesnius <strong>SVEIKAS PASIRINKIMAS<\/strong> produktus ateityje.<\/p><p>Ilgamet\u0119 patirt\u012f turinti profesional\u0173 komanda valdo ir pri\u017ei\u016bri nuolatin\u012f tiekim\u0105<strong> SVEIKAS PASIRINKIMAS<\/strong> protein to current and potential customers directly from our warehouses or through our e-commerce platforms. SVEIKA ENERGIJA JSC is actively seeking out long-term partners for distributing HEALTHY CHOICE protein both in Europe and Asia. The company continually delivers <strong>SVEIKAS PASIRINKIMAS<\/strong> baltymus klientams Jungtin\u0117je Karalyst\u0117je, Airijoje, Vokietijoje, Lenkijoje ir Baltijos \u0161alyse.<\/p>\t\t\t\t\t\t\t\t<\/div>\n\t\t\t\t<\/div>\n\t\t\t\t\t<\/div>\n\t\t\t\t<\/div>\n\t\t<div class=\"elementor-element elementor-element-1c383ee e-flex e-con-boxed e-con e-child\" data-id=\"1c383ee\" data-element_type=\"container\" data-e-type=\"container\">\n\t\t\t\t\t<div class=\"e-con-inner\">\n\t\t<div class=\"elementor-element elementor-element-45a220b e-con-full e-flex e-con e-child\" data-id=\"45a220b\" data-element_type=\"container\" data-e-type=\"container\" data-settings=\"{&quot;background_background&quot;:&quot;classic&quot;}\">\n\t\t\t\t<div class=\"elementor-element elementor-element-1abb6c8 elementor-widget elementor-widget-image\" data-id=\"1abb6c8\" data-element_type=\"widget\" data-e-type=\"widget\" data-widget_type=\"image.default\">\n\t\t\t\t\t\t\t\t\t\t\t\t\t\t\t<img decoding=\"async\" width=\"1267\" height=\"900\" src=\"https:\/\/www.healthychoice.world\/wp-content\/uploads\/2025\/08\/visi-proteinai-kombinuotas-Su-vanile-min.jpg\" class=\"attachment-full size-full wp-image-2792 wp-post-image\" alt=\"\" srcset=\"https:\/\/www.healthychoice.world\/wp-content\/uploads\/2025\/08\/visi-proteinai-kombinuotas-Su-vanile-min.jpg 1267w, https:\/\/www.healthychoice.world\/wp-content\/uploads\/2025\/08\/visi-proteinai-kombinuotas-Su-vanile-min-300x213.jpg 300w, https:\/\/www.healthychoice.world\/wp-content\/uploads\/2025\/08\/visi-proteinai-kombinuotas-Su-vanile-min-1024x727.jpg 1024w, https:\/\/www.healthychoice.world\/wp-content\/uploads\/2025\/08\/visi-proteinai-kombinuotas-Su-vanile-min-768x546.jpg 768w, https:\/\/www.healthychoice.world\/wp-content\/uploads\/2025\/08\/visi-proteinai-kombinuotas-Su-vanile-min-18x12.jpg 18w, https:\/\/www.healthychoice.world\/wp-content\/uploads\/2025\/08\/visi-proteinai-kombinuotas-Su-vanile-min-600x426.jpg 600w, https:\/\/www.healthychoice.world\/wp-content\/uploads\/2025\/08\/visi-proteinai-kombinuotas-Su-vanile-min-64x45.jpg 64w\" sizes=\"(max-width: 1267px) 100vw, 1267px\" \/>\t\t\t\t\t\t\t\t\t\t\t\t\t\t\t<\/div>\n\t\t\t\t<div class=\"elementor-element elementor-element-ebc1eb6 elementor-hidden-desktop elementor-hidden-mobile elementor-widget elementor-widget-image\" data-id=\"ebc1eb6\" data-element_type=\"widget\" data-e-type=\"widget\" data-widget_type=\"image.default\">\n\t\t\t\t\t\t\t\t\t\t\t\t\t\t\t<img decoding=\"async\" width=\"474\" height=\"527\" src=\"https:\/\/www.healthychoice.world\/wp-content\/uploads\/2025\/08\/Zemes-riesutai-ir-migdolu-riesutai-nuotrauka-removebg-preview.png\" class=\"attachment-full size-full wp-image-2785 wp-post-image\" alt=\"\" srcset=\"https:\/\/www.healthychoice.world\/wp-content\/uploads\/2025\/08\/Zemes-riesutai-ir-migdolu-riesutai-nuotrauka-removebg-preview.png 474w, https:\/\/www.healthychoice.world\/wp-content\/uploads\/2025\/08\/Zemes-riesutai-ir-migdolu-riesutai-nuotrauka-removebg-preview-270x300.png 270w, https:\/\/www.healthychoice.world\/wp-content\/uploads\/2025\/08\/Zemes-riesutai-ir-migdolu-riesutai-nuotrauka-removebg-preview-11x12.png 11w, https:\/\/www.healthychoice.world\/wp-content\/uploads\/2025\/08\/Zemes-riesutai-ir-migdolu-riesutai-nuotrauka-removebg-preview-64x71.png 64w\" sizes=\"(max-width: 474px) 100vw, 474px\" \/>\t\t\t\t\t\t\t\t\t\t\t\t\t\t\t<\/div>\n\t\t\t\t<\/div>\n\t\t<div class=\"elementor-element elementor-element-953a4ec e-con-full e-flex e-con e-child\" data-id=\"953a4ec\" data-element_type=\"container\" data-e-type=\"container\">\n\t\t\t\t<div class=\"elementor-element elementor-element-669c943 elementor-widget elementor-widget-text-editor\" data-id=\"669c943\" data-element_type=\"widget\" data-e-type=\"widget\" data-widget_type=\"text-editor.default\">\n\t\t\t\t\t\t\t\t\t<p>Artimiausiu metu planuojame pl\u0117stis didindami pardavimus <strong>SVEIKAS PASIRINKIMAS<\/strong> protein in foreign markets, exporting to Scandinavia, Central, Western and Southern Europe as well as Asia. The company produces all natural, new generation and premium quality protein products. Lab tests are already under way for the development of a new line of all natural protein products. We hope that this will be a pleasant surprise to our loyal customers. Clients who sign HEALTHY CHOICE representation or distribution agreements with SVEIKA ENERGIJA UAB will be granted exclusive rights to distribute HEALTHY CHOICE <strong>100% PURE and WATER-SOLUBLE WHEY PROTEIN<\/strong>.<\/p><p>\u012emon\u0117 skiria daug d\u0117mesio aplinkos apsaugai. Nor\u0117tume i\u0161 anksto pad\u0117koti, kad i\u0161metate panaudotus ir tu\u0161\u010dius <strong>SVEIKAS PASIRINKIMAS<\/strong> pakuot\u0119 \u012f plastiko atliek\u0173 konteiner\u012f, kad ji b\u016bt\u0173 perdirbta.<\/p>\t\t\t\t\t\t\t\t<\/div>\n\t\t\t\t<\/div>\n\t\t\t\t\t<\/div>\n\t\t\t\t<\/div>\n\t\t<div class=\"elementor-element elementor-element-ca0e827 e-flex e-con-boxed e-con e-child\" data-id=\"ca0e827\" data-element_type=\"container\" data-e-type=\"container\">\n\t\t\t\t\t<div class=\"e-con-inner\">\n\t\t\t\t<div class=\"elementor-element elementor-element-544ff1f elementor-widget elementor-widget-text-editor\" data-id=\"544ff1f\" data-element_type=\"widget\" data-e-type=\"widget\" data-widget_type=\"text-editor.default\">\n\t\t\t\t\t\t\t\t\t<p><strong>SVEIKA ENERGIJA<\/strong><\/p>\t\t\t\t\t\t\t\t<\/div>\n\t\t\t\t<div class=\"elementor-element elementor-element-720ebfd elementor-widget-mobile__width-inherit animated-slow elementor-invisible elementor-widget elementor-widget-heading\" data-id=\"720ebfd\" data-element_type=\"widget\" data-e-type=\"widget\" data-settings=\"{&quot;_animation&quot;:&quot;fadeInUp&quot;,&quot;_animation_delay&quot;:200}\" data-widget_type=\"heading.default\">\n\t\t\t\t\t<h2 class=\"elementor-heading-title elementor-size-default\"> Nutrition you can trust!\n\n<\/h2>\t\t\t\t<\/div>\n\t\t<div class=\"elementor-element elementor-element-a35bbd0 e-flex e-con-boxed e-con e-child\" data-id=\"a35bbd0\" data-element_type=\"container\" data-e-type=\"container\">\n\t\t\t\t\t<div class=\"e-con-inner\">\n\t\t<div class=\"elementor-element elementor-element-88d02ab e-con-full animated-slow e-flex elementor-invisible e-con e-child\" data-id=\"88d02ab\" data-element_type=\"container\" data-e-type=\"container\" data-settings=\"{&quot;animation&quot;:&quot;fadeInLeft&quot;,&quot;animation_delay&quot;:200}\">\n\t\t\t\t<div class=\"elementor-element elementor-element-08ed304 elementor-position-left elementor-vertical-align-middle elementor-widget elementor-widget-image-box\" data-id=\"08ed304\" data-element_type=\"widget\" data-e-type=\"widget\" data-widget_type=\"image-box.default\">\n\t\t\t\t\t<div class=\"elementor-image-box-wrapper\"><figure class=\"elementor-image-box-img\"><img loading=\"lazy\" decoding=\"async\" width=\"566\" height=\"441\" src=\"https:\/\/www.healthychoice.world\/wp-content\/uploads\/2025\/08\/vizija.png\" class=\"attachment-full size-full wp-image-2872 wp-post-image\" alt=\"\" srcset=\"https:\/\/www.healthychoice.world\/wp-content\/uploads\/2025\/08\/vizija.png 566w, https:\/\/www.healthychoice.world\/wp-content\/uploads\/2025\/08\/vizija-300x234.png 300w, https:\/\/www.healthychoice.world\/wp-content\/uploads\/2025\/08\/vizija-15x12.png 15w, https:\/\/www.healthychoice.world\/wp-content\/uploads\/2025\/08\/vizija-64x50.png 64w\" sizes=\"(max-width: 566px) 100vw, 566px\" \/><\/figure><div class=\"elementor-image-box-content\"><h3 class=\"elementor-image-box-title\">Vizija<\/h3><\/div><\/div>\t\t\t\t<\/div>\n\t\t\t\t<div class=\"elementor-element elementor-element-a720b44 elementor-widget elementor-widget-text-editor\" data-id=\"a720b44\" data-element_type=\"widget\" data-e-type=\"widget\" data-widget_type=\"text-editor.default\">\n\t\t\t\t\t\t\t\t\t<p><strong>SVEIKA ENERGIJA JSC<\/strong>\u00a0siekia tapti lietuvi\u0161k\u0173 auk\u0161\u010diausios kokyb\u0117s ir biologi\u0161kai verting\u0173 HEALTHY CHOICE 100% PURE ir WATER-SOLUBLE WHEY PROTEIN pardavimo ir eksporto lydere Jungtin\u0117je Karalyst\u0117je, \u012fsitvirtinti Europos ir NVS rinkose bei ateityje \u012fsitvirtinti likusioje pasaulio rinkoje. Tikime, kad m\u016bs\u0173 vizijos s\u0117km\u0117 priklauso nuo u\u017esibr\u0117\u017et\u0173 tiksl\u0173 bei nuolatini\u0173 pastang\u0173, tod\u0117l siekiame:<\/p><ul><li>taikyti naujovi\u0161kus ir modernius veiklos metodus ir daryti visapusi\u0161k\u0105 pa\u017eang\u0105 \u012fgyvendinant savo \u012fsipareigojim\u0105 gaminti ir tiekti auk\u0161tos kokyb\u0117s baltyminius produktus;<\/li><li>tapti patikimiausiu ir labiausiai vertinamu baltym\u0173 gamintoju ir tiek\u0117ju, u\u017etikrinan\u010diu nuolatin\u012f baltym\u0173 produkt\u0173 tiekim\u0105 savo klientams ir verslo partneriams;<\/li><li>i\u0161\u0161\u016bkius paversti galimyb\u0117mis ir pasiekimais;<\/li><li>skatinti iniciatyvum\u0105 ir k\u016brybin\u012f m\u0105stym\u0105;<\/li><li>pagerinti \u012fmon\u0117s rezultatus.<\/li><\/ul>\t\t\t\t\t\t\t\t<\/div>\n\t\t\t\t<\/div>\n\t\t<div class=\"elementor-element elementor-element-ad9da80 e-con-full animated-slow e-flex elementor-invisible e-con e-child\" data-id=\"ad9da80\" data-element_type=\"container\" data-e-type=\"container\" data-settings=\"{&quot;animation&quot;:&quot;fadeInUp&quot;,&quot;animation_delay&quot;:200}\">\n\t\t\t\t<div class=\"elementor-element elementor-element-495a768 elementor-position-left elementor-vertical-align-middle elementor-widget elementor-widget-image-box\" data-id=\"495a768\" data-element_type=\"widget\" data-e-type=\"widget\" data-widget_type=\"image-box.default\">\n\t\t\t\t\t<div class=\"elementor-image-box-wrapper\"><figure class=\"elementor-image-box-img\"><img loading=\"lazy\" decoding=\"async\" width=\"566\" height=\"441\" src=\"https:\/\/www.healthychoice.world\/wp-content\/uploads\/2025\/08\/misija.png\" class=\"attachment-full size-full wp-image-2873 wp-post-image\" alt=\"\" srcset=\"https:\/\/www.healthychoice.world\/wp-content\/uploads\/2025\/08\/misija.png 566w, https:\/\/www.healthychoice.world\/wp-content\/uploads\/2025\/08\/misija-300x234.png 300w, https:\/\/www.healthychoice.world\/wp-content\/uploads\/2025\/08\/misija-15x12.png 15w, https:\/\/www.healthychoice.world\/wp-content\/uploads\/2025\/08\/misija-64x50.png 64w\" sizes=\"(max-width: 566px) 100vw, 566px\" \/><\/figure><div class=\"elementor-image-box-content\"><h3 class=\"elementor-image-box-title\">Misija<\/h3><\/div><\/div>\t\t\t\t<\/div>\n\t\t\t\t<div class=\"elementor-element elementor-element-95f14ae elementor-widget elementor-widget-text-editor\" data-id=\"95f14ae\" data-element_type=\"widget\" data-e-type=\"widget\" data-widget_type=\"text-editor.default\">\n\t\t\t\t\t\t\t\t\t<ul><li>Skatinti \u012fvairaus am\u017eiaus \u017emones gyventi fizi\u0161kai aktyviau, sportuoti ir naudotis nat\u016braliomis Lietuvos\u00a0<strong>SVEIKAS PASIRINKIMAS<\/strong>\u00a0baltym\u0173 koncentratas.<\/li><li>Motyvuoti \u017emones gerinti savo k\u016bn\u0105, sveikat\u0105 ir gerov\u0119 bei pad\u0117ti atsigauti asmenims, patyrusiems traum\u0105 ar susirgusiems.<\/li><li>Skatinti sveik\u0105 gyvensen\u0105.<\/li><li>Pad\u0117ti sportininkams siekti savo tiksl\u0173.<\/li><li>Teikti profesionali\u0105 informacij\u0105 ir konsultavimo paslaugas apie m\u016bs\u0173 gamin\u012f remiantis moksliniais tyrimais.<\/li><li>Siekti ilgalaik\u0117s partneryst\u0117s su klientais ir verslo partneriais.<\/li><li>\u00a0<\/li><\/ul>\t\t\t\t\t\t\t\t<\/div>\n\t\t\t\t<\/div>\n\t\t<div class=\"elementor-element elementor-element-02e177b e-con-full animated-slow e-flex elementor-invisible e-con e-child\" data-id=\"02e177b\" data-element_type=\"container\" data-e-type=\"container\" data-settings=\"{&quot;animation&quot;:&quot;fadeInRight&quot;,&quot;animation_delay&quot;:200}\">\n\t\t\t\t<div class=\"elementor-element elementor-element-9402ee0 elementor-position-left elementor-vertical-align-middle elementor-widget elementor-widget-image-box\" data-id=\"9402ee0\" data-element_type=\"widget\" data-e-type=\"widget\" data-widget_type=\"image-box.default\">\n\t\t\t\t\t<div class=\"elementor-image-box-wrapper\"><figure class=\"elementor-image-box-img\"><img loading=\"lazy\" decoding=\"async\" width=\"566\" height=\"441\" src=\"https:\/\/www.healthychoice.world\/wp-content\/uploads\/2025\/08\/vertybes.png\" class=\"attachment-full size-full wp-image-2874 wp-post-image\" alt=\"\" srcset=\"https:\/\/www.healthychoice.world\/wp-content\/uploads\/2025\/08\/vertybes.png 566w, https:\/\/www.healthychoice.world\/wp-content\/uploads\/2025\/08\/vertybes-300x234.png 300w, https:\/\/www.healthychoice.world\/wp-content\/uploads\/2025\/08\/vertybes-15x12.png 15w, https:\/\/www.healthychoice.world\/wp-content\/uploads\/2025\/08\/vertybes-64x50.png 64w\" sizes=\"(max-width: 566px) 100vw, 566px\" \/><\/figure><div class=\"elementor-image-box-content\"><h3 class=\"elementor-image-box-title\">Vertyb\u0117s<\/h3><\/div><\/div>\t\t\t\t<\/div>\n\t\t\t\t<div class=\"elementor-element elementor-element-7665c9c elementor-widget elementor-widget-text-editor\" data-id=\"7665c9c\" data-element_type=\"widget\" data-e-type=\"widget\" data-widget_type=\"text-editor.default\">\n\t\t\t\t\t\t\t\t\t<p>Our clients and business partners are our top priority, so we always strive to ensure their satisfaction and make them feel comfortable working with us.<\/p><p>We respect and value quality, reliability, openness, helpfulness, honesty, and, above all, long-term partnerships and business ethics. Our company&#8217;s values are to strive for progress together, work as a team, foster long-term partnerships, respect each other, and care for the environment around us.<\/p>\t\t\t\t\t\t\t\t<\/div>\n\t\t\t\t<\/div>\n\t\t\t\t\t<\/div>\n\t\t\t\t<\/div>\n\t\t\t\t\t<\/div>\n\t\t\t\t<\/div>\n\t\t\t\t\t<\/div>\n\t\t\t\t<\/div>\n\t\t\t\t<\/div>","protected":false},"excerpt":{"rendered":"<p>ABOUT THE COMPANY SVEIKA ENERGIJA JSC is a Lithuanian-based company that has, for the first time in Lithuanian history developed, produced and distribute top-quality, world-class protein made exclusively in Lithuania. HEALTHY CHOICE 100% PURE and WATER-SOLUBLE WHEY PROTEIN is made in Lithuania from milk supplied by Lithuanian and other Baltic dairy suppliers. Lithuania has been [&hellip;]<\/p>\n","protected":false},"author":1,"featured_media":0,"parent":0,"menu_order":0,"comment_status":"closed","ping_status":"closed","template":"","meta":{"_monsterinsights_skip_tracking":false,"_monsterinsights_sitenote_active":false,"_monsterinsights_sitenote_note":"","_monsterinsights_sitenote_category":0,"footnotes":""},"class_list":["post-366","page","type-page","status-publish","hentry"],"blocksy_meta":{"has_hero_section":"disabled","vertical_spacing_source":"custom","content_area_spacing":"none","styles_descriptor":{"styles":{"desktop":"","tablet":"","mobile":""},"google_fonts":[],"version":6}},"aioseo_notices":[],"_links":{"self":[{"href":"https:\/\/www.healthychoice.world\/lt\/wp-json\/wp\/v2\/pages\/366","targetHints":{"allow":["GET"]}}],"collection":[{"href":"https:\/\/www.healthychoice.world\/lt\/wp-json\/wp\/v2\/pages"}],"about":[{"href":"https:\/\/www.healthychoice.world\/lt\/wp-json\/wp\/v2\/types\/page"}],"author":[{"embeddable":true,"href":"https:\/\/www.healthychoice.world\/lt\/wp-json\/wp\/v2\/users\/1"}],"replies":[{"embeddable":true,"href":"https:\/\/www.healthychoice.world\/lt\/wp-json\/wp\/v2\/comments?post=366"}],"version-history":[{"count":16,"href":"https:\/\/www.healthychoice.world\/lt\/wp-json\/wp\/v2\/pages\/366\/revisions"}],"predecessor-version":[{"id":2976,"href":"https:\/\/www.healthychoice.world\/lt\/wp-json\/wp\/v2\/pages\/366\/revisions\/2976"}],"wp:attachment":[{"href":"https:\/\/www.healthychoice.world\/lt\/wp-json\/wp\/v2\/media?parent=366"}],"curies":[{"name":"wp","href":"https:\/\/api.w.org\/{rel}","templated":true}]}}