{"id":393,"date":"2020-06-30T06:04:07","date_gmt":"2020-06-30T06:04:07","guid":{"rendered":"https:\/\/www.healthychoice.world\/?page_id=393"},"modified":"2025-08-05T15:43:22","modified_gmt":"2025-08-05T12:43:22","slug":"payment-shipping","status":"publish","type":"page","link":"https:\/\/www.healthychoice.world\/lt\/payment-shipping\/","title":{"rendered":"Mok\u0117jimas ir pristatymas"},"content":{"rendered":"<div data-elementor-type=\"wp-page\" data-elementor-id=\"393\" class=\"elementor elementor-393\">\n\t\t\t\t\t\t<section class=\"elementor-section elementor-top-section elementor-element elementor-element-d8c5319 ct-section-stretched elementor-section-boxed elementor-section-height-default elementor-section-height-default\" data-id=\"d8c5319\" data-element_type=\"section\" data-e-type=\"section\" data-settings=\"{&quot;background_background&quot;:&quot;classic&quot;}\">\n\t\t\t\t\t\t<div class=\"elementor-container elementor-column-gap-default\">\n\t\t\t\t\t<div class=\"elementor-column elementor-col-100 elementor-top-column elementor-element elementor-element-b12f0d2\" data-id=\"b12f0d2\" data-element_type=\"column\" data-e-type=\"column\">\n\t\t\t<div class=\"elementor-widget-wrap elementor-element-populated\">\n\t\t\t\t\t\t<div class=\"elementor-element elementor-element-99b6c3e elementor-widget elementor-widget-heading\" data-id=\"99b6c3e\" data-element_type=\"widget\" data-e-type=\"widget\" data-widget_type=\"heading.default\">\n\t\t\t\t\t<h2 class=\"elementor-heading-title elementor-size-default\">Mok\u0117jimas<\/h2>\t\t\t\t<\/div>\n\t\t\t\t<div class=\"elementor-element elementor-element-2cddae0 elementor-widget elementor-widget-text-editor\" data-id=\"2cddae0\" data-element_type=\"widget\" data-e-type=\"widget\" data-widget_type=\"text-editor.default\">\n\t\t\t\t\t\t\t\t\t<p><strong>1. Galite mok\u0117ti naudodamiesi e. bankininkyste (Paysera)<\/strong><\/p><p>Paysera is an electronic payment system that combines different payment methods: via the Paysera system, electronic banking or payment cards. Paysera offers a free multi-currency account, which takes just a few minutes to open and top up. Also fast and secure online payments, for which the buyer receives a refund of part of the amount spent. Paysera also provides access to a convenient mobile wallet that further facilitates payments both online and in physical locations. Pay through Paysera \u2013 it\u2019s fast, modern and useful. For each payment, the buyer returns to the Paysera account up to 1% of the amount paid for the goods or services.<\/p><p>\"Danske Bank A\/S\" Lietuvos filialas, AS Luminor (\"DNB\") bankas, AS Citadele bankas, AS Luminor (\"Nordea\") bankas, AB SEB bankas, AB bankas \"Swedbank\", AB \u0160iauli\u0173 bankas, UAB Medicinos bankas, Lietuvos kredito unijos, MoQ, Paysera s\u0105skaita, Kreditin\u0117s kortel\u0117s<\/p>\t\t\t\t\t\t\t\t<\/div>\n\t\t\t\t<div class=\"elementor-element elementor-element-bbeee81 elementor-widget elementor-widget-text-editor\" data-id=\"bbeee81\" data-element_type=\"widget\" data-e-type=\"widget\" data-widget_type=\"text-editor.default\">\n\t\t\t\t\t\t\t\t\t<p><strong>2. Galite mok\u0117ti banko pavedimu:<\/strong><\/p><p>Atsiskaitymo reikalavimai:<\/p><ol><li><em><strong>AB \"SEB\" bankas:<\/strong><\/em><br \/>S\u0105skaitos Nr.: LT39 7044 0600 0786 3477 - EUR \/ USD \/ GBP (\u012fvairiomis valiutomis)<br \/>Banko kodas: 70440<br \/>S.W.I.F.T. kodas: CBVILT2X<\/li><li><em><strong>Paysera:\u00a0<\/strong><\/em>UAB Paysera elektronini\u0173 pinig\u0173 \u012fstaiga<br \/>S\u0105skaitos Nr.: LT13 3500 0100 0139 8442 - EUR \/ USD \/ GBP (\u012fvairiomis valiutomis).\u00a0<span class=\"goog-text-highlight\">Banko kodas: 35000,\u00a0<\/span><span class=\"goog-text-highlight\">S.WIFT kodas: EVIULT21XXX<\/span><br \/><br \/><\/li><\/ol><p>Nepamir\u0161kite para\u0161yti\u00a0<strong><u>u\u017esakymo kodas<\/u><\/strong>\u00a0in the field of \u201cPurpose\u201d of the bank transfer.<\/p>\t\t\t\t\t\t\t\t<\/div>\n\t\t\t\t\t<\/div>\n\t\t<\/div>\n\t\t\t\t\t<\/div>\n\t\t<\/section>\n\t\t\t\t<section class=\"elementor-section elementor-top-section elementor-element elementor-element-23bf33e elementor-section-boxed elementor-section-height-default elementor-section-height-default\" data-id=\"23bf33e\" data-element_type=\"section\" data-e-type=\"section\">\n\t\t\t\t\t\t<div class=\"elementor-container elementor-column-gap-default\">\n\t\t\t\t\t<div class=\"elementor-column elementor-col-100 elementor-top-column elementor-element elementor-element-d14ad73\" data-id=\"d14ad73\" data-element_type=\"column\" data-e-type=\"column\">\n\t\t\t<div class=\"elementor-widget-wrap elementor-element-populated\">\n\t\t\t\t\t\t<div class=\"elementor-element elementor-element-ba7a529 elementor-widget elementor-widget-heading\" data-id=\"ba7a529\" data-element_type=\"widget\" data-e-type=\"widget\" data-widget_type=\"heading.default\">\n\t\t\t\t\t<h2 class=\"elementor-heading-title elementor-size-default\">Pristatymas<\/h2>\t\t\t\t<\/div>\n\t\t\t\t<div class=\"elementor-element elementor-element-f628233 elementor-widget elementor-widget-text-editor\" data-id=\"f628233\" data-element_type=\"widget\" data-e-type=\"widget\" data-widget_type=\"text-editor.default\">\n\t\t\t\t\t\t\t\t\t<p>1.1. Pardav\u0117jas siekia, kad konkre\u010dios Pirk\u0117jo u\u017esakytos prek\u0117s b\u016bt\u0173 perduotos kurjeriui per 2 darbo dienas po apmok\u0117jimo u\u017e prekes.<br \/>1.2. Kurjeris pristato prekes Pirk\u0117jo adresu:<br \/>1.2.1. 1-2 darbo dienos Lietuvoje;<br \/>1.2.2. D\u0117l kit\u0173 \u0161ali\u0173 kreipkit\u0117s telefonu arba el. pa\u0161tu;<br \/>1.3. Preki\u0173 pristatymui naudojamos \"Venipak Lietuva\" paslaugos.<br \/>1.4. Bet koks u\u017esakymas bus i\u0161si\u0173stas per \"Venipak Lietuva\" kurjer\u012f. Kai u\u017esakymas bus i\u0161si\u0173stas, gausite prane\u0161im\u0105 su siuntos sekimo numeriu, kad gal\u0117tum\u0117te sekti jo eig\u0105 naudodamiesi internetine paslauga.<br \/>1.5. Informacij\u0105 apie \"Venipak Lietuva\" darbo laik\u0105 (pristatymo laik\u0105) ir \"Venipak Lietuva\" paslaugas pirk\u0117jas gali perskaityti konkre\u010dioje \u0161alyje esan\u010diame \"Venipak\" tinklalapyje.<br \/>1.6. Jei nerandate savo \u0161alies, susisiekite su mumis el. pa\u0161tu arba telefonu ir mes jums parinksime patogiausi\u0105 pristatymo b\u016bd\u0105.<\/p><p><strong>Order amount exceeding 50\u20ac \u2013 FREE delivery in Lithuania<br \/><\/strong>Kitais atvejais visame pasaulyje pristatymo kaina apskai\u010diuojama pagal u\u017esakymo svor\u012f.<\/p>\t\t\t\t\t\t\t\t<\/div>\n\t\t\t\t\t<\/div>\n\t\t<\/div>\n\t\t\t\t\t<\/div>\n\t\t<\/section>\n\t\t\t\t<section class=\"elementor-section elementor-top-section elementor-element elementor-element-47686fe elementor-section-boxed elementor-section-height-default elementor-section-height-default\" data-id=\"47686fe\" data-element_type=\"section\" data-e-type=\"section\">\n\t\t\t\t\t\t<div class=\"elementor-container elementor-column-gap-default\">\n\t\t\t\t\t<div class=\"elementor-column elementor-col-100 elementor-top-column elementor-element elementor-element-4418b88\" data-id=\"4418b88\" data-element_type=\"column\" data-e-type=\"column\">\n\t\t\t<div class=\"elementor-widget-wrap elementor-element-populated\">\n\t\t\t\t\t\t<div class=\"elementor-element elementor-element-c7f4b18 elementor-widget elementor-widget-heading\" data-id=\"c7f4b18\" data-element_type=\"widget\" data-e-type=\"widget\" data-widget_type=\"heading.default\">\n\t\t\t\t\t<h2 class=\"elementor-heading-title elementor-size-default\">Gr\u0105\u017eina<\/h2>\t\t\t\t<\/div>\n\t\t\t\t<div class=\"elementor-element elementor-element-37f73f6 elementor-widget elementor-widget-text-editor\" data-id=\"37f73f6\" data-element_type=\"widget\" data-e-type=\"widget\" data-widget_type=\"text-editor.default\">\n\t\t\t\t\t\t\t\t\t<p>2.1. \u012esigytos prek\u0117s\u00a0<strong>tiesiogiai<\/strong> i\u0161 www.healthychoice.world galima gr\u0105\u017einti per 15 dien\u0173 nuo pristatymo.<br \/>2.2. Gr\u0105\u017einti galima tik neatidaryt\u0105 gaminio pakuot\u0119.<br \/>2.3. Prek\u0117s turi b\u016bti gr\u0105\u017einamos originalioje pakuot\u0117je.<br \/>2.4. Buyer\u2019s refund might be fulfilled in 5 working days after goods were returned to the Seller and the Seller confirmed that the goods are accepted as returned. Delivery fee is non refundable.<br \/>2.5. Jei norite gr\u0105\u017einti prek\u0119, kad j\u0105 pakeistum\u0117te arba gr\u0105\u017eintum\u0117te pinigus, si\u016blome tai padaryti per saugi\u0105 ir apdraust\u0105 pristatymo tarnyb\u0105 (pvz., \"Venipak\", UPS, DHL, DPD ir kt.). Mes neprisiimame atsakomyb\u0117s u\u017e neatsiimtas prekes. Gr\u0105\u017einimo mokes\u010dius apmoka pirk\u0117jas.<br \/>2.6. Paprastai pra\u0161ymas gr\u0105\u017einti prek\u0119 bus i\u0161nagrin\u0117tas per 48 valandas nuo jo gavimo.<br \/>2.7. Gr\u0105\u017einimo adresas: Sporto g. 3-79, LT-09238, Vilnius, Lietuva.<\/p>\t\t\t\t\t\t\t\t<\/div>\n\t\t\t\t\t<\/div>\n\t\t<\/div>\n\t\t\t\t\t<\/div>\n\t\t<\/section>\n\t\t\t\t<\/div>","protected":false},"excerpt":{"rendered":"<p>Payment 1. You can pay by using E-banking (Paysera) Paysera is an electronic payment system that combines different payment methods: via the Paysera system, electronic banking or payment cards. Paysera offers a free multi-currency account, which takes just a few minutes to open and top up. Also fast and secure online payments, for which the [&hellip;]<\/p>\n","protected":false},"author":1,"featured_media":0,"parent":0,"menu_order":0,"comment_status":"closed","ping_status":"closed","template":"","meta":{"_monsterinsights_skip_tracking":false,"_monsterinsights_sitenote_active":false,"_monsterinsights_sitenote_note":"","_monsterinsights_sitenote_category":0,"footnotes":""},"class_list":["post-393","page","type-page","status-publish","hentry"],"blocksy_meta":{"vertical_spacing_source":"custom","content_area_spacing":"none","styles_descriptor":{"styles":{"desktop":"","tablet":"","mobile":""},"google_fonts":[],"version":6}},"aioseo_notices":[],"_links":{"self":[{"href":"https:\/\/www.healthychoice.world\/lt\/wp-json\/wp\/v2\/pages\/393","targetHints":{"allow":["GET"]}}],"collection":[{"href":"https:\/\/www.healthychoice.world\/lt\/wp-json\/wp\/v2\/pages"}],"about":[{"href":"https:\/\/www.healthychoice.world\/lt\/wp-json\/wp\/v2\/types\/page"}],"author":[{"embeddable":true,"href":"https:\/\/www.healthychoice.world\/lt\/wp-json\/wp\/v2\/users\/1"}],"replies":[{"embeddable":true,"href":"https:\/\/www.healthychoice.world\/lt\/wp-json\/wp\/v2\/comments?post=393"}],"version-history":[{"count":4,"href":"https:\/\/www.healthychoice.world\/lt\/wp-json\/wp\/v2\/pages\/393\/revisions"}],"predecessor-version":[{"id":2920,"href":"https:\/\/www.healthychoice.world\/lt\/wp-json\/wp\/v2\/pages\/393\/revisions\/2920"}],"wp:attachment":[{"href":"https:\/\/www.healthychoice.world\/lt\/wp-json\/wp\/v2\/media?parent=393"}],"curies":[{"name":"wp","href":"https:\/\/api.w.org\/{rel}","templated":true}]}}