{"id":1054,"date":"2023-05-03T15:39:12","date_gmt":"2023-05-03T12:39:12","guid":{"rendered":"https:\/\/www.healthychoice.world\/?post_type=product&#038;p=1054"},"modified":"2026-04-30T19:18:15","modified_gmt":"2026-04-30T16:18:15","slug":"healthy-choice-vitamins-d3-120-capsules","status":"publish","type":"product","link":"https:\/\/www.healthychoice.world\/lt\/products\/healthy-choice-vitamins-d3-120-capsules\/","title":{"rendered":"Vitaminai D3 4000IU su alyvuogi\u0173 aliejumi \"Sveikas pasirinkimas\" 120 kapsuli\u0173"},"content":{"rendered":"<h1 class=\"western\" align=\"JUSTIFY\"><strong>Vitaminas D3 4000IU su alyvuogi\u0173 aliejumi<\/strong><\/h1>\n<p>Priedas<\/p>\n<p>120 kapsuli\u0173 \/ 130g Grynasis kiekis<\/p>\n<p>Vitaminas D padeda palaikyti normali\u0105 imunin\u0117s sistemos veikl\u0105, kaul\u0173 ir dant\u0173 b\u016bkl\u0119, raumen\u0173 funkcij\u0105, kalcio ir fosforo \u012fsisavinim\u0105 ir (arba) asimiliacij\u0105 bei kalcio koncentracij\u0105 kraujyje. Vitaminas D atlieka svarb\u0173 vaidmen\u012f l\u0105steli\u0173 dalijimosi procese.<\/p>\n<h2 class=\"western\" align=\"JUSTIFY\">INGRIDIENTAI<\/h2>\n<p>Alyvuogi\u0173 aliejus, kapsul\u0117s apvalkalas - \u017eelatina, dr\u0117gm\u0119 i\u0161laikanti med\u017eiaga glicerolis, vanduo, cholekalciferolis.<\/p>\n<p>1 kapsul\u0117je yra (RMV*, %): vitaminas D3 100 \u03bcg (2000%), alyvuogi\u0173 aliejus 146 mg.<\/p>\n<p>*RMV (orientacin\u0117 maistin\u0117 vert\u0117).<\/p>\n<h2 class=\"western\" align=\"JUSTIFY\">VARTOJIMAS<\/h2>\n<p align=\"JUSTIFY\">Rekomenduojama vartoti po 1 kapsul\u0119 per dien\u0105. Vartoti per burn\u0105. Nevir\u0161ykite nustatytos rekomenduojamos doz\u0117s.<\/p>\n<h2 class=\"western\" align=\"JUSTIFY\">\u012eSP\u0116JIMAI<\/h2>\n<p align=\"JUSTIFY\">Maisto papild\u0105 gali vartoti tik vyresni nei 18 met\u0173 suaugusieji. Laikyti ne auk\u0161tesn\u0117je kaip +25 \u00b0C temperat\u016broje, tamsioje, vaikams nepasiekiamoje vietoje, originalioje pakuot\u0117je. Maisto papildo negalima vartoti kaip maisto pakaitalo. Svarbu \u012fvairi ir subalansuota mityba bei sveikas gyvenimo b\u016bdas.<\/p>","protected":false},"excerpt":{"rendered":"<p>Priedas<\/p>\n<p>120 kapsuli\u0173 \/ 130g Grynasis kiekis<\/p>","protected":false},"featured_media":1055,"template":"","meta":{"_monsterinsights_skip_tracking":false,"_monsterinsights_sitenote_active":false,"_monsterinsights_sitenote_note":"","_monsterinsights_sitenote_category":0},"product_brand":[],"product_cat":[26,55,29,46,36],"product_tag":[39,23,45],"giftcard-category":[],"class_list":{"0":"post-1054","1":"product","2":"type-product","3":"status-publish","4":"has-post-thumbnail","6":"product_cat-100-whey-protein-concentrate-1kg","7":"product_cat-food-supplements","8":"product_cat-wps_wgm_giftcard","9":"product_cat-special","10":"product_cat-vitamins","11":"product_tag-for-health-and-beauty","12":"product_tag-products","13":"product_tag-special","15":"first","16":"instock","17":"sale","18":"featured","19":"taxable","20":"shipping-taxable","21":"purchasable","22":"product-type-simple"},"aioseo_notices":[],"_links":{"self":[{"href":"https:\/\/www.healthychoice.world\/lt\/wp-json\/wp\/v2\/product\/1054","targetHints":{"allow":["GET"]}}],"collection":[{"href":"https:\/\/www.healthychoice.world\/lt\/wp-json\/wp\/v2\/product"}],"about":[{"href":"https:\/\/www.healthychoice.world\/lt\/wp-json\/wp\/v2\/types\/product"}],"wp:featuredmedia":[{"embeddable":true,"href":"https:\/\/www.healthychoice.world\/lt\/wp-json\/wp\/v2\/media\/1055"}],"wp:attachment":[{"href":"https:\/\/www.healthychoice.world\/lt\/wp-json\/wp\/v2\/media?parent=1054"}],"wp:term":[{"taxonomy":"product_brand","embeddable":true,"href":"https:\/\/www.healthychoice.world\/lt\/wp-json\/wp\/v2\/product_brand?post=1054"},{"taxonomy":"product_cat","embeddable":true,"href":"https:\/\/www.healthychoice.world\/lt\/wp-json\/wp\/v2\/product_cat?post=1054"},{"taxonomy":"product_tag","embeddable":true,"href":"https:\/\/www.healthychoice.world\/lt\/wp-json\/wp\/v2\/product_tag?post=1054"},{"taxonomy":"giftcard-category","embeddable":true,"href":"https:\/\/www.healthychoice.world\/lt\/wp-json\/wp\/v2\/giftcard-category?post=1054"}],"curies":[{"name":"wp","href":"https:\/\/api.w.org\/{rel}","templated":true}]}}