{"id":1056,"date":"2023-05-03T15:45:28","date_gmt":"2023-05-03T12:45:28","guid":{"rendered":"https:\/\/www.healthychoice.world\/?post_type=product&#038;p=1056"},"modified":"2025-12-29T08:51:41","modified_gmt":"2025-12-29T06:51:41","slug":"healthy-choice-omega-3-fish-oil-120-capsules","status":"publish","type":"product","link":"https:\/\/www.healthychoice.world\/lt\/products\/healthy-choice-omega-3-fish-oil-120-capsules\/","title":{"rendered":"Omega-3 \u017euv\u0173 taukai \"Sveikas pasirinkimas\" 120 kapsuli\u0173"},"content":{"rendered":"<p style=\"text-align: center;\"><strong>Omega-3<\/strong><\/p>\n<p style=\"text-align: center;\"><strong>\u017duv\u0173 taukai 1000 mg<\/strong><\/p>\n<p style=\"text-align: center;\"><strong>500 mg EPR ir 250 mg DHA TG<\/strong><\/p>\n<p style=\"text-align: center;\"><strong>(Priedas)<\/strong><\/p>\n<p align=\"JUSTIFY\"><a name=\"Bookmark\"><\/a><a name=\"_Hlk128551328\"><\/a><\/p>\n<p>Grynasis turinys: 160,8 g \/ 90 mink\u0161t\u0173j\u0173 kapsuli\u0173<\/p>\n<p>Sveikas pasirinkimas Omega-3 \u017euv\u0173 taukai 1000mg 500mg EPR ir 250mg DHA TG. Pakuot\u0117s pakuot\u0117s pakanka 3 m\u0117nesi\u0173 vartojimo kursui.<\/p>\n<p>Omega-3 yra polineso\u010diosios riebal\u0173 r\u016bg\u0161tys, kitaip vadinamos geraisiais riebalais. Tai nepakei\u010diamosios riebal\u0173 r\u016bg\u0161tys, kuri\u0173 organizmas negali pasigaminti pats. Jos b\u016btinos, kad m\u016bs\u0173 organizme gamint\u0173si \u012fvair\u016bs biologi\u0161kai aktyv\u016bs junginiai. Omega-3 galima gauti su maistu, da\u017eniausiai j\u0173 yra \u017euv\u0173 taukuose, ta\u010diau gali b\u016bti sunku j\u0173 gauti pakankamai i\u0161 to, k\u0105 valgome. Polineso\u010diosios riebal\u0173 r\u016bg\u0161tys, tokios kaip eikozapentaeno r\u016bg\u0161tis (EPA) ir dokozaheksaeno r\u016bg\u0161tis (DHA), i\u0161gaunamos i\u0161 \u017euv\u0173, pavyzd\u017eiui, skumbr\u0117s, la\u0161i\u0161os, tuno ir kt. \u0160ios riebal\u0173 r\u016bg\u0161tys padeda palaikyti normali\u0105 \u0161irdies veikl\u0105. Teigiamas poveikis pasirei\u0161kia kasdien suvartojant 250 mg EPR ir DHA.<\/p>\n<p>Omega-3 \u017euv\u0173 taukuose 1000 mg mink\u0161tosiose kapsul\u0117se yra omega-3, kuriose gausu neso\u010di\u0173j\u0173 riebal\u0173 r\u016bg\u0161\u010di\u0173 EPR (eikozapentaeno r\u016bg\u0161ties) ir DHA (dokozaheksaeno r\u016bg\u0161ties).<\/p>\n<p>DHA - dokozaheksaeno r\u016bg\u0161tis<\/p>\n<p>Sud\u0117tyje yra ilgos grandin\u0117s omega-3 riebal\u0173 r\u016bg\u0161ties, svarbios smegen\u0173, aki\u0173 ir bendram vystymuisi, padeda palaikyti normali\u0105 \u0161irdies veikl\u0105. Nepakankamas \u0161ios r\u016bg\u0161ties kiekis gali sukelti reg\u0117jimo sutrikim\u0173.<\/p>\n<p>EPR - eikozapentaeno r\u016bg\u0161tis<\/p>\n<p>Sud\u0117tyje yra ilgos grandin\u0117s omega-3 riebal\u0173 r\u016bg\u0161ties, svarbios bendrai sveikatai, padeda palaikyti normali\u0105 \u0161irdies veikl\u0105.<\/p>\n<table border=\"1\" width=\"623\" cellspacing=\"0\" cellpadding=\"7\">\n<tbody>\n<tr>\n<td colspan=\"3\" width=\"607\">\n<p lang=\"en-US\"><a name=\"Bookmark2\"><\/a><span style=\"font-family: Times New Roman, serif;\"><span style=\"font-size: medium;\">Sud\u0117tis (1 kapsul\u0117)<\/span><\/span><\/p>\n<\/td>\n<\/tr>\n<tr>\n<td colspan=\"2\" width=\"429\">\n<p lang=\"en-US\"><a name=\"_Hlk128551359\"><\/a><span style=\"font-family: Times New Roman, serif;\"><span style=\"font-size: medium;\">\u017duvies taukai <\/span><\/span><\/p>\n<\/td>\n<td valign=\"TOP\" width=\"164\">\n<p lang=\"en-US\"><span style=\"font-family: Times New Roman, serif;\"><span style=\"font-size: medium;\">1000 mg<\/span><\/span><\/p>\n<\/td>\n<\/tr>\n<tr>\n<td width=\"183\">&nbsp;<\/td>\n<td width=\"232\">\n<p lang=\"en-US\"><span style=\"font-family: Times New Roman, serif;\"><span style=\"font-size: medium;\">EPR (eikozapentaeno r\u016bg\u0161tis)<\/span><\/span><\/p>\n<\/td>\n<td width=\"164\">\n<p lang=\"en-US\"><span style=\"font-family: Times New Roman, serif;\"><span style=\"font-size: medium;\">500 mg<\/span><\/span><\/p>\n<\/td>\n<\/tr>\n<tr>\n<td width=\"183\">&nbsp;<\/td>\n<td width=\"232\">\n<p lang=\"en-US\"><span style=\"font-family: Times New Roman, serif;\"><span style=\"font-size: medium;\">DHR (dokozaheksaeno r\u016bg\u0161tis)<\/span><\/span><\/p>\n<\/td>\n<td width=\"164\">\n<p lang=\"en-US\"><span style=\"font-family: Times New Roman, serif;\"><span style=\"font-size: medium;\">250 mg<\/span><\/span><\/p>\n<\/td>\n<\/tr>\n<tr>\n<td colspan=\"3\" width=\"607\">\n<p lang=\"en-US\"><span style=\"font-family: Times New Roman, serif;\"><span style=\"font-size: medium;\">Omega-3 kiekis ne ma\u017eesnis kaip 75% (50% EPR ir 25% DHR)<\/span><\/span><\/p>\n<\/td>\n<\/tr>\n<tr>\n<td colspan=\"3\" width=\"607\">\n<p lang=\"en-US\"><span style=\"font-family: Times New Roman, serif;\"><span style=\"font-size: medium;\">Kapsul\u0117s apvalkalas<\/span><\/span><\/p>\n<\/td>\n<\/tr>\n<tr>\n<td colspan=\"2\" width=\"429\">\n<p lang=\"en-US\"><span style=\"font-family: Times New Roman, serif;\"><span style=\"font-size: medium;\">\u017delatina<\/span><\/span><\/p>\n<\/td>\n<td width=\"164\">\n<p lang=\"en-US\"><span style=\"font-family: Times New Roman, serif;\"><span style=\"font-size: medium;\">210 mg<\/span><\/span><\/p>\n<\/td>\n<\/tr>\n<tr>\n<td colspan=\"2\" width=\"429\">\n<p lang=\"en-US\"><a name=\"_Hlk128160919\"><\/a><span style=\"font-family: Times New Roman, serif;\"><span style=\"font-size: medium;\">Glicerinas<\/span><\/span><\/p>\n<\/td>\n<td width=\"164\">\n<p lang=\"en-US\"><span style=\"font-family: Times New Roman, serif;\"><span style=\"font-size: medium;\">135 mg<\/span><\/span><\/p>\n<\/td>\n<\/tr>\n<tr>\n<td colspan=\"2\" width=\"429\" height=\"3\">\n<p lang=\"en-US\"><span style=\"font-family: Times New Roman, serif;\"><span style=\"font-size: medium;\">Vanduo<\/span><\/span><\/p>\n<\/td>\n<td width=\"164\">\n<p lang=\"en-US\"><span style=\"font-family: Times New Roman, serif;\"><span style=\"font-size: medium;\">25 mg<\/span><\/span><\/p>\n<\/td>\n<\/tr>\n<\/tbody>\n<\/table>\n<p align=\"JUSTIFY\"><span style=\"font-family: Open Sans, serif;\"><span style=\"font-size: large;\"><b>INGRIDIENTAI:<\/b><\/span><\/span><\/p>\n<p><a name=\"Bookmark3\"><\/a> \u017duv\u0173 taukai, \u017eelatina (kapsul\u0117s apvalkalas), glicerinas (kapsul\u0117s apvalkalas), vanduo (kapsul\u0117s apvalkalas).<\/p>\n<p><span style=\"font-family: Open Sans, serif;\"><span style=\"font-size: large;\"><b>VARTOJIMAS:<\/b><\/span><\/span><\/p>\n<p>Suaugusiesiems po 1 mink\u0161t\u0105j\u0105 kapsul\u0119 per dien\u0105. Vartoti su maistu. Jei esate n\u0117\u0161\u010dia, slaugote k\u016bdik\u012f, vartojate vaistus ar turite sveikatos sutrikim\u0173, prie\u0161 vartojim\u0105 pasitarkite su gydytoju.<\/p>\n<p><span style=\"font-family: Open Sans, serif;\"><span style=\"font-size: large;\"><b>\u012eSP\u0116JIMAI:<\/b><\/span><\/span><\/p>\n<p>Nevir\u0161ykite nustatytos rekomenduojamos paros doz\u0117s. Laikyti kambario temperat\u016broje, sausoje, vaikams nepasiekiamoje vietoje, atokiau nuo tiesiogini\u0173 saul\u0117s spinduli\u0173. Maisto papildas n\u0117ra maisto pakaitalas, tod\u0117l svarbu laikytis \u012fvairios ir subalansuotos mitybos. Produkto sud\u0117tyje n\u0117ra laktoz\u0117s, kiau\u0161ini\u0173, glitimo ar kit\u0173 galim\u0173 alergen\u0173. Produkto sud\u0117tyje yra \u017euvies produkt\u0173, tod\u0117l jis netinka vegetarams ir veganams.<\/p>\n<p>Teiginiai apie sveikum\u0105 patvirtinti Europos Komisijos reglamentu (ES) Nr. 274\/2014.<\/p>","protected":false},"excerpt":{"rendered":"<p>Grynasis turinys: 160,8 g \/ 90 mink\u0161t\u0173j\u0173 kapsuli\u0173<\/p>\n<p>Sveikas pasirinkimas Omega-3 \u017euv\u0173 taukai 1000mg 500mg EPR ir 250mg DHA TG. Pakuot\u0117s pakuot\u0117s pakanka 3 m\u0117nesi\u0173 vartojimo kursui.<\/p>","protected":false},"featured_media":1257,"template":"","meta":{"_monsterinsights_skip_tracking":false,"_monsterinsights_sitenote_active":false,"_monsterinsights_sitenote_note":"","_monsterinsights_sitenote_category":0},"product_brand":[],"product_cat":[26,55,29,46,36],"product_tag":[39,23,45],"giftcard-category":[],"class_list":{"0":"post-1056","1":"product","2":"type-product","3":"status-publish","4":"has-post-thumbnail","6":"product_cat-100-whey-protein-concentrate-1kg","7":"product_cat-food-supplements","8":"product_cat-wps_wgm_giftcard","9":"product_cat-special","10":"product_cat-vitamins","11":"product_tag-for-health-and-beauty","12":"product_tag-products","13":"product_tag-special","15":"first","16":"instock","17":"sale","18":"taxable","19":"shipping-taxable","20":"purchasable","21":"product-type-simple"},"aioseo_notices":[],"_links":{"self":[{"href":"https:\/\/www.healthychoice.world\/lt\/wp-json\/wp\/v2\/product\/1056","targetHints":{"allow":["GET"]}}],"collection":[{"href":"https:\/\/www.healthychoice.world\/lt\/wp-json\/wp\/v2\/product"}],"about":[{"href":"https:\/\/www.healthychoice.world\/lt\/wp-json\/wp\/v2\/types\/product"}],"wp:featuredmedia":[{"embeddable":true,"href":"https:\/\/www.healthychoice.world\/lt\/wp-json\/wp\/v2\/media\/1257"}],"wp:attachment":[{"href":"https:\/\/www.healthychoice.world\/lt\/wp-json\/wp\/v2\/media?parent=1056"}],"wp:term":[{"taxonomy":"product_brand","embeddable":true,"href":"https:\/\/www.healthychoice.world\/lt\/wp-json\/wp\/v2\/product_brand?post=1056"},{"taxonomy":"product_cat","embeddable":true,"href":"https:\/\/www.healthychoice.world\/lt\/wp-json\/wp\/v2\/product_cat?post=1056"},{"taxonomy":"product_tag","embeddable":true,"href":"https:\/\/www.healthychoice.world\/lt\/wp-json\/wp\/v2\/product_tag?post=1056"},{"taxonomy":"giftcard-category","embeddable":true,"href":"https:\/\/www.healthychoice.world\/lt\/wp-json\/wp\/v2\/giftcard-category?post=1056"}],"curies":[{"name":"wp","href":"https:\/\/api.w.org\/{rel}","templated":true}]}}