{"id":1141,"date":"2023-06-28T11:13:10","date_gmt":"2023-06-28T08:13:10","guid":{"rendered":"https:\/\/www.healthychoice.world\/?post_type=product&#038;p=1141"},"modified":"2026-04-17T16:57:37","modified_gmt":"2026-04-17T13:57:37","slug":"melatonin-tryptophan-b6-120-tablets","status":"publish","type":"product","link":"https:\/\/www.healthychoice.world\/lt\/products\/melatonin-tryptophan-b6-120-tablets\/","title":{"rendered":"Melatoninas + triptofanas + B6 120 table\u010di\u0173"},"content":{"rendered":"<p>Priedas<\/p>\n<p>Melatoninas padeda sutrumpinti u\u017emigimo laik\u0105. L-triptofanas yra nepakei\u010diamoji aminor\u016bg\u0161tis, b\u016btina baltym\u0173, dalyvaujan\u010di\u0173 melatonino ir serotonino sintez\u0117je, gamybai. Vitaminas B6 padeda palaikyti normali\u0105 energijos apykait\u0105, normali\u0105 nerv\u0173 sistemos veikl\u0105, normali\u0105 homocisteino apykait\u0105, normali\u0105 baltym\u0173 ir glikogeno apykait\u0105.<\/p>\n<p>120 table\u010di\u0173<br \/>\nGrynasis svoris: 32,4 g<\/p>\n<p>SUD\u0116TIS:<br \/>\nU\u017epildas: mikrokristalin\u0117 celiulioz\u0117, kalcio vandenilio fosfatas; L-triptofanas, lipnum\u0105 reguliuojan\u010dios med\u017eiagos: magnio stearatas, silicio dioksidas; piridoksino hidrochloridas, melatoninas.<\/p>\n<p>SUD\u0116TIS (1 tablet\u0117):<br \/>\nL-triptofanas 40 mg<br \/>\nVitaminas B6 6 mg (428,4% RMV*)<br \/>\nMelatoninas 1 mg<\/p>\n<p>RMV* (etalonin\u0117 maistin\u0117 vert\u0117).<\/p>\n<p>NAUDOJIMAS:<br \/>\nsuaugusiesiems po 1 tablet\u0119 per dien\u0105 prie\u0161 mieg\u0105.<br \/>\nLaikykite vaikams nepasiekiamoje vietoje!<br \/>\nNevir\u0161ykite rekomenduojamos paros doz\u0117s!<br \/>\nLaikykite originalioje pakuot\u0117je, sausoje vietoje, kambario temperat\u016broje!<br \/>\nNevartokite maisto papild\u0173 kaip sveikos ir subalansuotos mitybos pakaitalo!<\/p>\n<p>\u012eSP\u0116JIMAS:<\/p>\n<p>Nevir\u0161ykite rekomenduojamos paros doz\u0117s. Laikyti ne auk\u0161tesn\u0117je kaip +25 \u00b0C temperat\u016broje, vaikams nepasiekiamoje vietoje. Nerekomenduojama vartoti n\u0117\u0161tumo metu, maitinan\u010dioms motinoms, sergan\u010dioms autoimunin\u0117mis ligomis, taip pat vaikams. Vairuotojai tur\u0117t\u0173 vartoti atsargiai, nes tablet\u0117s gali sukelti mieguistum\u0105 ir sul\u0117tinti reakcij\u0105.<\/p>","protected":false},"excerpt":{"rendered":"<p>Priedas<\/p>\n<p>120 table\u010di\u0173<br \/>\nGrynasis svoris: 32,4 g<\/p>","protected":false},"featured_media":1142,"template":"","meta":{"_monsterinsights_skip_tracking":false,"_monsterinsights_sitenote_active":false,"_monsterinsights_sitenote_note":"","_monsterinsights_sitenote_category":0},"product_brand":[],"product_cat":[26,55,29,46,36],"product_tag":[39,23,45],"giftcard-category":[],"class_list":{"0":"post-1141","1":"product","2":"type-product","3":"status-publish","4":"has-post-thumbnail","6":"product_cat-100-whey-protein-concentrate-1kg","7":"product_cat-food-supplements","8":"product_cat-wps_wgm_giftcard","9":"product_cat-special","10":"product_cat-vitamins","11":"product_tag-for-health-and-beauty","12":"product_tag-products","13":"product_tag-special","15":"first","16":"instock","17":"sale","18":"taxable","19":"shipping-taxable","20":"purchasable","21":"product-type-simple"},"aioseo_notices":[],"_links":{"self":[{"href":"https:\/\/www.healthychoice.world\/lt\/wp-json\/wp\/v2\/product\/1141","targetHints":{"allow":["GET"]}}],"collection":[{"href":"https:\/\/www.healthychoice.world\/lt\/wp-json\/wp\/v2\/product"}],"about":[{"href":"https:\/\/www.healthychoice.world\/lt\/wp-json\/wp\/v2\/types\/product"}],"wp:featuredmedia":[{"embeddable":true,"href":"https:\/\/www.healthychoice.world\/lt\/wp-json\/wp\/v2\/media\/1142"}],"wp:attachment":[{"href":"https:\/\/www.healthychoice.world\/lt\/wp-json\/wp\/v2\/media?parent=1141"}],"wp:term":[{"taxonomy":"product_brand","embeddable":true,"href":"https:\/\/www.healthychoice.world\/lt\/wp-json\/wp\/v2\/product_brand?post=1141"},{"taxonomy":"product_cat","embeddable":true,"href":"https:\/\/www.healthychoice.world\/lt\/wp-json\/wp\/v2\/product_cat?post=1141"},{"taxonomy":"product_tag","embeddable":true,"href":"https:\/\/www.healthychoice.world\/lt\/wp-json\/wp\/v2\/product_tag?post=1141"},{"taxonomy":"giftcard-category","embeddable":true,"href":"https:\/\/www.healthychoice.world\/lt\/wp-json\/wp\/v2\/giftcard-category?post=1141"}],"curies":[{"name":"wp","href":"https:\/\/api.w.org\/{rel}","templated":true}]}}