{"id":1482,"date":"2021-11-26T03:00:07","date_gmt":"2021-11-26T01:00:07","guid":{"rendered":"https:\/\/www.healthychoice.world\/?post_type=product&#038;p=1482"},"modified":"2026-04-30T19:24:23","modified_gmt":"2026-04-30T16:24:23","slug":"getting-started-in-sport-set","status":"publish","type":"product","link":"https:\/\/www.healthychoice.world\/lt\/products\/getting-started-in-sport-set\/","title":{"rendered":"&#8220;Getting Started in Sport&#8221; set"},"content":{"rendered":"<blockquote class=\"wp-embedded-content\" data-secret=\"WjhGImlJB2\"><p><a href=\"https:\/\/www.healthychoice.world\/lt\/products\/bcaa-blackcurrant-flavor-400g\/\">BCAA juod\u0173j\u0173 serbent\u0173 skonio, 400g<\/a><\/p><\/blockquote>\n<p><iframe class=\"wp-embedded-content\" sandbox=\"allow-scripts\" security=\"restricted\" style=\"position: absolute; visibility: hidden;\" title=\"&#8220;BCAA Blackcurrant flavor, 400g&#8221; &#8212; HealthyChoice.world\" src=\"https:\/\/www.healthychoice.world\/products\/bcaa-blackcurrant-flavor-400g\/embed\/#?secret=fvsgSLD8g6#?secret=WjhGImlJB2\" data-secret=\"WjhGImlJB2\" width=\"600\" height=\"338\" frameborder=\"0\" marginwidth=\"0\" marginheight=\"0\" scrolling=\"no\"><\/iframe><\/p>\n<blockquote class=\"wp-embedded-content\" data-secret=\"xRXF9H953G\"><p><a href=\"https:\/\/www.healthychoice.world\/lt\/products\/multivitamins-and-minerals-healthy-choice-90-tablets\/\">Multivitaminai ir mineralai \"Sveikas pasirinkimas\" 90 table\u010di\u0173<\/a><\/p><\/blockquote>\n<p><iframe class=\"wp-embedded-content\" sandbox=\"allow-scripts\" security=\"restricted\" style=\"position: absolute; visibility: hidden;\" title=\"&#8220;Multivitamins and minerals &#8220;Healthy Choice&#8221; 90 tablets&#8221; &#8212; HealthyChoice.world\" src=\"https:\/\/www.healthychoice.world\/products\/multivitamins-and-minerals-healthy-choice-90-tablets\/embed\/#?secret=Mkzhl0mYfJ#?secret=xRXF9H953G\" data-secret=\"xRXF9H953G\" width=\"600\" height=\"338\" frameborder=\"0\" marginwidth=\"0\" marginheight=\"0\" scrolling=\"no\"><\/iframe><\/p>\n<blockquote class=\"wp-embedded-content\" data-secret=\"AfZbgm4qb6\"><p><a href=\"https:\/\/www.healthychoice.world\/lt\/products\/whey-protein-healthy-choice\/\">100% I\u0161r\u016bg\u0173 baltym\u0173 koncentratas 1 kg.<\/a><\/p><\/blockquote>\n<p><iframe class=\"wp-embedded-content\" sandbox=\"allow-scripts\" security=\"restricted\" style=\"position: absolute; visibility: hidden;\" title=\"&#8220;100% Whey Protein Concentrate 1kg.&#8221; &#8212; HealthyChoice.world\" src=\"https:\/\/www.healthychoice.world\/products\/whey-protein-healthy-choice\/embed\/#?secret=KniVpibafL#?secret=AfZbgm4qb6\" data-secret=\"AfZbgm4qb6\" width=\"600\" height=\"338\" frameborder=\"0\" marginwidth=\"0\" marginheight=\"0\" scrolling=\"no\"><\/iframe><\/p>\n<blockquote class=\"wp-embedded-content\" data-secret=\"KSohVVYe9b\"><p><a href=\"https:\/\/www.healthychoice.world\/lt\/products\/almond-nut-butter-healthy-choice\/\">Migdol\u0173 sviestas CHUNKY 250gr.<\/a><\/p><\/blockquote>\n<p><iframe class=\"wp-embedded-content\" sandbox=\"allow-scripts\" security=\"restricted\" style=\"position: absolute; visibility: hidden;\" title=\"&#8220;Almond butter CHUNKY 250gr.&#8221; &#8212; HealthyChoice.world\" src=\"https:\/\/www.healthychoice.world\/products\/almond-nut-butter-healthy-choice\/embed\/#?secret=e44SgrfL1h#?secret=KSohVVYe9b\" data-secret=\"KSohVVYe9b\" width=\"600\" height=\"338\" frameborder=\"0\" marginwidth=\"0\" marginheight=\"0\" scrolling=\"no\"><\/iframe><\/p>\n<blockquote class=\"wp-embedded-content\" data-secret=\"KR16DNImSK\"><p><a href=\"https:\/\/www.healthychoice.world\/lt\/products\/healthy-choice-shaker-cup-600ml\/\">\"Healthy Choice\" kokteilin\u0117, 600 ml<\/a><\/p><\/blockquote>\n<p><iframe class=\"wp-embedded-content\" sandbox=\"allow-scripts\" security=\"restricted\" style=\"position: absolute; visibility: hidden;\" title=\"&#8220;&#8220;Healthy Choice&#8221; Shaker\/Cup, 600ml&#8221; &#8212; HealthyChoice.world\" src=\"https:\/\/www.healthychoice.world\/products\/healthy-choice-shaker-cup-600ml\/embed\/#?secret=D6Qq4WJe7C#?secret=KR16DNImSK\" data-secret=\"KR16DNImSK\" width=\"600\" height=\"338\" frameborder=\"0\" marginwidth=\"0\" marginheight=\"0\" scrolling=\"no\"><\/iframe><\/p>","protected":false},"excerpt":{"rendered":"<p>BCAA Blackcurrant flavor, 400g Multivitamins and minerals &#8220;Healthy Choice&#8221; 90 tablets 100% Whey Protein Concentrate 1kg. Almond butter CHUNKY 250gr. &#8220;Healthy Choice&#8221; Shaker\/Cup, 600ml<\/p>","protected":false},"featured_media":1483,"template":"","meta":{"_monsterinsights_skip_tracking":false,"_monsterinsights_sitenote_active":false,"_monsterinsights_sitenote_note":"","_monsterinsights_sitenote_category":0},"product_brand":[],"product_cat":[53,58,46,15,59],"product_tag":[23,24,45],"giftcard-category":[],"class_list":{"0":"post-1482","1":"product","2":"type-product","3":"status-publish","4":"has-post-thumbnail","6":"product_cat-nut-products","7":"product_cat-sets","8":"product_cat-special","9":"product_cat-uncategorized","10":"product_cat-whey-proteins","11":"product_tag-products","12":"product_tag-sets","13":"product_tag-special","15":"first","16":"instock","17":"sale","18":"taxable","19":"shipping-taxable","20":"purchasable","21":"product-type-simple"},"aioseo_notices":[],"_links":{"self":[{"href":"https:\/\/www.healthychoice.world\/lt\/wp-json\/wp\/v2\/product\/1482","targetHints":{"allow":["GET"]}}],"collection":[{"href":"https:\/\/www.healthychoice.world\/lt\/wp-json\/wp\/v2\/product"}],"about":[{"href":"https:\/\/www.healthychoice.world\/lt\/wp-json\/wp\/v2\/types\/product"}],"wp:featuredmedia":[{"embeddable":true,"href":"https:\/\/www.healthychoice.world\/lt\/wp-json\/wp\/v2\/media\/1483"}],"wp:attachment":[{"href":"https:\/\/www.healthychoice.world\/lt\/wp-json\/wp\/v2\/media?parent=1482"}],"wp:term":[{"taxonomy":"product_brand","embeddable":true,"href":"https:\/\/www.healthychoice.world\/lt\/wp-json\/wp\/v2\/product_brand?post=1482"},{"taxonomy":"product_cat","embeddable":true,"href":"https:\/\/www.healthychoice.world\/lt\/wp-json\/wp\/v2\/product_cat?post=1482"},{"taxonomy":"product_tag","embeddable":true,"href":"https:\/\/www.healthychoice.world\/lt\/wp-json\/wp\/v2\/product_tag?post=1482"},{"taxonomy":"giftcard-category","embeddable":true,"href":"https:\/\/www.healthychoice.world\/lt\/wp-json\/wp\/v2\/giftcard-category?post=1482"}],"curies":[{"name":"wp","href":"https:\/\/api.w.org\/{rel}","templated":true}]}}