{"id":606,"date":"2022-01-15T16:00:21","date_gmt":"2022-01-15T14:00:21","guid":{"rendered":"https:\/\/www.healthychoice.world\/?post_type=product&#038;p=606"},"modified":"2026-01-14T01:43:48","modified_gmt":"2026-01-13T23:43:48","slug":"peanut-butter-chunky-1kg","status":"publish","type":"product","link":"https:\/\/www.healthychoice.world\/lt\/products\/peanut-butter-chunky-1kg\/","title":{"rendered":"\u017dem\u0117s rie\u0161ut\u0173 sviestas CHUNKY 1 kg."},"content":{"rendered":"<h2 style=\"text-align: center;\">About \u201eHEALTHY CHOICE\u201c Peanut butter<\/h2>\n<p>[row]<\/p>\n<p>[col span=&#8221;6&#8243; span__sm=&#8221;12&#8243;]<\/p>\n<p>100 % pure, natural taste PEANUT BUTTER <strong>\u201eHEALTHY&nbsp;CHOICE\u201c<\/strong> consists of the best quality vegetable protein, unsaturated fat, fibre and carbohydrates. It is created preserving a high biological value (BV). This is a great tasting, inexpensive, high-quality product suitable for consumption several times a day.<\/p>\n<p>100 % pure, natural taste peanut butter <strong>\u201eHEALTHY&nbsp;CHOICE\u201c<\/strong> is of the highest quality and excellent consistency. It is produced from the highest quality peanuts, which are rich in vitamins and minerals, such as sodium, calcium, magnesium, potassium. This great tasting high quality product is made from natural ingredients, without any artificial spices, flavour enhancers, fat, synthetic additives and colorants.<\/p>\n<p><strong>\u201eHEALTHY&nbsp;CHOICE\u201c<\/strong> peanut butter is extracted baking peanuts with their husk. Later nuts are mashed, in order to be extracted wonderful, crisp taste. So is preserved intact protein and fat structure. (100 g) the product has up to 30 grams of protein which plays a role in muscle development, 19 g carbohydrate, and even up to 50 grams of good fats (more valuable than animal fats as the main part consists of unsaturated fatty acids).<\/p>\n<p>This product is one of the best sources of branched-chain essential fatty acids (EFAs), long recognized as one of the healthiest sources of fat and protein.<\/p>\n<p>Peanuts are rich in B vitamins (B1, B2, B6), which is necessary to get constantly with food because the body does not save it, as well as iodine, phosphorus, iron, magnesium, calcium, potassium, sodium.<\/p>\n<p>[\/col]<br \/>\n[col span=&#8221;6&#8243; span__sm=&#8221;12&#8243;]<\/p>\n<ul>\n<li>made in Lithuania;<\/li>\n<li>made of 100% peanut;<\/li>\n<li>does not contain sweeteners, colourings and flavour additives;<\/li>\n<li>does not contain synthetic materials;<\/li>\n<li>does not contain preservatives;<\/li>\n<li>preserved high biological value;<\/li>\n<li>is a source of energy;<\/li>\n<li>has an especially pleasant taste;<\/li>\n<li>does not contain sugar, salt or oil;<\/li>\n<li>great complex of unsaturated fatty acids:\n<ul>\n<li>are mono-unsaturated fats;<\/li>\n<li>are poly-unsaturated fats:<\/li>\n<li>&#8211; of which are essential linoleic and alpha-linolenic fatty acids (EFAs):<\/li>\n<li>&#8211; are Omega-6 fatty acids, which are extremely important for the brain and heart functions and maintain normal growth and development;<\/li>\n<li>&#8211; are vitamins and minerals sodium, calcium, magnesium, potassium;<\/li>\n<li>helps grow and maintain muscle mass;<\/li>\n<\/ul>\n<\/li>\n<li>suitable for athletes;<\/li>\n<li>suitable for children and pregnant women;<\/li>\n<li>suitable for vegetarians and vegans;<\/li>\n<li>suitable for individuals following a raw food diet;<\/li>\n<li>does not contain aspartame or added sugar;<\/li>\n<\/ul>\n<p>[\/col]<\/p>\n<p>[\/row]<\/p>\n","protected":false},"excerpt":{"rendered":"<p>\"Healthy Choice\" \u017eem\u0117s rie\u0161ut\u0173 u\u017etep\u0117l\u0117 yra dviej\u0173 skoni\u0173 - kremin\u0117 ir su gabal\u0117liais, su auk\u0161tos kokyb\u0117s augalin\u0117s kilm\u0117s baltymais, neso\u010diaisiais riebalais, skaidulin\u0117mis med\u017eiagomis ir angliavandeniais. Sudarytas taip, kad i\u0161laikyt\u0173 auk\u0161t\u0105 biologin\u0119 vert\u0119 (BV). Tai kokybi\u0161kas produktas, kur\u012f galima vartoti kelis kartus per dien\u0105.<\/p>","protected":false},"featured_media":1070,"template":"","meta":{"_monsterinsights_skip_tracking":false,"_monsterinsights_sitenote_active":false,"_monsterinsights_sitenote_note":"","_monsterinsights_sitenote_category":0},"product_brand":[],"product_cat":[26,29,53],"product_tag":[23,27],"giftcard-category":[],"class_list":{"0":"post-606","1":"product","2":"type-product","3":"status-publish","4":"has-post-thumbnail","6":"product_cat-100-whey-protein-concentrate-1kg","7":"product_cat-wps_wgm_giftcard","8":"product_cat-nut-products","9":"product_tag-products","10":"product_tag-top","12":"first","13":"instock","14":"sale","15":"taxable","16":"shipping-taxable","17":"purchasable","18":"product-type-simple"},"aioseo_notices":[],"_links":{"self":[{"href":"https:\/\/www.healthychoice.world\/lt\/wp-json\/wp\/v2\/product\/606","targetHints":{"allow":["GET"]}}],"collection":[{"href":"https:\/\/www.healthychoice.world\/lt\/wp-json\/wp\/v2\/product"}],"about":[{"href":"https:\/\/www.healthychoice.world\/lt\/wp-json\/wp\/v2\/types\/product"}],"wp:featuredmedia":[{"embeddable":true,"href":"https:\/\/www.healthychoice.world\/lt\/wp-json\/wp\/v2\/media\/1070"}],"wp:attachment":[{"href":"https:\/\/www.healthychoice.world\/lt\/wp-json\/wp\/v2\/media?parent=606"}],"wp:term":[{"taxonomy":"product_brand","embeddable":true,"href":"https:\/\/www.healthychoice.world\/lt\/wp-json\/wp\/v2\/product_brand?post=606"},{"taxonomy":"product_cat","embeddable":true,"href":"https:\/\/www.healthychoice.world\/lt\/wp-json\/wp\/v2\/product_cat?post=606"},{"taxonomy":"product_tag","embeddable":true,"href":"https:\/\/www.healthychoice.world\/lt\/wp-json\/wp\/v2\/product_tag?post=606"},{"taxonomy":"giftcard-category","embeddable":true,"href":"https:\/\/www.healthychoice.world\/lt\/wp-json\/wp\/v2\/giftcard-category?post=606"}],"curies":[{"name":"wp","href":"https:\/\/api.w.org\/{rel}","templated":true}]}}