{"id":899,"date":"2021-12-09T15:14:03","date_gmt":"2021-12-09T13:14:03","guid":{"rendered":"https:\/\/www.healthychoice.world\/?post_type=product&#038;p=899"},"modified":"2026-04-17T17:02:47","modified_gmt":"2026-04-17T14:02:47","slug":"set-l-carnitine-orange-flavor-100-pure-collagen-strawberry-flavor","status":"publish","type":"product","link":"https:\/\/www.healthychoice.world\/lt\/products\/set-l-carnitine-orange-flavor-100-pure-collagen-strawberry-flavor\/","title":{"rendered":"Rinkinys: L-karnitinas apelsin\u0173 skonio + 100% grynas kolagenas bra\u0161ki\u0173 skonio"},"content":{"rendered":"<p><strong>100% GRYNAS KOLAGENAS BRA\u0160KI\u0172 SKONIO<\/strong><\/p>\n<p>Grynasis kiekis 500 ml<\/p>\n<p>Kolagenas yra nat\u016bralus \u017emogaus organizmo baltymas, kuris palaiko odos, kaul\u0173 ir raumen\u0173 strukt\u016br\u0105, ta\u010diau senstant organizmo geb\u0117jimas pa\u010diam sintetinti kolagen\u0105 ma\u017e\u0117ja. D\u0117l \u0161ios prie\u017easties kuriami kolageno papildai, kurie padeda palaikyti normali\u0105 odos, plauk\u0173 ir nag\u0173 b\u016bkl\u0119, ma\u017eina kaul\u0173 nykim\u0105 ir teigiamai veikia \u0161irdies ir kraujagysli\u0173 sistem\u0105.<\/p>\n<p>100 proc. grynas bra\u0161ki\u0173 skonio kolagenas yra geriausios kokyb\u0117s, sukurtas i\u0161saugant visas svarbiausias med\u017eiagas, gerinan\u010dias plauk\u0173, odos, nag\u0173, jungiamojo audinio, s\u0105nari\u0173 b\u016bkl\u0119. Tai puikus bra\u0161ki\u0173 skonio, nebrangus, kokybi\u0161kas produktas, tinkamas vartoti kart\u0105 per dien\u0105.<\/p>\n<p>100 proc. gryno bra\u0161ki\u0173 skonio kolageno sud\u0117tyje yra biotino, cinko, vitamin\u0173 E ir C. Biotinas labai svarbus angliavandeni\u0173, baltym\u0173 ir riebal\u0173 apykaitai. Biotinas padeda palaikyti normali\u0105 energijos apykait\u0105, nerv\u0173 sistemos veikl\u0105, psichologines funkcijas ir odos b\u016bkl\u0119. Cinkas b\u016btinas baltym\u0173 gamybai, svarbus imunini\u0173 l\u0105steli\u0173 vystymuisi ir funkcionavimui. Cinkas, kaip ir vitaminai E ir C, padeda palaikyti stipri\u0105 imunin\u0119 sistem\u0105.<\/p>\n<p>&nbsp;<\/p>\n<p><strong>PAGRINDINIAI \u0160IO BRA\u0160KI\u0172 SKONIO KOLAGENO PRIVALUMAI:<\/strong><\/p>\n<p>labai geras, nat\u016bralus bra\u0161ki\u0173 skonis;<br \/>\ni\u0161saugoma didel\u0117 biologin\u0117 vert\u0117;<br \/>\nbe laktoz\u0117s;<br \/>\nkolagene gausu vitamin\u0173 E ir C;<br \/>\ntinka i\u0161rankiems naudotojams;<br \/>\nma\u017eai cukraus, angliavandeni\u0173 ir riebal\u0173;<br \/>\npadeda pagerinti odos elastingum\u0105 ir raumen\u0173 mas\u0119 bei u\u017ekirsti keli\u0105 sen\u0117jimo po\u017eymiams.<\/p>\n<p><strong>NAUDOJIMAS:<\/strong><\/p>\n<p>Dienos norma yra 25 ml, vartojama gryna arba praskiesta vandeniu. Prie\u0161 vartojim\u0105 gerai suplakti. Produktas neturi vir\u0161yti nustatytos rekomenduojamos doz\u0117s ir negali b\u016bti vartojamas kaip maisto pakaitalas. Produkt\u0105 reikia laikyti vaikams nepasiekiamoje ir nepastebimoje vietoje. Svarbu \u012fvairi ir subalansuota mityba bei sveikas gyvenimo b\u016bdas.<\/p>\n<p>&nbsp;<\/p>\n<p><strong>PRODUKTO MAISTIN\u0116 IR ENERGIN\u0116 VERT\u0116<\/strong><\/p>\n<p>Porcijos dydis: 25 ml.<\/p>\n<p>Porcij\u0173 skai\u010dius pakuot\u0117je: 20.<\/p>\n<p>&nbsp;<\/p>\n<table>\n<tbody>\n<tr>\n<td width=\"252\">&nbsp;<\/td>\n<td width=\"118\"><strong>Porcijoje<\/strong><\/td>\n<td width=\"227\"><strong>&nbsp;<\/strong><strong>100 ml gryno bra\u0161ki\u0173 skonio kolageno<\/strong><\/td>\n<\/tr>\n<tr>\n<td width=\"252\">Kalorijos<\/td>\n<td width=\"118\">72kJ (17,2 kcal)<\/td>\n<td width=\"227\">286kJ (68,4 kcal)<\/td>\n<\/tr>\n<tr>\n<td width=\"252\"><strong>Riebal\u0173<\/strong><\/td>\n<td width=\"118\">&lt;0,5 g<\/td>\n<td width=\"227\">&lt;0,5 g<\/td>\n<\/tr>\n<tr>\n<td width=\"252\"><strong>I\u0161 viso angl\u0173 kalbos<\/strong><\/td>\n<td width=\"118\">1,2 g<\/td>\n<td width=\"227\">4,7 g<\/td>\n<\/tr>\n<tr>\n<td width=\"252\">- I\u0161 kuri\u0173 cukraus<\/td>\n<td width=\"118\">1,1 g<\/td>\n<td width=\"227\">4,6 g<\/td>\n<\/tr>\n<tr>\n<td width=\"252\"><strong>Baltym\u0173<\/strong><\/td>\n<td width=\"118\">2,7 g<\/td>\n<td width=\"227\">10,6 g<\/td>\n<\/tr>\n<tr>\n<td width=\"252\"><strong>Druska<\/strong><\/td>\n<td width=\"118\">&lt;0,01 g<\/td>\n<td width=\"227\">0,03 g<\/td>\n<\/tr>\n<\/tbody>\n<\/table>\n<p>&nbsp;<\/p>\n<p><strong>SUDEDAMOSIOS DALYS:<\/strong><\/p>\n<p>Vanduo, balt\u0173j\u0173 vynuogi\u0173 sultys (i\u0161 koncentrato), kolageno hidrolizatas, agav\u0173 sultys, askorbo r\u016bg\u0161tis, DL-\u03b1-tokoferolio acetatas, D-biotinas, cinko citratas, r\u016bg\u0161tis (citrin\u0173 r\u016bg\u0161tis), konservantai (kalio sorbatas, natrio benzoatas), saldiklis (steviolio glikozidai), nat\u016brali kvapioji med\u017eiaga.<\/p>\n<p>&nbsp;<\/p>\n<p><strong>GRYNO KOLAGENO BRA\u0160KI\u0172 SKONIO AMINO R\u016aG\u0160\u010cI\u0172 KOMPONENTAI:<\/strong><\/p>\n<table>\n<tbody>\n<tr>\n<td width=\"144\">&nbsp;<\/td>\n<td width=\"152\"><strong>Porcijoje<\/strong><\/td>\n<td width=\"216\"><strong>100 ml gryno bra\u0161ki\u0173 skonio kolageno<\/strong><\/td>\n<\/tr>\n<tr>\n<td width=\"144\">Valine<\/td>\n<td width=\"152\">63 mg<\/td>\n<td width=\"216\">252 mg<\/td>\n<\/tr>\n<tr>\n<td width=\"144\">Izoleucinai<\/td>\n<td width=\"152\">39 mg<\/td>\n<td width=\"216\">156 mg<\/td>\n<\/tr>\n<tr>\n<td width=\"144\">Leucinai<\/td>\n<td width=\"152\">73 mg<\/td>\n<td width=\"216\">292 mg<\/td>\n<\/tr>\n<tr>\n<td width=\"144\">Lizines<\/td>\n<td width=\"152\">94 mg<\/td>\n<td width=\"216\">376 mg<\/td>\n<\/tr>\n<tr>\n<td width=\"144\">Metioninai<\/td>\n<td width=\"152\">16 mg<\/td>\n<td width=\"216\">64 mg<\/td>\n<\/tr>\n<tr>\n<td width=\"144\">Treoninai<\/td>\n<td width=\"152\">55 mg<\/td>\n<td width=\"216\">220 mg<\/td>\n<\/tr>\n<tr>\n<td width=\"144\">Fenilalaninas<\/td>\n<td width=\"152\">52 mg<\/td>\n<td width=\"216\">208 mg<\/td>\n<\/tr>\n<tr>\n<td width=\"144\">Argininas<\/td>\n<td width=\"152\">189 mg<\/td>\n<td width=\"216\">756 mg<\/td>\n<\/tr>\n<tr>\n<td width=\"144\">Histidinas<\/td>\n<td width=\"152\">24 mg<\/td>\n<td width=\"216\">96 mg<\/td>\n<\/tr>\n<tr>\n<td width=\"144\">Tyrozine<\/td>\n<td width=\"152\">21 mg<\/td>\n<td width=\"216\">84 mg<\/td>\n<\/tr>\n<tr>\n<td width=\"144\">Porylin<\/td>\n<td width=\"152\">343 mg<\/td>\n<td width=\"216\">1372 mg<\/td>\n<\/tr>\n<tr>\n<td width=\"144\">Alaninai<\/td>\n<td width=\"152\">225 mg<\/td>\n<td width=\"216\">900 mg<\/td>\n<\/tr>\n<tr>\n<td width=\"144\">Asparto r\u016bg\u0161tis<\/td>\n<td width=\"152\">149 mg<\/td>\n<td width=\"216\">596 mg<\/td>\n<\/tr>\n<tr>\n<td width=\"144\">Serinas<\/td>\n<td width=\"152\">86 mg<\/td>\n<td width=\"216\">344 mg<\/td>\n<\/tr>\n<tr>\n<td width=\"144\">Glutamo r\u016bg\u0161tis<\/td>\n<td width=\"152\">257 mg<\/td>\n<td width=\"216\">1028 mg<\/td>\n<\/tr>\n<tr>\n<td width=\"144\">Glicinas<\/td>\n<td width=\"152\">584 mg<\/td>\n<td width=\"216\">2336 mg<\/td>\n<\/tr>\n<tr>\n<td width=\"144\">Hidroksilizinas<\/td>\n<td width=\"152\">39 mg<\/td>\n<td width=\"216\">156 mg<\/td>\n<\/tr>\n<tr>\n<td width=\"144\">Hidroksiprolinas<\/td>\n<td width=\"152\">306 mg<\/td>\n<td width=\"216\">1224 mg<\/td>\n<\/tr>\n<\/tbody>\n<\/table>\n<p>&nbsp;<\/p>\n<p>VITAMIN\u0172 INGREDIENTAI GRYNO KOLAGENO BRA\u0160KI\u0172 SKONIO:<\/p>\n<table>\n<tbody>\n<tr>\n<td width=\"144\">&nbsp;<\/td>\n<td width=\"152\"><strong>Porcijoje<\/strong><\/td>\n<td width=\"216\"><strong>100 ml gryno bra\u0161ki\u0173 skonio kolageno<\/strong><\/td>\n<\/tr>\n<tr>\n<td width=\"144\">Vitaminas E<\/td>\n<td width=\"152\">12 mg<\/td>\n<td width=\"216\">48 mg<\/td>\n<\/tr>\n<tr>\n<td width=\"144\">Biotinas<\/td>\n<td width=\"152\">50 \u00b5g<\/td>\n<td width=\"216\">200 \u00b5g<\/td>\n<\/tr>\n<tr>\n<td width=\"144\">Vitaminas C<\/td>\n<td width=\"152\">80 mg<\/td>\n<td width=\"216\">320 mg<\/td>\n<\/tr>\n<tr>\n<td width=\"144\">Cinkas<\/td>\n<td width=\"152\">10 mg<\/td>\n<td width=\"216\">40 mg<\/td>\n<\/tr>\n<tr>\n<td width=\"144\">Verisol\u00aeB kolageno hidrolizatas<\/td>\n<td width=\"152\">2500 mg<\/td>\n<td width=\"216\">10000 mg<\/td>\n<\/tr>\n<\/tbody>\n<\/table>\n<p>&nbsp;<\/p>","protected":false},"excerpt":{"rendered":"<p>Rinkinys: L-karnitinas apelsin\u0173 skonio + 100% grynas kolagenas bra\u0161ki\u0173 skonio<\/p>","protected":false},"featured_media":897,"template":"","meta":{"_monsterinsights_skip_tracking":false,"_monsterinsights_sitenote_active":false,"_monsterinsights_sitenote_note":"","_monsterinsights_sitenote_category":0},"product_brand":[],"product_cat":[26,57,58,46],"product_tag":[23,24,45],"giftcard-category":[],"class_list":{"0":"post-899","1":"product","2":"type-product","3":"status-publish","4":"has-post-thumbnail","6":"product_cat-100-whey-protein-concentrate-1kg","7":"product_cat-l-carnitine","8":"product_cat-sets","9":"product_cat-special","10":"product_tag-products","11":"product_tag-sets","12":"product_tag-special","14":"first","15":"instock","16":"sale","17":"taxable","18":"shipping-taxable","19":"purchasable","20":"product-type-simple"},"aioseo_notices":[],"_links":{"self":[{"href":"https:\/\/www.healthychoice.world\/lt\/wp-json\/wp\/v2\/product\/899","targetHints":{"allow":["GET"]}}],"collection":[{"href":"https:\/\/www.healthychoice.world\/lt\/wp-json\/wp\/v2\/product"}],"about":[{"href":"https:\/\/www.healthychoice.world\/lt\/wp-json\/wp\/v2\/types\/product"}],"wp:featuredmedia":[{"embeddable":true,"href":"https:\/\/www.healthychoice.world\/lt\/wp-json\/wp\/v2\/media\/897"}],"wp:attachment":[{"href":"https:\/\/www.healthychoice.world\/lt\/wp-json\/wp\/v2\/media?parent=899"}],"wp:term":[{"taxonomy":"product_brand","embeddable":true,"href":"https:\/\/www.healthychoice.world\/lt\/wp-json\/wp\/v2\/product_brand?post=899"},{"taxonomy":"product_cat","embeddable":true,"href":"https:\/\/www.healthychoice.world\/lt\/wp-json\/wp\/v2\/product_cat?post=899"},{"taxonomy":"product_tag","embeddable":true,"href":"https:\/\/www.healthychoice.world\/lt\/wp-json\/wp\/v2\/product_tag?post=899"},{"taxonomy":"giftcard-category","embeddable":true,"href":"https:\/\/www.healthychoice.world\/lt\/wp-json\/wp\/v2\/giftcard-category?post=899"}],"curies":[{"name":"wp","href":"https:\/\/api.w.org\/{rel}","templated":true}]}}