{"id":901,"date":"2021-12-30T13:56:55","date_gmt":"2021-12-30T11:56:55","guid":{"rendered":"https:\/\/www.healthychoice.world\/?post_type=product&#038;p=901"},"modified":"2026-04-17T17:01:47","modified_gmt":"2026-04-17T14:01:47","slug":"set-l-carnitine-orange-flavor-healthy-choice-1000ml-3-pcs","status":"publish","type":"product","link":"https:\/\/www.healthychoice.world\/lt\/products\/set-l-carnitine-orange-flavor-healthy-choice-1000ml-3-pcs\/","title":{"rendered":"Rinkinys: L-karnitino apelsin\u0173 skonio HEALTHY CHOICE, 1000 ml (3 vnt.)"},"content":{"rendered":"<p><strong>L-KARNITINAS APELSIN\u0172 SKONIO<\/strong><\/p>\n<p>Grynasis kiekis 1000 ml<\/p>\n<p>L-karnitinas yra vitamin\u0173 ir aminor\u016bg\u0161\u010di\u0173 junginys, pana\u0161us \u012f B grup\u0117s vitaminus. \u0160i med\u017eiaga veikia kaip riebal\u0173 r\u016bg\u0161\u010di\u0173 perne\u0161\u0117jas \u012f mitochondrij\u0105. L-karnitinas veikia kaip pagalbininkas, padedantis grei\u010diau deginti riebalus ir nat\u016braliai numesti svorio. Be to, naujausi tyrimai \u012frodo, kad L-karnitinas padeda ma\u017einti nuovarg\u012f, k\u016bno svor\u012f ir didinti raumen\u0173 mas\u0119, stabilizuoja cukraus kiek\u012f kraujyje ir kartu ma\u017eina angliavandeni\u0173 poreik\u012f. Karnitinas padeda mobilizuoti riebal\u0173 atsargas, ypa\u010d turintiems antsvorio.<\/p>\n<p>L-karnitinas yra ypa\u010d skanaus apelsin\u0173 skonio, be sintetini\u0173 da\u017eikli\u0173 ir skonio stiprikli\u0173, pagamintas i\u0161saugant visas svarbiausias med\u017eiagas, kurios teigiamai veikia \u017emogaus organizm\u0105. Labai svarbu, kad \u0161is L-karnitinas yra skysto pavidalo, tod\u0117l organizmas j\u012f pasisavins daug grei\u010diau ir lengviau. \u0160iame papilde yra ypa\u010d daug karnitino, vienoje porcijoje (25 ml) yra net 1667 mg, o 100 ml - 6668 mg.<\/p>\n<p><strong>APELSIN\u0172 L-KARNITINO NAUDA:<\/strong><\/p>\n<ul>\n<li>Labai daug karnitino vienoje porcijoje;<\/li>\n<li>Greitai ir lengvai \u012fsisavinamas;<\/li>\n<li>Be joki\u0173 sintetini\u0173 da\u017eikli\u0173;<\/li>\n<li>Be laktoz\u0117s ir glitimo;<\/li>\n<li>Labai geras apelsin\u0173 skonis;<\/li>\n<li>Ma\u017eai kalorij\u0173, riebal\u0173, cukraus ir angliavandeni\u0173;<\/li>\n<li>Tai pad\u0117s suma\u017einti k\u016bno svor\u012f;<\/li>\n<li>Tai pad\u0117s organizmui grei\u010diau atsigauti po intensyvaus fizinio kr\u016bvio.<\/li>\n<\/ul>\n<p>&nbsp;<\/p>\n<p><strong>NAUDOJIMAS:<\/strong><\/p>\n<p>Prie\u0161 treniruot\u0119 arba jos metu i\u0161gerkite 25 ml gryno arba praskiesto L-karnitino. Prie\u0161 vartojim\u0105 gerai suplakite. Svarbu \u012fvairi ir subalansuota mityba bei sveikas gyvenimo b\u016bdas.<\/p>\n<p>Laikykite vaikams nepasiekiamoje vietoje.<\/p>\n<p>Saugokite nuo tiesiogini\u0173 saul\u0117s spinduli\u0173.<\/p>\n<p>Atidarius laikykite \u0161aldytuve ir suvartokite per m\u0117nes\u012f.<\/p>\n<p>&nbsp;<\/p>\n<p><strong>PRODUKTO MAISTIN\u0116 IR ENERGIN\u0116 VERT\u0116<\/strong><\/p>\n<p>Porcijos dydis - 25 ml.<\/p>\n<table>\n<tbody>\n<tr>\n<td width=\"252\">&nbsp;<\/td>\n<td width=\"118\"><strong>Porcijoje<\/strong><\/td>\n<td width=\"227\"><strong>&nbsp;<\/strong><strong>100 ml L-karnitino<\/strong><\/td>\n<\/tr>\n<tr>\n<td width=\"252\">Kalorijos<\/td>\n<td width=\"118\">12kJ(3kcal)<\/td>\n<td width=\"227\">49kJ(11kcal)<\/td>\n<\/tr>\n<tr>\n<td width=\"252\"><strong>Riebalai<\/strong><\/td>\n<td width=\"118\">&lt;0,5 g<\/td>\n<td width=\"227\">&lt;0,5 g<\/td>\n<\/tr>\n<tr>\n<td width=\"252\">- I\u0161 j\u0173 sotieji riebalai<\/td>\n<td width=\"118\">&lt;0,1 g<\/td>\n<td width=\"227\">&lt;0,1 g<\/td>\n<\/tr>\n<tr>\n<td width=\"252\"><strong>I\u0161 viso angliavandeni\u0173<\/strong><\/td>\n<td width=\"118\">&lt;0,5 g<\/td>\n<td width=\"227\">&lt;0,5 g<\/td>\n<\/tr>\n<tr>\n<td width=\"252\">- I\u0161 j\u0173 cukrus<\/td>\n<td width=\"118\">&lt;0,5 g<\/td>\n<td width=\"227\">&lt;0,5 g<\/td>\n<\/tr>\n<tr>\n<td width=\"252\"><strong>Baltymai<\/strong><\/td>\n<td width=\"118\">&lt;0,5 g<\/td>\n<td width=\"227\">&lt;0,5 g<\/td>\n<\/tr>\n<tr>\n<td width=\"252\"><strong>Druska<\/strong><\/td>\n<td width=\"118\">&lt;0,01 g<\/td>\n<td width=\"227\">0,01 g<\/td>\n<\/tr>\n<\/tbody>\n<\/table>\n<p>&nbsp;<\/p>\n<p><strong>SUDEDAMOSIOS DALYS:<\/strong><\/p>\n<p>Vanduo, L-karnitinas, r\u016bg\u0161tys (citrin\u0173 r\u016bg\u0161tis, pieno r\u016bg\u0161tis), konservantas (kalio sorbatas), saldikliai (natrio ciklamatas, acesulfamas K, sukraloz\u0117, natrio sacharinas), nat\u016brali kvapioji med\u017eiaga.<\/p>\n<p>&nbsp;<\/p>","protected":false},"excerpt":{"rendered":"<p>Rinkinys: L-karnitino apelsin\u0173 skonio HEALTHY CHOICE, 1000 ml (3 vnt.)<\/p>","protected":false},"featured_media":895,"template":"","meta":{"_monsterinsights_skip_tracking":false,"_monsterinsights_sitenote_active":false,"_monsterinsights_sitenote_note":"","_monsterinsights_sitenote_category":0},"product_brand":[],"product_cat":[26,57,58,46],"product_tag":[23,24,45],"giftcard-category":[],"class_list":{"0":"post-901","1":"product","2":"type-product","3":"status-publish","4":"has-post-thumbnail","6":"product_cat-100-whey-protein-concentrate-1kg","7":"product_cat-l-carnitine","8":"product_cat-sets","9":"product_cat-special","10":"product_tag-products","11":"product_tag-sets","12":"product_tag-special","14":"first","15":"instock","16":"sale","17":"taxable","18":"shipping-taxable","19":"purchasable","20":"product-type-simple"},"aioseo_notices":[],"_links":{"self":[{"href":"https:\/\/www.healthychoice.world\/lt\/wp-json\/wp\/v2\/product\/901","targetHints":{"allow":["GET"]}}],"collection":[{"href":"https:\/\/www.healthychoice.world\/lt\/wp-json\/wp\/v2\/product"}],"about":[{"href":"https:\/\/www.healthychoice.world\/lt\/wp-json\/wp\/v2\/types\/product"}],"wp:featuredmedia":[{"embeddable":true,"href":"https:\/\/www.healthychoice.world\/lt\/wp-json\/wp\/v2\/media\/895"}],"wp:attachment":[{"href":"https:\/\/www.healthychoice.world\/lt\/wp-json\/wp\/v2\/media?parent=901"}],"wp:term":[{"taxonomy":"product_brand","embeddable":true,"href":"https:\/\/www.healthychoice.world\/lt\/wp-json\/wp\/v2\/product_brand?post=901"},{"taxonomy":"product_cat","embeddable":true,"href":"https:\/\/www.healthychoice.world\/lt\/wp-json\/wp\/v2\/product_cat?post=901"},{"taxonomy":"product_tag","embeddable":true,"href":"https:\/\/www.healthychoice.world\/lt\/wp-json\/wp\/v2\/product_tag?post=901"},{"taxonomy":"giftcard-category","embeddable":true,"href":"https:\/\/www.healthychoice.world\/lt\/wp-json\/wp\/v2\/giftcard-category?post=901"}],"curies":[{"name":"wp","href":"https:\/\/api.w.org\/{rel}","templated":true}]}}