{"id":942,"date":"2022-04-21T07:27:32","date_gmt":"2022-04-21T04:27:32","guid":{"rendered":"https:\/\/www.healthychoice.world\/?post_type=product&#038;p=942"},"modified":"2026-01-14T01:43:06","modified_gmt":"2026-01-13T23:43:06","slug":"hulled-hemp-seeds-150g","status":"publish","type":"product","link":"https:\/\/www.healthychoice.world\/lt\/products\/hulled-hemp-seeds-150g\/","title":{"rendered":"Luk\u0161tentos kanapi\u0173 s\u0117klos, 150 g"},"content":{"rendered":"<h2 style=\"text-align: center;\">Apie HEALTHY CHOICE luk\u0161tentas kanapi\u0173 s\u0117klas<\/h2>\n<p>Kanapi\u0173 s\u0117klas apdorojame tik luk\u0161tendami. Naudojamos tik stambios - 2,5 mm ar didesn\u0117s - s\u0117klos. S\u0117klos mechani\u0161kai apdorojamos besisukan\u010diame keraminiame diske, kuriame luobel\u0117s atskiriamos nuo branduoli\u0173, o jie atskiriami sijojant. Taip i\u0161saugomi visi nat\u016bral\u016bs elementai ir gyvybi\u0161kai svarbios mineralin\u0117s med\u017eiagos.<\/p>\n<p>Daugiau apie kanapi\u0173 s\u0117kl\u0173 naud\u0105 skaitykite straipsnyje: <a href=\"https:\/\/www.healthychoice.lt\/kanapiu-seklos-kam-ir-kodel\/\">Kanapi\u0173 s\u0117klos: kam ir kod\u0117l?<\/a><\/p>","protected":false},"excerpt":{"rendered":"<p>\u0160auk\u0161tas luk\u0161tent\u0173 kanapi\u0173 s\u0117kl\u0173 kasdien - maistui pagardinti, papildomai energijai gauti ir subalansuotai mitybai palaikyti. Produkte gausu vitamin\u0173 ir mineral\u0173.<\/p>","protected":false},"featured_media":1088,"template":"","meta":{"_monsterinsights_skip_tracking":false,"_monsterinsights_sitenote_active":false,"_monsterinsights_sitenote_note":"","_monsterinsights_sitenote_category":0},"product_brand":[],"product_cat":[26,54],"product_tag":[40,23,27],"giftcard-category":[],"class_list":{"0":"post-942","1":"product","2":"type-product","3":"status-publish","4":"has-post-thumbnail","6":"product_cat-100-whey-protein-concentrate-1kg","7":"product_cat-hemp-products","8":"product_tag-hemp-products","9":"product_tag-products","10":"product_tag-top","12":"first","13":"instock","14":"taxable","15":"shipping-taxable","16":"purchasable","17":"product-type-simple"},"aioseo_notices":[],"_links":{"self":[{"href":"https:\/\/www.healthychoice.world\/lt\/wp-json\/wp\/v2\/product\/942","targetHints":{"allow":["GET"]}}],"collection":[{"href":"https:\/\/www.healthychoice.world\/lt\/wp-json\/wp\/v2\/product"}],"about":[{"href":"https:\/\/www.healthychoice.world\/lt\/wp-json\/wp\/v2\/types\/product"}],"wp:featuredmedia":[{"embeddable":true,"href":"https:\/\/www.healthychoice.world\/lt\/wp-json\/wp\/v2\/media\/1088"}],"wp:attachment":[{"href":"https:\/\/www.healthychoice.world\/lt\/wp-json\/wp\/v2\/media?parent=942"}],"wp:term":[{"taxonomy":"product_brand","embeddable":true,"href":"https:\/\/www.healthychoice.world\/lt\/wp-json\/wp\/v2\/product_brand?post=942"},{"taxonomy":"product_cat","embeddable":true,"href":"https:\/\/www.healthychoice.world\/lt\/wp-json\/wp\/v2\/product_cat?post=942"},{"taxonomy":"product_tag","embeddable":true,"href":"https:\/\/www.healthychoice.world\/lt\/wp-json\/wp\/v2\/product_tag?post=942"},{"taxonomy":"giftcard-category","embeddable":true,"href":"https:\/\/www.healthychoice.world\/lt\/wp-json\/wp\/v2\/giftcard-category?post=942"}],"curies":[{"name":"wp","href":"https:\/\/api.w.org\/{rel}","templated":true}]}}