{"id":366,"date":"2020-06-30T05:24:36","date_gmt":"2020-06-30T05:24:36","guid":{"rendered":"https:\/\/www.healthychoice.world\/?page_id=366"},"modified":"2025-08-06T10:11:47","modified_gmt":"2025-08-06T07:11:47","slug":"about-company","status":"publish","type":"page","link":"https:\/\/www.healthychoice.world\/pl\/about-company\/","title":{"rendered":"About the company"},"content":{"rendered":"<div data-elementor-type=\"wp-page\" data-elementor-id=\"366\" class=\"elementor elementor-366\">\n\t\t\t\t<div class=\"elementor-element elementor-element-691fa65 e-flex e-con-boxed e-con e-parent\" data-id=\"691fa65\" data-element_type=\"container\" data-e-type=\"container\" data-settings=\"{&quot;background_background&quot;:&quot;classic&quot;}\">\n\t\t\t\t\t<div class=\"e-con-inner\">\n\t\t\t\t<div class=\"elementor-element elementor-element-6f7cb49 elementor-widget elementor-widget-woocommerce-breadcrumb\" data-id=\"6f7cb49\" data-element_type=\"widget\" data-e-type=\"widget\" data-widget_type=\"woocommerce-breadcrumb.default\">\n\t\t\t\t<div class=\"elementor-widget-container\">\n\t\t\t\t\t \t\t\t\t<\/div>\n\t\t\t\t<\/div>\n\t\t\t\t<div class=\"elementor-element elementor-element-87aea90 elementor-widget elementor-widget-heading\" data-id=\"87aea90\" data-element_type=\"widget\" data-e-type=\"widget\" data-widget_type=\"heading.default\">\n\t\t\t\t\t<h2 class=\"elementor-heading-title elementor-size-default\">ABOUT THE COMPANY<\/h2>\t\t\t\t<\/div>\n\t\t\t\t\t<\/div>\n\t\t\t\t<\/div>\n\t\t<div class=\"elementor-element elementor-element-8a748fa e-flex e-con-boxed e-con e-parent\" data-id=\"8a748fa\" data-element_type=\"container\" data-e-type=\"container\" data-settings=\"{&quot;background_background&quot;:&quot;classic&quot;}\">\n\t\t\t\t\t<div class=\"e-con-inner\">\n\t\t<div class=\"elementor-element elementor-element-19e56c9 e-flex e-con-boxed e-con e-child\" data-id=\"19e56c9\" data-element_type=\"container\" data-e-type=\"container\">\n\t\t\t\t\t<div class=\"e-con-inner\">\n\t\t<div class=\"elementor-element elementor-element-d53cf88 e-con-full e-flex e-con e-child\" data-id=\"d53cf88\" data-element_type=\"container\" data-e-type=\"container\" data-settings=\"{&quot;background_background&quot;:&quot;classic&quot;}\">\n\t\t\t\t<div class=\"elementor-element elementor-element-0140cf9 elementor-widget elementor-widget-image\" data-id=\"0140cf9\" data-element_type=\"widget\" data-e-type=\"widget\" data-widget_type=\"image.default\">\n\t\t\t\t\t\t\t\t\t\t\t\t\t\t\t<img fetchpriority=\"high\" decoding=\"async\" width=\"294\" height=\"403\" src=\"https:\/\/www.healthychoice.world\/wp-content\/uploads\/2025\/08\/about-the-company.png.webp\" class=\"attachment-full size-full wp-image-2870\" alt=\"\" srcset=\"https:\/\/www.healthychoice.world\/wp-content\/uploads\/2025\/08\/about-the-company.png.webp 294w, https:\/\/www.healthychoice.world\/wp-content\/uploads\/2025\/08\/about-the-company.png-219x300.webp 219w, https:\/\/www.healthychoice.world\/wp-content\/uploads\/2025\/08\/about-the-company.png-9x12.webp 9w, https:\/\/www.healthychoice.world\/wp-content\/uploads\/2025\/08\/about-the-company.png-64x88.webp 64w\" sizes=\"(max-width: 294px) 100vw, 294px\" \/>\t\t\t\t\t\t\t\t\t\t\t\t\t\t\t<\/div>\n\t\t\t\t<\/div>\n\t\t<div class=\"elementor-element elementor-element-6fe9a17 e-con-full e-flex e-con e-child\" data-id=\"6fe9a17\" data-element_type=\"container\" data-e-type=\"container\">\n\t\t\t\t<div class=\"elementor-element elementor-element-055784d elementor-widget elementor-widget-text-editor\" data-id=\"055784d\" data-element_type=\"widget\" data-e-type=\"widget\" data-widget_type=\"text-editor.default\">\n\t\t\t\t\t\t\t\t\t<p><strong>SVEIKA ENERGIJA JSC<\/strong> to litewska firma, kt\u00f3ra po raz pierwszy w historii Litwy opracowa\u0142a, wyprodukowa\u0142a i dystrybuuje najwy\u017cszej jako\u015bci, \u015bwiatowej klasy bia\u0142ko wytwarzane wy\u0142\u0105cznie na Litwie. HEALTHY CHOICE 100% PURE and WATER-SOLUBLE WHEY PROTEIN jest produkowane na Litwie z mleka dostarczanego przez litewskich i innych ba\u0142tyckich dostawc\u00f3w mleka. Litwa jest znana od wiek\u00f3w jako producent najwy\u017cszej jako\u015bci produkt\u00f3w mlecznych. Sta\u0142o si\u0119 to podstaw\u0105 do opracowania naszego nowego litewskiego produktu HEALTHY CHOICE 100% PURE and WATER-SOLUBLE WHEY PROTEIN, kt\u00f3ry jest dost\u0119pny w opakowaniu 2 kg. Planujemy r\u00f3wnie\u017c wprowadzenie kolejnych produkt\u00f3w <strong>ZDROWY WYB\u00d3R<\/strong> produkt\u00f3w w przysz\u0142o\u015bci.<\/p><p>Profesjonalny zesp\u00f3\u0142 z wieloletnim do\u015bwiadczeniem zarz\u0105dza i nadzoruje ci\u0105g\u0142e dostawy<strong> ZDROWY WYB\u00d3R<\/strong> protein to current and potential customers directly from our warehouses or through our e-commerce platforms. SVEIKA ENERGIJA JSC is actively seeking out long-term partners for distributing HEALTHY CHOICE protein both in Europe and Asia. The company continually delivers <strong>ZDROWY WYB\u00d3R<\/strong> bia\u0142ko do klient\u00f3w w Wielkiej Brytanii, Irlandii, Niemczech, Polsce i krajach ba\u0142tyckich.<\/p>\t\t\t\t\t\t\t\t<\/div>\n\t\t\t\t<\/div>\n\t\t\t\t\t<\/div>\n\t\t\t\t<\/div>\n\t\t<div class=\"elementor-element elementor-element-1c383ee e-flex e-con-boxed e-con e-child\" data-id=\"1c383ee\" data-element_type=\"container\" data-e-type=\"container\">\n\t\t\t\t\t<div class=\"e-con-inner\">\n\t\t<div class=\"elementor-element elementor-element-45a220b e-con-full e-flex e-con e-child\" data-id=\"45a220b\" data-element_type=\"container\" data-e-type=\"container\" data-settings=\"{&quot;background_background&quot;:&quot;classic&quot;}\">\n\t\t\t\t<div class=\"elementor-element elementor-element-1abb6c8 elementor-widget elementor-widget-image\" data-id=\"1abb6c8\" data-element_type=\"widget\" data-e-type=\"widget\" data-widget_type=\"image.default\">\n\t\t\t\t\t\t\t\t\t\t\t\t\t\t\t<img decoding=\"async\" width=\"1267\" height=\"900\" src=\"https:\/\/www.healthychoice.world\/wp-content\/uploads\/2025\/08\/visi-proteinai-kombinuotas-Su-vanile-min.jpg\" class=\"attachment-full size-full wp-image-2792\" alt=\"\" srcset=\"https:\/\/www.healthychoice.world\/wp-content\/uploads\/2025\/08\/visi-proteinai-kombinuotas-Su-vanile-min.jpg 1267w, https:\/\/www.healthychoice.world\/wp-content\/uploads\/2025\/08\/visi-proteinai-kombinuotas-Su-vanile-min-300x213.jpg 300w, https:\/\/www.healthychoice.world\/wp-content\/uploads\/2025\/08\/visi-proteinai-kombinuotas-Su-vanile-min-1024x727.jpg 1024w, https:\/\/www.healthychoice.world\/wp-content\/uploads\/2025\/08\/visi-proteinai-kombinuotas-Su-vanile-min-768x546.jpg 768w, https:\/\/www.healthychoice.world\/wp-content\/uploads\/2025\/08\/visi-proteinai-kombinuotas-Su-vanile-min-18x12.jpg 18w, https:\/\/www.healthychoice.world\/wp-content\/uploads\/2025\/08\/visi-proteinai-kombinuotas-Su-vanile-min-600x426.jpg 600w, https:\/\/www.healthychoice.world\/wp-content\/uploads\/2025\/08\/visi-proteinai-kombinuotas-Su-vanile-min-64x45.jpg 64w\" sizes=\"(max-width: 1267px) 100vw, 1267px\" \/>\t\t\t\t\t\t\t\t\t\t\t\t\t\t\t<\/div>\n\t\t\t\t<div class=\"elementor-element elementor-element-ebc1eb6 elementor-hidden-desktop elementor-hidden-mobile elementor-widget elementor-widget-image\" data-id=\"ebc1eb6\" data-element_type=\"widget\" data-e-type=\"widget\" data-widget_type=\"image.default\">\n\t\t\t\t\t\t\t\t\t\t\t\t\t\t\t<img decoding=\"async\" width=\"474\" height=\"527\" src=\"https:\/\/www.healthychoice.world\/wp-content\/uploads\/2025\/08\/Zemes-riesutai-ir-migdolu-riesutai-nuotrauka-removebg-preview.png\" class=\"attachment-full size-full wp-image-2785\" alt=\"\" srcset=\"https:\/\/www.healthychoice.world\/wp-content\/uploads\/2025\/08\/Zemes-riesutai-ir-migdolu-riesutai-nuotrauka-removebg-preview.png 474w, https:\/\/www.healthychoice.world\/wp-content\/uploads\/2025\/08\/Zemes-riesutai-ir-migdolu-riesutai-nuotrauka-removebg-preview-270x300.png 270w, https:\/\/www.healthychoice.world\/wp-content\/uploads\/2025\/08\/Zemes-riesutai-ir-migdolu-riesutai-nuotrauka-removebg-preview-11x12.png 11w, https:\/\/www.healthychoice.world\/wp-content\/uploads\/2025\/08\/Zemes-riesutai-ir-migdolu-riesutai-nuotrauka-removebg-preview-64x71.png 64w\" sizes=\"(max-width: 474px) 100vw, 474px\" \/>\t\t\t\t\t\t\t\t\t\t\t\t\t\t\t<\/div>\n\t\t\t\t<\/div>\n\t\t<div class=\"elementor-element elementor-element-953a4ec e-con-full e-flex e-con e-child\" data-id=\"953a4ec\" data-element_type=\"container\" data-e-type=\"container\">\n\t\t\t\t<div class=\"elementor-element elementor-element-669c943 elementor-widget elementor-widget-text-editor\" data-id=\"669c943\" data-element_type=\"widget\" data-e-type=\"widget\" data-widget_type=\"text-editor.default\">\n\t\t\t\t\t\t\t\t\t<p>W najbli\u017cszej przysz\u0142o\u015bci planujemy ekspansj\u0119 poprzez zwi\u0119kszenie sprzeda\u017cy <strong>ZDROWY WYB\u00d3R<\/strong> protein in foreign markets, exporting to Scandinavia, Central, Western and Southern Europe as well as Asia. The company produces all natural, new generation and premium quality protein products. Lab tests are already under way for the development of a new line of all natural protein products. We hope that this will be a pleasant surprise to our loyal customers. Clients who sign HEALTHY CHOICE representation or distribution agreements with SVEIKA ENERGIJA UAB will be granted exclusive rights to distribute HEALTHY CHOICE <strong>100% PURE and WATER-SOLUBLE WHEY PROTEIN<\/strong>.<\/p><p>Firma przywi\u0105zuje du\u017c\u0105 wag\u0119 do ochrony \u015brodowiska. Z g\u00f3ry dzi\u0119kujemy za wyrzucanie zu\u017cytych i pustych opakowa\u0144. <strong>ZDROWY WYB\u00d3R<\/strong> opakowania do pojemnika na odpady plastikowe w celu recyklingu.<\/p>\t\t\t\t\t\t\t\t<\/div>\n\t\t\t\t<\/div>\n\t\t\t\t\t<\/div>\n\t\t\t\t<\/div>\n\t\t<div class=\"elementor-element elementor-element-ca0e827 e-flex e-con-boxed e-con e-child\" data-id=\"ca0e827\" data-element_type=\"container\" data-e-type=\"container\">\n\t\t\t\t\t<div class=\"e-con-inner\">\n\t\t\t\t<div class=\"elementor-element elementor-element-544ff1f elementor-widget elementor-widget-text-editor\" data-id=\"544ff1f\" data-element_type=\"widget\" data-e-type=\"widget\" data-widget_type=\"text-editor.default\">\n\t\t\t\t\t\t\t\t\t<p><strong>SVEIKA ENERGIJA<\/strong><\/p>\t\t\t\t\t\t\t\t<\/div>\n\t\t\t\t<div class=\"elementor-element elementor-element-720ebfd elementor-widget-mobile__width-inherit animated-slow elementor-invisible elementor-widget elementor-widget-heading\" data-id=\"720ebfd\" data-element_type=\"widget\" data-e-type=\"widget\" data-settings=\"{&quot;_animation&quot;:&quot;fadeInUp&quot;,&quot;_animation_delay&quot;:200}\" data-widget_type=\"heading.default\">\n\t\t\t\t\t<h2 class=\"elementor-heading-title elementor-size-default\"> Nutrition you can trust!\n\n<\/h2>\t\t\t\t<\/div>\n\t\t<div class=\"elementor-element elementor-element-a35bbd0 e-flex e-con-boxed e-con e-child\" data-id=\"a35bbd0\" data-element_type=\"container\" data-e-type=\"container\">\n\t\t\t\t\t<div class=\"e-con-inner\">\n\t\t<div class=\"elementor-element elementor-element-88d02ab e-con-full animated-slow e-flex elementor-invisible e-con e-child\" data-id=\"88d02ab\" data-element_type=\"container\" data-e-type=\"container\" data-settings=\"{&quot;animation&quot;:&quot;fadeInLeft&quot;,&quot;animation_delay&quot;:200}\">\n\t\t\t\t<div class=\"elementor-element elementor-element-08ed304 elementor-position-left elementor-vertical-align-middle elementor-widget elementor-widget-image-box\" data-id=\"08ed304\" data-element_type=\"widget\" data-e-type=\"widget\" data-widget_type=\"image-box.default\">\n\t\t\t\t\t<div class=\"elementor-image-box-wrapper\"><figure class=\"elementor-image-box-img\"><img loading=\"lazy\" decoding=\"async\" width=\"566\" height=\"441\" src=\"https:\/\/www.healthychoice.world\/wp-content\/uploads\/2025\/08\/vizija.png\" class=\"attachment-full size-full wp-image-2872\" alt=\"\" srcset=\"https:\/\/www.healthychoice.world\/wp-content\/uploads\/2025\/08\/vizija.png 566w, https:\/\/www.healthychoice.world\/wp-content\/uploads\/2025\/08\/vizija-300x234.png 300w, https:\/\/www.healthychoice.world\/wp-content\/uploads\/2025\/08\/vizija-15x12.png 15w, https:\/\/www.healthychoice.world\/wp-content\/uploads\/2025\/08\/vizija-64x50.png 64w\" sizes=\"(max-width: 566px) 100vw, 566px\" \/><\/figure><div class=\"elementor-image-box-content\"><h3 class=\"elementor-image-box-title\">Wizja<\/h3><\/div><\/div>\t\t\t\t<\/div>\n\t\t\t\t<div class=\"elementor-element elementor-element-a720b44 elementor-widget elementor-widget-text-editor\" data-id=\"a720b44\" data-element_type=\"widget\" data-e-type=\"widget\" data-widget_type=\"text-editor.default\">\n\t\t\t\t\t\t\t\t\t<p><strong>SVEIKA ENERGIJA JSC<\/strong>\u00a0d\u0105\u017cy do tego, aby sta\u0107 si\u0119 liderem w sprzeda\u017cy i eksporcie najwy\u017cszej jako\u015bci i biologicznie warto\u015bciowych bia\u0142ek HEALTHY CHOICE 100% PURE i WATER-SOLUBLE WHEY PROTEIN produkowanych na Litwie w Wielkiej Brytanii, ugruntowa\u0107 swoj\u0105 pozycj\u0119 na rynkach europejskich i WNP, a tak\u017ce w przysz\u0142o\u015bci odcisn\u0105\u0107 swoje pi\u0119tno na pozosta\u0142ej cz\u0119\u015bci rynku \u015bwiatowego. Wierzymy, \u017ce sukces naszej wizji zale\u017cy od cel\u00f3w, kt\u00f3re sobie stawiamy, a tak\u017ce od naszych ci\u0105g\u0142ych wysi\u0142k\u00f3w, dlatego d\u0105\u017cymy do:<\/p><ul><li>stosowa\u0107 innowacyjne i najnowocze\u015bniejsze metody operacyjne oraz czyni\u0107 wszechstronne post\u0119py w naszym zaanga\u017cowaniu w produkcj\u0119 i dostarczanie wysokiej jako\u015bci produkt\u00f3w bia\u0142kowych;<\/li><li>sta\u0107 si\u0119 najbardziej zaufanym i cenionym producentem i dostawc\u0105 bia\u0142ka, zapewniaj\u0105c ci\u0105g\u0142e dostawy produkt\u00f3w bia\u0142kowych naszym klientom i partnerom biznesowym;<\/li><li>przekszta\u0142ci\u0107 wyzwania w mo\u017cliwo\u015bci i osi\u0105gni\u0119cia;<\/li><li>zach\u0119canie do inicjatywy i kreatywnego my\u015blenia;<\/li><li>poprawi\u0107 wyniki firmy.<\/li><\/ul>\t\t\t\t\t\t\t\t<\/div>\n\t\t\t\t<\/div>\n\t\t<div class=\"elementor-element elementor-element-ad9da80 e-con-full animated-slow e-flex elementor-invisible e-con e-child\" data-id=\"ad9da80\" data-element_type=\"container\" data-e-type=\"container\" data-settings=\"{&quot;animation&quot;:&quot;fadeInUp&quot;,&quot;animation_delay&quot;:200}\">\n\t\t\t\t<div class=\"elementor-element elementor-element-495a768 elementor-position-left elementor-vertical-align-middle elementor-widget elementor-widget-image-box\" data-id=\"495a768\" data-element_type=\"widget\" data-e-type=\"widget\" data-widget_type=\"image-box.default\">\n\t\t\t\t\t<div class=\"elementor-image-box-wrapper\"><figure class=\"elementor-image-box-img\"><img loading=\"lazy\" decoding=\"async\" width=\"566\" height=\"441\" src=\"https:\/\/www.healthychoice.world\/wp-content\/uploads\/2025\/08\/misija.png\" class=\"attachment-full size-full wp-image-2873\" alt=\"\" srcset=\"https:\/\/www.healthychoice.world\/wp-content\/uploads\/2025\/08\/misija.png 566w, https:\/\/www.healthychoice.world\/wp-content\/uploads\/2025\/08\/misija-300x234.png 300w, https:\/\/www.healthychoice.world\/wp-content\/uploads\/2025\/08\/misija-15x12.png 15w, https:\/\/www.healthychoice.world\/wp-content\/uploads\/2025\/08\/misija-64x50.png 64w\" sizes=\"(max-width: 566px) 100vw, 566px\" \/><\/figure><div class=\"elementor-image-box-content\"><h3 class=\"elementor-image-box-title\">Misja<\/h3><\/div><\/div>\t\t\t\t<\/div>\n\t\t\t\t<div class=\"elementor-element elementor-element-95f14ae elementor-widget elementor-widget-text-editor\" data-id=\"95f14ae\" data-element_type=\"widget\" data-e-type=\"widget\" data-widget_type=\"text-editor.default\">\n\t\t\t\t\t\t\t\t\t<ul><li>Zach\u0119canie ludzi w r\u00f3\u017cnym wieku do prowadzenia bardziej aktywnego fizycznie trybu \u017cycia oraz do \u0107wicze\u0144 i korzystania z naturalnego litewskiego\u00a0<strong>ZDROWY WYB\u00d3R<\/strong>\u00a0koncentrat bia\u0142kowy.<\/li><li>Motywowanie ludzi do poprawy swojego cia\u0142a, zdrowia i samopoczucia oraz pomaganie osobom, kt\u00f3re dozna\u0142y urazu lub choroby, w powrocie do zdrowia.<\/li><li>Promowanie zdrowego stylu \u017cycia.<\/li><li>Aby pom\u00f3c sportowcom osi\u0105gn\u0105\u0107 ich cele.<\/li><li>Dostarczanie profesjonalnych informacji i us\u0142ug doradczych na temat naszych produkt\u00f3w w oparciu o badania naukowe.<\/li><li>Poszukiwanie d\u0142ugoterminowych relacji partnerskich z klientami i partnerami biznesowymi.<\/li><li>\u00a0<\/li><\/ul>\t\t\t\t\t\t\t\t<\/div>\n\t\t\t\t<\/div>\n\t\t<div class=\"elementor-element elementor-element-02e177b e-con-full animated-slow e-flex elementor-invisible e-con e-child\" data-id=\"02e177b\" data-element_type=\"container\" data-e-type=\"container\" data-settings=\"{&quot;animation&quot;:&quot;fadeInRight&quot;,&quot;animation_delay&quot;:200}\">\n\t\t\t\t<div class=\"elementor-element elementor-element-9402ee0 elementor-position-left elementor-vertical-align-middle elementor-widget elementor-widget-image-box\" data-id=\"9402ee0\" data-element_type=\"widget\" data-e-type=\"widget\" data-widget_type=\"image-box.default\">\n\t\t\t\t\t<div class=\"elementor-image-box-wrapper\"><figure class=\"elementor-image-box-img\"><img loading=\"lazy\" decoding=\"async\" width=\"566\" height=\"441\" src=\"https:\/\/www.healthychoice.world\/wp-content\/uploads\/2025\/08\/vertybes.png\" class=\"attachment-full size-full wp-image-2874\" alt=\"\" srcset=\"https:\/\/www.healthychoice.world\/wp-content\/uploads\/2025\/08\/vertybes.png 566w, https:\/\/www.healthychoice.world\/wp-content\/uploads\/2025\/08\/vertybes-300x234.png 300w, https:\/\/www.healthychoice.world\/wp-content\/uploads\/2025\/08\/vertybes-15x12.png 15w, https:\/\/www.healthychoice.world\/wp-content\/uploads\/2025\/08\/vertybes-64x50.png 64w\" sizes=\"(max-width: 566px) 100vw, 566px\" \/><\/figure><div class=\"elementor-image-box-content\"><h3 class=\"elementor-image-box-title\">Warto\u015bci<\/h3><\/div><\/div>\t\t\t\t<\/div>\n\t\t\t\t<div class=\"elementor-element elementor-element-7665c9c elementor-widget elementor-widget-text-editor\" data-id=\"7665c9c\" data-element_type=\"widget\" data-e-type=\"widget\" data-widget_type=\"text-editor.default\">\n\t\t\t\t\t\t\t\t\t<p>Our clients and business partners are our top priority, so we always strive to ensure their satisfaction and make them feel comfortable working with us.<\/p><p>We respect and value quality, reliability, openness, helpfulness, honesty, and, above all, long-term partnerships and business ethics. Our company&#8217;s values are to strive for progress together, work as a team, foster long-term partnerships, respect each other, and care for the environment around us.<\/p>\t\t\t\t\t\t\t\t<\/div>\n\t\t\t\t<\/div>\n\t\t\t\t\t<\/div>\n\t\t\t\t<\/div>\n\t\t\t\t\t<\/div>\n\t\t\t\t<\/div>\n\t\t\t\t\t<\/div>\n\t\t\t\t<\/div>\n\t\t\t\t<\/div>","protected":false},"excerpt":{"rendered":"<p>ABOUT THE COMPANY SVEIKA ENERGIJA JSC is a Lithuanian-based company that has, for the first time in Lithuanian history developed, produced and distribute top-quality, world-class protein made exclusively in Lithuania. HEALTHY CHOICE 100% PURE and WATER-SOLUBLE WHEY PROTEIN is made in Lithuania from milk supplied by Lithuanian and other Baltic dairy suppliers. Lithuania has been [&hellip;]<\/p>\n","protected":false},"author":1,"featured_media":0,"parent":0,"menu_order":0,"comment_status":"closed","ping_status":"closed","template":"","meta":{"_monsterinsights_skip_tracking":false,"_monsterinsights_sitenote_active":false,"_monsterinsights_sitenote_note":"","_monsterinsights_sitenote_category":0,"footnotes":""},"class_list":["post-366","page","type-page","status-publish","hentry"],"blocksy_meta":{"has_hero_section":"disabled","vertical_spacing_source":"custom","content_area_spacing":"none","styles_descriptor":{"styles":{"desktop":"","tablet":"","mobile":""},"google_fonts":[],"version":6}},"aioseo_notices":[],"_links":{"self":[{"href":"https:\/\/www.healthychoice.world\/pl\/wp-json\/wp\/v2\/pages\/366","targetHints":{"allow":["GET"]}}],"collection":[{"href":"https:\/\/www.healthychoice.world\/pl\/wp-json\/wp\/v2\/pages"}],"about":[{"href":"https:\/\/www.healthychoice.world\/pl\/wp-json\/wp\/v2\/types\/page"}],"author":[{"embeddable":true,"href":"https:\/\/www.healthychoice.world\/pl\/wp-json\/wp\/v2\/users\/1"}],"replies":[{"embeddable":true,"href":"https:\/\/www.healthychoice.world\/pl\/wp-json\/wp\/v2\/comments?post=366"}],"version-history":[{"count":16,"href":"https:\/\/www.healthychoice.world\/pl\/wp-json\/wp\/v2\/pages\/366\/revisions"}],"predecessor-version":[{"id":2976,"href":"https:\/\/www.healthychoice.world\/pl\/wp-json\/wp\/v2\/pages\/366\/revisions\/2976"}],"wp:attachment":[{"href":"https:\/\/www.healthychoice.world\/pl\/wp-json\/wp\/v2\/media?parent=366"}],"curies":[{"name":"wp","href":"https:\/\/api.w.org\/{rel}","templated":true}]}}