{"id":393,"date":"2020-06-30T06:04:07","date_gmt":"2020-06-30T06:04:07","guid":{"rendered":"https:\/\/www.healthychoice.world\/?page_id=393"},"modified":"2025-08-05T15:43:22","modified_gmt":"2025-08-05T12:43:22","slug":"payment-shipping","status":"publish","type":"page","link":"https:\/\/www.healthychoice.world\/pl\/payment-shipping\/","title":{"rendered":"P\u0142atno\u015b\u0107 i wysy\u0142ka"},"content":{"rendered":"<div data-elementor-type=\"wp-page\" data-elementor-id=\"393\" class=\"elementor elementor-393\">\n\t\t\t\t\t\t<section class=\"elementor-section elementor-top-section elementor-element elementor-element-d8c5319 ct-section-stretched elementor-section-boxed elementor-section-height-default elementor-section-height-default\" data-id=\"d8c5319\" data-element_type=\"section\" data-e-type=\"section\" data-settings=\"{&quot;background_background&quot;:&quot;classic&quot;}\">\n\t\t\t\t\t\t<div class=\"elementor-container elementor-column-gap-default\">\n\t\t\t\t\t<div class=\"elementor-column elementor-col-100 elementor-top-column elementor-element elementor-element-b12f0d2\" data-id=\"b12f0d2\" data-element_type=\"column\" data-e-type=\"column\">\n\t\t\t<div class=\"elementor-widget-wrap elementor-element-populated\">\n\t\t\t\t\t\t<div class=\"elementor-element elementor-element-99b6c3e elementor-widget elementor-widget-heading\" data-id=\"99b6c3e\" data-element_type=\"widget\" data-e-type=\"widget\" data-widget_type=\"heading.default\">\n\t\t\t\t\t<h2 class=\"elementor-heading-title elementor-size-default\">P\u0142atno\u015b\u0107<\/h2>\t\t\t\t<\/div>\n\t\t\t\t<div class=\"elementor-element elementor-element-2cddae0 elementor-widget elementor-widget-text-editor\" data-id=\"2cddae0\" data-element_type=\"widget\" data-e-type=\"widget\" data-widget_type=\"text-editor.default\">\n\t\t\t\t\t\t\t\t\t<p><strong>1. Mo\u017cesz zap\u0142aci\u0107 za pomoc\u0105 bankowo\u015bci elektronicznej (Paysera)<\/strong><\/p><p>Paysera is an electronic payment system that combines different payment methods: via the Paysera system, electronic banking or payment cards. Paysera offers a free multi-currency account, which takes just a few minutes to open and top up. Also fast and secure online payments, for which the buyer receives a refund of part of the amount spent. Paysera also provides access to a convenient mobile wallet that further facilitates payments both online and in physical locations. Pay through Paysera \u2013 it\u2019s fast, modern and useful. For each payment, the buyer returns to the Paysera account up to 1% of the amount paid for the goods or services.<\/p><p>\"Danske Bank A\/S\" Lietuvos filialas, AS Luminor (\"DNB\") bankas, AS Citadele bankas, AS Luminor (\"Nordea\") bankas, AB SEB bankas, AB bankas \"Swedbank\", AB \u0160iauli\u0173 bankas, UAB Medicinos bankas, Lietuvos kredito unijos, MoQ, Paysera s\u0105skaita, Kreditin\u0117s kortel\u0117s<\/p>\t\t\t\t\t\t\t\t<\/div>\n\t\t\t\t<div class=\"elementor-element elementor-element-bbeee81 elementor-widget elementor-widget-text-editor\" data-id=\"bbeee81\" data-element_type=\"widget\" data-e-type=\"widget\" data-widget_type=\"text-editor.default\">\n\t\t\t\t\t\t\t\t\t<p><strong>2. Mo\u017cesz zap\u0142aci\u0107 przelewem bankowym:<\/strong><\/p><p>Warunki rozliczenia:<\/p><ol><li><em><strong>AB \"SEB\" bankas:<\/strong><\/em><br \/>Nr konta: LT39 7044 0600 0786 3477 - EUR \/ USD \/ GBP (wielowalutowe)<br \/>Kod banku: 70440<br \/>Kod S.W.I.F.T: CBVILT2X<\/li><li><em><strong>Paysera:\u00a0<\/strong><\/em>Instytucja pieni\u0105dza elektronicznego UAB Paysera<br \/>Nr konta: LT13 3500 0100 0139 8442 - EUR \/ USD \/ GBP (wielowalutowe).\u00a0<span class=\"goog-text-highlight\">Kod banku: 35000,\u00a0<\/span><span class=\"goog-text-highlight\">Kod S.WIFT: EVIULT21XXX<\/span><br \/><br \/><\/li><\/ol><p>Nie zapomnij napisa\u0107\u00a0<strong><u>kod zam\u00f3wienia<\/u><\/strong>\u00a0in the field of \u201cPurpose\u201d of the bank transfer.<\/p>\t\t\t\t\t\t\t\t<\/div>\n\t\t\t\t\t<\/div>\n\t\t<\/div>\n\t\t\t\t\t<\/div>\n\t\t<\/section>\n\t\t\t\t<section class=\"elementor-section elementor-top-section elementor-element elementor-element-23bf33e elementor-section-boxed elementor-section-height-default elementor-section-height-default\" data-id=\"23bf33e\" data-element_type=\"section\" data-e-type=\"section\">\n\t\t\t\t\t\t<div class=\"elementor-container elementor-column-gap-default\">\n\t\t\t\t\t<div class=\"elementor-column elementor-col-100 elementor-top-column elementor-element elementor-element-d14ad73\" data-id=\"d14ad73\" data-element_type=\"column\" data-e-type=\"column\">\n\t\t\t<div class=\"elementor-widget-wrap elementor-element-populated\">\n\t\t\t\t\t\t<div class=\"elementor-element elementor-element-ba7a529 elementor-widget elementor-widget-heading\" data-id=\"ba7a529\" data-element_type=\"widget\" data-e-type=\"widget\" data-widget_type=\"heading.default\">\n\t\t\t\t\t<h2 class=\"elementor-heading-title elementor-size-default\">Dostawa<\/h2>\t\t\t\t<\/div>\n\t\t\t\t<div class=\"elementor-element elementor-element-f628233 elementor-widget elementor-widget-text-editor\" data-id=\"f628233\" data-element_type=\"widget\" data-e-type=\"widget\" data-widget_type=\"text-editor.default\">\n\t\t\t\t\t\t\t\t\t<p>1.1. Sprzedawca d\u0105\u017cy do wydania kurierowi poszczeg\u00f3lnych towar\u00f3w zam\u00f3wionych przez Kupuj\u0105cego w terminie 2 dni roboczych od dnia dokonania zap\u0142aty za towar.<br \/>1.2. Kurier dostarcza towar na adres Kupuj\u0105cego w:<br \/>1.2.1. 1-2 dni robocze na Litwie;<br \/>1.2.2. W przypadku innych kraj\u00f3w prosimy o kontakt telefoniczny lub mailowy;<br \/>1.3. Us\u0142ugi Venipak Lietuva s\u0105 wykorzystywane do dostawy towar\u00f3w.<br \/>1.4. Ka\u017cde zam\u00f3wienie zostanie wys\u0142ane za po\u015brednictwem kuriera Venipak Lietuva. Po wys\u0142aniu zam\u00f3wienia otrzymasz powiadomienie o numerze \u015bledzenia paczki, aby\u015b m\u00f3g\u0142 \u015bledzi\u0107 jej post\u0119p za pomoc\u0105 us\u0142ugi online.<br \/>1.5. Kupuj\u0105cy mo\u017ce zapozna\u0107 si\u0119 z informacjami dotycz\u0105cymi godzin pracy Venipak Lietuva (czas dostawy) i us\u0142ug Venipak Lietuva na stronie internetowej Venipak dost\u0119pnej w danym kraju.<br \/>1.6. Je\u015bli nie mo\u017cesz znale\u017a\u0107 swojego kraju, skontaktuj si\u0119 z nami przez e-mail lub telefon, a my znajdziemy dla Ciebie najdogodniejsz\u0105 metod\u0119 dostawy.<\/p><p><strong>Order amount exceeding 50\u20ac \u2013 FREE delivery in Lithuania<br \/><\/strong>W przeciwnym razie na ca\u0142ym \u015bwiecie cena dostawy jest obliczana na podstawie wagi zam\u00f3wienia.<\/p>\t\t\t\t\t\t\t\t<\/div>\n\t\t\t\t\t<\/div>\n\t\t<\/div>\n\t\t\t\t\t<\/div>\n\t\t<\/section>\n\t\t\t\t<section class=\"elementor-section elementor-top-section elementor-element elementor-element-47686fe elementor-section-boxed elementor-section-height-default elementor-section-height-default\" data-id=\"47686fe\" data-element_type=\"section\" data-e-type=\"section\">\n\t\t\t\t\t\t<div class=\"elementor-container elementor-column-gap-default\">\n\t\t\t\t\t<div class=\"elementor-column elementor-col-100 elementor-top-column elementor-element elementor-element-4418b88\" data-id=\"4418b88\" data-element_type=\"column\" data-e-type=\"column\">\n\t\t\t<div class=\"elementor-widget-wrap elementor-element-populated\">\n\t\t\t\t\t\t<div class=\"elementor-element elementor-element-c7f4b18 elementor-widget elementor-widget-heading\" data-id=\"c7f4b18\" data-element_type=\"widget\" data-e-type=\"widget\" data-widget_type=\"heading.default\">\n\t\t\t\t\t<h2 class=\"elementor-heading-title elementor-size-default\">Zwroty<\/h2>\t\t\t\t<\/div>\n\t\t\t\t<div class=\"elementor-element elementor-element-37f73f6 elementor-widget elementor-widget-text-editor\" data-id=\"37f73f6\" data-element_type=\"widget\" data-e-type=\"widget\" data-widget_type=\"text-editor.default\">\n\t\t\t\t\t\t\t\t\t<p>2.1. Zakupione towary\u00a0<strong>bezpo\u015brednio<\/strong> z www.healthychoice.world mo\u017cna zwr\u00f3ci\u0107 w ci\u0105gu 15 dni od daty dostawy.<br \/>2.2. Zwrot przys\u0142uguje tylko wtedy, gdy opakowanie produktu jest nieotwarte.<br \/>2.3. Towary musz\u0105 by\u0107 zwr\u00f3cone w oryginalnym opakowaniu.<br \/>2.4. Buyer\u2019s refund might be fulfilled in 5 working days after goods were returned to the Seller and the Seller confirmed that the goods are accepted as returned. Delivery fee is non refundable.<br \/>2.5. Je\u015bli chcesz zwr\u00f3ci\u0107 przedmiot w celu wymiany lub zwrotu pieni\u0119dzy, zalecamy zrobienie tego za po\u015brednictwem bezpiecznej i ubezpieczonej us\u0142ugi dostawy (takiej jak Venipak, UPS, DHL, DPD itp.). Nie ponosimy odpowiedzialno\u015bci za nieotrzymane przedmioty. Op\u0142aty za zwrot towaru ponosi kupuj\u0105cy.<br \/>2.6. Zazwyczaj \u017c\u0105danie zwrotu zostanie przetworzone w ci\u0105gu 48 godzin od jego otrzymania.<br \/>2.7. Adres do zwrot\u00f3w: Sporto st. 3-79, LT-09238, Wilno, Litwa.<\/p>\t\t\t\t\t\t\t\t<\/div>\n\t\t\t\t\t<\/div>\n\t\t<\/div>\n\t\t\t\t\t<\/div>\n\t\t<\/section>\n\t\t\t\t<\/div>","protected":false},"excerpt":{"rendered":"<p>Payment 1. You can pay by using E-banking (Paysera) Paysera is an electronic payment system that combines different payment methods: via the Paysera system, electronic banking or payment cards. Paysera offers a free multi-currency account, which takes just a few minutes to open and top up. Also fast and secure online payments, for which the [&hellip;]<\/p>\n","protected":false},"author":1,"featured_media":0,"parent":0,"menu_order":0,"comment_status":"closed","ping_status":"closed","template":"","meta":{"_monsterinsights_skip_tracking":false,"_monsterinsights_sitenote_active":false,"_monsterinsights_sitenote_note":"","_monsterinsights_sitenote_category":0,"footnotes":""},"class_list":["post-393","page","type-page","status-publish","hentry"],"blocksy_meta":{"vertical_spacing_source":"custom","content_area_spacing":"none","styles_descriptor":{"styles":{"desktop":"","tablet":"","mobile":""},"google_fonts":[],"version":6}},"aioseo_notices":[],"_links":{"self":[{"href":"https:\/\/www.healthychoice.world\/pl\/wp-json\/wp\/v2\/pages\/393","targetHints":{"allow":["GET"]}}],"collection":[{"href":"https:\/\/www.healthychoice.world\/pl\/wp-json\/wp\/v2\/pages"}],"about":[{"href":"https:\/\/www.healthychoice.world\/pl\/wp-json\/wp\/v2\/types\/page"}],"author":[{"embeddable":true,"href":"https:\/\/www.healthychoice.world\/pl\/wp-json\/wp\/v2\/users\/1"}],"replies":[{"embeddable":true,"href":"https:\/\/www.healthychoice.world\/pl\/wp-json\/wp\/v2\/comments?post=393"}],"version-history":[{"count":4,"href":"https:\/\/www.healthychoice.world\/pl\/wp-json\/wp\/v2\/pages\/393\/revisions"}],"predecessor-version":[{"id":2920,"href":"https:\/\/www.healthychoice.world\/pl\/wp-json\/wp\/v2\/pages\/393\/revisions\/2920"}],"wp:attachment":[{"href":"https:\/\/www.healthychoice.world\/pl\/wp-json\/wp\/v2\/media?parent=393"}],"curies":[{"name":"wp","href":"https:\/\/api.w.org\/{rel}","templated":true}]}}