{"id":1054,"date":"2023-05-03T15:39:12","date_gmt":"2023-05-03T12:39:12","guid":{"rendered":"https:\/\/www.healthychoice.world\/?post_type=product&#038;p=1054"},"modified":"2026-04-30T19:18:15","modified_gmt":"2026-04-30T16:18:15","slug":"healthy-choice-vitamins-d3-120-capsules","status":"publish","type":"product","link":"https:\/\/www.healthychoice.world\/pl\/products\/healthy-choice-vitamins-d3-120-capsules\/","title":{"rendered":"Witaminy D3 4000IU z oliw\u0105 z oliwek \"Zdrowy wyb\u00f3r\" 120 kapsu\u0142ek"},"content":{"rendered":"<h1 class=\"western\" align=\"JUSTIFY\"><strong>Witamina D3 4000IU z oliw\u0105 z oliwek<\/strong><\/h1>\n<p>Dodatek<\/p>\n<p>120 kapsu\u0142ek \/ 130 g Zawarto\u015b\u0107 netto<\/p>\n<p>Witamina D pomaga utrzyma\u0107 prawid\u0142owe funkcjonowanie uk\u0142adu odporno\u015bciowego, stan ko\u015bci i z\u0119b\u00f3w, funkcjonowanie mi\u0119\u015bni, wch\u0142anianie i\/lub przyswajanie wapnia i fosforu oraz st\u0119\u017cenie wapnia we krwi. Witamina D odgrywa rol\u0119 w podziale kom\u00f3rek.<\/p>\n<h2 class=\"western\" align=\"JUSTIFY\">INGRIDIENTS<\/h2>\n<p>Oliwa z oliwek, otoczka kapsu\u0142ki - \u017celatyna, substancja utrzymuj\u0105ca wilgo\u0107 - glicerol, woda, cholekalcyferol.<\/p>\n<p>1 kapsu\u0142ka zawiera (RMV*, %): witamina D3 100 \u03bcg (2000%), oliwa z oliwek 146 mg.<\/p>\n<p>*RMV (referencyjna warto\u015b\u0107 od\u017cywcza).<\/p>\n<h2 class=\"western\" align=\"JUSTIFY\">KONSUMPCJA<\/h2>\n<p align=\"JUSTIFY\">Zaleca si\u0119 przyjmowanie 1 kapsu\u0142ki dziennie. Stosowa\u0107 doustnie. Nie nale\u017cy przekracza\u0107 zalecanej dawki.<\/p>\n<h2 class=\"western\" align=\"JUSTIFY\">OSTRZE\u017bENIA<\/h2>\n<p align=\"JUSTIFY\">Suplement diety mog\u0105 stosowa\u0107 wy\u0142\u0105cznie osoby doros\u0142e w wieku powy\u017cej 18 lat. Przechowywa\u0107 w temperaturze nie wy\u017cszej ni\u017c +25\u00b0C, w ciemnym miejscu niedost\u0119pnym dla dzieci, w oryginalnym opakowaniu. Suplement diety nie powinien by\u0107 stosowany jako substytut po\u017cywienia. Wa\u017cna jest zr\u00f3\u017cnicowana i zbilansowana dieta oraz zdrowy tryb \u017cycia.<\/p>","protected":false},"excerpt":{"rendered":"<p>Dodatek<\/p>\n<p>120 kapsu\u0142ek \/ 130 g Zawarto\u015b\u0107 netto<\/p>","protected":false},"featured_media":1055,"template":"","meta":{"_monsterinsights_skip_tracking":false,"_monsterinsights_sitenote_active":false,"_monsterinsights_sitenote_note":"","_monsterinsights_sitenote_category":0},"product_brand":[],"product_cat":[26,55,29,46,36],"product_tag":[39,23,45],"giftcard-category":[],"class_list":{"0":"post-1054","1":"product","2":"type-product","3":"status-publish","4":"has-post-thumbnail","6":"product_cat-100-whey-protein-concentrate-1kg","7":"product_cat-food-supplements","8":"product_cat-wps_wgm_giftcard","9":"product_cat-special","10":"product_cat-vitamins","11":"product_tag-for-health-and-beauty","12":"product_tag-products","13":"product_tag-special","15":"first","16":"instock","17":"sale","18":"featured","19":"taxable","20":"shipping-taxable","21":"purchasable","22":"product-type-simple"},"aioseo_notices":[],"_links":{"self":[{"href":"https:\/\/www.healthychoice.world\/pl\/wp-json\/wp\/v2\/product\/1054","targetHints":{"allow":["GET"]}}],"collection":[{"href":"https:\/\/www.healthychoice.world\/pl\/wp-json\/wp\/v2\/product"}],"about":[{"href":"https:\/\/www.healthychoice.world\/pl\/wp-json\/wp\/v2\/types\/product"}],"wp:featuredmedia":[{"embeddable":true,"href":"https:\/\/www.healthychoice.world\/pl\/wp-json\/wp\/v2\/media\/1055"}],"wp:attachment":[{"href":"https:\/\/www.healthychoice.world\/pl\/wp-json\/wp\/v2\/media?parent=1054"}],"wp:term":[{"taxonomy":"product_brand","embeddable":true,"href":"https:\/\/www.healthychoice.world\/pl\/wp-json\/wp\/v2\/product_brand?post=1054"},{"taxonomy":"product_cat","embeddable":true,"href":"https:\/\/www.healthychoice.world\/pl\/wp-json\/wp\/v2\/product_cat?post=1054"},{"taxonomy":"product_tag","embeddable":true,"href":"https:\/\/www.healthychoice.world\/pl\/wp-json\/wp\/v2\/product_tag?post=1054"},{"taxonomy":"giftcard-category","embeddable":true,"href":"https:\/\/www.healthychoice.world\/pl\/wp-json\/wp\/v2\/giftcard-category?post=1054"}],"curies":[{"name":"wp","href":"https:\/\/api.w.org\/{rel}","templated":true}]}}