{"id":1056,"date":"2023-05-03T15:45:28","date_gmt":"2023-05-03T12:45:28","guid":{"rendered":"https:\/\/www.healthychoice.world\/?post_type=product&#038;p=1056"},"modified":"2025-12-29T08:51:41","modified_gmt":"2025-12-29T06:51:41","slug":"healthy-choice-omega-3-fish-oil-120-capsules","status":"publish","type":"product","link":"https:\/\/www.healthychoice.world\/pl\/products\/healthy-choice-omega-3-fish-oil-120-capsules\/","title":{"rendered":"Olej rybny Omega-3 \"Zdrowy wyb\u00f3r\" 120 kapsu\u0142ek"},"content":{"rendered":"<p style=\"text-align: center;\"><strong>Omega-3<\/strong><\/p>\n<p style=\"text-align: center;\"><strong>Olej rybi 1000 mg<\/strong><\/p>\n<p style=\"text-align: center;\"><strong>500 mg EPR i 250 mg DHA TG<\/strong><\/p>\n<p style=\"text-align: center;\"><strong>(Suplement)<\/strong><\/p>\n<p align=\"JUSTIFY\"><a name=\"Bookmark\"><\/a><a name=\"_Hlk128551328\"><\/a><\/p>\n<p>Zawarto\u015b\u0107 netto: 160,8 g \/ 90 kapsu\u0142ek mi\u0119kkich<\/p>\n<p>Healthy Choice Omega-3 Fish Oil 1000mg 500mg EPR &amp; 250mg DHA TG. Opakowanie wystarcza na 3 miesi\u0105ce stosowania.<\/p>\n<p>Omega-3 to wielonienasycone kwasy t\u0142uszczowe, inaczej zwane dobrymi t\u0142uszczami. Jest to niezb\u0119dny kwas t\u0142uszczowy, kt\u00f3rego organizm nie jest w stanie sam wyprodukowa\u0107. Jest on niezb\u0119dny dla naszego organizmu do produkcji r\u00f3\u017cnych zwi\u0105zk\u00f3w biologicznie czynnych. Kwasy omega-3 mo\u017cna uzyska\u0107 z po\u017cywienia, zwykle w oleju rybim, ale mo\u017ce by\u0107 trudno uzyska\u0107 wystarczaj\u0105c\u0105 ilo\u015b\u0107 z tego, co jesz. Wielonienasycone kwasy t\u0142uszczowe, takie jak kwas eikozapentaenowy (EPA) i kwas dokozaheksaenowy (DHA) s\u0105 pozyskiwane z ryb, takich jak makrela, \u0142oso\u015b, tu\u0144czyk itp. Te kwasy t\u0142uszczowe pomagaj\u0105 utrzyma\u0107 prawid\u0142owe funkcjonowanie serca. Pozytywny efekt wyst\u0119puje przy dziennym spo\u017cyciu 250 mg EPR i DHA.<\/p>\n<p>Olej rybny Omega-3 1000 mg w mi\u0119kkich kapsu\u0142kach zawiera kwasy omega-3 bogate w nienasycone kwasy t\u0142uszczowe EPR (kwas eikozapentaenowy) i DHA (kwas dokozaheksaenowy).<\/p>\n<p>DHA - kwas dokozaheksaenowy<\/p>\n<p>Zawiera d\u0142ugo\u0142a\u0144cuchowy kwas t\u0142uszczowy omega-3, wa\u017cny dla m\u00f3zgu, oczu i og\u00f3lnego rozwoju, pomaga utrzyma\u0107 prawid\u0142owe funkcjonowanie serca. Niedostateczna ilo\u015b\u0107 tego kwasu mo\u017ce powodowa\u0107 problemy ze wzrokiem.<\/p>\n<p>EPR - kwas eikozapentaenowy<\/p>\n<p>Zawiera d\u0142ugo\u0142a\u0144cuchowy kwas t\u0142uszczowy omega-3, wa\u017cny dla og\u00f3lnego stanu zdrowia, pomaga utrzyma\u0107 prawid\u0142owe funkcjonowanie serca.<\/p>\n<table border=\"1\" width=\"623\" cellspacing=\"0\" cellpadding=\"7\">\n<tbody>\n<tr>\n<td colspan=\"3\" width=\"607\">\n<p lang=\"en-US\"><a name=\"Bookmark2\"><\/a><span style=\"font-family: Times New Roman, serif;\"><span style=\"font-size: medium;\">Sud\u0117tis (1 kapsul\u0117)<\/span><\/span><\/p>\n<\/td>\n<\/tr>\n<tr>\n<td colspan=\"2\" width=\"429\">\n<p lang=\"en-US\"><a name=\"_Hlk128551359\"><\/a><span style=\"font-family: Times New Roman, serif;\"><span style=\"font-size: medium;\">\u017duvies taukai <\/span><\/span><\/p>\n<\/td>\n<td valign=\"TOP\" width=\"164\">\n<p lang=\"en-US\"><span style=\"font-family: Times New Roman, serif;\"><span style=\"font-size: medium;\">1000 mg<\/span><\/span><\/p>\n<\/td>\n<\/tr>\n<tr>\n<td width=\"183\">&nbsp;<\/td>\n<td width=\"232\">\n<p lang=\"en-US\"><span style=\"font-family: Times New Roman, serif;\"><span style=\"font-size: medium;\">EPR (eikozapentaeno r\u016bg\u0161tis)<\/span><\/span><\/p>\n<\/td>\n<td width=\"164\">\n<p lang=\"en-US\"><span style=\"font-family: Times New Roman, serif;\"><span style=\"font-size: medium;\">500 mg<\/span><\/span><\/p>\n<\/td>\n<\/tr>\n<tr>\n<td width=\"183\">&nbsp;<\/td>\n<td width=\"232\">\n<p lang=\"en-US\"><span style=\"font-family: Times New Roman, serif;\"><span style=\"font-size: medium;\">DHR (dokozaheksaeno r\u016bg\u0161tis)<\/span><\/span><\/p>\n<\/td>\n<td width=\"164\">\n<p lang=\"en-US\"><span style=\"font-family: Times New Roman, serif;\"><span style=\"font-size: medium;\">250 mg<\/span><\/span><\/p>\n<\/td>\n<\/tr>\n<tr>\n<td colspan=\"3\" width=\"607\">\n<p lang=\"en-US\"><span style=\"font-family: Times New Roman, serif;\"><span style=\"font-size: medium;\">Omega-3 jest dost\u0119pny w wersji 75% (50% EPR i 25% DHR).<\/span><\/span><\/p>\n<\/td>\n<\/tr>\n<tr>\n<td colspan=\"3\" width=\"607\">\n<p lang=\"en-US\"><span style=\"font-family: Times New Roman, serif;\"><span style=\"font-size: medium;\">Kapsul\u0117s apvalkalas<\/span><\/span><\/p>\n<\/td>\n<\/tr>\n<tr>\n<td colspan=\"2\" width=\"429\">\n<p lang=\"en-US\"><span style=\"font-family: Times New Roman, serif;\"><span style=\"font-size: medium;\">\u017delatina<\/span><\/span><\/p>\n<\/td>\n<td width=\"164\">\n<p lang=\"en-US\"><span style=\"font-family: Times New Roman, serif;\"><span style=\"font-size: medium;\">210 mg<\/span><\/span><\/p>\n<\/td>\n<\/tr>\n<tr>\n<td colspan=\"2\" width=\"429\">\n<p lang=\"en-US\"><a name=\"_Hlk128160919\"><\/a><span style=\"font-family: Times New Roman, serif;\"><span style=\"font-size: medium;\">Gliceryna<\/span><\/span><\/p>\n<\/td>\n<td width=\"164\">\n<p lang=\"en-US\"><span style=\"font-family: Times New Roman, serif;\"><span style=\"font-size: medium;\">135 mg<\/span><\/span><\/p>\n<\/td>\n<\/tr>\n<tr>\n<td colspan=\"2\" width=\"429\" height=\"3\">\n<p lang=\"en-US\"><span style=\"font-family: Times New Roman, serif;\"><span style=\"font-size: medium;\">Vanduo<\/span><\/span><\/p>\n<\/td>\n<td width=\"164\">\n<p lang=\"en-US\"><span style=\"font-family: Times New Roman, serif;\"><span style=\"font-size: medium;\">25 mg<\/span><\/span><\/p>\n<\/td>\n<\/tr>\n<\/tbody>\n<\/table>\n<p align=\"JUSTIFY\"><span style=\"font-family: Open Sans, serif;\"><span style=\"font-size: large;\"><b>SK\u0141ADNIKI:<\/b><\/span><\/span><\/p>\n<p><a name=\"Bookmark3\"><\/a> Olej rybi, \u017celatyna (otoczka kapsu\u0142ki), gliceryna (otoczka kapsu\u0142ki), woda (otoczka kapsu\u0142ki).<\/p>\n<p><span style=\"font-family: Open Sans, serif;\"><span style=\"font-size: large;\"><b>KONSUMPCJA:<\/b><\/span><\/span><\/p>\n<p>Doro\u015bli: 1 kapsu\u0142ka mi\u0119kka dziennie. Przyjmowa\u0107 z jedzeniem. Je\u015bli jeste\u015b w ci\u0105\u017cy, karmisz piersi\u0105, przyjmujesz leki lub cierpisz na schorzenia, przed u\u017cyciem skonsultuj si\u0119 z lekarzem.<\/p>\n<p><span style=\"font-family: Open Sans, serif;\"><span style=\"font-size: large;\"><b>OSTRZE\u017bENIA:<\/b><\/span><\/span><\/p>\n<p>Nie nale\u017cy przekracza\u0107 ustalonej zalecanej dawki dziennej. Przechowywa\u0107 w temperaturze pokojowej, w suchym miejscu, niedost\u0119pnym dla dzieci, z dala od bezpo\u015bredniego \u015bwiat\u0142a s\u0142onecznego. Suplement diety nie zast\u0119puje po\u017cywienia, dlatego wa\u017cna jest zr\u00f3\u017cnicowana i zbilansowana dieta. Produkt nie zawiera laktozy, jaj, glutenu ani innych potencjalnych alergen\u00f3w. Produkt zawiera produkty rybne, dlatego nie jest odpowiedni dla wegetarian i wegan.<\/p>\n<p>O\u015bwiadczenia zdrowotne s\u0105 zatwierdzone rozporz\u0105dzeniem Komisji Europejskiej (UE) nr 274\/2014.<\/p>","protected":false},"excerpt":{"rendered":"<p>Zawarto\u015b\u0107 netto: 160,8 g \/ 90 kapsu\u0142ek mi\u0119kkich<\/p>\n<p>Healthy Choice Omega-3 Fish Oil 1000mg 500mg EPR &amp; 250mg DHA TG. Opakowanie wystarcza na 3 miesi\u0105ce stosowania.<\/p>","protected":false},"featured_media":1257,"template":"","meta":{"_monsterinsights_skip_tracking":false,"_monsterinsights_sitenote_active":false,"_monsterinsights_sitenote_note":"","_monsterinsights_sitenote_category":0},"product_brand":[],"product_cat":[26,55,29,46,36],"product_tag":[39,23,45],"giftcard-category":[],"class_list":{"0":"post-1056","1":"product","2":"type-product","3":"status-publish","4":"has-post-thumbnail","6":"product_cat-100-whey-protein-concentrate-1kg","7":"product_cat-food-supplements","8":"product_cat-wps_wgm_giftcard","9":"product_cat-special","10":"product_cat-vitamins","11":"product_tag-for-health-and-beauty","12":"product_tag-products","13":"product_tag-special","15":"first","16":"instock","17":"sale","18":"taxable","19":"shipping-taxable","20":"purchasable","21":"product-type-simple"},"aioseo_notices":[],"_links":{"self":[{"href":"https:\/\/www.healthychoice.world\/pl\/wp-json\/wp\/v2\/product\/1056","targetHints":{"allow":["GET"]}}],"collection":[{"href":"https:\/\/www.healthychoice.world\/pl\/wp-json\/wp\/v2\/product"}],"about":[{"href":"https:\/\/www.healthychoice.world\/pl\/wp-json\/wp\/v2\/types\/product"}],"wp:featuredmedia":[{"embeddable":true,"href":"https:\/\/www.healthychoice.world\/pl\/wp-json\/wp\/v2\/media\/1257"}],"wp:attachment":[{"href":"https:\/\/www.healthychoice.world\/pl\/wp-json\/wp\/v2\/media?parent=1056"}],"wp:term":[{"taxonomy":"product_brand","embeddable":true,"href":"https:\/\/www.healthychoice.world\/pl\/wp-json\/wp\/v2\/product_brand?post=1056"},{"taxonomy":"product_cat","embeddable":true,"href":"https:\/\/www.healthychoice.world\/pl\/wp-json\/wp\/v2\/product_cat?post=1056"},{"taxonomy":"product_tag","embeddable":true,"href":"https:\/\/www.healthychoice.world\/pl\/wp-json\/wp\/v2\/product_tag?post=1056"},{"taxonomy":"giftcard-category","embeddable":true,"href":"https:\/\/www.healthychoice.world\/pl\/wp-json\/wp\/v2\/giftcard-category?post=1056"}],"curies":[{"name":"wp","href":"https:\/\/api.w.org\/{rel}","templated":true}]}}