{"id":1141,"date":"2023-06-28T11:13:10","date_gmt":"2023-06-28T08:13:10","guid":{"rendered":"https:\/\/www.healthychoice.world\/?post_type=product&#038;p=1141"},"modified":"2026-04-17T16:57:37","modified_gmt":"2026-04-17T13:57:37","slug":"melatonin-tryptophan-b6-120-tablets","status":"publish","type":"product","link":"https:\/\/www.healthychoice.world\/pl\/products\/melatonin-tryptophan-b6-120-tablets\/","title":{"rendered":"Melatonina + Tryptofan + B6 120 tabletek"},"content":{"rendered":"<p>Dodatek<\/p>\n<p>Melatonina pomaga skr\u00f3ci\u0107 czas potrzebny do za\u015bni\u0119cia. L-tryptofan jest aminokwasem niezb\u0119dnym do produkcji bia\u0142ek bior\u0105cych udzia\u0142 w syntezie melatoniny i serotoniny. Witamina B6 pomaga w utrzymaniu prawid\u0142owego metabolizmu energetycznego, prawid\u0142owego funkcjonowania uk\u0142adu nerwowego, prawid\u0142owego metabolizmu homocysteiny, prawid\u0142owego metabolizmu bia\u0142ka i glikogenu.<\/p>\n<p>120 tabletek<br \/>\nWaga netto: 32,4 g<\/p>\n<p>SK\u0141AD:<br \/>\nsubstancje wype\u0142niaj\u0105ce: celuloza mikrokrystaliczna, wodorofosforan wapnia; L-tryptofan, substancje reguluj\u0105ce przyczepno\u015b\u0107: stearynian magnezu, dwutlenek krzemu; chlorowodorek pirydoksyny, melatonina.<\/p>\n<p>SK\u0141ADNIKI (1 tabletka):<br \/>\nL-tryptofan 40 mg<br \/>\nWitamina B6 6 mg (428,4% RMV*)<br \/>\nMelatonina 1 mg<\/p>\n<p>RMV* (referencyjna warto\u015b\u0107 od\u017cywcza).<\/p>\n<p>ZASTOSOWANIE:<br \/>\ndoro\u015bli: 1 tabletka dziennie przed snem.<br \/>\nPrzechowywa\u0107 w miejscu niedost\u0119pnym dla dzieci!<br \/>\nNie nale\u017cy przekracza\u0107 zalecanej dawki dziennej!<br \/>\nPrzechowywa\u0107 w oryginalnym opakowaniu, w suchym miejscu, w temperaturze pokojowej!<br \/>\nNie nale\u017cy stosowa\u0107 suplement\u00f3w diety jako substytutu zdrowej i zbilansowanej diety!<\/p>\n<p>OSTRZE\u017bENIE:<\/p>\n<p>Nie przekracza\u0107 zalecanej dawki dziennej. Przechowywa\u0107 w temperaturze nie wy\u017cszej ni\u017c +25\u00b0C, w miejscu niedost\u0119pnym dla dzieci. Nie zaleca si\u0119 stosowania u kobiet w ci\u0105\u017cy, karmi\u0105cych piersi\u0105, z chorobami autoimmunologicznymi, a tak\u017ce u dzieci. Kierowcy powinni stosowa\u0107 lek ostro\u017cnie, poniewa\u017c tabletki mog\u0105 powodowa\u0107 senno\u015b\u0107 i spowolnienie czasu reakcji.<\/p>","protected":false},"excerpt":{"rendered":"<p>Dodatek<\/p>\n<p>120 tabletek<br \/>\nWaga netto: 32,4 g<\/p>","protected":false},"featured_media":1142,"template":"","meta":{"_monsterinsights_skip_tracking":false,"_monsterinsights_sitenote_active":false,"_monsterinsights_sitenote_note":"","_monsterinsights_sitenote_category":0},"product_brand":[],"product_cat":[26,55,29,46,36],"product_tag":[39,23,45],"giftcard-category":[],"class_list":{"0":"post-1141","1":"product","2":"type-product","3":"status-publish","4":"has-post-thumbnail","6":"product_cat-100-whey-protein-concentrate-1kg","7":"product_cat-food-supplements","8":"product_cat-wps_wgm_giftcard","9":"product_cat-special","10":"product_cat-vitamins","11":"product_tag-for-health-and-beauty","12":"product_tag-products","13":"product_tag-special","15":"first","16":"instock","17":"sale","18":"taxable","19":"shipping-taxable","20":"purchasable","21":"product-type-simple"},"aioseo_notices":[],"_links":{"self":[{"href":"https:\/\/www.healthychoice.world\/pl\/wp-json\/wp\/v2\/product\/1141","targetHints":{"allow":["GET"]}}],"collection":[{"href":"https:\/\/www.healthychoice.world\/pl\/wp-json\/wp\/v2\/product"}],"about":[{"href":"https:\/\/www.healthychoice.world\/pl\/wp-json\/wp\/v2\/types\/product"}],"wp:featuredmedia":[{"embeddable":true,"href":"https:\/\/www.healthychoice.world\/pl\/wp-json\/wp\/v2\/media\/1142"}],"wp:attachment":[{"href":"https:\/\/www.healthychoice.world\/pl\/wp-json\/wp\/v2\/media?parent=1141"}],"wp:term":[{"taxonomy":"product_brand","embeddable":true,"href":"https:\/\/www.healthychoice.world\/pl\/wp-json\/wp\/v2\/product_brand?post=1141"},{"taxonomy":"product_cat","embeddable":true,"href":"https:\/\/www.healthychoice.world\/pl\/wp-json\/wp\/v2\/product_cat?post=1141"},{"taxonomy":"product_tag","embeddable":true,"href":"https:\/\/www.healthychoice.world\/pl\/wp-json\/wp\/v2\/product_tag?post=1141"},{"taxonomy":"giftcard-category","embeddable":true,"href":"https:\/\/www.healthychoice.world\/pl\/wp-json\/wp\/v2\/giftcard-category?post=1141"}],"curies":[{"name":"wp","href":"https:\/\/api.w.org\/{rel}","templated":true}]}}