{"id":59,"date":"2022-01-15T16:02:23","date_gmt":"2022-01-15T14:02:23","guid":{"rendered":"https:\/\/www.healthychoice.world\/?post_type=product&#038;p=59"},"modified":"2026-04-17T17:00:16","modified_gmt":"2026-04-17T14:00:16","slug":"bcaa-blackcurrant-flavor-400g","status":"publish","type":"product","link":"https:\/\/www.healthychoice.world\/pl\/products\/bcaa-blackcurrant-flavor-400g\/","title":{"rendered":"BCAA o smaku czarnej porzeczki, 400g"},"content":{"rendered":"<h2 class=\"text-white\" style=\"text-align: center;\">BCAA o smaku czarnej porzeczki<\/h2>\n<p><strong>Healthy Choice BCAA 2:1:1<\/strong> - Aminokwasy rozga\u0142\u0119zione (BCAA) dla szybszej regeneracji mi\u0119\u015bni!<\/p>\n<p>Aminokwasy rozga\u0142\u0119zione (BCAA) to wa\u017cna grupa niezb\u0119dnych aminokwas\u00f3w sk\u0142adaj\u0105ca si\u0119 z leucyny, izoleucyny i waliny. BCAA jest jednym z dziewi\u0119ciu niezb\u0119dnych aminokwas\u00f3w, kt\u00f3rych nasz organizm nie jest w stanie wyprodukowa\u0107. Jedynym \u017ar\u00f3d\u0142em BCAA jest nasza codzienna \u017cywno\u015b\u0107 lub suplementy diety. Z drugiej strony, stanowi\u0105 one 35% aminokwas\u00f3w w bia\u0142kach mi\u0119\u015bniowych. Leucyna, izoleucyna i walina to niezb\u0119dne aminokwasy pochodz\u0105ce z r\u00f3\u017cnych \u017ar\u00f3de\u0142 bia\u0142ka. Mog\u0105 by\u0107 r\u00f3wnie\u017c stosowane jako suplementy diety, zw\u0142aszcza podczas intensywnych lub fizycznych trening\u00f3w. W naszej formule BCAA stosunek leucyny, izoleucyny i waliny wynosi 2:1:1, poniewa\u017c taki stosunek dla produkt\u00f3w zawieraj\u0105cych aminokwasy rozga\u0142\u0119zione jest najbardziej skuteczny.<\/p>","protected":false},"excerpt":{"rendered":"<p>Healthy Choice BCAA 2:1:1 - Aminokwasy rozga\u0142\u0119zione (BCAA) dla szybszej regeneracji mi\u0119\u015bni!<\/p>","protected":false},"featured_media":866,"template":"","meta":{"_monsterinsights_skip_tracking":false,"_monsterinsights_sitenote_active":false,"_monsterinsights_sitenote_note":"","_monsterinsights_sitenote_category":0},"product_brand":[],"product_cat":[26,56],"product_tag":[23,27],"giftcard-category":[],"class_list":{"0":"post-59","1":"product","2":"type-product","3":"status-publish","4":"has-post-thumbnail","6":"product_cat-100-whey-protein-concentrate-1kg","7":"product_cat-bcaa","8":"product_tag-products","9":"product_tag-top","11":"first","12":"instock","13":"sale","14":"taxable","15":"shipping-taxable","16":"purchasable","17":"product-type-simple"},"aioseo_notices":[],"_links":{"self":[{"href":"https:\/\/www.healthychoice.world\/pl\/wp-json\/wp\/v2\/product\/59","targetHints":{"allow":["GET"]}}],"collection":[{"href":"https:\/\/www.healthychoice.world\/pl\/wp-json\/wp\/v2\/product"}],"about":[{"href":"https:\/\/www.healthychoice.world\/pl\/wp-json\/wp\/v2\/types\/product"}],"wp:featuredmedia":[{"embeddable":true,"href":"https:\/\/www.healthychoice.world\/pl\/wp-json\/wp\/v2\/media\/866"}],"wp:attachment":[{"href":"https:\/\/www.healthychoice.world\/pl\/wp-json\/wp\/v2\/media?parent=59"}],"wp:term":[{"taxonomy":"product_brand","embeddable":true,"href":"https:\/\/www.healthychoice.world\/pl\/wp-json\/wp\/v2\/product_brand?post=59"},{"taxonomy":"product_cat","embeddable":true,"href":"https:\/\/www.healthychoice.world\/pl\/wp-json\/wp\/v2\/product_cat?post=59"},{"taxonomy":"product_tag","embeddable":true,"href":"https:\/\/www.healthychoice.world\/pl\/wp-json\/wp\/v2\/product_tag?post=59"},{"taxonomy":"giftcard-category","embeddable":true,"href":"https:\/\/www.healthychoice.world\/pl\/wp-json\/wp\/v2\/giftcard-category?post=59"}],"curies":[{"name":"wp","href":"https:\/\/api.w.org\/{rel}","templated":true}]}}