{"id":610,"date":"2022-01-15T15:58:31","date_gmt":"2022-01-15T13:58:31","guid":{"rendered":"https:\/\/www.healthychoice.world\/?post_type=product&#038;p=610"},"modified":"2026-01-14T01:44:57","modified_gmt":"2026-01-13T23:44:57","slug":"almond-butter-chunky-1kg","status":"publish","type":"product","link":"https:\/\/www.healthychoice.world\/pl\/products\/almond-butter-chunky-1kg\/","title":{"rendered":"Mas\u0142o migda\u0142owe CHUNKY 1kg."},"content":{"rendered":"<h2 style=\"text-align: center;\">About \u201eHEALTHY CHOICE\u201c Almond butter<\/h2>\n<p>[row]<\/p>\n<p>[col span=&#8221;1\/1&#8243;]<\/p>\n<p>100 % pure, natural taste Almond Butter <strong>\u201eHEALTHY&nbsp;CHOICE\u201c<\/strong> is of the highest quality and excellent consistency. It is produced from the highest quality almond nuts, which are rich in vitamins and minerals, such as sodium, calcium, magnesium, potassium. This great tasting high quality product is made from natural ingredients, without any artificial spices, flavour enhancers, fat, synthetic additives and colorants.<\/p>\n<ul>\n<li>made in Lithuania;<\/li>\n<li>made of 100% peanut;<\/li>\n<li>does not contain sweeteners, colourings and flavour additives;<\/li>\n<li>does not contain synthetic materials;<\/li>\n<li>does not contain preservatives;<\/li>\n<li>preserved high biological value;<\/li>\n<li>is a source of energy;<\/li>\n<li>has an especially pleasant taste;<\/li>\n<li>does not contain sugar, salt or oil;<\/li>\n<li>great complex of unsaturated fatty acids:\n<ul>\n<li>are mono-unsaturated fats;<\/li>\n<li>are poly-unsaturated fats:<\/li>\n<li>&#8211; of which are essential linoleic and alpha-linolenic fatty acids (EFAs):<\/li>\n<li>&#8211; are Omega-6 fatty acids, which are extremely important for the brain and heart functions and maintain normal growth and development;<\/li>\n<li>&#8211; are vitamins and minerals sodium, calcium, magnesium, potassium;<\/li>\n<li>helps grow and maintain muscle mass;<\/li>\n<\/ul>\n<\/li>\n<li>suitable for athletes;<\/li>\n<li>suitable for children and pregnant women;<\/li>\n<li>suitable for vegetarians and vegans;<\/li>\n<li>suitable for individuals following a raw food diet;<\/li>\n<li>does not contain aspartame or added sugar;<\/li>\n<\/ul>\n<p>[\/col]<\/p>\n<p>[\/row]<\/p>\n","protected":false},"excerpt":{"rendered":"<p>100 % czysty, naturalny smak Mas\u0142o migda\u0142owe \"Zdrowy Wyb\u00f3r\" sk\u0142ada si\u0119 z najlepszej jako\u015bci bia\u0142ka ro\u015blinnego, t\u0142uszcz\u00f3w nienasyconych, b\u0142onnika i w\u0119glowodan\u00f3w. Zosta\u0142o stworzone z zachowaniem wysokiej warto\u015bci biologicznej (BV).<\/p>","protected":false},"featured_media":1080,"template":"","meta":{"_monsterinsights_skip_tracking":false,"_monsterinsights_sitenote_active":false,"_monsterinsights_sitenote_note":"","_monsterinsights_sitenote_category":0},"product_brand":[],"product_cat":[26,29,53,52],"product_tag":[23,27],"giftcard-category":[],"class_list":{"0":"post-610","1":"product","2":"type-product","3":"status-publish","4":"has-post-thumbnail","6":"product_cat-100-whey-protein-concentrate-1kg","7":"product_cat-wps_wgm_giftcard","8":"product_cat-nut-products","9":"product_cat-top","10":"product_tag-products","11":"product_tag-top","13":"first","14":"instock","15":"sale","16":"taxable","17":"shipping-taxable","18":"purchasable","19":"product-type-simple"},"aioseo_notices":[],"_links":{"self":[{"href":"https:\/\/www.healthychoice.world\/pl\/wp-json\/wp\/v2\/product\/610","targetHints":{"allow":["GET"]}}],"collection":[{"href":"https:\/\/www.healthychoice.world\/pl\/wp-json\/wp\/v2\/product"}],"about":[{"href":"https:\/\/www.healthychoice.world\/pl\/wp-json\/wp\/v2\/types\/product"}],"wp:featuredmedia":[{"embeddable":true,"href":"https:\/\/www.healthychoice.world\/pl\/wp-json\/wp\/v2\/media\/1080"}],"wp:attachment":[{"href":"https:\/\/www.healthychoice.world\/pl\/wp-json\/wp\/v2\/media?parent=610"}],"wp:term":[{"taxonomy":"product_brand","embeddable":true,"href":"https:\/\/www.healthychoice.world\/pl\/wp-json\/wp\/v2\/product_brand?post=610"},{"taxonomy":"product_cat","embeddable":true,"href":"https:\/\/www.healthychoice.world\/pl\/wp-json\/wp\/v2\/product_cat?post=610"},{"taxonomy":"product_tag","embeddable":true,"href":"https:\/\/www.healthychoice.world\/pl\/wp-json\/wp\/v2\/product_tag?post=610"},{"taxonomy":"giftcard-category","embeddable":true,"href":"https:\/\/www.healthychoice.world\/pl\/wp-json\/wp\/v2\/giftcard-category?post=610"}],"curies":[{"name":"wp","href":"https:\/\/api.w.org\/{rel}","templated":true}]}}