{"id":894,"date":"2021-11-26T15:24:44","date_gmt":"2021-11-26T13:24:44","guid":{"rendered":"https:\/\/www.healthychoice.world\/?post_type=product&#038;p=894"},"modified":"2026-01-14T01:48:13","modified_gmt":"2026-01-13T23:48:13","slug":"set-peanut-spread-healthy-choice-1000g-almond-spread-healthy-choice-with-pieces-250g","status":"publish","type":"product","link":"https:\/\/www.healthychoice.world\/pl\/products\/set-peanut-spread-healthy-choice-1000g-almond-spread-healthy-choice-with-pieces-250g\/","title":{"rendered":"Zestaw: pasta orzechowa \"Zdrowy Wyb\u00f3r\" 1000g + pasta migda\u0142owa \"Zdrowy Wyb\u00f3r\" z kawa\u0142kami 250g"},"content":{"rendered":"<p>Pasta orzechowa Healthy Choice jest dost\u0119pna w dw\u00f3ch smakach, kremowym i z kawa\u0142kami orzech\u00f3w, z wysokiej jako\u015bci bia\u0142kiem ro\u015blinnym, t\u0142uszczami nienasyconymi, b\u0142onnikiem i w\u0119glowodanami. Formu\u0142a zapewniaj\u0105ca wysok\u0105 warto\u015b\u0107 biologiczn\u0105 (BV). Jest to produkt wysokiej jako\u015bci, kt\u00f3ry mo\u017cna spo\u017cywa\u0107 kilka razy dziennie. Pasta migda\u0142owa \"Zdrowy Wyb\u00f3r\" z kawa\u0142kami 250 g o wyj\u0105tkowej konsystencji, pasta migda\u0142owa z kawa\u0142kami, wyprodukowana z najwy\u017cszej jako\u015bci naturalnych migda\u0142\u00f3w, bez u\u017cycia jakichkolwiek syntetycznych dodatk\u00f3w, wzmacniaczy smaku, t\u0142uszcz\u00f3w i barwnik\u00f3w.<\/p>","protected":false},"excerpt":{"rendered":"<p>Healthy Choice Peanut Spread jest dost\u0119pny w dw\u00f3ch smakach, kremowym i z kawa\u0142kami, z wysokiej jako\u015bci bia\u0142kiem ro\u015blinnym, t\u0142uszczami nienasyconymi, b\u0142onnikiem i w\u0119glowodanami. Formu\u0142a zapewniaj\u0105ca wysok\u0105 warto\u015b\u0107 biologiczn\u0105 (BV). Jest to produkt wysokiej jako\u015bci, kt\u00f3ry mo\u017cna spo\u017cywa\u0107 kilka razy dziennie.<\/p>\n<p>Pasta migda\u0142owa \"Zdrowy Wyb\u00f3r\" z kawa\u0142kami 250g o wyj\u0105tkowej konsystencji, pasta migda\u0142owa z kawa\u0142kami, wyprodukowana z najwy\u017cszej jako\u015bci naturalnych migda\u0142\u00f3w, bez u\u017cycia jakichkolwiek syntetycznych dodatk\u00f3w, wzmacniaczy smaku, t\u0142uszcz\u00f3w i barwnik\u00f3w.<\/p>","protected":false},"featured_media":896,"template":"","meta":{"_monsterinsights_skip_tracking":false,"_monsterinsights_sitenote_active":false,"_monsterinsights_sitenote_note":"","_monsterinsights_sitenote_category":0},"product_brand":[],"product_cat":[26,29,53,58,46],"product_tag":[23,24,45],"giftcard-category":[],"class_list":{"0":"post-894","1":"product","2":"type-product","3":"status-publish","4":"has-post-thumbnail","6":"product_cat-100-whey-protein-concentrate-1kg","7":"product_cat-wps_wgm_giftcard","8":"product_cat-nut-products","9":"product_cat-sets","10":"product_cat-special","11":"product_tag-products","12":"product_tag-sets","13":"product_tag-special","15":"first","16":"instock","17":"sale","18":"taxable","19":"shipping-taxable","20":"purchasable","21":"product-type-simple"},"aioseo_notices":[],"_links":{"self":[{"href":"https:\/\/www.healthychoice.world\/pl\/wp-json\/wp\/v2\/product\/894","targetHints":{"allow":["GET"]}}],"collection":[{"href":"https:\/\/www.healthychoice.world\/pl\/wp-json\/wp\/v2\/product"}],"about":[{"href":"https:\/\/www.healthychoice.world\/pl\/wp-json\/wp\/v2\/types\/product"}],"wp:featuredmedia":[{"embeddable":true,"href":"https:\/\/www.healthychoice.world\/pl\/wp-json\/wp\/v2\/media\/896"}],"wp:attachment":[{"href":"https:\/\/www.healthychoice.world\/pl\/wp-json\/wp\/v2\/media?parent=894"}],"wp:term":[{"taxonomy":"product_brand","embeddable":true,"href":"https:\/\/www.healthychoice.world\/pl\/wp-json\/wp\/v2\/product_brand?post=894"},{"taxonomy":"product_cat","embeddable":true,"href":"https:\/\/www.healthychoice.world\/pl\/wp-json\/wp\/v2\/product_cat?post=894"},{"taxonomy":"product_tag","embeddable":true,"href":"https:\/\/www.healthychoice.world\/pl\/wp-json\/wp\/v2\/product_tag?post=894"},{"taxonomy":"giftcard-category","embeddable":true,"href":"https:\/\/www.healthychoice.world\/pl\/wp-json\/wp\/v2\/giftcard-category?post=894"}],"curies":[{"name":"wp","href":"https:\/\/api.w.org\/{rel}","templated":true}]}}