{"id":899,"date":"2021-12-09T15:14:03","date_gmt":"2021-12-09T13:14:03","guid":{"rendered":"https:\/\/www.healthychoice.world\/?post_type=product&#038;p=899"},"modified":"2026-04-17T17:02:47","modified_gmt":"2026-04-17T14:02:47","slug":"set-l-carnitine-orange-flavor-100-pure-collagen-strawberry-flavor","status":"publish","type":"product","link":"https:\/\/www.healthychoice.world\/pl\/products\/set-l-carnitine-orange-flavor-100-pure-collagen-strawberry-flavor\/","title":{"rendered":"Zestaw: L-karnityna smak pomara\u0144czowy + 100% czysty kolagen smak truskawkowy"},"content":{"rendered":"<p><strong>100% CZYSTY KOLAGEN O SMAKU TRUSKAWKOWYM<\/strong><\/p>\n<p>Ilo\u015b\u0107 netto 500 ml<\/p>\n<p>Kolagen to naturalnie wyst\u0119puj\u0105ce w ludzkim organizmie bia\u0142ko, kt\u00f3re wspiera struktur\u0119 sk\u00f3ry, ko\u015bci i mi\u0119\u015bni, ale w procesie starzenia zdolno\u015b\u0107 organizmu do syntezy kolagenu spada. Z tego powodu opracowywane s\u0105 suplementy kolagenowe, kt\u00f3re pomagaj\u0105 utrzyma\u0107 prawid\u0142owy stan sk\u00f3ry, w\u0142os\u00f3w i paznokci, zmniejszaj\u0105 utrat\u0119 masy kostnej i maj\u0105 pozytywny wp\u0142yw na uk\u0142ad sercowo-naczyniowy.<\/p>\n<p>100% czysty kolagen o smaku truskawkowym to produkt najwy\u017cszej jako\u015bci, stworzony z zachowaniem wszystkich najwa\u017cniejszych substancji poprawiaj\u0105cych kondycj\u0119 w\u0142os\u00f3w, sk\u00f3ry, paznokci, tkanek \u0142\u0105cznych, staw\u00f3w. To \u015bwietny truskawkowy smak, niedrogi, wysokiej jako\u015bci produkt, odpowiedni do stosowania raz dziennie.<\/p>\n<p>100% czysty kolagen o smaku truskawkowym zawiera biotyn\u0119, cynk, witaminy E i C. Biotyna jest niezwykle wa\u017cna dla metabolizmu w\u0119glowodan\u00f3w, bia\u0142ek i t\u0142uszcz\u00f3w. Biotyna pomaga w utrzymaniu prawid\u0142owego metabolizmu energetycznego, aktywno\u015bci uk\u0142adu nerwowego, funkcji psychologicznych i stanu sk\u00f3ry. Cynk jest niezb\u0119dny do produkcji bia\u0142ek, wa\u017cnych dla rozwoju i funkcjonowania kom\u00f3rek odporno\u015bciowych. Cynk, podobnie jak witaminy E i C, pomaga w utrzymaniu silnego uk\u0142adu odporno\u015bciowego.<\/p>\n<p>&nbsp;<\/p>\n<p><strong>KLUCZOWE ZALETY KOLAGENU O SMAKU TRUSKAWKOWYM:<\/strong><\/p>\n<p>wyj\u0105tkowo dobry, naturalny truskawkowy smak;<br \/>\nzachowana jest wysoka warto\u015b\u0107 biologiczna;<br \/>\nbez laktozy;<br \/>\nKolagen jest bogaty w witaminy E i C;<br \/>\nodpowiedni dla wymagaj\u0105cych u\u017cytkownik\u00f3w;<br \/>\nniska zawarto\u015b\u0107 cukru, w\u0119glowodan\u00f3w i t\u0142uszczu;<br \/>\npomaga poprawi\u0107 elastyczno\u015b\u0107 sk\u00f3ry i mas\u0119 mi\u0119\u015bniow\u0105 oraz zapobiega oznakom starzenia.<\/p>\n<p><strong>ZASTOSOWANIE:<\/strong><\/p>\n<p>Dzienna dawka wynosi 25 ml, w postaci czystej lub rozcie\u0144czonej wod\u0105. Przed u\u017cyciem dobrze wstrz\u0105sn\u0105\u0107. Produkt nie mo\u017ce przekracza\u0107 zalecanej dawki i nie mo\u017ce by\u0107 stosowany jako substytut \u017cywno\u015bci. Produkt nale\u017cy przechowywa\u0107 w miejscu niedost\u0119pnym i niewidocznym dla dzieci. Wa\u017cna jest zr\u00f3\u017cnicowana i zbilansowana dieta oraz zdrowy tryb \u017cycia.<\/p>\n<p>&nbsp;<\/p>\n<p><strong>WARTO\u015a\u0106 OD\u017bYWCZA I ENERGETYCZNA PRODUKTU<\/strong><\/p>\n<p>Wielko\u015b\u0107 porcji: 25 ml.<\/p>\n<p>Liczba porcji w opakowaniu: 20.<\/p>\n<p>&nbsp;<\/p>\n<table>\n<tbody>\n<tr>\n<td width=\"252\">&nbsp;<\/td>\n<td width=\"118\"><strong>Porcijoje<\/strong><\/td>\n<td width=\"227\"><strong>&nbsp;<\/strong><strong>100 ml gryno bra\u0161ki\u0173 skonio kolageno<\/strong><\/td>\n<\/tr>\n<tr>\n<td width=\"252\">Kalorijos<\/td>\n<td width=\"118\">72kJ(17,2kcal)<\/td>\n<td width=\"227\">286kJ(68,4kcal)<\/td>\n<\/tr>\n<tr>\n<td width=\"252\"><strong>Riebal\u0173<\/strong><\/td>\n<td width=\"118\">&lt;0,5 g<\/td>\n<td width=\"227\">&lt;0,5 g<\/td>\n<\/tr>\n<tr>\n<td width=\"252\"><strong>I\u0161 viso angliavandeni\u0173<\/strong><\/td>\n<td width=\"118\">1,2 g<\/td>\n<td width=\"227\">4,7 g<\/td>\n<\/tr>\n<tr>\n<td width=\"252\">- I\u0161 kuri\u0173 cukraus<\/td>\n<td width=\"118\">1,1 g<\/td>\n<td width=\"227\">4,6 g<\/td>\n<\/tr>\n<tr>\n<td width=\"252\"><strong>Baltym\u0173<\/strong><\/td>\n<td width=\"118\">2,7 g<\/td>\n<td width=\"227\">10,6 g<\/td>\n<\/tr>\n<tr>\n<td width=\"252\"><strong>Druska<\/strong><\/td>\n<td width=\"118\">&lt;0,01 g<\/td>\n<td width=\"227\">0,03 g<\/td>\n<\/tr>\n<\/tbody>\n<\/table>\n<p>&nbsp;<\/p>\n<p><strong>SK\u0141ADNIKI:<\/strong><\/p>\n<p>Woda, sok z bia\u0142ych winogron (z koncentratu), hydrolizat kolagenu, sok z agawy, kwas askorbinowy, octan DL-\u03b1-tokoferolu, D-biotyna, cytrynian cynku, kwas (kwas cytrynowy), substancje konserwuj\u0105ce (sorbinian potasu, benzoesan sodu), substancja s\u0142odz\u0105ca (glikozydy stewiolowe), naturalny aromat.<\/p>\n<p>&nbsp;<\/p>\n<p><strong>SK\u0141ADNIKI AMINOKWASOWE CZYSTEGO KOLAGENU O SMAKU TRUSKAWKOWYM:<\/strong><\/p>\n<table>\n<tbody>\n<tr>\n<td width=\"144\">&nbsp;<\/td>\n<td width=\"152\"><strong>W cz\u0119\u015bci<\/strong><\/td>\n<td width=\"216\"><strong>100 ml czystego kolagenu o smaku truskawkowym<\/strong><\/td>\n<\/tr>\n<tr>\n<td width=\"144\">Walina<\/td>\n<td width=\"152\">63 mg<\/td>\n<td width=\"216\">252 mg<\/td>\n<\/tr>\n<tr>\n<td width=\"144\">Izoleucyny<\/td>\n<td width=\"152\">39 mg<\/td>\n<td width=\"216\">156 mg<\/td>\n<\/tr>\n<tr>\n<td width=\"144\">Leucyny<\/td>\n<td width=\"152\">73 mg<\/td>\n<td width=\"216\">292 mg<\/td>\n<\/tr>\n<tr>\n<td width=\"144\">Lizines<\/td>\n<td width=\"152\">94 mg<\/td>\n<td width=\"216\">376 mg<\/td>\n<\/tr>\n<tr>\n<td width=\"144\">Metioniny<\/td>\n<td width=\"152\">16 mg<\/td>\n<td width=\"216\">64 mg<\/td>\n<\/tr>\n<tr>\n<td width=\"144\">Treoniny<\/td>\n<td width=\"152\">55 mg<\/td>\n<td width=\"216\">220 mg<\/td>\n<\/tr>\n<tr>\n<td width=\"144\">Fenyloalanina<\/td>\n<td width=\"152\">52 mg<\/td>\n<td width=\"216\">208 mg<\/td>\n<\/tr>\n<tr>\n<td width=\"144\">Arginina<\/td>\n<td width=\"152\">189 mg<\/td>\n<td width=\"216\">756 mg<\/td>\n<\/tr>\n<tr>\n<td width=\"144\">Histydyna<\/td>\n<td width=\"152\">24 mg<\/td>\n<td width=\"216\">96 mg<\/td>\n<\/tr>\n<tr>\n<td width=\"144\">Tyrozine<\/td>\n<td width=\"152\">21 mg<\/td>\n<td width=\"216\">84 mg<\/td>\n<\/tr>\n<tr>\n<td width=\"144\">Porylin<\/td>\n<td width=\"152\">343 mg<\/td>\n<td width=\"216\">1372 mg<\/td>\n<\/tr>\n<tr>\n<td width=\"144\">Alaniny<\/td>\n<td width=\"152\">225 mg<\/td>\n<td width=\"216\">900 mg<\/td>\n<\/tr>\n<tr>\n<td width=\"144\">Kwas asparaginowy<\/td>\n<td width=\"152\">149 mg<\/td>\n<td width=\"216\">596 mg<\/td>\n<\/tr>\n<tr>\n<td width=\"144\">Seryna<\/td>\n<td width=\"152\">86 mg<\/td>\n<td width=\"216\">344 mg<\/td>\n<\/tr>\n<tr>\n<td width=\"144\">Kwas glutaminowy<\/td>\n<td width=\"152\">257 mg<\/td>\n<td width=\"216\">1028 mg<\/td>\n<\/tr>\n<tr>\n<td width=\"144\">Glicyna<\/td>\n<td width=\"152\">584 mg<\/td>\n<td width=\"216\">2336 mg<\/td>\n<\/tr>\n<tr>\n<td width=\"144\">Hydroksylizyna<\/td>\n<td width=\"152\">39 mg<\/td>\n<td width=\"216\">156 mg<\/td>\n<\/tr>\n<tr>\n<td width=\"144\">Hydroksyprolina<\/td>\n<td width=\"152\">306 mg<\/td>\n<td width=\"216\">1224 mg<\/td>\n<\/tr>\n<\/tbody>\n<\/table>\n<p>&nbsp;<\/p>\n<p>SK\u0141ADNIKI WITAMINOWE CZYSTEGO KOLAGENU O SMAKU TRUSKAWKOWYM:<\/p>\n<table>\n<tbody>\n<tr>\n<td width=\"144\">&nbsp;<\/td>\n<td width=\"152\"><strong>W cz\u0119\u015bci<\/strong><\/td>\n<td width=\"216\"><strong>100 ml czystego kolagenu o smaku truskawkowym<\/strong><\/td>\n<\/tr>\n<tr>\n<td width=\"144\">Witamina E<\/td>\n<td width=\"152\">12 mg<\/td>\n<td width=\"216\">48 mg<\/td>\n<\/tr>\n<tr>\n<td width=\"144\">Biotyna<\/td>\n<td width=\"152\">50 \u00b5g<\/td>\n<td width=\"216\">200 \u00b5g<\/td>\n<\/tr>\n<tr>\n<td width=\"144\">Witamina C<\/td>\n<td width=\"152\">80 mg<\/td>\n<td width=\"216\">320 mg<\/td>\n<\/tr>\n<tr>\n<td width=\"144\">Cynk<\/td>\n<td width=\"152\">10 mg<\/td>\n<td width=\"216\">40 mg<\/td>\n<\/tr>\n<tr>\n<td width=\"144\">Hydrolizat kolagenu Verisol\u00aeB<\/td>\n<td width=\"152\">2500 mg<\/td>\n<td width=\"216\">10000 mg<\/td>\n<\/tr>\n<\/tbody>\n<\/table>\n<p>&nbsp;<\/p>","protected":false},"excerpt":{"rendered":"<p>Zestaw: L-karnityna smak pomara\u0144czowy + 100% czysty kolagen smak truskawkowy<\/p>","protected":false},"featured_media":897,"template":"","meta":{"_monsterinsights_skip_tracking":false,"_monsterinsights_sitenote_active":false,"_monsterinsights_sitenote_note":"","_monsterinsights_sitenote_category":0},"product_brand":[],"product_cat":[26,57,58,46],"product_tag":[23,24,45],"giftcard-category":[],"class_list":{"0":"post-899","1":"product","2":"type-product","3":"status-publish","4":"has-post-thumbnail","6":"product_cat-100-whey-protein-concentrate-1kg","7":"product_cat-l-carnitine","8":"product_cat-sets","9":"product_cat-special","10":"product_tag-products","11":"product_tag-sets","12":"product_tag-special","14":"first","15":"instock","16":"sale","17":"taxable","18":"shipping-taxable","19":"purchasable","20":"product-type-simple"},"aioseo_notices":[],"_links":{"self":[{"href":"https:\/\/www.healthychoice.world\/pl\/wp-json\/wp\/v2\/product\/899","targetHints":{"allow":["GET"]}}],"collection":[{"href":"https:\/\/www.healthychoice.world\/pl\/wp-json\/wp\/v2\/product"}],"about":[{"href":"https:\/\/www.healthychoice.world\/pl\/wp-json\/wp\/v2\/types\/product"}],"wp:featuredmedia":[{"embeddable":true,"href":"https:\/\/www.healthychoice.world\/pl\/wp-json\/wp\/v2\/media\/897"}],"wp:attachment":[{"href":"https:\/\/www.healthychoice.world\/pl\/wp-json\/wp\/v2\/media?parent=899"}],"wp:term":[{"taxonomy":"product_brand","embeddable":true,"href":"https:\/\/www.healthychoice.world\/pl\/wp-json\/wp\/v2\/product_brand?post=899"},{"taxonomy":"product_cat","embeddable":true,"href":"https:\/\/www.healthychoice.world\/pl\/wp-json\/wp\/v2\/product_cat?post=899"},{"taxonomy":"product_tag","embeddable":true,"href":"https:\/\/www.healthychoice.world\/pl\/wp-json\/wp\/v2\/product_tag?post=899"},{"taxonomy":"giftcard-category","embeddable":true,"href":"https:\/\/www.healthychoice.world\/pl\/wp-json\/wp\/v2\/giftcard-category?post=899"}],"curies":[{"name":"wp","href":"https:\/\/api.w.org\/{rel}","templated":true}]}}