{"id":901,"date":"2021-12-30T13:56:55","date_gmt":"2021-12-30T11:56:55","guid":{"rendered":"https:\/\/www.healthychoice.world\/?post_type=product&#038;p=901"},"modified":"2026-04-17T17:01:47","modified_gmt":"2026-04-17T14:01:47","slug":"set-l-carnitine-orange-flavor-healthy-choice-1000ml-3-pcs","status":"publish","type":"product","link":"https:\/\/www.healthychoice.world\/pl\/products\/set-l-carnitine-orange-flavor-healthy-choice-1000ml-3-pcs\/","title":{"rendered":"Zestaw: L-karnityna smak pomara\u0144czowy HEALTHY CHOICE, 1000ml (3 szt.)"},"content":{"rendered":"<p><strong>L-KARNITYNA SMAK POMARA\u0143CZOWY<\/strong><\/p>\n<p>Ilo\u015b\u0107 netto 1000 ml<\/p>\n<p>L-karnityna jest zwi\u0105zkiem witamin i aminokwas\u00f3w por\u00f3wnywalnym do witamin z grupy B. Substancja ta dzia\u0142a jako transporter kwas\u00f3w t\u0142uszczowych do mitochondrium. L-karnityna dzia\u0142a jako \u015brodek wspomagaj\u0105cy szybsze spalanie t\u0142uszczu i naturaln\u0105 utrat\u0119 wagi. Ponadto ostatnie badania dowodz\u0105, \u017ce L-karnityna pomaga zmniejszy\u0107 zm\u0119czenie, mas\u0119 cia\u0142a i zwi\u0119kszy\u0107 mas\u0119 mi\u0119\u015bniow\u0105, stabilizuje poziom cukru we krwi, a jednocze\u015bnie zmniejsza zapotrzebowanie na w\u0119glowodany. Karnityna pomaga zmobilizowa\u0107 rezerwy t\u0142uszczu, szczeg\u00f3lnie u os\u00f3b z nadwag\u0105.<\/p>\n<p>L-karnityna ma wyj\u0105tkowo pyszny pomara\u0144czowy smak, bez syntetycznych barwnik\u00f3w i wzmacniaczy smaku, wykonany z zachowaniem wszystkich najwa\u017cniejszych substancji, kt\u00f3re maj\u0105 pozytywny wp\u0142yw na ludzki organizm. Niezwykle wa\u017cne jest to, \u017ce ta L-karnityna jest w postaci p\u0142ynnej, dzi\u0119ki czemu organizm wch\u0142ania j\u0105 znacznie szybciej i \u0142atwiej. Suplement ten zawiera wyj\u0105tkowo du\u017c\u0105 ilo\u015b\u0107 karnityny, jedna porcja (25ml) zawiera a\u017c 1667mg, a 100ml - 6668mg.<\/p>\n<p><strong>KORZY\u015aCI POMARA\u0143CZOWEJ L-KARNITYNY:<\/strong><\/p>\n<ul>\n<li>Niezwykle wysoka zawarto\u015b\u0107 karnityny w porcji;<\/li>\n<li>Szybko i \u0142atwo przyswajalne;<\/li>\n<li>Bez syntetycznych barwnik\u00f3w;<\/li>\n<li>Bez laktozy i bez glutenu;<\/li>\n<li>Bardzo dobry pomara\u0144czowy smak;<\/li>\n<li>Niska zawarto\u015b\u0107 kalorii, t\u0142uszczu, cukru i w\u0119glowodan\u00f3w;<\/li>\n<li>Pomo\u017ce to zmniejszy\u0107 mas\u0119 cia\u0142a;<\/li>\n<li>Pomo\u017ce to organizmowi szybciej zregenerowa\u0107 si\u0119 po intensywnym wysi\u0142ku fizycznym.<\/li>\n<\/ul>\n<p>&nbsp;<\/p>\n<p><strong>ZASTOSOWANIE:<\/strong><\/p>\n<p>Wypi\u0107 25 ml czystej lub rozcie\u0144czonej L-karnityny przed lub w trakcie treningu. Dobrze wstrz\u0105sn\u0105\u0107 przed u\u017cyciem. Wa\u017cna jest zr\u00f3\u017cnicowana i zbilansowana dieta oraz zdrowy tryb \u017cycia.<\/p>\n<p>Przechowywa\u0107 w miejscu niedost\u0119pnym dla dzieci.<\/p>\n<p>Chroni\u0107 przed bezpo\u015brednim dzia\u0142aniem promieni s\u0142onecznych.<\/p>\n<p>Po otwarciu przechowywa\u0107 w lod\u00f3wce i spo\u017cy\u0107 w ci\u0105gu miesi\u0105ca.<\/p>\n<p>&nbsp;<\/p>\n<p><strong>WARTO\u015a\u0106 OD\u017bYWCZA I ENERGETYCZNA PRODUKTU<\/strong><\/p>\n<p>Wielko\u015b\u0107 porcji - 25 ml.<\/p>\n<table>\n<tbody>\n<tr>\n<td width=\"252\">&nbsp;<\/td>\n<td width=\"118\"><strong>W cz\u0119\u015bci<\/strong><\/td>\n<td width=\"227\"><strong>&nbsp;<\/strong><strong>100 ml L-karnityny<\/strong><\/td>\n<\/tr>\n<tr>\n<td width=\"252\">Kalorie<\/td>\n<td width=\"118\">12kJ(3kcal)<\/td>\n<td width=\"227\">49kJ(11kcal)<\/td>\n<\/tr>\n<tr>\n<td width=\"252\"><strong>T\u0142uszcz<\/strong><\/td>\n<td width=\"118\">&lt;0,5 g<\/td>\n<td width=\"227\">&lt;0,5 g<\/td>\n<\/tr>\n<tr>\n<td width=\"252\">- W tym t\u0142uszcze nasycone<\/td>\n<td width=\"118\">&lt;0,1 g<\/td>\n<td width=\"227\">&lt;0,1 g<\/td>\n<\/tr>\n<tr>\n<td width=\"252\"><strong>W\u0119glowodany og\u00f3\u0142em<\/strong><\/td>\n<td width=\"118\">&lt;0,5 g<\/td>\n<td width=\"227\">&lt;0,5 g<\/td>\n<\/tr>\n<tr>\n<td width=\"252\">- Z czego cukier<\/td>\n<td width=\"118\">&lt;0,5 g<\/td>\n<td width=\"227\">&lt;0,5 g<\/td>\n<\/tr>\n<tr>\n<td width=\"252\"><strong>Bia\u0142ko<\/strong><\/td>\n<td width=\"118\">&lt;0,5 g<\/td>\n<td width=\"227\">&lt;0,5 g<\/td>\n<\/tr>\n<tr>\n<td width=\"252\"><strong>S\u00f3l<\/strong><\/td>\n<td width=\"118\">&lt;0,01 g<\/td>\n<td width=\"227\">0,01 g<\/td>\n<\/tr>\n<\/tbody>\n<\/table>\n<p>&nbsp;<\/p>\n<p><strong>SK\u0141ADNIKI:<\/strong><\/p>\n<p>Woda, L-karnityna, kwasy (kwas cytrynowy, kwas mlekowy), substancja konserwuj\u0105ca (sorbinian potasu), substancje s\u0142odz\u0105ce (cyklaminian sodu, acesulfam K, sukraloza, sacharyna sodowa), naturalny aromat.<\/p>\n<p>&nbsp;<\/p>","protected":false},"excerpt":{"rendered":"<p>Zestaw: L-karnityna smak pomara\u0144czowy HEALTHY CHOICE, 1000ml (3 szt.)<\/p>","protected":false},"featured_media":895,"template":"","meta":{"_monsterinsights_skip_tracking":false,"_monsterinsights_sitenote_active":false,"_monsterinsights_sitenote_note":"","_monsterinsights_sitenote_category":0},"product_brand":[],"product_cat":[26,57,58,46],"product_tag":[23,24,45],"giftcard-category":[],"class_list":{"0":"post-901","1":"product","2":"type-product","3":"status-publish","4":"has-post-thumbnail","6":"product_cat-100-whey-protein-concentrate-1kg","7":"product_cat-l-carnitine","8":"product_cat-sets","9":"product_cat-special","10":"product_tag-products","11":"product_tag-sets","12":"product_tag-special","14":"first","15":"instock","16":"sale","17":"taxable","18":"shipping-taxable","19":"purchasable","20":"product-type-simple"},"aioseo_notices":[],"_links":{"self":[{"href":"https:\/\/www.healthychoice.world\/pl\/wp-json\/wp\/v2\/product\/901","targetHints":{"allow":["GET"]}}],"collection":[{"href":"https:\/\/www.healthychoice.world\/pl\/wp-json\/wp\/v2\/product"}],"about":[{"href":"https:\/\/www.healthychoice.world\/pl\/wp-json\/wp\/v2\/types\/product"}],"wp:featuredmedia":[{"embeddable":true,"href":"https:\/\/www.healthychoice.world\/pl\/wp-json\/wp\/v2\/media\/895"}],"wp:attachment":[{"href":"https:\/\/www.healthychoice.world\/pl\/wp-json\/wp\/v2\/media?parent=901"}],"wp:term":[{"taxonomy":"product_brand","embeddable":true,"href":"https:\/\/www.healthychoice.world\/pl\/wp-json\/wp\/v2\/product_brand?post=901"},{"taxonomy":"product_cat","embeddable":true,"href":"https:\/\/www.healthychoice.world\/pl\/wp-json\/wp\/v2\/product_cat?post=901"},{"taxonomy":"product_tag","embeddable":true,"href":"https:\/\/www.healthychoice.world\/pl\/wp-json\/wp\/v2\/product_tag?post=901"},{"taxonomy":"giftcard-category","embeddable":true,"href":"https:\/\/www.healthychoice.world\/pl\/wp-json\/wp\/v2\/giftcard-category?post=901"}],"curies":[{"name":"wp","href":"https:\/\/api.w.org\/{rel}","templated":true}]}}