{"id":942,"date":"2022-04-21T07:27:32","date_gmt":"2022-04-21T04:27:32","guid":{"rendered":"https:\/\/www.healthychoice.world\/?post_type=product&#038;p=942"},"modified":"2026-01-14T01:43:06","modified_gmt":"2026-01-13T23:43:06","slug":"hulled-hemp-seeds-150g","status":"publish","type":"product","link":"https:\/\/www.healthychoice.world\/pl\/products\/hulled-hemp-seeds-150g\/","title":{"rendered":"\u0141uskane nasiona konopi, 150g"},"content":{"rendered":"<h2 style=\"text-align: center;\">Informacje o \u0142uskanych nasionach konopi HEALTHY CHOICE<\/h2>\n<p>Przetwarzamy nasiona konopi wy\u0142\u0105cznie poprzez ich \u0142uskanie. U\u017cywane s\u0105 tylko du\u017ce nasiona - 2,5 mm lub wi\u0119ksze. Nasiona s\u0105 przetwarzane mechanicznie w obracaj\u0105cym si\u0119 dysku ceramicznym, gdzie \u0142uski s\u0105 oddzielane od ziaren i s\u0105 oddzielane podczas procesu przesiewania. W ten spos\u00f3b zachowane zostaj\u0105 wszystkie naturalne pierwiastki i niezb\u0119dne minera\u0142y.<\/p>\n<p>Wi\u0119cej informacji na temat korzy\u015bci p\u0142yn\u0105cych ze stosowania nasion konopi mo\u017cna znale\u017a\u0107 w artykule: <a href=\"https:\/\/www.healthychoice.lt\/kanapiu-seklos-kam-ir-kodel\/\">Nasiona konopi: dla kogo i dlaczego?<\/a><\/p>","protected":false},"excerpt":{"rendered":"<p>\u0141y\u017cka \u0142uskanych nasion konopi dziennie - do aromatyzowania potraw, uzyskania dodatkowej energii i utrzymania zbilansowanej diety. Produkt jest bogaty w witaminy i minera\u0142y.<\/p>","protected":false},"featured_media":1088,"template":"","meta":{"_monsterinsights_skip_tracking":false,"_monsterinsights_sitenote_active":false,"_monsterinsights_sitenote_note":"","_monsterinsights_sitenote_category":0},"product_brand":[],"product_cat":[26,54],"product_tag":[40,23,27],"giftcard-category":[],"class_list":{"0":"post-942","1":"product","2":"type-product","3":"status-publish","4":"has-post-thumbnail","6":"product_cat-100-whey-protein-concentrate-1kg","7":"product_cat-hemp-products","8":"product_tag-hemp-products","9":"product_tag-products","10":"product_tag-top","12":"first","13":"instock","14":"taxable","15":"shipping-taxable","16":"purchasable","17":"product-type-simple"},"aioseo_notices":[],"_links":{"self":[{"href":"https:\/\/www.healthychoice.world\/pl\/wp-json\/wp\/v2\/product\/942","targetHints":{"allow":["GET"]}}],"collection":[{"href":"https:\/\/www.healthychoice.world\/pl\/wp-json\/wp\/v2\/product"}],"about":[{"href":"https:\/\/www.healthychoice.world\/pl\/wp-json\/wp\/v2\/types\/product"}],"wp:featuredmedia":[{"embeddable":true,"href":"https:\/\/www.healthychoice.world\/pl\/wp-json\/wp\/v2\/media\/1088"}],"wp:attachment":[{"href":"https:\/\/www.healthychoice.world\/pl\/wp-json\/wp\/v2\/media?parent=942"}],"wp:term":[{"taxonomy":"product_brand","embeddable":true,"href":"https:\/\/www.healthychoice.world\/pl\/wp-json\/wp\/v2\/product_brand?post=942"},{"taxonomy":"product_cat","embeddable":true,"href":"https:\/\/www.healthychoice.world\/pl\/wp-json\/wp\/v2\/product_cat?post=942"},{"taxonomy":"product_tag","embeddable":true,"href":"https:\/\/www.healthychoice.world\/pl\/wp-json\/wp\/v2\/product_tag?post=942"},{"taxonomy":"giftcard-category","embeddable":true,"href":"https:\/\/www.healthychoice.world\/pl\/wp-json\/wp\/v2\/giftcard-category?post=942"}],"curies":[{"name":"wp","href":"https:\/\/api.w.org\/{rel}","templated":true}]}}