{"id":393,"date":"2020-06-30T06:04:07","date_gmt":"2020-06-30T06:04:07","guid":{"rendered":"https:\/\/www.healthychoice.world\/?page_id=393"},"modified":"2025-08-05T15:43:22","modified_gmt":"2025-08-05T12:43:22","slug":"payment-shipping","status":"publish","type":"page","link":"https:\/\/www.healthychoice.world\/ru\/payment-shipping\/","title":{"rendered":"\u041e\u043f\u043b\u0430\u0442\u0430 \u0438 \u0434\u043e\u0441\u0442\u0430\u0432\u043a\u0430"},"content":{"rendered":"<div data-elementor-type=\"wp-page\" data-elementor-id=\"393\" class=\"elementor elementor-393\">\n\t\t\t\t\t\t<section class=\"elementor-section elementor-top-section elementor-element elementor-element-d8c5319 ct-section-stretched elementor-section-boxed elementor-section-height-default elementor-section-height-default\" data-id=\"d8c5319\" data-element_type=\"section\" data-e-type=\"section\" data-settings=\"{&quot;background_background&quot;:&quot;classic&quot;}\">\n\t\t\t\t\t\t<div class=\"elementor-container elementor-column-gap-default\">\n\t\t\t\t\t<div class=\"elementor-column elementor-col-100 elementor-top-column elementor-element elementor-element-b12f0d2\" data-id=\"b12f0d2\" data-element_type=\"column\" data-e-type=\"column\">\n\t\t\t<div class=\"elementor-widget-wrap elementor-element-populated\">\n\t\t\t\t\t\t<div class=\"elementor-element elementor-element-99b6c3e elementor-widget elementor-widget-heading\" data-id=\"99b6c3e\" data-element_type=\"widget\" data-e-type=\"widget\" data-widget_type=\"heading.default\">\n\t\t\t\t\t<h2 class=\"elementor-heading-title elementor-size-default\">\u041e\u043f\u043b\u0430\u0442\u0430<\/h2>\t\t\t\t<\/div>\n\t\t\t\t<div class=\"elementor-element elementor-element-2cddae0 elementor-widget elementor-widget-text-editor\" data-id=\"2cddae0\" data-element_type=\"widget\" data-e-type=\"widget\" data-widget_type=\"text-editor.default\">\n\t\t\t\t\t\t\t\t\t<p><strong>1. \u0412\u044b \u043c\u043e\u0436\u0435\u0442\u0435 \u043e\u043f\u043b\u0430\u0442\u0438\u0442\u044c \u0441 \u043f\u043e\u043c\u043e\u0449\u044c\u044e \u044d\u043b\u0435\u043a\u0442\u0440\u043e\u043d\u043d\u043e\u0433\u043e \u0431\u0430\u043d\u043a\u0438\u043d\u0433\u0430 (Paysera)<\/strong><\/p><p>Paysera is an electronic payment system that combines different payment methods: via the Paysera system, electronic banking or payment cards. Paysera offers a free multi-currency account, which takes just a few minutes to open and top up. Also fast and secure online payments, for which the buyer receives a refund of part of the amount spent. Paysera also provides access to a convenient mobile wallet that further facilitates payments both online and in physical locations. Pay through Paysera \u2013 it\u2019s fast, modern and useful. For each payment, the buyer returns to the Paysera account up to 1% of the amount paid for the goods or services.<\/p><p>\"Danske Bank A\/S\" Lietuvos filialas, AS Luminor (\"DNB\") bankas, AS Citadele bankas, AS Luminor (\"Nordea\") bankas, AB SEB bankas, AB bankas \"Swedbank\", AB \u0160iauli\u0173 bankas, UAB Medicinos bankas, Lietuvos kredito unijos, MoQ, Paysera s\u0105skaita, Kreditin\u0117s kortel\u0117s<\/p>\t\t\t\t\t\t\t\t<\/div>\n\t\t\t\t<div class=\"elementor-element elementor-element-bbeee81 elementor-widget elementor-widget-text-editor\" data-id=\"bbeee81\" data-element_type=\"widget\" data-e-type=\"widget\" data-widget_type=\"text-editor.default\">\n\t\t\t\t\t\t\t\t\t<p><strong>2. \u0412\u044b \u043c\u043e\u0436\u0435\u0442\u0435 \u043f\u0440\u043e\u0438\u0437\u0432\u0435\u0441\u0442\u0438 \u043e\u043f\u043b\u0430\u0442\u0443 \u0441 \u043f\u043e\u043c\u043e\u0449\u044c\u044e \u0431\u0430\u043d\u043a\u043e\u0432\u0441\u043a\u043e\u0433\u043e \u043f\u0435\u0440\u0435\u0432\u043e\u0434\u0430:<\/strong><\/p><p>\u041d\u0435\u043e\u0431\u0445\u043e\u0434\u0438\u043c\u044b\u0435 \u0443\u0441\u043b\u043e\u0432\u0438\u044f \u0434\u043b\u044f \u043f\u043e\u0441\u0435\u043b\u0435\u043d\u0438\u044f:<\/p><ol><li><em><strong>AB \"SEB\" bankas:<\/strong><\/em><br \/>\u041d\u043e\u043c\u0435\u0440 \u0441\u0447\u0435\u0442\u0430: LT39 7044 0600 0786 3477 - EUR \/ USD \/ GBP (\u043c\u0443\u043b\u044c\u0442\u0438\u0432\u0430\u043b\u044e\u0442\u043d\u044b\u0439)<br \/>\u041a\u043e\u0434 \u0431\u0430\u043d\u043a\u0430: 70440<br \/>\u041a\u043e\u0434 S.W.I.F.T: CBVILT2X<\/li><li><em><strong>\u041f\u0430\u0439\u0437\u0435\u0440\u0430:\u00a0<\/strong><\/em>\u0423\u0447\u0440\u0435\u0436\u0434\u0435\u043d\u0438\u0435 \u044d\u043b\u0435\u043a\u0442\u0440\u043e\u043d\u043d\u044b\u0445 \u0434\u0435\u043d\u0435\u0433 UAB Paysera<br \/>\u041d\u043e\u043c\u0435\u0440 \u0441\u0447\u0435\u0442\u0430: LT13 3500 0100 0139 8442 - EUR \/ USD \/ GBP (\u043c\u0443\u043b\u044c\u0442\u0438\u0432\u0430\u043b\u044e\u0442\u043d\u044b\u0439).\u00a0<span class=\"goog-text-highlight\">\u041a\u043e\u0434 \u0431\u0430\u043d\u043a\u0430: 35000,\u00a0<\/span><span class=\"goog-text-highlight\">\u041a\u043e\u0434 S.WIFT: EVIULT21XXX<\/span><br \/><br \/><\/li><\/ol><p>\u041d\u0435 \u0437\u0430\u0431\u0443\u0434\u044c\u0442\u0435 \u043d\u0430\u043f\u0438\u0441\u0430\u0442\u044c\u00a0<strong><u>\u043a\u043e\u0434 \u0437\u0430\u043a\u0430\u0437\u0430<\/u><\/strong>\u00a0in the field of \u201cPurpose\u201d of the bank transfer.<\/p>\t\t\t\t\t\t\t\t<\/div>\n\t\t\t\t\t<\/div>\n\t\t<\/div>\n\t\t\t\t\t<\/div>\n\t\t<\/section>\n\t\t\t\t<section class=\"elementor-section elementor-top-section elementor-element elementor-element-23bf33e elementor-section-boxed elementor-section-height-default elementor-section-height-default\" data-id=\"23bf33e\" data-element_type=\"section\" data-e-type=\"section\">\n\t\t\t\t\t\t<div class=\"elementor-container elementor-column-gap-default\">\n\t\t\t\t\t<div class=\"elementor-column elementor-col-100 elementor-top-column elementor-element elementor-element-d14ad73\" data-id=\"d14ad73\" data-element_type=\"column\" data-e-type=\"column\">\n\t\t\t<div class=\"elementor-widget-wrap elementor-element-populated\">\n\t\t\t\t\t\t<div class=\"elementor-element elementor-element-ba7a529 elementor-widget elementor-widget-heading\" data-id=\"ba7a529\" data-element_type=\"widget\" data-e-type=\"widget\" data-widget_type=\"heading.default\">\n\t\t\t\t\t<h2 class=\"elementor-heading-title elementor-size-default\">\u0414\u043e\u0441\u0442\u0430\u0432\u043a\u0430<\/h2>\t\t\t\t<\/div>\n\t\t\t\t<div class=\"elementor-element elementor-element-f628233 elementor-widget elementor-widget-text-editor\" data-id=\"f628233\" data-element_type=\"widget\" data-e-type=\"widget\" data-widget_type=\"text-editor.default\">\n\t\t\t\t\t\t\t\t\t<p>1.1. \u041f\u0440\u043e\u0434\u0430\u0432\u0435\u0446 \u0441\u0442\u0440\u0435\u043c\u0438\u0442\u0441\u044f \u043f\u0435\u0440\u0435\u0434\u0430\u0442\u044c \u043a\u0443\u0440\u044c\u0435\u0440\u0443 \u043a\u043e\u043d\u043a\u0440\u0435\u0442\u043d\u044b\u0439 \u0442\u043e\u0432\u0430\u0440, \u0437\u0430\u043a\u0430\u0437\u0430\u043d\u043d\u044b\u0439 \u041f\u043e\u043a\u0443\u043f\u0430\u0442\u0435\u043b\u0435\u043c, \u0432 \u0442\u0435\u0447\u0435\u043d\u0438\u0435 2 \u0440\u0430\u0431\u043e\u0447\u0438\u0445 \u0434\u043d\u0435\u0439 \u043f\u043e\u0441\u043b\u0435 \u043e\u043f\u043b\u0430\u0442\u044b \u0442\u043e\u0432\u0430\u0440\u0430.<br \/>1.2. \u041a\u0443\u0440\u044c\u0435\u0440 \u0434\u043e\u0441\u0442\u0430\u0432\u043b\u044f\u0435\u0442 \u0442\u043e\u0432\u0430\u0440 \u043f\u043e \u0430\u0434\u0440\u0435\u0441\u0443 \u041f\u043e\u043a\u0443\u043f\u0430\u0442\u0435\u043b\u044f \u0432:<br \/>1.2.1. 1-2 \u0440\u0430\u0431\u043e\u0447\u0438\u0445 \u0434\u043d\u044f \u0432 \u041b\u0438\u0442\u0432\u0435;<br \/>1.2.2. \u0414\u043b\u044f \u0434\u0440\u0443\u0433\u0438\u0445 \u0441\u0442\u0440\u0430\u043d \u043e\u0431\u0440\u0430\u0449\u0430\u0439\u0442\u0435\u0441\u044c \u043f\u043e \u0442\u0435\u043b\u0435\u0444\u043e\u043d\u0443 \u0438\u043b\u0438 \u044d\u043b\u0435\u043a\u0442\u0440\u043e\u043d\u043d\u043e\u0439 \u043f\u043e\u0447\u0442\u0435;<br \/>1.3. \u0423\u0441\u043b\u0443\u0433\u0438 Venipak Lietuva \u0438\u0441\u043f\u043e\u043b\u044c\u0437\u0443\u044e\u0442\u0441\u044f \u0434\u043b\u044f \u0434\u043e\u0441\u0442\u0430\u0432\u043a\u0438 \u0442\u043e\u0432\u0430\u0440\u043e\u0432.<br \/>1.4. \u041b\u044e\u0431\u043e\u0439 \u0437\u0430\u043a\u0430\u0437 \u0431\u0443\u0434\u0435\u0442 \u043e\u0442\u043f\u0440\u0430\u0432\u043b\u0435\u043d \u0447\u0435\u0440\u0435\u0437 \u043a\u0443\u0440\u044c\u0435\u0440\u0430 Venipak Lietuva. \u041a\u043e\u0433\u0434\u0430 \u0432\u0430\u0448 \u0437\u0430\u043a\u0430\u0437 \u0431\u0443\u0434\u0435\u0442 \u043e\u0442\u043f\u0440\u0430\u0432\u043b\u0435\u043d, \u0432\u044b \u043f\u043e\u043b\u0443\u0447\u0438\u0442\u0435 \u0443\u0432\u0435\u0434\u043e\u043c\u043b\u0435\u043d\u0438\u0435 \u0441 \u043d\u043e\u043c\u0435\u0440\u043e\u043c \u043e\u0442\u0441\u043b\u0435\u0436\u0438\u0432\u0430\u043d\u0438\u044f \u043f\u043e\u0441\u044b\u043b\u043a\u0438, \u0447\u0442\u043e\u0431\u044b \u0432\u044b \u043c\u043e\u0433\u043b\u0438 \u0441\u043b\u0435\u0434\u0438\u0442\u044c \u0437\u0430 \u0435\u0435 \u043f\u0440\u043e\u0434\u0432\u0438\u0436\u0435\u043d\u0438\u0435\u043c \u0441 \u043f\u043e\u043c\u043e\u0449\u044c\u044e \u043e\u043d\u043b\u0430\u0439\u043d-\u0441\u0435\u0440\u0432\u0438\u0441\u0430.<br \/>1.5. \u041f\u043e\u043a\u0443\u043f\u0430\u0442\u0435\u043b\u044c \u043c\u043e\u0436\u0435\u0442 \u043e\u0437\u043d\u0430\u043a\u043e\u043c\u0438\u0442\u044c\u0441\u044f \u0441 \u0438\u043d\u0444\u043e\u0440\u043c\u0430\u0446\u0438\u0435\u0439 \u043e \u0447\u0430\u0441\u0430\u0445 \u0440\u0430\u0431\u043e\u0442\u044b Venipak Lietuva (\u0432\u0440\u0435\u043c\u044f \u0434\u043e\u0441\u0442\u0430\u0432\u043a\u0438) \u0438 \u0443\u0441\u043b\u0443\u0433\u0430\u0445 Venipak Lietuva \u043d\u0430 \u0432\u0435\u0431-\u0441\u0442\u0440\u0430\u043d\u0438\u0446\u0435 Venipak, \u0434\u043e\u0441\u0442\u0443\u043f\u043d\u043e\u0439 \u0432 \u043a\u043e\u043d\u043a\u0440\u0435\u0442\u043d\u043e\u0439 \u0441\u0442\u0440\u0430\u043d\u0435.<br \/>1.6. \u0415\u0441\u043b\u0438 \u0432\u044b \u043d\u0435 \u043c\u043e\u0436\u0435\u0442\u0435 \u043d\u0430\u0439\u0442\u0438 \u0441\u0432\u043e\u044e \u0441\u0442\u0440\u0430\u043d\u0443, \u043f\u043e\u0436\u0430\u043b\u0443\u0439\u0441\u0442\u0430, \u0441\u0432\u044f\u0436\u0438\u0442\u0435\u0441\u044c \u0441 \u043d\u0430\u043c\u0438 \u043f\u043e \u044d\u043b\u0435\u043a\u0442\u0440\u043e\u043d\u043d\u043e\u0439 \u043f\u043e\u0447\u0442\u0435 \u0438\u043b\u0438 \u0442\u0435\u043b\u0435\u0444\u043e\u043d\u0443, \u0438 \u043c\u044b \u043f\u043e\u0434\u0431\u0435\u0440\u0435\u043c \u0434\u043b\u044f \u0432\u0430\u0441 \u043d\u0430\u0438\u0431\u043e\u043b\u0435\u0435 \u0443\u0434\u043e\u0431\u043d\u044b\u0439 \u0441\u043f\u043e\u0441\u043e\u0431 \u0434\u043e\u0441\u0442\u0430\u0432\u043a\u0438.<\/p><p><strong>Order amount exceeding 50\u20ac \u2013 FREE delivery in Lithuania<br \/><\/strong>\u0412 \u0434\u0440\u0443\u0433\u0438\u0445 \u0441\u0442\u0440\u0430\u043d\u0430\u0445 \u043c\u0438\u0440\u0430 \u0441\u0442\u043e\u0438\u043c\u043e\u0441\u0442\u044c \u0434\u043e\u0441\u0442\u0430\u0432\u043a\u0438 \u0440\u0430\u0441\u0441\u0447\u0438\u0442\u044b\u0432\u0430\u0435\u0442\u0441\u044f \u0438\u0441\u0445\u043e\u0434\u044f \u0438\u0437 \u0432\u0435\u0441\u0430 \u0432\u0430\u0448\u0435\u0433\u043e \u0437\u0430\u043a\u0430\u0437\u0430.<\/p>\t\t\t\t\t\t\t\t<\/div>\n\t\t\t\t\t<\/div>\n\t\t<\/div>\n\t\t\t\t\t<\/div>\n\t\t<\/section>\n\t\t\t\t<section class=\"elementor-section elementor-top-section elementor-element elementor-element-47686fe elementor-section-boxed elementor-section-height-default elementor-section-height-default\" data-id=\"47686fe\" data-element_type=\"section\" data-e-type=\"section\">\n\t\t\t\t\t\t<div class=\"elementor-container elementor-column-gap-default\">\n\t\t\t\t\t<div class=\"elementor-column elementor-col-100 elementor-top-column elementor-element elementor-element-4418b88\" data-id=\"4418b88\" data-element_type=\"column\" data-e-type=\"column\">\n\t\t\t<div class=\"elementor-widget-wrap elementor-element-populated\">\n\t\t\t\t\t\t<div class=\"elementor-element elementor-element-c7f4b18 elementor-widget elementor-widget-heading\" data-id=\"c7f4b18\" data-element_type=\"widget\" data-e-type=\"widget\" data-widget_type=\"heading.default\">\n\t\t\t\t\t<h2 class=\"elementor-heading-title elementor-size-default\">\u0412\u043e\u0437\u0432\u0440\u0430\u0449\u0430\u0435\u0442<\/h2>\t\t\t\t<\/div>\n\t\t\t\t<div class=\"elementor-element elementor-element-37f73f6 elementor-widget elementor-widget-text-editor\" data-id=\"37f73f6\" data-element_type=\"widget\" data-e-type=\"widget\" data-widget_type=\"text-editor.default\">\n\t\t\t\t\t\t\t\t\t<p>2.1. \u0417\u0430\u043a\u0443\u043f\u043b\u0435\u043d\u043d\u044b\u0435 \u0442\u043e\u0432\u0430\u0440\u044b\u00a0<strong>\u043d\u0430\u043f\u0440\u044f\u043c\u0443\u044e<\/strong> \u0441 \u0441\u0430\u0439\u0442\u0430 www.healthychoice.world \u043c\u043e\u0436\u043d\u043e \u0432\u0435\u0440\u043d\u0443\u0442\u044c \u0432 \u0442\u0435\u0447\u0435\u043d\u0438\u0435 15 \u0434\u043d\u0435\u0439 \u0441 \u043c\u043e\u043c\u0435\u043d\u0442\u0430 \u0434\u043e\u0441\u0442\u0430\u0432\u043a\u0438.<br \/>2.2. \u0412\u043e\u0437\u0432\u0440\u0430\u0442\u0443 \u043f\u043e\u0434\u043b\u0435\u0436\u0430\u0442 \u0442\u043e\u043b\u044c\u043a\u043e \u043d\u0435\u0432\u0441\u043a\u0440\u044b\u0442\u044b\u0435 \u0443\u043f\u0430\u043a\u043e\u0432\u043a\u0438 \u0442\u043e\u0432\u0430\u0440\u0430.<br \/>2.3. \u0422\u043e\u0432\u0430\u0440\u044b \u0434\u043e\u043b\u0436\u043d\u044b \u0431\u044b\u0442\u044c \u0432\u043e\u0437\u0432\u0440\u0430\u0449\u0435\u043d\u044b \u0432 \u043e\u0440\u0438\u0433\u0438\u043d\u0430\u043b\u044c\u043d\u043e\u0439 \u0443\u043f\u0430\u043a\u043e\u0432\u043a\u0435.<br \/>2.4. Buyer\u2019s refund might be fulfilled in 5 working days after goods were returned to the Seller and the Seller confirmed that the goods are accepted as returned. Delivery fee is non refundable.<br \/>2.5. \u0415\u0441\u043b\u0438 \u0432\u044b \u0445\u043e\u0442\u0438\u0442\u0435 \u0432\u0435\u0440\u043d\u0443\u0442\u044c \u0442\u043e\u0432\u0430\u0440 \u0434\u043b\u044f \u043e\u0431\u043c\u0435\u043d\u0430 \u0438\u043b\u0438 \u0432\u043e\u0437\u0432\u0440\u0430\u0442\u0430, \u043c\u044b \u0440\u0435\u043a\u043e\u043c\u0435\u043d\u0434\u0443\u0435\u043c \u0432\u0430\u043c \u0441\u0434\u0435\u043b\u0430\u0442\u044c \u044d\u0442\u043e \u0447\u0435\u0440\u0435\u0437 \u0431\u0435\u0437\u043e\u043f\u0430\u0441\u043d\u0443\u044e \u0438 \u0437\u0430\u0441\u0442\u0440\u0430\u0445\u043e\u0432\u0430\u043d\u043d\u0443\u044e \u0441\u043b\u0443\u0436\u0431\u0443 \u0434\u043e\u0441\u0442\u0430\u0432\u043a\u0438 (\u043d\u0430\u043f\u0440\u0438\u043c\u0435\u0440, Venipak, UPS, DHL, DPD \u0438 \u0442.\u0434.). \u041c\u044b \u043d\u0435 \u043d\u0435\u0441\u0435\u043c \u043e\u0442\u0432\u0435\u0442\u0441\u0442\u0432\u0435\u043d\u043d\u043e\u0441\u0442\u0438 \u0437\u0430 \u043d\u0435\u043f\u043e\u043b\u0443\u0447\u0435\u043d\u043d\u044b\u0435 \u0442\u043e\u0432\u0430\u0440\u044b. \u0421\u0431\u043e\u0440\u044b \u0437\u0430 \u0432\u043e\u0437\u0432\u0440\u0430\u0442 \u043e\u043f\u043b\u0430\u0447\u0438\u0432\u0430\u0435\u0442 \u043f\u043e\u043a\u0443\u043f\u0430\u0442\u0435\u043b\u044c.<br \/>2.6. \u041a\u0430\u043a \u043f\u0440\u0430\u0432\u0438\u043b\u043e, \u0437\u0430\u043f\u0440\u043e\u0441 \u043d\u0430 \u0432\u043e\u0437\u0432\u0440\u0430\u0442 \u043e\u0431\u0440\u0430\u0431\u0430\u0442\u044b\u0432\u0430\u0435\u0442\u0441\u044f \u0432 \u0442\u0435\u0447\u0435\u043d\u0438\u0435 48 \u0447\u0430\u0441\u043e\u0432 \u0441 \u043c\u043e\u043c\u0435\u043d\u0442\u0430 \u043f\u043e\u043b\u0443\u0447\u0435\u043d\u0438\u044f.<br \/>2.7. \u0410\u0434\u0440\u0435\u0441 \u0434\u043b\u044f \u0432\u043e\u0437\u0432\u0440\u0430\u0442\u0430: \u0443\u043b. \u0421\u043f\u043e\u0440\u0442\u043e 3-79, LT-09238, \u0412\u0438\u043b\u044c\u043d\u044e\u0441, \u041b\u0438\u0442\u0432\u0430.<\/p>\t\t\t\t\t\t\t\t<\/div>\n\t\t\t\t\t<\/div>\n\t\t<\/div>\n\t\t\t\t\t<\/div>\n\t\t<\/section>\n\t\t\t\t<\/div>","protected":false},"excerpt":{"rendered":"<p>Payment 1. You can pay by using E-banking (Paysera) Paysera is an electronic payment system that combines different payment methods: via the Paysera system, electronic banking or payment cards. Paysera offers a free multi-currency account, which takes just a few minutes to open and top up. Also fast and secure online payments, for which the [&hellip;]<\/p>\n","protected":false},"author":1,"featured_media":0,"parent":0,"menu_order":0,"comment_status":"closed","ping_status":"closed","template":"","meta":{"_monsterinsights_skip_tracking":false,"_monsterinsights_sitenote_active":false,"_monsterinsights_sitenote_note":"","_monsterinsights_sitenote_category":0,"footnotes":""},"class_list":["post-393","page","type-page","status-publish","hentry"],"blocksy_meta":{"vertical_spacing_source":"custom","content_area_spacing":"none","styles_descriptor":{"styles":{"desktop":"","tablet":"","mobile":""},"google_fonts":[],"version":6}},"aioseo_notices":[],"_links":{"self":[{"href":"https:\/\/www.healthychoice.world\/ru\/wp-json\/wp\/v2\/pages\/393","targetHints":{"allow":["GET"]}}],"collection":[{"href":"https:\/\/www.healthychoice.world\/ru\/wp-json\/wp\/v2\/pages"}],"about":[{"href":"https:\/\/www.healthychoice.world\/ru\/wp-json\/wp\/v2\/types\/page"}],"author":[{"embeddable":true,"href":"https:\/\/www.healthychoice.world\/ru\/wp-json\/wp\/v2\/users\/1"}],"replies":[{"embeddable":true,"href":"https:\/\/www.healthychoice.world\/ru\/wp-json\/wp\/v2\/comments?post=393"}],"version-history":[{"count":4,"href":"https:\/\/www.healthychoice.world\/ru\/wp-json\/wp\/v2\/pages\/393\/revisions"}],"predecessor-version":[{"id":2920,"href":"https:\/\/www.healthychoice.world\/ru\/wp-json\/wp\/v2\/pages\/393\/revisions\/2920"}],"wp:attachment":[{"href":"https:\/\/www.healthychoice.world\/ru\/wp-json\/wp\/v2\/media?parent=393"}],"curies":[{"name":"wp","href":"https:\/\/api.w.org\/{rel}","templated":true}]}}